{"id":5373,"date":"2025-11-28T14:36:06","date_gmt":"2025-11-28T19:36:06","guid":{"rendered":"https:\/\/mostimondiale.com\/?post_type=product&#038;p=5373"},"modified":"2025-11-28T15:12:34","modified_gmt":"2025-11-28T20:12:34","slug":"lodi-vieilles-vignes-chardonnay","status":"publish","type":"product","link":"https:\/\/mostimondiale.com\/fr\/produits\/cepage\/chardonnay-fr\/lodi-vieilles-vignes-chardonnay\/","title":{"rendered":"Lodi Vieilles Vignes Chardonnay"},"content":{"rendered":"","protected":false},"excerpt":{"rendered":"<p align=\"JUSTIFY\">Riche en ar\u00f4mes fruit\u00e9s tels que la pomme golden, les fruits tropicaux, avec des notes de caramel et de vanille. Cors\u00e9, laissant un go\u00fbt velout\u00e9 en bouche et une l\u00e9g\u00e8re touche min\u00e9rale. Son acidit\u00e9 et son ch\u00eane bien \u00e9quilibr\u00e9s donnent un vin complexe et frais, \u00e0 la nuance miel et paille.<\/p>\n","protected":false},"featured_media":5368,"template":"","meta":{"_acf_changed":false},"product_brand":[],"product_cat":[153,176,191,163],"product_tag":[],"class_list":{"0":"post-5373","1":"product","2":"type-product","3":"status-publish","4":"has-post-thumbnail","6":"product_cat-100-mout-de-raisin","7":"product_cat-blanc","8":"product_cat-chardonnay-fr","9":"product_cat-meglioli-fr","10":"pa_alcohol-13-0-fr","11":"pa_aroma-epice","12":"pa_aroma-fruite","13":"pa_body-4-corse","14":"pa_price-252","15":"pa_winemaker-addition-chene-leger","17":"first","18":"instock","19":"shipping-taxable","20":"product-type-simple"},"acf":[],"yoast_head":"<!-- This site is optimized with the Yoast SEO plugin v26.9 - https:\/\/yoast.com\/product\/yoast-seo-wordpress\/ -->\n<title>Meglioli Lodi Vieilles Vignes Chardonnay \u2022 Trousse Vinification | Mosti Mondiale<\/title>\n<meta name=\"description\" content=\"Notre Meglioli (23L) Lodi Vieilles Vignes Chardonnay est un vin blanc comprenant du ch\u00eane l\u00e9ger. Ar\u00f4mes fruit\u00e9s avec des notes de caramel et de vanille.\" \/>\n<meta name=\"robots\" content=\"index, follow, max-snippet:-1, max-image-preview:large, max-video-preview:-1\" \/>\n<link rel=\"canonical\" href=\"https:\/\/mostimondiale.com\/fr\/produits\/cepage\/chardonnay-fr\/lodi-vieilles-vignes-chardonnay\/\" \/>\n<meta property=\"og:locale\" content=\"fr_CA\" \/>\n<meta property=\"og:type\" content=\"article\" \/>\n<meta property=\"og:title\" content=\"Meglioli Lodi Vieilles Vignes Chardonnay \u2022 Trousse Vinification | Mosti Mondiale\" \/>\n<meta property=\"og:description\" content=\"Notre Meglioli (23L) Lodi Vieilles Vignes Chardonnay est un vin blanc comprenant du ch\u00eane l\u00e9ger. Ar\u00f4mes fruit\u00e9s avec des notes de caramel et de vanille.\" \/>\n<meta property=\"og:url\" content=\"https:\/\/mostimondiale.com\/fr\/produits\/cepage\/chardonnay-fr\/lodi-vieilles-vignes-chardonnay\/\" \/>\n<meta property=\"og:site_name\" content=\"Mosti Mondiale\" \/>\n<meta property=\"article:modified_time\" content=\"2025-11-28T20:12:34+00:00\" \/>\n<meta property=\"og:image\" content=\"https:\/\/mostimondiale.com\/wp-content\/uploads\/2025\/11\/Meglioli-360x360-new-fr.png\" \/>\n\t<meta property=\"og:image:width\" content=\"360\" \/>\n\t<meta property=\"og:image:height\" content=\"360\" \/>\n\t<meta property=\"og:image:type\" content=\"image\/png\" \/>\n<meta name=\"twitter:card\" content=\"summary_large_image\" \/>\n<meta name=\"twitter:label1\" content=\"Estimation du temps de lecture\" \/>\n\t<meta name=\"twitter:data1\" content=\"1 minute\" \/>\n<script type=\"application\/ld+json\" class=\"yoast-schema-graph\">{\"@context\":\"https:\/\/schema.org\",\"@graph\":[{\"@type\":\"WebPage\",\"@id\":\"https:\/\/mostimondiale.com\/fr\/produits\/cepage\/chardonnay-fr\/lodi-vieilles-vignes-chardonnay\/\",\"url\":\"https:\/\/mostimondiale.com\/fr\/produits\/cepage\/chardonnay-fr\/lodi-vieilles-vignes-chardonnay\/\",\"name\":\"Meglioli Lodi Vieilles Vignes Chardonnay \u2022 Trousse Vinification | Mosti Mondiale\",\"isPartOf\":{\"@id\":\"https:\/\/mostimondiale.com\/#website\"},\"primaryImageOfPage\":{\"@id\":\"https:\/\/mostimondiale.com\/fr\/produits\/cepage\/chardonnay-fr\/lodi-vieilles-vignes-chardonnay\/#primaryimage\"},\"image\":{\"@id\":\"https:\/\/mostimondiale.com\/fr\/produits\/cepage\/chardonnay-fr\/lodi-vieilles-vignes-chardonnay\/#primaryimage\"},\"thumbnailUrl\":\"https:\/\/mostimondiale.com\/wp-content\/uploads\/2025\/11\/Meglioli-360x360-new-fr.png\",\"datePublished\":\"2025-11-28T19:36:06+00:00\",\"dateModified\":\"2025-11-28T20:12:34+00:00\",\"description\":\"Notre Meglioli (23L) Lodi Vieilles Vignes Chardonnay est un vin blanc comprenant du ch\u00eane l\u00e9ger. Ar\u00f4mes fruit\u00e9s avec des notes de caramel et de vanille.\",\"breadcrumb\":{\"@id\":\"https:\/\/mostimondiale.com\/fr\/produits\/cepage\/chardonnay-fr\/lodi-vieilles-vignes-chardonnay\/#breadcrumb\"},\"inLanguage\":\"fr-CA\",\"potentialAction\":[{\"@type\":\"ReadAction\",\"target\":[\"https:\/\/mostimondiale.com\/fr\/produits\/cepage\/chardonnay-fr\/lodi-vieilles-vignes-chardonnay\/\"]}]},{\"@type\":\"ImageObject\",\"inLanguage\":\"fr-CA\",\"@id\":\"https:\/\/mostimondiale.com\/fr\/produits\/cepage\/chardonnay-fr\/lodi-vieilles-vignes-chardonnay\/#primaryimage\",\"url\":\"https:\/\/mostimondiale.com\/wp-content\/uploads\/2025\/11\/Meglioli-360x360-new-fr.png\",\"contentUrl\":\"https:\/\/mostimondiale.com\/wp-content\/uploads\/2025\/11\/Meglioli-360x360-new-fr.png\",\"width\":360,\"height\":360},{\"@type\":\"BreadcrumbList\",\"@id\":\"https:\/\/mostimondiale.com\/fr\/produits\/cepage\/chardonnay-fr\/lodi-vieilles-vignes-chardonnay\/#breadcrumb\",\"itemListElement\":[{\"@type\":\"ListItem\",\"position\":1,\"name\":\"Accueil\",\"item\":\"https:\/\/mostimondiale.com\/fr\/\"},{\"@type\":\"ListItem\",\"position\":2,\"name\":\"Produits\",\"item\":\"https:\/\/mostimondiale.com\/fr\/produits\/\"},{\"@type\":\"ListItem\",\"position\":3,\"name\":\"Lodi Vieilles Vignes Chardonnay\"}]},{\"@type\":\"WebSite\",\"@id\":\"https:\/\/mostimondiale.com\/#website\",\"url\":\"https:\/\/mostimondiale.com\/\",\"name\":\"Mosti Mondiale\",\"description\":\"\",\"potentialAction\":[{\"@type\":\"SearchAction\",\"target\":{\"@type\":\"EntryPoint\",\"urlTemplate\":\"https:\/\/mostimondiale.com\/?s={search_term_string}\"},\"query-input\":{\"@type\":\"PropertyValueSpecification\",\"valueRequired\":true,\"valueName\":\"search_term_string\"}}],\"inLanguage\":\"fr-CA\"}]}<\/script>\n<!-- \/ Yoast SEO plugin. -->","yoast_head_json":{"title":"Meglioli Lodi Vieilles Vignes Chardonnay \u2022 Trousse Vinification | Mosti Mondiale","description":"Notre Meglioli (23L) Lodi Vieilles Vignes Chardonnay est un vin blanc comprenant du ch\u00eane l\u00e9ger. Ar\u00f4mes fruit\u00e9s avec des notes de caramel et de vanille.","robots":{"index":"index","follow":"follow","max-snippet":"max-snippet:-1","max-image-preview":"max-image-preview:large","max-video-preview":"max-video-preview:-1"},"canonical":"https:\/\/mostimondiale.com\/fr\/produits\/cepage\/chardonnay-fr\/lodi-vieilles-vignes-chardonnay\/","og_locale":"fr_CA","og_type":"article","og_title":"Meglioli Lodi Vieilles Vignes Chardonnay \u2022 Trousse Vinification | Mosti Mondiale","og_description":"Notre Meglioli (23L) Lodi Vieilles Vignes Chardonnay est un vin blanc comprenant du ch\u00eane l\u00e9ger. Ar\u00f4mes fruit\u00e9s avec des notes de caramel et de vanille.","og_url":"https:\/\/mostimondiale.com\/fr\/produits\/cepage\/chardonnay-fr\/lodi-vieilles-vignes-chardonnay\/","og_site_name":"Mosti Mondiale","article_modified_time":"2025-11-28T20:12:34+00:00","og_image":[{"width":360,"height":360,"url":"https:\/\/mostimondiale.com\/wp-content\/uploads\/2025\/11\/Meglioli-360x360-new-fr.png","type":"image\/png"}],"twitter_card":"summary_large_image","twitter_misc":{"Estimation du temps de lecture":"1 minute"},"schema":{"@context":"https:\/\/schema.org","@graph":[{"@type":"WebPage","@id":"https:\/\/mostimondiale.com\/fr\/produits\/cepage\/chardonnay-fr\/lodi-vieilles-vignes-chardonnay\/","url":"https:\/\/mostimondiale.com\/fr\/produits\/cepage\/chardonnay-fr\/lodi-vieilles-vignes-chardonnay\/","name":"Meglioli Lodi Vieilles Vignes Chardonnay \u2022 Trousse Vinification | Mosti Mondiale","isPartOf":{"@id":"https:\/\/mostimondiale.com\/#website"},"primaryImageOfPage":{"@id":"https:\/\/mostimondiale.com\/fr\/produits\/cepage\/chardonnay-fr\/lodi-vieilles-vignes-chardonnay\/#primaryimage"},"image":{"@id":"https:\/\/mostimondiale.com\/fr\/produits\/cepage\/chardonnay-fr\/lodi-vieilles-vignes-chardonnay\/#primaryimage"},"thumbnailUrl":"https:\/\/mostimondiale.com\/wp-content\/uploads\/2025\/11\/Meglioli-360x360-new-fr.png","datePublished":"2025-11-28T19:36:06+00:00","dateModified":"2025-11-28T20:12:34+00:00","description":"Notre Meglioli (23L) Lodi Vieilles Vignes Chardonnay est un vin blanc comprenant du ch\u00eane l\u00e9ger. Ar\u00f4mes fruit\u00e9s avec des notes de caramel et de vanille.","breadcrumb":{"@id":"https:\/\/mostimondiale.com\/fr\/produits\/cepage\/chardonnay-fr\/lodi-vieilles-vignes-chardonnay\/#breadcrumb"},"inLanguage":"fr-CA","potentialAction":[{"@type":"ReadAction","target":["https:\/\/mostimondiale.com\/fr\/produits\/cepage\/chardonnay-fr\/lodi-vieilles-vignes-chardonnay\/"]}]},{"@type":"ImageObject","inLanguage":"fr-CA","@id":"https:\/\/mostimondiale.com\/fr\/produits\/cepage\/chardonnay-fr\/lodi-vieilles-vignes-chardonnay\/#primaryimage","url":"https:\/\/mostimondiale.com\/wp-content\/uploads\/2025\/11\/Meglioli-360x360-new-fr.png","contentUrl":"https:\/\/mostimondiale.com\/wp-content\/uploads\/2025\/11\/Meglioli-360x360-new-fr.png","width":360,"height":360},{"@type":"BreadcrumbList","@id":"https:\/\/mostimondiale.com\/fr\/produits\/cepage\/chardonnay-fr\/lodi-vieilles-vignes-chardonnay\/#breadcrumb","itemListElement":[{"@type":"ListItem","position":1,"name":"Accueil","item":"https:\/\/mostimondiale.com\/fr\/"},{"@type":"ListItem","position":2,"name":"Produits","item":"https:\/\/mostimondiale.com\/fr\/produits\/"},{"@type":"ListItem","position":3,"name":"Lodi Vieilles Vignes Chardonnay"}]},{"@type":"WebSite","@id":"https:\/\/mostimondiale.com\/#website","url":"https:\/\/mostimondiale.com\/","name":"Mosti Mondiale","description":"","potentialAction":[{"@type":"SearchAction","target":{"@type":"EntryPoint","urlTemplate":"https:\/\/mostimondiale.com\/?s={search_term_string}"},"query-input":{"@type":"PropertyValueSpecification","valueRequired":true,"valueName":"search_term_string"}}],"inLanguage":"fr-CA"}]}},"_links":{"self":[{"href":"https:\/\/mostimondiale.com\/fr\/wp-json\/wp\/v2\/product\/5373","targetHints":{"allow":["GET"]}}],"collection":[{"href":"https:\/\/mostimondiale.com\/fr\/wp-json\/wp\/v2\/product"}],"about":[{"href":"https:\/\/mostimondiale.com\/fr\/wp-json\/wp\/v2\/types\/product"}],"wp:featuredmedia":[{"embeddable":true,"href":"https:\/\/mostimondiale.com\/fr\/wp-json\/wp\/v2\/media\/5368"}],"wp:attachment":[{"href":"https:\/\/mostimondiale.com\/fr\/wp-json\/wp\/v2\/media?parent=5373"}],"wp:term":[{"taxonomy":"product_brand","embeddable":true,"href":"https:\/\/mostimondiale.com\/fr\/wp-json\/wp\/v2\/product_brand?post=5373"},{"taxonomy":"product_cat","embeddable":true,"href":"https:\/\/mostimondiale.com\/fr\/wp-json\/wp\/v2\/product_cat?post=5373"},{"taxonomy":"product_tag","embeddable":true,"href":"https:\/\/mostimondiale.com\/fr\/wp-json\/wp\/v2\/product_tag?post=5373"}],"curies":[{"name":"wp","href":"https:\/\/api.w.org\/{rel}","templated":true}]}}