{"id":5333,"date":"2025-09-23T13:04:11","date_gmt":"2025-09-23T17:06:49","guid":{"rendered":"https:\/\/mostimondiale.com\/?post_type=product&#038;p=5333"},"modified":"2025-09-23T13:06:49","modified_gmt":"2025-09-23T17:06:49","slug":"amorosso-8","status":"publish","type":"product","link":"https:\/\/mostimondiale.com\/fr\/produits\/cepage\/amorosso-fr\/amorosso-8\/","title":{"rendered":"Amorosso"},"content":{"rendered":"","protected":false},"excerpt":{"rendered":"<p>Les raisins m\u00fbris au soleil produisent des ar\u00f4mes riches de cerises, de prunes, d\u2019\u00e9pices et une touche de caf\u00e9. Sa couleur rubis profond, ses tanins plus riches et sa teneur en alcool plus \u00e9lev\u00e9e lui conf\u00e8rent une finale g\u00e9n\u00e9reuse et savoureuse.<\/p>\n","protected":false},"featured_media":4997,"template":"","meta":{"_acf_changed":false},"product_brand":[],"product_cat":[180,669,154,173],"product_tag":[],"class_list":{"0":"post-5333","1":"product","2":"type-product","3":"status-publish","4":"has-post-thumbnail","6":"product_cat-amorosso-fr","7":"product_cat-edition-vinifera-allgrape","8":"product_cat-mout-de-raisin-assemblage","9":"product_cat-rouge","10":"pa_alcohol-13-5","11":"pa_aroma-epice","12":"pa_aroma-fruite","13":"pa_body-5-tres-corse","14":"pa_price-254","15":"pa_winemaker-addition-chene-fonce","16":"pa_winemaker-addition-chene-leger","17":"pa_winemaker-addition-sachet-allgrape","19":"first","20":"instock","21":"shipping-taxable","22":"product-type-simple"},"acf":[],"yoast_head":"<!-- This site is optimized with the Yoast SEO plugin v26.9 - https:\/\/yoast.com\/product\/yoast-seo-wordpress\/ -->\n<title>Amorosso - Mosti Mondiale<\/title>\n<meta name=\"description\" content=\"Les raisins m\u00fbris au soleil produisent des ar\u00f4mes riches de cerises, de prunes, d\u2019\u00e9pices et une touche de caf\u00e9. Sa couleur rubis profond, ses tanins plus riches et sa teneur en alcool plus \u00e9lev\u00e9e lui conf\u00e8rent une finale g\u00e9n\u00e9reuse et savoureuse.\" \/>\n<meta name=\"robots\" content=\"index, follow, max-snippet:-1, max-image-preview:large, max-video-preview:-1\" \/>\n<link rel=\"canonical\" href=\"https:\/\/mostimondiale.com\/fr\/produits\/cepage\/amorosso-fr\/amorosso-8\/\" \/>\n<meta property=\"og:locale\" content=\"fr_CA\" \/>\n<meta property=\"og:type\" content=\"article\" \/>\n<meta property=\"og:title\" content=\"Amorosso - Mosti Mondiale\" \/>\n<meta property=\"og:description\" content=\"Les raisins m\u00fbris au soleil produisent des ar\u00f4mes riches de cerises, de prunes, d\u2019\u00e9pices et une touche de caf\u00e9. Sa couleur rubis profond, ses tanins plus riches et sa teneur en alcool plus \u00e9lev\u00e9e lui conf\u00e8rent une finale g\u00e9n\u00e9reuse et savoureuse.\" \/>\n<meta property=\"og:url\" content=\"https:\/\/mostimondiale.com\/fr\/produits\/cepage\/amorosso-fr\/amorosso-8\/\" \/>\n<meta property=\"og:site_name\" content=\"Mosti Mondiale\" \/>\n<meta property=\"og:image\" content=\"https:\/\/mostimondiale.com\/wp-content\/uploads\/2022\/10\/VNAG-360x360-new-red-fr.png\" \/>\n\t<meta property=\"og:image:width\" content=\"360\" \/>\n\t<meta property=\"og:image:height\" content=\"360\" \/>\n\t<meta property=\"og:image:type\" content=\"image\/png\" \/>\n<meta name=\"twitter:card\" content=\"summary_large_image\" \/>\n<meta name=\"twitter:label1\" content=\"Estimation du temps de lecture\" \/>\n\t<meta name=\"twitter:data1\" content=\"1 minute\" \/>\n<script type=\"application\/ld+json\" class=\"yoast-schema-graph\">{\"@context\":\"https:\/\/schema.org\",\"@graph\":[{\"@type\":\"WebPage\",\"@id\":\"https:\/\/mostimondiale.com\/fr\/produits\/cepage\/amorosso-fr\/amorosso-8\/\",\"url\":\"https:\/\/mostimondiale.com\/fr\/produits\/cepage\/amorosso-fr\/amorosso-8\/\",\"name\":\"Amorosso - Mosti Mondiale\",\"isPartOf\":{\"@id\":\"https:\/\/mostimondiale.com\/#website\"},\"primaryImageOfPage\":{\"@id\":\"https:\/\/mostimondiale.com\/fr\/produits\/cepage\/amorosso-fr\/amorosso-8\/#primaryimage\"},\"image\":{\"@id\":\"https:\/\/mostimondiale.com\/fr\/produits\/cepage\/amorosso-fr\/amorosso-8\/#primaryimage\"},\"thumbnailUrl\":\"https:\/\/mostimondiale.com\/wp-content\/uploads\/2022\/10\/VNAG-360x360-new-red-fr.png\",\"datePublished\":\"2025-09-23T17:06:49+00:00\",\"description\":\"Les raisins m\u00fbris au soleil produisent des ar\u00f4mes riches de cerises, de prunes, d\u2019\u00e9pices et une touche de caf\u00e9. Sa couleur rubis profond, ses tanins plus riches et sa teneur en alcool plus \u00e9lev\u00e9e lui conf\u00e8rent une finale g\u00e9n\u00e9reuse et savoureuse.\",\"breadcrumb\":{\"@id\":\"https:\/\/mostimondiale.com\/fr\/produits\/cepage\/amorosso-fr\/amorosso-8\/#breadcrumb\"},\"inLanguage\":\"fr-CA\",\"potentialAction\":[{\"@type\":\"ReadAction\",\"target\":[\"https:\/\/mostimondiale.com\/fr\/produits\/cepage\/amorosso-fr\/amorosso-8\/\"]}]},{\"@type\":\"ImageObject\",\"inLanguage\":\"fr-CA\",\"@id\":\"https:\/\/mostimondiale.com\/fr\/produits\/cepage\/amorosso-fr\/amorosso-8\/#primaryimage\",\"url\":\"https:\/\/mostimondiale.com\/wp-content\/uploads\/2022\/10\/VNAG-360x360-new-red-fr.png\",\"contentUrl\":\"https:\/\/mostimondiale.com\/wp-content\/uploads\/2022\/10\/VNAG-360x360-new-red-fr.png\",\"width\":360,\"height\":360},{\"@type\":\"BreadcrumbList\",\"@id\":\"https:\/\/mostimondiale.com\/fr\/produits\/cepage\/amorosso-fr\/amorosso-8\/#breadcrumb\",\"itemListElement\":[{\"@type\":\"ListItem\",\"position\":1,\"name\":\"Accueil\",\"item\":\"https:\/\/mostimondiale.com\/fr\/\"},{\"@type\":\"ListItem\",\"position\":2,\"name\":\"Produits\",\"item\":\"https:\/\/mostimondiale.com\/fr\/produits\/\"},{\"@type\":\"ListItem\",\"position\":3,\"name\":\"Amorosso\"}]},{\"@type\":\"WebSite\",\"@id\":\"https:\/\/mostimondiale.com\/#website\",\"url\":\"https:\/\/mostimondiale.com\/\",\"name\":\"Mosti Mondiale\",\"description\":\"\",\"potentialAction\":[{\"@type\":\"SearchAction\",\"target\":{\"@type\":\"EntryPoint\",\"urlTemplate\":\"https:\/\/mostimondiale.com\/?s={search_term_string}\"},\"query-input\":{\"@type\":\"PropertyValueSpecification\",\"valueRequired\":true,\"valueName\":\"search_term_string\"}}],\"inLanguage\":\"fr-CA\"}]}<\/script>\n<!-- \/ Yoast SEO plugin. -->","yoast_head_json":{"title":"Amorosso - Mosti Mondiale","description":"Les raisins m\u00fbris au soleil produisent des ar\u00f4mes riches de cerises, de prunes, d\u2019\u00e9pices et une touche de caf\u00e9. Sa couleur rubis profond, ses tanins plus riches et sa teneur en alcool plus \u00e9lev\u00e9e lui conf\u00e8rent une finale g\u00e9n\u00e9reuse et savoureuse.","robots":{"index":"index","follow":"follow","max-snippet":"max-snippet:-1","max-image-preview":"max-image-preview:large","max-video-preview":"max-video-preview:-1"},"canonical":"https:\/\/mostimondiale.com\/fr\/produits\/cepage\/amorosso-fr\/amorosso-8\/","og_locale":"fr_CA","og_type":"article","og_title":"Amorosso - Mosti Mondiale","og_description":"Les raisins m\u00fbris au soleil produisent des ar\u00f4mes riches de cerises, de prunes, d\u2019\u00e9pices et une touche de caf\u00e9. Sa couleur rubis profond, ses tanins plus riches et sa teneur en alcool plus \u00e9lev\u00e9e lui conf\u00e8rent une finale g\u00e9n\u00e9reuse et savoureuse.","og_url":"https:\/\/mostimondiale.com\/fr\/produits\/cepage\/amorosso-fr\/amorosso-8\/","og_site_name":"Mosti Mondiale","og_image":[{"width":360,"height":360,"url":"https:\/\/mostimondiale.com\/wp-content\/uploads\/2022\/10\/VNAG-360x360-new-red-fr.png","type":"image\/png"}],"twitter_card":"summary_large_image","twitter_misc":{"Estimation du temps de lecture":"1 minute"},"schema":{"@context":"https:\/\/schema.org","@graph":[{"@type":"WebPage","@id":"https:\/\/mostimondiale.com\/fr\/produits\/cepage\/amorosso-fr\/amorosso-8\/","url":"https:\/\/mostimondiale.com\/fr\/produits\/cepage\/amorosso-fr\/amorosso-8\/","name":"Amorosso - Mosti Mondiale","isPartOf":{"@id":"https:\/\/mostimondiale.com\/#website"},"primaryImageOfPage":{"@id":"https:\/\/mostimondiale.com\/fr\/produits\/cepage\/amorosso-fr\/amorosso-8\/#primaryimage"},"image":{"@id":"https:\/\/mostimondiale.com\/fr\/produits\/cepage\/amorosso-fr\/amorosso-8\/#primaryimage"},"thumbnailUrl":"https:\/\/mostimondiale.com\/wp-content\/uploads\/2022\/10\/VNAG-360x360-new-red-fr.png","datePublished":"2025-09-23T17:06:49+00:00","description":"Les raisins m\u00fbris au soleil produisent des ar\u00f4mes riches de cerises, de prunes, d\u2019\u00e9pices et une touche de caf\u00e9. Sa couleur rubis profond, ses tanins plus riches et sa teneur en alcool plus \u00e9lev\u00e9e lui conf\u00e8rent une finale g\u00e9n\u00e9reuse et savoureuse.","breadcrumb":{"@id":"https:\/\/mostimondiale.com\/fr\/produits\/cepage\/amorosso-fr\/amorosso-8\/#breadcrumb"},"inLanguage":"fr-CA","potentialAction":[{"@type":"ReadAction","target":["https:\/\/mostimondiale.com\/fr\/produits\/cepage\/amorosso-fr\/amorosso-8\/"]}]},{"@type":"ImageObject","inLanguage":"fr-CA","@id":"https:\/\/mostimondiale.com\/fr\/produits\/cepage\/amorosso-fr\/amorosso-8\/#primaryimage","url":"https:\/\/mostimondiale.com\/wp-content\/uploads\/2022\/10\/VNAG-360x360-new-red-fr.png","contentUrl":"https:\/\/mostimondiale.com\/wp-content\/uploads\/2022\/10\/VNAG-360x360-new-red-fr.png","width":360,"height":360},{"@type":"BreadcrumbList","@id":"https:\/\/mostimondiale.com\/fr\/produits\/cepage\/amorosso-fr\/amorosso-8\/#breadcrumb","itemListElement":[{"@type":"ListItem","position":1,"name":"Accueil","item":"https:\/\/mostimondiale.com\/fr\/"},{"@type":"ListItem","position":2,"name":"Produits","item":"https:\/\/mostimondiale.com\/fr\/produits\/"},{"@type":"ListItem","position":3,"name":"Amorosso"}]},{"@type":"WebSite","@id":"https:\/\/mostimondiale.com\/#website","url":"https:\/\/mostimondiale.com\/","name":"Mosti Mondiale","description":"","potentialAction":[{"@type":"SearchAction","target":{"@type":"EntryPoint","urlTemplate":"https:\/\/mostimondiale.com\/?s={search_term_string}"},"query-input":{"@type":"PropertyValueSpecification","valueRequired":true,"valueName":"search_term_string"}}],"inLanguage":"fr-CA"}]}},"_links":{"self":[{"href":"https:\/\/mostimondiale.com\/fr\/wp-json\/wp\/v2\/product\/5333","targetHints":{"allow":["GET"]}}],"collection":[{"href":"https:\/\/mostimondiale.com\/fr\/wp-json\/wp\/v2\/product"}],"about":[{"href":"https:\/\/mostimondiale.com\/fr\/wp-json\/wp\/v2\/types\/product"}],"wp:featuredmedia":[{"embeddable":true,"href":"https:\/\/mostimondiale.com\/fr\/wp-json\/wp\/v2\/media\/4997"}],"wp:attachment":[{"href":"https:\/\/mostimondiale.com\/fr\/wp-json\/wp\/v2\/media?parent=5333"}],"wp:term":[{"taxonomy":"product_brand","embeddable":true,"href":"https:\/\/mostimondiale.com\/fr\/wp-json\/wp\/v2\/product_brand?post=5333"},{"taxonomy":"product_cat","embeddable":true,"href":"https:\/\/mostimondiale.com\/fr\/wp-json\/wp\/v2\/product_cat?post=5333"},{"taxonomy":"product_tag","embeddable":true,"href":"https:\/\/mostimondiale.com\/fr\/wp-json\/wp\/v2\/product_tag?post=5333"}],"curies":[{"name":"wp","href":"https:\/\/api.w.org\/{rel}","templated":true}]}}