{"id":4924,"date":"2022-09-07T08:52:33","date_gmt":"2022-09-07T12:52:33","guid":{"rendered":"https:\/\/mostimondiale.com\/?post_type=product&#038;p=4924"},"modified":"2022-09-07T08:57:24","modified_gmt":"2022-09-07T12:57:24","slug":"sangiovese-3","status":"publish","type":"product","link":"https:\/\/mostimondiale.com\/fr\/produits\/cepage\/sangiovese-fr\/sangiovese-3\/","title":{"rendered":"Sangiovese"},"content":{"rendered":"","protected":false},"excerpt":{"rendered":"<p>Sangiovese signifie \u00ab le sang de Jove \u00bb (Jupiter) et il est actuellement class\u00e9 \u00e0 la deuxi\u00e8me place (en importance) en Italie apr\u00e8s leur Nebbiolo. Pr\u00e9sentant une couleur vive rouge rubis, vous remarquerez une attaque nette avec des tanins doux alors que la pr\u00e9sence de baies m\u00fbres fruit\u00e9es et d\u2019une pointe d\u2019ar\u00f4mes de sous-bois submergent vos papilles.<\/p>\n","protected":false},"featured_media":1640,"template":"","meta":{"_acf_changed":false},"product_brand":[],"product_cat":[162,155,173,220],"product_tag":[],"class_list":{"0":"post-4924","1":"product","2":"type-product","3":"status-publish","4":"has-post-thumbnail","6":"product_cat-fresco-edition-lodi","7":"product_cat-mout-de-raisin-frais","8":"product_cat-rouge","9":"product_cat-sangiovese-fr","10":"pa_alcohol-13-0-fr","11":"pa_aroma-boise","12":"pa_aroma-fruite","13":"pa_body-2-moyen-leger","14":"pa_price-253","16":"first","17":"instock","18":"shipping-taxable","19":"product-type-simple"},"acf":[],"yoast_head":"<!-- This site is optimized with the Yoast SEO plugin v26.9 - https:\/\/yoast.com\/product\/yoast-seo-wordpress\/ -->\n<title>\u00c9dition Lodi Sangiovese \u2022 Trousse|Kit de Vinification | Mosti Mondiale<\/title>\n<meta name=\"description\" content=\"Notre \u00c9dition Lodi Sangiovese (23L) est un vin rouge tr\u00e8s cors\u00e9, fait de mo\u00fbt frais et comprenant 8lbs de raisins \u00e9cras\u00e9s et \u00e9grapp\u00e9s.\" \/>\n<meta name=\"robots\" content=\"index, follow, max-snippet:-1, max-image-preview:large, max-video-preview:-1\" \/>\n<link rel=\"canonical\" href=\"https:\/\/mostimondiale.com\/produits\/varietal\/sangiovese\/sangiovese-3\/\" \/>\n<meta property=\"og:locale\" content=\"fr_CA\" \/>\n<meta property=\"og:type\" content=\"article\" \/>\n<meta property=\"og:title\" content=\"\u00c9dition Lodi Sangiovese \u2022 Trousse|Kit de Vinification | Mosti Mondiale\" \/>\n<meta property=\"og:description\" content=\"Notre \u00c9dition Lodi Sangiovese (23L) est un vin rouge tr\u00e8s cors\u00e9, fait de mo\u00fbt frais et comprenant 8lbs de raisins \u00e9cras\u00e9s et \u00e9grapp\u00e9s.\" \/>\n<meta property=\"og:url\" content=\"https:\/\/mostimondiale.com\/produits\/varietal\/sangiovese\/sangiovese-3\/\" \/>\n<meta property=\"og:site_name\" content=\"Mosti Mondiale\" \/>\n<meta property=\"article:modified_time\" content=\"2022-09-07T12:57:24+00:00\" \/>\n<meta property=\"og:image\" content=\"https:\/\/mostimondiale.com\/wp-content\/uploads\/2019\/04\/lodi-360x360-fr-1.png\" \/>\n\t<meta property=\"og:image:width\" content=\"360\" \/>\n\t<meta property=\"og:image:height\" content=\"360\" \/>\n\t<meta property=\"og:image:type\" content=\"image\/png\" \/>\n<meta name=\"twitter:card\" content=\"summary_large_image\" \/>\n<script type=\"application\/ld+json\" class=\"yoast-schema-graph\">{\"@context\":\"https:\/\/schema.org\",\"@graph\":[{\"@type\":\"WebPage\",\"@id\":\"https:\/\/mostimondiale.com\/produits\/varietal\/sangiovese\/sangiovese-3\/\",\"url\":\"https:\/\/mostimondiale.com\/produits\/varietal\/sangiovese\/sangiovese-3\/\",\"name\":\"\u00c9dition Lodi Sangiovese \u2022 Trousse|Kit de Vinification | Mosti Mondiale\",\"isPartOf\":{\"@id\":\"https:\/\/mostimondiale.com\/#website\"},\"primaryImageOfPage\":{\"@id\":\"https:\/\/mostimondiale.com\/produits\/varietal\/sangiovese\/sangiovese-3\/#primaryimage\"},\"image\":{\"@id\":\"https:\/\/mostimondiale.com\/produits\/varietal\/sangiovese\/sangiovese-3\/#primaryimage\"},\"thumbnailUrl\":\"https:\/\/mostimondiale.com\/wp-content\/uploads\/2019\/04\/lodi-360x360-fr-1.png\",\"datePublished\":\"2022-09-07T12:52:33+00:00\",\"dateModified\":\"2022-09-07T12:57:24+00:00\",\"description\":\"Notre \u00c9dition Lodi Sangiovese (23L) est un vin rouge tr\u00e8s cors\u00e9, fait de mo\u00fbt frais et comprenant 8lbs de raisins \u00e9cras\u00e9s et \u00e9grapp\u00e9s.\",\"breadcrumb\":{\"@id\":\"https:\/\/mostimondiale.com\/produits\/varietal\/sangiovese\/sangiovese-3\/#breadcrumb\"},\"inLanguage\":\"fr-CA\",\"potentialAction\":[{\"@type\":\"ReadAction\",\"target\":[\"https:\/\/mostimondiale.com\/produits\/varietal\/sangiovese\/sangiovese-3\/\"]}]},{\"@type\":\"ImageObject\",\"inLanguage\":\"fr-CA\",\"@id\":\"https:\/\/mostimondiale.com\/produits\/varietal\/sangiovese\/sangiovese-3\/#primaryimage\",\"url\":\"https:\/\/mostimondiale.com\/wp-content\/uploads\/2019\/04\/lodi-360x360-fr-1.png\",\"contentUrl\":\"https:\/\/mostimondiale.com\/wp-content\/uploads\/2019\/04\/lodi-360x360-fr-1.png\",\"width\":360,\"height\":360},{\"@type\":\"BreadcrumbList\",\"@id\":\"https:\/\/mostimondiale.com\/produits\/varietal\/sangiovese\/sangiovese-3\/#breadcrumb\",\"itemListElement\":[{\"@type\":\"ListItem\",\"position\":1,\"name\":\"Accueil\",\"item\":\"https:\/\/mostimondiale.com\/fr\/\"},{\"@type\":\"ListItem\",\"position\":2,\"name\":\"Produits\",\"item\":\"https:\/\/mostimondiale.com\/fr\/produits\/\"},{\"@type\":\"ListItem\",\"position\":3,\"name\":\"Sangiovese\"}]},{\"@type\":\"WebSite\",\"@id\":\"https:\/\/mostimondiale.com\/#website\",\"url\":\"https:\/\/mostimondiale.com\/\",\"name\":\"Mosti Mondiale\",\"description\":\"\",\"potentialAction\":[{\"@type\":\"SearchAction\",\"target\":{\"@type\":\"EntryPoint\",\"urlTemplate\":\"https:\/\/mostimondiale.com\/?s={search_term_string}\"},\"query-input\":{\"@type\":\"PropertyValueSpecification\",\"valueRequired\":true,\"valueName\":\"search_term_string\"}}],\"inLanguage\":\"fr-CA\"}]}<\/script>\n<!-- \/ Yoast SEO plugin. -->","yoast_head_json":{"title":"\u00c9dition Lodi Sangiovese \u2022 Trousse|Kit de Vinification | Mosti Mondiale","description":"Notre \u00c9dition Lodi Sangiovese (23L) est un vin rouge tr\u00e8s cors\u00e9, fait de mo\u00fbt frais et comprenant 8lbs de raisins \u00e9cras\u00e9s et \u00e9grapp\u00e9s.","robots":{"index":"index","follow":"follow","max-snippet":"max-snippet:-1","max-image-preview":"max-image-preview:large","max-video-preview":"max-video-preview:-1"},"canonical":"https:\/\/mostimondiale.com\/produits\/varietal\/sangiovese\/sangiovese-3\/","og_locale":"fr_CA","og_type":"article","og_title":"\u00c9dition Lodi Sangiovese \u2022 Trousse|Kit de Vinification | Mosti Mondiale","og_description":"Notre \u00c9dition Lodi Sangiovese (23L) est un vin rouge tr\u00e8s cors\u00e9, fait de mo\u00fbt frais et comprenant 8lbs de raisins \u00e9cras\u00e9s et \u00e9grapp\u00e9s.","og_url":"https:\/\/mostimondiale.com\/produits\/varietal\/sangiovese\/sangiovese-3\/","og_site_name":"Mosti Mondiale","article_modified_time":"2022-09-07T12:57:24+00:00","og_image":[{"width":360,"height":360,"url":"https:\/\/mostimondiale.com\/wp-content\/uploads\/2019\/04\/lodi-360x360-fr-1.png","type":"image\/png"}],"twitter_card":"summary_large_image","schema":{"@context":"https:\/\/schema.org","@graph":[{"@type":"WebPage","@id":"https:\/\/mostimondiale.com\/produits\/varietal\/sangiovese\/sangiovese-3\/","url":"https:\/\/mostimondiale.com\/produits\/varietal\/sangiovese\/sangiovese-3\/","name":"\u00c9dition Lodi Sangiovese \u2022 Trousse|Kit de Vinification | Mosti Mondiale","isPartOf":{"@id":"https:\/\/mostimondiale.com\/#website"},"primaryImageOfPage":{"@id":"https:\/\/mostimondiale.com\/produits\/varietal\/sangiovese\/sangiovese-3\/#primaryimage"},"image":{"@id":"https:\/\/mostimondiale.com\/produits\/varietal\/sangiovese\/sangiovese-3\/#primaryimage"},"thumbnailUrl":"https:\/\/mostimondiale.com\/wp-content\/uploads\/2019\/04\/lodi-360x360-fr-1.png","datePublished":"2022-09-07T12:52:33+00:00","dateModified":"2022-09-07T12:57:24+00:00","description":"Notre \u00c9dition Lodi Sangiovese (23L) est un vin rouge tr\u00e8s cors\u00e9, fait de mo\u00fbt frais et comprenant 8lbs de raisins \u00e9cras\u00e9s et \u00e9grapp\u00e9s.","breadcrumb":{"@id":"https:\/\/mostimondiale.com\/produits\/varietal\/sangiovese\/sangiovese-3\/#breadcrumb"},"inLanguage":"fr-CA","potentialAction":[{"@type":"ReadAction","target":["https:\/\/mostimondiale.com\/produits\/varietal\/sangiovese\/sangiovese-3\/"]}]},{"@type":"ImageObject","inLanguage":"fr-CA","@id":"https:\/\/mostimondiale.com\/produits\/varietal\/sangiovese\/sangiovese-3\/#primaryimage","url":"https:\/\/mostimondiale.com\/wp-content\/uploads\/2019\/04\/lodi-360x360-fr-1.png","contentUrl":"https:\/\/mostimondiale.com\/wp-content\/uploads\/2019\/04\/lodi-360x360-fr-1.png","width":360,"height":360},{"@type":"BreadcrumbList","@id":"https:\/\/mostimondiale.com\/produits\/varietal\/sangiovese\/sangiovese-3\/#breadcrumb","itemListElement":[{"@type":"ListItem","position":1,"name":"Accueil","item":"https:\/\/mostimondiale.com\/fr\/"},{"@type":"ListItem","position":2,"name":"Produits","item":"https:\/\/mostimondiale.com\/fr\/produits\/"},{"@type":"ListItem","position":3,"name":"Sangiovese"}]},{"@type":"WebSite","@id":"https:\/\/mostimondiale.com\/#website","url":"https:\/\/mostimondiale.com\/","name":"Mosti Mondiale","description":"","potentialAction":[{"@type":"SearchAction","target":{"@type":"EntryPoint","urlTemplate":"https:\/\/mostimondiale.com\/?s={search_term_string}"},"query-input":{"@type":"PropertyValueSpecification","valueRequired":true,"valueName":"search_term_string"}}],"inLanguage":"fr-CA"}]}},"_links":{"self":[{"href":"https:\/\/mostimondiale.com\/fr\/wp-json\/wp\/v2\/product\/4924","targetHints":{"allow":["GET"]}}],"collection":[{"href":"https:\/\/mostimondiale.com\/fr\/wp-json\/wp\/v2\/product"}],"about":[{"href":"https:\/\/mostimondiale.com\/fr\/wp-json\/wp\/v2\/types\/product"}],"wp:featuredmedia":[{"embeddable":true,"href":"https:\/\/mostimondiale.com\/fr\/wp-json\/wp\/v2\/media\/1640"}],"wp:attachment":[{"href":"https:\/\/mostimondiale.com\/fr\/wp-json\/wp\/v2\/media?parent=4924"}],"wp:term":[{"taxonomy":"product_brand","embeddable":true,"href":"https:\/\/mostimondiale.com\/fr\/wp-json\/wp\/v2\/product_brand?post=4924"},{"taxonomy":"product_cat","embeddable":true,"href":"https:\/\/mostimondiale.com\/fr\/wp-json\/wp\/v2\/product_cat?post=4924"},{"taxonomy":"product_tag","embeddable":true,"href":"https:\/\/mostimondiale.com\/fr\/wp-json\/wp\/v2\/product_tag?post=4924"}],"curies":[{"name":"wp","href":"https:\/\/api.w.org\/{rel}","templated":true}]}}