{"id":4784,"date":"2022-05-10T09:30:11","date_gmt":"2022-04-08T18:32:12","guid":{"rendered":"https:\/\/mostimondiale.com\/?post_type=product&#038;p=4784"},"modified":"2024-10-21T15:59:10","modified_gmt":"2024-10-21T19:59:10","slug":"grenade","status":"publish","type":"product","link":"https:\/\/mostimondiale.com\/fr\/produits\/style-fr\/rose-fr\/grenade\/","title":{"rendered":"Grenade"},"content":{"rendered":"","protected":false},"excerpt":{"rendered":"<p>Couleur rubis clair. Nez de cerise acide. Vivifiant et doux en bouche, avec une finale fruit\u00e9e. C&rsquo;est un vin ros\u00e9 plus cors\u00e9 qui convient parfaitement aux barbecues d&rsquo;\u00e9t\u00e9.<\/p>\n","protected":false},"featured_media":1294,"template":"","meta":{"_acf_changed":false},"product_brand":[],"product_cat":[154,174,175,169],"product_tag":[],"class_list":{"0":"post-4784","1":"product","2":"type-product","3":"status-publish","4":"has-post-thumbnail","6":"product_cat-mout-de-raisin-assemblage","7":"product_cat-rose-fr","8":"product_cat-specialite","9":"product_cat-summer-breeze-fr","10":"pa_alcohol-7-3","11":"pa_aroma-fruite","12":"pa_body-5-tres-corse","13":"pa_price-256","15":"first","16":"instock","17":"shipping-taxable","18":"product-type-simple"},"acf":[],"yoast_head":"<!-- This site is optimized with the Yoast SEO plugin v26.9 - https:\/\/yoast.com\/product\/yoast-seo-wordpress\/ -->\n<title>Summer Breeze Grenade \u2022 Trousse |Mosti Mondiale<\/title>\n<meta name=\"description\" content=\"Notre Summer Breeze (4.2L) Grenade c&#039;est un vin ros\u00e9 plus cors\u00e9 qui convient parfaitement aux barbecues d&#039;\u00e9t\u00e9.\" \/>\n<meta name=\"robots\" content=\"index, follow, max-snippet:-1, max-image-preview:large, max-video-preview:-1\" \/>\n<link rel=\"canonical\" href=\"https:\/\/mostimondiale.com\/produits\/style\/rose\/pomegranate\/\" \/>\n<meta property=\"og:locale\" content=\"fr_CA\" \/>\n<meta property=\"og:type\" content=\"article\" \/>\n<meta property=\"og:title\" content=\"Summer Breeze Grenade \u2022 Trousse |Mosti Mondiale\" \/>\n<meta property=\"og:description\" content=\"Notre Summer Breeze (4.2L) Grenade c&#039;est un vin ros\u00e9 plus cors\u00e9 qui convient parfaitement aux barbecues d&#039;\u00e9t\u00e9.\" \/>\n<meta property=\"og:url\" content=\"https:\/\/mostimondiale.com\/produits\/style\/rose\/pomegranate\/\" \/>\n<meta property=\"og:site_name\" content=\"Mosti Mondiale\" \/>\n<meta property=\"article:modified_time\" content=\"2024-10-21T19:59:10+00:00\" \/>\n<meta property=\"og:image\" content=\"https:\/\/mostimondiale.com\/wp-content\/uploads\/2019\/04\/summerbreeze-360x360-fr.png\" \/>\n\t<meta property=\"og:image:width\" content=\"360\" \/>\n\t<meta property=\"og:image:height\" content=\"360\" \/>\n\t<meta property=\"og:image:type\" content=\"image\/png\" \/>\n<meta name=\"twitter:card\" content=\"summary_large_image\" \/>\n<meta name=\"twitter:label1\" content=\"Estimation du temps de lecture\" \/>\n\t<meta name=\"twitter:data1\" content=\"1 minute\" \/>\n<script type=\"application\/ld+json\" class=\"yoast-schema-graph\">{\"@context\":\"https:\/\/schema.org\",\"@graph\":[{\"@type\":\"WebPage\",\"@id\":\"https:\/\/mostimondiale.com\/produits\/style\/rose\/pomegranate\/\",\"url\":\"https:\/\/mostimondiale.com\/produits\/style\/rose\/pomegranate\/\",\"name\":\"Summer Breeze Grenade \u2022 Trousse |Mosti Mondiale\",\"isPartOf\":{\"@id\":\"https:\/\/mostimondiale.com\/#website\"},\"primaryImageOfPage\":{\"@id\":\"https:\/\/mostimondiale.com\/produits\/style\/rose\/pomegranate\/#primaryimage\"},\"image\":{\"@id\":\"https:\/\/mostimondiale.com\/produits\/style\/rose\/pomegranate\/#primaryimage\"},\"thumbnailUrl\":\"https:\/\/mostimondiale.com\/wp-content\/uploads\/2019\/04\/summerbreeze-360x360-fr.png\",\"datePublished\":\"2022-04-08T18:32:12+00:00\",\"dateModified\":\"2024-10-21T19:59:10+00:00\",\"description\":\"Notre Summer Breeze (4.2L) Grenade c'est un vin ros\u00e9 plus cors\u00e9 qui convient parfaitement aux barbecues d'\u00e9t\u00e9.\",\"breadcrumb\":{\"@id\":\"https:\/\/mostimondiale.com\/produits\/style\/rose\/pomegranate\/#breadcrumb\"},\"inLanguage\":\"fr-CA\",\"potentialAction\":[{\"@type\":\"ReadAction\",\"target\":[\"https:\/\/mostimondiale.com\/produits\/style\/rose\/pomegranate\/\"]}]},{\"@type\":\"ImageObject\",\"inLanguage\":\"fr-CA\",\"@id\":\"https:\/\/mostimondiale.com\/produits\/style\/rose\/pomegranate\/#primaryimage\",\"url\":\"https:\/\/mostimondiale.com\/wp-content\/uploads\/2019\/04\/summerbreeze-360x360-fr.png\",\"contentUrl\":\"https:\/\/mostimondiale.com\/wp-content\/uploads\/2019\/04\/summerbreeze-360x360-fr.png\",\"width\":360,\"height\":360},{\"@type\":\"BreadcrumbList\",\"@id\":\"https:\/\/mostimondiale.com\/produits\/style\/rose\/pomegranate\/#breadcrumb\",\"itemListElement\":[{\"@type\":\"ListItem\",\"position\":1,\"name\":\"Accueil\",\"item\":\"https:\/\/mostimondiale.com\/fr\/\"},{\"@type\":\"ListItem\",\"position\":2,\"name\":\"Produits\",\"item\":\"https:\/\/mostimondiale.com\/fr\/produits\/\"},{\"@type\":\"ListItem\",\"position\":3,\"name\":\"Grenade\"}]},{\"@type\":\"WebSite\",\"@id\":\"https:\/\/mostimondiale.com\/#website\",\"url\":\"https:\/\/mostimondiale.com\/\",\"name\":\"Mosti Mondiale\",\"description\":\"\",\"potentialAction\":[{\"@type\":\"SearchAction\",\"target\":{\"@type\":\"EntryPoint\",\"urlTemplate\":\"https:\/\/mostimondiale.com\/?s={search_term_string}\"},\"query-input\":{\"@type\":\"PropertyValueSpecification\",\"valueRequired\":true,\"valueName\":\"search_term_string\"}}],\"inLanguage\":\"fr-CA\"}]}<\/script>\n<!-- \/ Yoast SEO plugin. -->","yoast_head_json":{"title":"Summer Breeze Grenade \u2022 Trousse |Mosti Mondiale","description":"Notre Summer Breeze (4.2L) Grenade c'est un vin ros\u00e9 plus cors\u00e9 qui convient parfaitement aux barbecues d'\u00e9t\u00e9.","robots":{"index":"index","follow":"follow","max-snippet":"max-snippet:-1","max-image-preview":"max-image-preview:large","max-video-preview":"max-video-preview:-1"},"canonical":"https:\/\/mostimondiale.com\/produits\/style\/rose\/pomegranate\/","og_locale":"fr_CA","og_type":"article","og_title":"Summer Breeze Grenade \u2022 Trousse |Mosti Mondiale","og_description":"Notre Summer Breeze (4.2L) Grenade c'est un vin ros\u00e9 plus cors\u00e9 qui convient parfaitement aux barbecues d'\u00e9t\u00e9.","og_url":"https:\/\/mostimondiale.com\/produits\/style\/rose\/pomegranate\/","og_site_name":"Mosti Mondiale","article_modified_time":"2024-10-21T19:59:10+00:00","og_image":[{"width":360,"height":360,"url":"https:\/\/mostimondiale.com\/wp-content\/uploads\/2019\/04\/summerbreeze-360x360-fr.png","type":"image\/png"}],"twitter_card":"summary_large_image","twitter_misc":{"Estimation du temps de lecture":"1 minute"},"schema":{"@context":"https:\/\/schema.org","@graph":[{"@type":"WebPage","@id":"https:\/\/mostimondiale.com\/produits\/style\/rose\/pomegranate\/","url":"https:\/\/mostimondiale.com\/produits\/style\/rose\/pomegranate\/","name":"Summer Breeze Grenade \u2022 Trousse |Mosti Mondiale","isPartOf":{"@id":"https:\/\/mostimondiale.com\/#website"},"primaryImageOfPage":{"@id":"https:\/\/mostimondiale.com\/produits\/style\/rose\/pomegranate\/#primaryimage"},"image":{"@id":"https:\/\/mostimondiale.com\/produits\/style\/rose\/pomegranate\/#primaryimage"},"thumbnailUrl":"https:\/\/mostimondiale.com\/wp-content\/uploads\/2019\/04\/summerbreeze-360x360-fr.png","datePublished":"2022-04-08T18:32:12+00:00","dateModified":"2024-10-21T19:59:10+00:00","description":"Notre Summer Breeze (4.2L) Grenade c'est un vin ros\u00e9 plus cors\u00e9 qui convient parfaitement aux barbecues d'\u00e9t\u00e9.","breadcrumb":{"@id":"https:\/\/mostimondiale.com\/produits\/style\/rose\/pomegranate\/#breadcrumb"},"inLanguage":"fr-CA","potentialAction":[{"@type":"ReadAction","target":["https:\/\/mostimondiale.com\/produits\/style\/rose\/pomegranate\/"]}]},{"@type":"ImageObject","inLanguage":"fr-CA","@id":"https:\/\/mostimondiale.com\/produits\/style\/rose\/pomegranate\/#primaryimage","url":"https:\/\/mostimondiale.com\/wp-content\/uploads\/2019\/04\/summerbreeze-360x360-fr.png","contentUrl":"https:\/\/mostimondiale.com\/wp-content\/uploads\/2019\/04\/summerbreeze-360x360-fr.png","width":360,"height":360},{"@type":"BreadcrumbList","@id":"https:\/\/mostimondiale.com\/produits\/style\/rose\/pomegranate\/#breadcrumb","itemListElement":[{"@type":"ListItem","position":1,"name":"Accueil","item":"https:\/\/mostimondiale.com\/fr\/"},{"@type":"ListItem","position":2,"name":"Produits","item":"https:\/\/mostimondiale.com\/fr\/produits\/"},{"@type":"ListItem","position":3,"name":"Grenade"}]},{"@type":"WebSite","@id":"https:\/\/mostimondiale.com\/#website","url":"https:\/\/mostimondiale.com\/","name":"Mosti Mondiale","description":"","potentialAction":[{"@type":"SearchAction","target":{"@type":"EntryPoint","urlTemplate":"https:\/\/mostimondiale.com\/?s={search_term_string}"},"query-input":{"@type":"PropertyValueSpecification","valueRequired":true,"valueName":"search_term_string"}}],"inLanguage":"fr-CA"}]}},"_links":{"self":[{"href":"https:\/\/mostimondiale.com\/fr\/wp-json\/wp\/v2\/product\/4784","targetHints":{"allow":["GET"]}}],"collection":[{"href":"https:\/\/mostimondiale.com\/fr\/wp-json\/wp\/v2\/product"}],"about":[{"href":"https:\/\/mostimondiale.com\/fr\/wp-json\/wp\/v2\/types\/product"}],"wp:featuredmedia":[{"embeddable":true,"href":"https:\/\/mostimondiale.com\/fr\/wp-json\/wp\/v2\/media\/1294"}],"wp:attachment":[{"href":"https:\/\/mostimondiale.com\/fr\/wp-json\/wp\/v2\/media?parent=4784"}],"wp:term":[{"taxonomy":"product_brand","embeddable":true,"href":"https:\/\/mostimondiale.com\/fr\/wp-json\/wp\/v2\/product_brand?post=4784"},{"taxonomy":"product_cat","embeddable":true,"href":"https:\/\/mostimondiale.com\/fr\/wp-json\/wp\/v2\/product_cat?post=4784"},{"taxonomy":"product_tag","embeddable":true,"href":"https:\/\/mostimondiale.com\/fr\/wp-json\/wp\/v2\/product_tag?post=4784"}],"curies":[{"name":"wp","href":"https:\/\/api.w.org\/{rel}","templated":true}]}}