{"id":4776,"date":"2022-05-10T09:30:08","date_gmt":"2022-04-08T18:22:09","guid":{"rendered":"https:\/\/mostimondiale.com\/?post_type=product&#038;p=4776"},"modified":"2024-10-21T15:59:45","modified_gmt":"2024-10-21T19:59:45","slug":"bleuet","status":"publish","type":"product","link":"https:\/\/mostimondiale.com\/fr\/produits\/style-fr\/rouge\/bleuet\/","title":{"rendered":"Bleuet"},"content":{"rendered":"","protected":false},"excerpt":{"rendered":"<p>Ce vin doux moyennement cors\u00e9 est de plus en plus populaire. La saveur de myrtille est agr\u00e9able sans \u00eatre envahissante. Les notes florales et fruit\u00e9es ont une structure et un \u00e9quilibre impressionnants. Dans le verre, il pr\u00e9sente des nuances de prune vibrante et des touches de violette.<\/p>\n","protected":false},"featured_media":1294,"template":"","meta":{"_acf_changed":false},"product_brand":[],"product_cat":[154,173,175,169],"product_tag":[],"class_list":{"0":"post-4776","1":"product","2":"type-product","3":"status-publish","4":"has-post-thumbnail","6":"product_cat-mout-de-raisin-assemblage","7":"product_cat-rouge","8":"product_cat-specialite","9":"product_cat-summer-breeze-fr","10":"pa_alcohol-7-3","11":"pa_aroma-floral-fr","12":"pa_aroma-fruite","13":"pa_body-3-mi-corse","14":"pa_price-256","16":"first","17":"instock","18":"shipping-taxable","19":"product-type-simple"},"acf":[],"yoast_head":"<!-- This site is optimized with the Yoast SEO plugin v26.9 - https:\/\/yoast.com\/product\/yoast-seo-wordpress\/ -->\n<title>Summer Breeze Bleuet \u2022 Kit|Vinification | Mosti Mondiale<\/title>\n<meta name=\"description\" content=\"Notre Summer Breeze (4.2L) Bleuet est un vin rouge doux moyennement cors\u00e9 qui gagne en popularit\u00e9. Agr\u00e9able sans \u00eatre \u00e9crasant.\" \/>\n<meta name=\"robots\" content=\"index, follow, max-snippet:-1, max-image-preview:large, max-video-preview:-1\" \/>\n<link rel=\"canonical\" href=\"https:\/\/mostimondiale.com\/produits\/style\/red\/blueberry\/\" \/>\n<meta property=\"og:locale\" content=\"fr_CA\" \/>\n<meta property=\"og:type\" content=\"article\" \/>\n<meta property=\"og:title\" content=\"Summer Breeze Bleuet \u2022 Kit|Vinification | Mosti Mondiale\" \/>\n<meta property=\"og:description\" content=\"Notre Summer Breeze (4.2L) Bleuet est un vin rouge doux moyennement cors\u00e9 qui gagne en popularit\u00e9. Agr\u00e9able sans \u00eatre \u00e9crasant.\" \/>\n<meta property=\"og:url\" content=\"https:\/\/mostimondiale.com\/produits\/style\/red\/blueberry\/\" \/>\n<meta property=\"og:site_name\" content=\"Mosti Mondiale\" \/>\n<meta property=\"article:modified_time\" content=\"2024-10-21T19:59:45+00:00\" \/>\n<meta property=\"og:image\" content=\"https:\/\/mostimondiale.com\/wp-content\/uploads\/2019\/04\/summerbreeze-360x360-fr.png\" \/>\n\t<meta property=\"og:image:width\" content=\"360\" \/>\n\t<meta property=\"og:image:height\" content=\"360\" \/>\n\t<meta property=\"og:image:type\" content=\"image\/png\" \/>\n<meta name=\"twitter:card\" content=\"summary_large_image\" \/>\n<meta name=\"twitter:label1\" content=\"Estimation du temps de lecture\" \/>\n\t<meta name=\"twitter:data1\" content=\"1 minute\" \/>\n<script type=\"application\/ld+json\" class=\"yoast-schema-graph\">{\"@context\":\"https:\/\/schema.org\",\"@graph\":[{\"@type\":\"WebPage\",\"@id\":\"https:\/\/mostimondiale.com\/produits\/style\/red\/blueberry\/\",\"url\":\"https:\/\/mostimondiale.com\/produits\/style\/red\/blueberry\/\",\"name\":\"Summer Breeze Bleuet \u2022 Kit|Vinification | Mosti Mondiale\",\"isPartOf\":{\"@id\":\"https:\/\/mostimondiale.com\/#website\"},\"primaryImageOfPage\":{\"@id\":\"https:\/\/mostimondiale.com\/produits\/style\/red\/blueberry\/#primaryimage\"},\"image\":{\"@id\":\"https:\/\/mostimondiale.com\/produits\/style\/red\/blueberry\/#primaryimage\"},\"thumbnailUrl\":\"https:\/\/mostimondiale.com\/wp-content\/uploads\/2019\/04\/summerbreeze-360x360-fr.png\",\"datePublished\":\"2022-04-08T18:22:09+00:00\",\"dateModified\":\"2024-10-21T19:59:45+00:00\",\"description\":\"Notre Summer Breeze (4.2L) Bleuet est un vin rouge doux moyennement cors\u00e9 qui gagne en popularit\u00e9. Agr\u00e9able sans \u00eatre \u00e9crasant.\",\"breadcrumb\":{\"@id\":\"https:\/\/mostimondiale.com\/produits\/style\/red\/blueberry\/#breadcrumb\"},\"inLanguage\":\"fr-CA\",\"potentialAction\":[{\"@type\":\"ReadAction\",\"target\":[\"https:\/\/mostimondiale.com\/produits\/style\/red\/blueberry\/\"]}]},{\"@type\":\"ImageObject\",\"inLanguage\":\"fr-CA\",\"@id\":\"https:\/\/mostimondiale.com\/produits\/style\/red\/blueberry\/#primaryimage\",\"url\":\"https:\/\/mostimondiale.com\/wp-content\/uploads\/2019\/04\/summerbreeze-360x360-fr.png\",\"contentUrl\":\"https:\/\/mostimondiale.com\/wp-content\/uploads\/2019\/04\/summerbreeze-360x360-fr.png\",\"width\":360,\"height\":360},{\"@type\":\"BreadcrumbList\",\"@id\":\"https:\/\/mostimondiale.com\/produits\/style\/red\/blueberry\/#breadcrumb\",\"itemListElement\":[{\"@type\":\"ListItem\",\"position\":1,\"name\":\"Accueil\",\"item\":\"https:\/\/mostimondiale.com\/fr\/\"},{\"@type\":\"ListItem\",\"position\":2,\"name\":\"Produits\",\"item\":\"https:\/\/mostimondiale.com\/fr\/produits\/\"},{\"@type\":\"ListItem\",\"position\":3,\"name\":\"Bleuet\"}]},{\"@type\":\"WebSite\",\"@id\":\"https:\/\/mostimondiale.com\/#website\",\"url\":\"https:\/\/mostimondiale.com\/\",\"name\":\"Mosti Mondiale\",\"description\":\"\",\"potentialAction\":[{\"@type\":\"SearchAction\",\"target\":{\"@type\":\"EntryPoint\",\"urlTemplate\":\"https:\/\/mostimondiale.com\/?s={search_term_string}\"},\"query-input\":{\"@type\":\"PropertyValueSpecification\",\"valueRequired\":true,\"valueName\":\"search_term_string\"}}],\"inLanguage\":\"fr-CA\"}]}<\/script>\n<!-- \/ Yoast SEO plugin. -->","yoast_head_json":{"title":"Summer Breeze Bleuet \u2022 Kit|Vinification | Mosti Mondiale","description":"Notre Summer Breeze (4.2L) Bleuet est un vin rouge doux moyennement cors\u00e9 qui gagne en popularit\u00e9. Agr\u00e9able sans \u00eatre \u00e9crasant.","robots":{"index":"index","follow":"follow","max-snippet":"max-snippet:-1","max-image-preview":"max-image-preview:large","max-video-preview":"max-video-preview:-1"},"canonical":"https:\/\/mostimondiale.com\/produits\/style\/red\/blueberry\/","og_locale":"fr_CA","og_type":"article","og_title":"Summer Breeze Bleuet \u2022 Kit|Vinification | Mosti Mondiale","og_description":"Notre Summer Breeze (4.2L) Bleuet est un vin rouge doux moyennement cors\u00e9 qui gagne en popularit\u00e9. Agr\u00e9able sans \u00eatre \u00e9crasant.","og_url":"https:\/\/mostimondiale.com\/produits\/style\/red\/blueberry\/","og_site_name":"Mosti Mondiale","article_modified_time":"2024-10-21T19:59:45+00:00","og_image":[{"width":360,"height":360,"url":"https:\/\/mostimondiale.com\/wp-content\/uploads\/2019\/04\/summerbreeze-360x360-fr.png","type":"image\/png"}],"twitter_card":"summary_large_image","twitter_misc":{"Estimation du temps de lecture":"1 minute"},"schema":{"@context":"https:\/\/schema.org","@graph":[{"@type":"WebPage","@id":"https:\/\/mostimondiale.com\/produits\/style\/red\/blueberry\/","url":"https:\/\/mostimondiale.com\/produits\/style\/red\/blueberry\/","name":"Summer Breeze Bleuet \u2022 Kit|Vinification | Mosti Mondiale","isPartOf":{"@id":"https:\/\/mostimondiale.com\/#website"},"primaryImageOfPage":{"@id":"https:\/\/mostimondiale.com\/produits\/style\/red\/blueberry\/#primaryimage"},"image":{"@id":"https:\/\/mostimondiale.com\/produits\/style\/red\/blueberry\/#primaryimage"},"thumbnailUrl":"https:\/\/mostimondiale.com\/wp-content\/uploads\/2019\/04\/summerbreeze-360x360-fr.png","datePublished":"2022-04-08T18:22:09+00:00","dateModified":"2024-10-21T19:59:45+00:00","description":"Notre Summer Breeze (4.2L) Bleuet est un vin rouge doux moyennement cors\u00e9 qui gagne en popularit\u00e9. Agr\u00e9able sans \u00eatre \u00e9crasant.","breadcrumb":{"@id":"https:\/\/mostimondiale.com\/produits\/style\/red\/blueberry\/#breadcrumb"},"inLanguage":"fr-CA","potentialAction":[{"@type":"ReadAction","target":["https:\/\/mostimondiale.com\/produits\/style\/red\/blueberry\/"]}]},{"@type":"ImageObject","inLanguage":"fr-CA","@id":"https:\/\/mostimondiale.com\/produits\/style\/red\/blueberry\/#primaryimage","url":"https:\/\/mostimondiale.com\/wp-content\/uploads\/2019\/04\/summerbreeze-360x360-fr.png","contentUrl":"https:\/\/mostimondiale.com\/wp-content\/uploads\/2019\/04\/summerbreeze-360x360-fr.png","width":360,"height":360},{"@type":"BreadcrumbList","@id":"https:\/\/mostimondiale.com\/produits\/style\/red\/blueberry\/#breadcrumb","itemListElement":[{"@type":"ListItem","position":1,"name":"Accueil","item":"https:\/\/mostimondiale.com\/fr\/"},{"@type":"ListItem","position":2,"name":"Produits","item":"https:\/\/mostimondiale.com\/fr\/produits\/"},{"@type":"ListItem","position":3,"name":"Bleuet"}]},{"@type":"WebSite","@id":"https:\/\/mostimondiale.com\/#website","url":"https:\/\/mostimondiale.com\/","name":"Mosti Mondiale","description":"","potentialAction":[{"@type":"SearchAction","target":{"@type":"EntryPoint","urlTemplate":"https:\/\/mostimondiale.com\/?s={search_term_string}"},"query-input":{"@type":"PropertyValueSpecification","valueRequired":true,"valueName":"search_term_string"}}],"inLanguage":"fr-CA"}]}},"_links":{"self":[{"href":"https:\/\/mostimondiale.com\/fr\/wp-json\/wp\/v2\/product\/4776","targetHints":{"allow":["GET"]}}],"collection":[{"href":"https:\/\/mostimondiale.com\/fr\/wp-json\/wp\/v2\/product"}],"about":[{"href":"https:\/\/mostimondiale.com\/fr\/wp-json\/wp\/v2\/types\/product"}],"wp:featuredmedia":[{"embeddable":true,"href":"https:\/\/mostimondiale.com\/fr\/wp-json\/wp\/v2\/media\/1294"}],"wp:attachment":[{"href":"https:\/\/mostimondiale.com\/fr\/wp-json\/wp\/v2\/media?parent=4776"}],"wp:term":[{"taxonomy":"product_brand","embeddable":true,"href":"https:\/\/mostimondiale.com\/fr\/wp-json\/wp\/v2\/product_brand?post=4776"},{"taxonomy":"product_cat","embeddable":true,"href":"https:\/\/mostimondiale.com\/fr\/wp-json\/wp\/v2\/product_cat?post=4776"},{"taxonomy":"product_tag","embeddable":true,"href":"https:\/\/mostimondiale.com\/fr\/wp-json\/wp\/v2\/product_tag?post=4776"}],"curies":[{"name":"wp","href":"https:\/\/api.w.org\/{rel}","templated":true}]}}