{"id":4187,"date":"2021-03-12T11:35:45","date_gmt":"2021-03-12T16:46:56","guid":{"rendered":"https:\/\/mostimondiale.com\/?post_type=product&#038;p=4187"},"modified":"2021-03-12T11:52:15","modified_gmt":"2021-03-12T16:52:15","slug":"gewurztraminer-6","status":"publish","type":"product","link":"https:\/\/mostimondiale.com\/fr\/produits\/cepage\/gewurztraminer-fr\/gewurztraminer-6\/","title":{"rendered":"Gew\u00fcrztraminer"},"content":{"rendered":"","protected":false},"excerpt":{"rendered":"<p>Ce Gew\u00fcrztraminer pr\u00e9sente des ar\u00f4mes d&rsquo;abricot, de poire, de litchi et de miel. En bouche, il est sec et riche avec une finale bien \u00e9quilibr\u00e9e. Ce vin moyennement cors\u00e9 se marie tr\u00e8s bien avec les fromages \u00e0 p\u00e2te ferme et les desserts.<\/p>\n","protected":false},"featured_media":1668,"template":"","meta":{"_acf_changed":false},"product_brand":[],"product_cat":[176,388,194,155],"product_tag":[],"class_list":{"0":"post-4187","1":"product","2":"type-product","3":"status-publish","4":"has-post-thumbnail","6":"product_cat-blanc","7":"product_cat-australian-fresco-fr","8":"product_cat-gewurztraminer-fr","9":"product_cat-mout-de-raisin-frais","10":"pa_alcohol-280","11":"pa_aroma-caramelise","12":"pa_aroma-fruite","13":"pa_body-4-corse","14":"pa_price-253","16":"first","17":"instock","18":"shipping-taxable","19":"product-type-simple"},"acf":[],"yoast_head":"<!-- This site is optimized with the Yoast SEO plugin v26.9 - https:\/\/yoast.com\/product\/yoast-seo-wordpress\/ -->\n<title>Fresco Australie Gew\u00fcrztraminer \u2022 Trousse Vinification | Mosti Mondiale<\/title>\n<meta name=\"description\" content=\"Notre Fresco Australie Gew\u00fcrztraminer (23L) est un vin blanc mi-cors\u00e9, fait de mo\u00fbt frais avec ar\u00f4mes d&#039;agrumes.\" \/>\n<meta name=\"robots\" content=\"index, follow, max-snippet:-1, max-image-preview:large, max-video-preview:-1\" \/>\n<link rel=\"canonical\" href=\"https:\/\/mostimondiale.com\/produits\/varietal\/gewurztraminer\/gewurztraminer-6\/\" \/>\n<meta property=\"og:locale\" content=\"fr_CA\" \/>\n<meta property=\"og:type\" content=\"article\" \/>\n<meta property=\"og:title\" content=\"Fresco Australie Gew\u00fcrztraminer \u2022 Trousse Vinification | Mosti Mondiale\" \/>\n<meta property=\"og:description\" content=\"Notre Fresco Australie Gew\u00fcrztraminer (23L) est un vin blanc mi-cors\u00e9, fait de mo\u00fbt frais avec ar\u00f4mes d&#039;agrumes.\" \/>\n<meta property=\"og:url\" content=\"https:\/\/mostimondiale.com\/produits\/varietal\/gewurztraminer\/gewurztraminer-6\/\" \/>\n<meta property=\"og:site_name\" content=\"Mosti Mondiale\" \/>\n<meta property=\"article:modified_time\" content=\"2021-03-12T16:52:15+00:00\" \/>\n<meta property=\"og:image\" content=\"https:\/\/mostimondiale.com\/wp-content\/uploads\/2019\/04\/australia-360x360-fr-1.png\" \/>\n\t<meta property=\"og:image:width\" content=\"360\" \/>\n\t<meta property=\"og:image:height\" content=\"360\" \/>\n\t<meta property=\"og:image:type\" content=\"image\/png\" \/>\n<meta name=\"twitter:card\" content=\"summary_large_image\" \/>\n<script type=\"application\/ld+json\" class=\"yoast-schema-graph\">{\"@context\":\"https:\/\/schema.org\",\"@graph\":[{\"@type\":\"WebPage\",\"@id\":\"https:\/\/mostimondiale.com\/produits\/varietal\/gewurztraminer\/gewurztraminer-6\/\",\"url\":\"https:\/\/mostimondiale.com\/produits\/varietal\/gewurztraminer\/gewurztraminer-6\/\",\"name\":\"Fresco Australie Gew\u00fcrztraminer \u2022 Trousse Vinification | Mosti Mondiale\",\"isPartOf\":{\"@id\":\"https:\/\/mostimondiale.com\/#website\"},\"primaryImageOfPage\":{\"@id\":\"https:\/\/mostimondiale.com\/produits\/varietal\/gewurztraminer\/gewurztraminer-6\/#primaryimage\"},\"image\":{\"@id\":\"https:\/\/mostimondiale.com\/produits\/varietal\/gewurztraminer\/gewurztraminer-6\/#primaryimage\"},\"thumbnailUrl\":\"https:\/\/mostimondiale.com\/wp-content\/uploads\/2019\/04\/australia-360x360-fr-1.png\",\"datePublished\":\"2021-03-12T16:46:56+00:00\",\"dateModified\":\"2021-03-12T16:52:15+00:00\",\"description\":\"Notre Fresco Australie Gew\u00fcrztraminer (23L) est un vin blanc mi-cors\u00e9, fait de mo\u00fbt frais avec ar\u00f4mes d'agrumes.\",\"breadcrumb\":{\"@id\":\"https:\/\/mostimondiale.com\/produits\/varietal\/gewurztraminer\/gewurztraminer-6\/#breadcrumb\"},\"inLanguage\":\"fr-CA\",\"potentialAction\":[{\"@type\":\"ReadAction\",\"target\":[\"https:\/\/mostimondiale.com\/produits\/varietal\/gewurztraminer\/gewurztraminer-6\/\"]}]},{\"@type\":\"ImageObject\",\"inLanguage\":\"fr-CA\",\"@id\":\"https:\/\/mostimondiale.com\/produits\/varietal\/gewurztraminer\/gewurztraminer-6\/#primaryimage\",\"url\":\"https:\/\/mostimondiale.com\/wp-content\/uploads\/2019\/04\/australia-360x360-fr-1.png\",\"contentUrl\":\"https:\/\/mostimondiale.com\/wp-content\/uploads\/2019\/04\/australia-360x360-fr-1.png\",\"width\":360,\"height\":360},{\"@type\":\"BreadcrumbList\",\"@id\":\"https:\/\/mostimondiale.com\/produits\/varietal\/gewurztraminer\/gewurztraminer-6\/#breadcrumb\",\"itemListElement\":[{\"@type\":\"ListItem\",\"position\":1,\"name\":\"Accueil\",\"item\":\"https:\/\/mostimondiale.com\/fr\/\"},{\"@type\":\"ListItem\",\"position\":2,\"name\":\"Produits\",\"item\":\"https:\/\/mostimondiale.com\/fr\/produits\/\"},{\"@type\":\"ListItem\",\"position\":3,\"name\":\"Gew\u00fcrztraminer\"}]},{\"@type\":\"WebSite\",\"@id\":\"https:\/\/mostimondiale.com\/#website\",\"url\":\"https:\/\/mostimondiale.com\/\",\"name\":\"Mosti Mondiale\",\"description\":\"\",\"potentialAction\":[{\"@type\":\"SearchAction\",\"target\":{\"@type\":\"EntryPoint\",\"urlTemplate\":\"https:\/\/mostimondiale.com\/?s={search_term_string}\"},\"query-input\":{\"@type\":\"PropertyValueSpecification\",\"valueRequired\":true,\"valueName\":\"search_term_string\"}}],\"inLanguage\":\"fr-CA\"}]}<\/script>\n<!-- \/ Yoast SEO plugin. -->","yoast_head_json":{"title":"Fresco Australie Gew\u00fcrztraminer \u2022 Trousse Vinification | Mosti Mondiale","description":"Notre Fresco Australie Gew\u00fcrztraminer (23L) est un vin blanc mi-cors\u00e9, fait de mo\u00fbt frais avec ar\u00f4mes d'agrumes.","robots":{"index":"index","follow":"follow","max-snippet":"max-snippet:-1","max-image-preview":"max-image-preview:large","max-video-preview":"max-video-preview:-1"},"canonical":"https:\/\/mostimondiale.com\/produits\/varietal\/gewurztraminer\/gewurztraminer-6\/","og_locale":"fr_CA","og_type":"article","og_title":"Fresco Australie Gew\u00fcrztraminer \u2022 Trousse Vinification | Mosti Mondiale","og_description":"Notre Fresco Australie Gew\u00fcrztraminer (23L) est un vin blanc mi-cors\u00e9, fait de mo\u00fbt frais avec ar\u00f4mes d'agrumes.","og_url":"https:\/\/mostimondiale.com\/produits\/varietal\/gewurztraminer\/gewurztraminer-6\/","og_site_name":"Mosti Mondiale","article_modified_time":"2021-03-12T16:52:15+00:00","og_image":[{"width":360,"height":360,"url":"https:\/\/mostimondiale.com\/wp-content\/uploads\/2019\/04\/australia-360x360-fr-1.png","type":"image\/png"}],"twitter_card":"summary_large_image","schema":{"@context":"https:\/\/schema.org","@graph":[{"@type":"WebPage","@id":"https:\/\/mostimondiale.com\/produits\/varietal\/gewurztraminer\/gewurztraminer-6\/","url":"https:\/\/mostimondiale.com\/produits\/varietal\/gewurztraminer\/gewurztraminer-6\/","name":"Fresco Australie Gew\u00fcrztraminer \u2022 Trousse Vinification | Mosti Mondiale","isPartOf":{"@id":"https:\/\/mostimondiale.com\/#website"},"primaryImageOfPage":{"@id":"https:\/\/mostimondiale.com\/produits\/varietal\/gewurztraminer\/gewurztraminer-6\/#primaryimage"},"image":{"@id":"https:\/\/mostimondiale.com\/produits\/varietal\/gewurztraminer\/gewurztraminer-6\/#primaryimage"},"thumbnailUrl":"https:\/\/mostimondiale.com\/wp-content\/uploads\/2019\/04\/australia-360x360-fr-1.png","datePublished":"2021-03-12T16:46:56+00:00","dateModified":"2021-03-12T16:52:15+00:00","description":"Notre Fresco Australie Gew\u00fcrztraminer (23L) est un vin blanc mi-cors\u00e9, fait de mo\u00fbt frais avec ar\u00f4mes d'agrumes.","breadcrumb":{"@id":"https:\/\/mostimondiale.com\/produits\/varietal\/gewurztraminer\/gewurztraminer-6\/#breadcrumb"},"inLanguage":"fr-CA","potentialAction":[{"@type":"ReadAction","target":["https:\/\/mostimondiale.com\/produits\/varietal\/gewurztraminer\/gewurztraminer-6\/"]}]},{"@type":"ImageObject","inLanguage":"fr-CA","@id":"https:\/\/mostimondiale.com\/produits\/varietal\/gewurztraminer\/gewurztraminer-6\/#primaryimage","url":"https:\/\/mostimondiale.com\/wp-content\/uploads\/2019\/04\/australia-360x360-fr-1.png","contentUrl":"https:\/\/mostimondiale.com\/wp-content\/uploads\/2019\/04\/australia-360x360-fr-1.png","width":360,"height":360},{"@type":"BreadcrumbList","@id":"https:\/\/mostimondiale.com\/produits\/varietal\/gewurztraminer\/gewurztraminer-6\/#breadcrumb","itemListElement":[{"@type":"ListItem","position":1,"name":"Accueil","item":"https:\/\/mostimondiale.com\/fr\/"},{"@type":"ListItem","position":2,"name":"Produits","item":"https:\/\/mostimondiale.com\/fr\/produits\/"},{"@type":"ListItem","position":3,"name":"Gew\u00fcrztraminer"}]},{"@type":"WebSite","@id":"https:\/\/mostimondiale.com\/#website","url":"https:\/\/mostimondiale.com\/","name":"Mosti Mondiale","description":"","potentialAction":[{"@type":"SearchAction","target":{"@type":"EntryPoint","urlTemplate":"https:\/\/mostimondiale.com\/?s={search_term_string}"},"query-input":{"@type":"PropertyValueSpecification","valueRequired":true,"valueName":"search_term_string"}}],"inLanguage":"fr-CA"}]}},"_links":{"self":[{"href":"https:\/\/mostimondiale.com\/fr\/wp-json\/wp\/v2\/product\/4187","targetHints":{"allow":["GET"]}}],"collection":[{"href":"https:\/\/mostimondiale.com\/fr\/wp-json\/wp\/v2\/product"}],"about":[{"href":"https:\/\/mostimondiale.com\/fr\/wp-json\/wp\/v2\/types\/product"}],"wp:featuredmedia":[{"embeddable":true,"href":"https:\/\/mostimondiale.com\/fr\/wp-json\/wp\/v2\/media\/1668"}],"wp:attachment":[{"href":"https:\/\/mostimondiale.com\/fr\/wp-json\/wp\/v2\/media?parent=4187"}],"wp:term":[{"taxonomy":"product_brand","embeddable":true,"href":"https:\/\/mostimondiale.com\/fr\/wp-json\/wp\/v2\/product_brand?post=4187"},{"taxonomy":"product_cat","embeddable":true,"href":"https:\/\/mostimondiale.com\/fr\/wp-json\/wp\/v2\/product_cat?post=4187"},{"taxonomy":"product_tag","embeddable":true,"href":"https:\/\/mostimondiale.com\/fr\/wp-json\/wp\/v2\/product_tag?post=4187"}],"curies":[{"name":"wp","href":"https:\/\/api.w.org\/{rel}","templated":true}]}}