{"id":4183,"date":"2021-03-12T11:26:46","date_gmt":"2021-03-12T16:26:46","guid":{"rendered":"https:\/\/mostimondiale.com\/?post_type=product&#038;p=4183"},"modified":"2021-03-12T11:35:03","modified_gmt":"2021-03-12T16:35:03","slug":"riesling-5","status":"publish","type":"product","link":"https:\/\/mostimondiale.com\/fr\/produits\/cepage\/riesling-fr\/riesling-5\/","title":{"rendered":"Riesling"},"content":{"rendered":"","protected":false},"excerpt":{"rendered":"<p>Ce Riesling australien au corps l\u00e9ger a un ar\u00f4me de citron tr\u00e8s frais et de fleurs de tilleul. En bouche, les notes d&rsquo;agrumes secs sont tr\u00e8s prononc\u00e9es et la finale est vive, voire acidul\u00e9e. Sa forte acidit\u00e9 et sa douceur sont parfaites avec la plupart des plats asiatiques qui sont doux et \u00e9pic\u00e9s.<\/p>\n","protected":false},"featured_media":1389,"template":"","meta":{"_acf_changed":false},"product_brand":[],"product_cat":[176,388,155,218],"product_tag":[],"class_list":{"0":"post-4183","1":"product","2":"type-product","3":"status-publish","4":"has-post-thumbnail","6":"product_cat-blanc","7":"product_cat-australian-fresco-fr","8":"product_cat-mout-de-raisin-frais","9":"product_cat-riesling-fr","10":"pa_alcohol-12-5","11":"pa_aroma-floral-fr","12":"pa_aroma-fruite","13":"pa_body-1-leger","14":"pa_price-253","15":"pa_winemaker-addition-chene-fonce","17":"first","18":"instock","19":"shipping-taxable","20":"product-type-simple"},"acf":[],"yoast_head":"<!-- This site is optimized with the Yoast SEO plugin v26.9 - https:\/\/yoast.com\/product\/yoast-seo-wordpress\/ -->\n<title>Fresco Australie Riesling \u2022 Trousse Vinification | Mosti Mondiale<\/title>\n<meta name=\"description\" content=\"Notre Fresco Australie Riesling (23L) est un vin blanc l\u00e9ger, fait de mo\u00fbt frais et comprenant du ch\u00eane fonc\u00e9.\" \/>\n<meta name=\"robots\" content=\"index, follow, max-snippet:-1, max-image-preview:large, max-video-preview:-1\" \/>\n<link rel=\"canonical\" href=\"https:\/\/mostimondiale.com\/produits\/varietal\/riesling\/riesling-5\/\" \/>\n<meta property=\"og:locale\" content=\"fr_CA\" \/>\n<meta property=\"og:type\" content=\"article\" \/>\n<meta property=\"og:title\" content=\"Fresco Australie Riesling \u2022 Trousse Vinification | Mosti Mondiale\" \/>\n<meta property=\"og:description\" content=\"Notre Fresco Australie Riesling (23L) est un vin blanc l\u00e9ger, fait de mo\u00fbt frais et comprenant du ch\u00eane fonc\u00e9.\" \/>\n<meta property=\"og:url\" content=\"https:\/\/mostimondiale.com\/produits\/varietal\/riesling\/riesling-5\/\" \/>\n<meta property=\"og:site_name\" content=\"Mosti Mondiale\" \/>\n<meta property=\"article:modified_time\" content=\"2021-03-12T16:35:03+00:00\" \/>\n<meta property=\"og:image\" content=\"https:\/\/mostimondiale.com\/wp-content\/uploads\/2019\/04\/australia-360x360-fr.png\" \/>\n\t<meta property=\"og:image:width\" content=\"360\" \/>\n\t<meta property=\"og:image:height\" content=\"360\" \/>\n\t<meta property=\"og:image:type\" content=\"image\/png\" \/>\n<meta name=\"twitter:card\" content=\"summary_large_image\" \/>\n<script type=\"application\/ld+json\" class=\"yoast-schema-graph\">{\"@context\":\"https:\/\/schema.org\",\"@graph\":[{\"@type\":\"WebPage\",\"@id\":\"https:\/\/mostimondiale.com\/produits\/varietal\/riesling\/riesling-5\/\",\"url\":\"https:\/\/mostimondiale.com\/produits\/varietal\/riesling\/riesling-5\/\",\"name\":\"Fresco Australie Riesling \u2022 Trousse Vinification | Mosti Mondiale\",\"isPartOf\":{\"@id\":\"https:\/\/mostimondiale.com\/#website\"},\"primaryImageOfPage\":{\"@id\":\"https:\/\/mostimondiale.com\/produits\/varietal\/riesling\/riesling-5\/#primaryimage\"},\"image\":{\"@id\":\"https:\/\/mostimondiale.com\/produits\/varietal\/riesling\/riesling-5\/#primaryimage\"},\"thumbnailUrl\":\"https:\/\/mostimondiale.com\/wp-content\/uploads\/2019\/04\/australia-360x360-fr.png\",\"datePublished\":\"2021-03-12T16:26:46+00:00\",\"dateModified\":\"2021-03-12T16:35:03+00:00\",\"description\":\"Notre Fresco Australie Riesling (23L) est un vin blanc l\u00e9ger, fait de mo\u00fbt frais et comprenant du ch\u00eane fonc\u00e9.\",\"breadcrumb\":{\"@id\":\"https:\/\/mostimondiale.com\/produits\/varietal\/riesling\/riesling-5\/#breadcrumb\"},\"inLanguage\":\"fr-CA\",\"potentialAction\":[{\"@type\":\"ReadAction\",\"target\":[\"https:\/\/mostimondiale.com\/produits\/varietal\/riesling\/riesling-5\/\"]}]},{\"@type\":\"ImageObject\",\"inLanguage\":\"fr-CA\",\"@id\":\"https:\/\/mostimondiale.com\/produits\/varietal\/riesling\/riesling-5\/#primaryimage\",\"url\":\"https:\/\/mostimondiale.com\/wp-content\/uploads\/2019\/04\/australia-360x360-fr.png\",\"contentUrl\":\"https:\/\/mostimondiale.com\/wp-content\/uploads\/2019\/04\/australia-360x360-fr.png\",\"width\":360,\"height\":360},{\"@type\":\"BreadcrumbList\",\"@id\":\"https:\/\/mostimondiale.com\/produits\/varietal\/riesling\/riesling-5\/#breadcrumb\",\"itemListElement\":[{\"@type\":\"ListItem\",\"position\":1,\"name\":\"Accueil\",\"item\":\"https:\/\/mostimondiale.com\/fr\/\"},{\"@type\":\"ListItem\",\"position\":2,\"name\":\"Produits\",\"item\":\"https:\/\/mostimondiale.com\/fr\/produits\/\"},{\"@type\":\"ListItem\",\"position\":3,\"name\":\"Riesling\"}]},{\"@type\":\"WebSite\",\"@id\":\"https:\/\/mostimondiale.com\/#website\",\"url\":\"https:\/\/mostimondiale.com\/\",\"name\":\"Mosti Mondiale\",\"description\":\"\",\"potentialAction\":[{\"@type\":\"SearchAction\",\"target\":{\"@type\":\"EntryPoint\",\"urlTemplate\":\"https:\/\/mostimondiale.com\/?s={search_term_string}\"},\"query-input\":{\"@type\":\"PropertyValueSpecification\",\"valueRequired\":true,\"valueName\":\"search_term_string\"}}],\"inLanguage\":\"fr-CA\"}]}<\/script>\n<!-- \/ Yoast SEO plugin. -->","yoast_head_json":{"title":"Fresco Australie Riesling \u2022 Trousse Vinification | Mosti Mondiale","description":"Notre Fresco Australie Riesling (23L) est un vin blanc l\u00e9ger, fait de mo\u00fbt frais et comprenant du ch\u00eane fonc\u00e9.","robots":{"index":"index","follow":"follow","max-snippet":"max-snippet:-1","max-image-preview":"max-image-preview:large","max-video-preview":"max-video-preview:-1"},"canonical":"https:\/\/mostimondiale.com\/produits\/varietal\/riesling\/riesling-5\/","og_locale":"fr_CA","og_type":"article","og_title":"Fresco Australie Riesling \u2022 Trousse Vinification | Mosti Mondiale","og_description":"Notre Fresco Australie Riesling (23L) est un vin blanc l\u00e9ger, fait de mo\u00fbt frais et comprenant du ch\u00eane fonc\u00e9.","og_url":"https:\/\/mostimondiale.com\/produits\/varietal\/riesling\/riesling-5\/","og_site_name":"Mosti Mondiale","article_modified_time":"2021-03-12T16:35:03+00:00","og_image":[{"width":360,"height":360,"url":"https:\/\/mostimondiale.com\/wp-content\/uploads\/2019\/04\/australia-360x360-fr.png","type":"image\/png"}],"twitter_card":"summary_large_image","schema":{"@context":"https:\/\/schema.org","@graph":[{"@type":"WebPage","@id":"https:\/\/mostimondiale.com\/produits\/varietal\/riesling\/riesling-5\/","url":"https:\/\/mostimondiale.com\/produits\/varietal\/riesling\/riesling-5\/","name":"Fresco Australie Riesling \u2022 Trousse Vinification | Mosti Mondiale","isPartOf":{"@id":"https:\/\/mostimondiale.com\/#website"},"primaryImageOfPage":{"@id":"https:\/\/mostimondiale.com\/produits\/varietal\/riesling\/riesling-5\/#primaryimage"},"image":{"@id":"https:\/\/mostimondiale.com\/produits\/varietal\/riesling\/riesling-5\/#primaryimage"},"thumbnailUrl":"https:\/\/mostimondiale.com\/wp-content\/uploads\/2019\/04\/australia-360x360-fr.png","datePublished":"2021-03-12T16:26:46+00:00","dateModified":"2021-03-12T16:35:03+00:00","description":"Notre Fresco Australie Riesling (23L) est un vin blanc l\u00e9ger, fait de mo\u00fbt frais et comprenant du ch\u00eane fonc\u00e9.","breadcrumb":{"@id":"https:\/\/mostimondiale.com\/produits\/varietal\/riesling\/riesling-5\/#breadcrumb"},"inLanguage":"fr-CA","potentialAction":[{"@type":"ReadAction","target":["https:\/\/mostimondiale.com\/produits\/varietal\/riesling\/riesling-5\/"]}]},{"@type":"ImageObject","inLanguage":"fr-CA","@id":"https:\/\/mostimondiale.com\/produits\/varietal\/riesling\/riesling-5\/#primaryimage","url":"https:\/\/mostimondiale.com\/wp-content\/uploads\/2019\/04\/australia-360x360-fr.png","contentUrl":"https:\/\/mostimondiale.com\/wp-content\/uploads\/2019\/04\/australia-360x360-fr.png","width":360,"height":360},{"@type":"BreadcrumbList","@id":"https:\/\/mostimondiale.com\/produits\/varietal\/riesling\/riesling-5\/#breadcrumb","itemListElement":[{"@type":"ListItem","position":1,"name":"Accueil","item":"https:\/\/mostimondiale.com\/fr\/"},{"@type":"ListItem","position":2,"name":"Produits","item":"https:\/\/mostimondiale.com\/fr\/produits\/"},{"@type":"ListItem","position":3,"name":"Riesling"}]},{"@type":"WebSite","@id":"https:\/\/mostimondiale.com\/#website","url":"https:\/\/mostimondiale.com\/","name":"Mosti Mondiale","description":"","potentialAction":[{"@type":"SearchAction","target":{"@type":"EntryPoint","urlTemplate":"https:\/\/mostimondiale.com\/?s={search_term_string}"},"query-input":{"@type":"PropertyValueSpecification","valueRequired":true,"valueName":"search_term_string"}}],"inLanguage":"fr-CA"}]}},"_links":{"self":[{"href":"https:\/\/mostimondiale.com\/fr\/wp-json\/wp\/v2\/product\/4183","targetHints":{"allow":["GET"]}}],"collection":[{"href":"https:\/\/mostimondiale.com\/fr\/wp-json\/wp\/v2\/product"}],"about":[{"href":"https:\/\/mostimondiale.com\/fr\/wp-json\/wp\/v2\/types\/product"}],"wp:featuredmedia":[{"embeddable":true,"href":"https:\/\/mostimondiale.com\/fr\/wp-json\/wp\/v2\/media\/1389"}],"wp:attachment":[{"href":"https:\/\/mostimondiale.com\/fr\/wp-json\/wp\/v2\/media?parent=4183"}],"wp:term":[{"taxonomy":"product_brand","embeddable":true,"href":"https:\/\/mostimondiale.com\/fr\/wp-json\/wp\/v2\/product_brand?post=4183"},{"taxonomy":"product_cat","embeddable":true,"href":"https:\/\/mostimondiale.com\/fr\/wp-json\/wp\/v2\/product_cat?post=4183"},{"taxonomy":"product_tag","embeddable":true,"href":"https:\/\/mostimondiale.com\/fr\/wp-json\/wp\/v2\/product_tag?post=4183"}],"curies":[{"name":"wp","href":"https:\/\/api.w.org\/{rel}","templated":true}]}}