{"id":2824,"date":"2019-08-19T12:25:03","date_gmt":"2019-08-19T16:25:04","guid":{"rendered":"https:\/\/mostimondiale.com\/?post_type=product&#038;p=2824"},"modified":"2020-09-08T09:39:39","modified_gmt":"2020-09-08T13:39:39","slug":"chardonnay-australien","status":"publish","type":"product","link":"https:\/\/mostimondiale.com\/fr\/produits\/cepage\/chardonnay-fr\/chardonnay-australien\/","title":{"rendered":"Chardonnay Australien"},"content":{"rendered":"","protected":false},"excerpt":{"rendered":"<p>Ce Chardonnay australien offre un bouquet complexe et fruit\u00e9, avec des notes de fruits m\u00fbrs et une note d&rsquo;agrumes sous-jacente. En bouche, il est bien \u00e9quilibr\u00e9, avec juste ce qu&rsquo;il faut de ch\u00eane, permettant de rehausser sa saveur cors\u00e9e. Le climat australien est continental, car les longues journ\u00e9es ensoleill\u00e9es garantissent la maturation compl\u00e8te des fruits et les nuits sensiblement plus fra\u00eeches permettent aux saveurs de approfondir dans un mo\u00fbt de raisins plus mature.<\/p>\n","protected":false},"featured_media":1541,"template":"","meta":{"_acf_changed":false},"product_brand":[],"product_cat":[153,176,191,163],"product_tag":[],"class_list":{"0":"post-2824","1":"product","2":"type-product","3":"status-publish","4":"has-post-thumbnail","6":"product_cat-100-mout-de-raisin","7":"product_cat-blanc","8":"product_cat-chardonnay-fr","9":"product_cat-meglioli-fr","10":"pa_alcohol-272","11":"pa_aroma-fruite","12":"pa_body-5-tres-corse","13":"pa_price-252","14":"pa_winemaker-addition-chene-fonce","15":"pa_winemaker-addition-chene-leger","17":"first","18":"instock","19":"shipping-taxable","20":"product-type-simple"},"acf":[],"yoast_head":"<!-- This site is optimized with the Yoast SEO plugin v26.9 - https:\/\/yoast.com\/product\/yoast-seo-wordpress\/ -->\n<title>Meglioli Chardonnay Australien \u2022 Trousse|Kit de Vinification | Mosti Mondiale<\/title>\n<meta name=\"description\" content=\"Notre Meglioli (23L) Chardonnay Australian est un vin blanc cors\u00e9 avec du ch\u00eane fonc\u00e9 et l\u00e9ger. Notes de fruits m\u00fbrs et une note d&#039;agrumes sous-jacente.\" \/>\n<meta name=\"robots\" content=\"index, follow, max-snippet:-1, max-image-preview:large, max-video-preview:-1\" \/>\n<link rel=\"canonical\" href=\"https:\/\/mostimondiale.com\/produits\/varietal\/chardonnay\/australian-chardonnay\/\" \/>\n<meta property=\"og:locale\" content=\"fr_CA\" \/>\n<meta property=\"og:type\" content=\"article\" \/>\n<meta property=\"og:title\" content=\"Meglioli Chardonnay Australien \u2022 Trousse|Kit de Vinification | Mosti Mondiale\" \/>\n<meta property=\"og:description\" content=\"Notre Meglioli (23L) Chardonnay Australian est un vin blanc cors\u00e9 avec du ch\u00eane fonc\u00e9 et l\u00e9ger. Notes de fruits m\u00fbrs et une note d&#039;agrumes sous-jacente.\" \/>\n<meta property=\"og:url\" content=\"https:\/\/mostimondiale.com\/produits\/varietal\/chardonnay\/australian-chardonnay\/\" \/>\n<meta property=\"og:site_name\" content=\"Mosti Mondiale\" \/>\n<meta property=\"article:modified_time\" content=\"2020-09-08T13:39:39+00:00\" \/>\n<meta property=\"og:image\" content=\"https:\/\/mostimondiale.com\/wp-content\/uploads\/2019\/04\/meglioli-360x360-fr-1.png\" \/>\n\t<meta property=\"og:image:width\" content=\"360\" \/>\n\t<meta property=\"og:image:height\" content=\"360\" \/>\n\t<meta property=\"og:image:type\" content=\"image\/png\" \/>\n<meta name=\"twitter:card\" content=\"summary_large_image\" \/>\n<script type=\"application\/ld+json\" class=\"yoast-schema-graph\">{\"@context\":\"https:\/\/schema.org\",\"@graph\":[{\"@type\":\"WebPage\",\"@id\":\"https:\/\/mostimondiale.com\/produits\/varietal\/chardonnay\/australian-chardonnay\/\",\"url\":\"https:\/\/mostimondiale.com\/produits\/varietal\/chardonnay\/australian-chardonnay\/\",\"name\":\"Meglioli Chardonnay Australien \u2022 Trousse|Kit de Vinification | Mosti Mondiale\",\"isPartOf\":{\"@id\":\"https:\/\/mostimondiale.com\/#website\"},\"primaryImageOfPage\":{\"@id\":\"https:\/\/mostimondiale.com\/produits\/varietal\/chardonnay\/australian-chardonnay\/#primaryimage\"},\"image\":{\"@id\":\"https:\/\/mostimondiale.com\/produits\/varietal\/chardonnay\/australian-chardonnay\/#primaryimage\"},\"thumbnailUrl\":\"https:\/\/mostimondiale.com\/wp-content\/uploads\/2019\/04\/meglioli-360x360-fr-1.png\",\"datePublished\":\"2019-08-19T16:25:04+00:00\",\"dateModified\":\"2020-09-08T13:39:39+00:00\",\"description\":\"Notre Meglioli (23L) Chardonnay Australian est un vin blanc cors\u00e9 avec du ch\u00eane fonc\u00e9 et l\u00e9ger. Notes de fruits m\u00fbrs et une note d'agrumes sous-jacente.\",\"breadcrumb\":{\"@id\":\"https:\/\/mostimondiale.com\/produits\/varietal\/chardonnay\/australian-chardonnay\/#breadcrumb\"},\"inLanguage\":\"fr-CA\",\"potentialAction\":[{\"@type\":\"ReadAction\",\"target\":[\"https:\/\/mostimondiale.com\/produits\/varietal\/chardonnay\/australian-chardonnay\/\"]}]},{\"@type\":\"ImageObject\",\"inLanguage\":\"fr-CA\",\"@id\":\"https:\/\/mostimondiale.com\/produits\/varietal\/chardonnay\/australian-chardonnay\/#primaryimage\",\"url\":\"https:\/\/mostimondiale.com\/wp-content\/uploads\/2019\/04\/meglioli-360x360-fr-1.png\",\"contentUrl\":\"https:\/\/mostimondiale.com\/wp-content\/uploads\/2019\/04\/meglioli-360x360-fr-1.png\",\"width\":360,\"height\":360},{\"@type\":\"BreadcrumbList\",\"@id\":\"https:\/\/mostimondiale.com\/produits\/varietal\/chardonnay\/australian-chardonnay\/#breadcrumb\",\"itemListElement\":[{\"@type\":\"ListItem\",\"position\":1,\"name\":\"Accueil\",\"item\":\"https:\/\/mostimondiale.com\/fr\/\"},{\"@type\":\"ListItem\",\"position\":2,\"name\":\"Produits\",\"item\":\"https:\/\/mostimondiale.com\/fr\/produits\/\"},{\"@type\":\"ListItem\",\"position\":3,\"name\":\"Chardonnay Australien\"}]},{\"@type\":\"WebSite\",\"@id\":\"https:\/\/mostimondiale.com\/#website\",\"url\":\"https:\/\/mostimondiale.com\/\",\"name\":\"Mosti Mondiale\",\"description\":\"\",\"potentialAction\":[{\"@type\":\"SearchAction\",\"target\":{\"@type\":\"EntryPoint\",\"urlTemplate\":\"https:\/\/mostimondiale.com\/?s={search_term_string}\"},\"query-input\":{\"@type\":\"PropertyValueSpecification\",\"valueRequired\":true,\"valueName\":\"search_term_string\"}}],\"inLanguage\":\"fr-CA\"}]}<\/script>\n<!-- \/ Yoast SEO plugin. -->","yoast_head_json":{"title":"Meglioli Chardonnay Australien \u2022 Trousse|Kit de Vinification | Mosti Mondiale","description":"Notre Meglioli (23L) Chardonnay Australian est un vin blanc cors\u00e9 avec du ch\u00eane fonc\u00e9 et l\u00e9ger. Notes de fruits m\u00fbrs et une note d'agrumes sous-jacente.","robots":{"index":"index","follow":"follow","max-snippet":"max-snippet:-1","max-image-preview":"max-image-preview:large","max-video-preview":"max-video-preview:-1"},"canonical":"https:\/\/mostimondiale.com\/produits\/varietal\/chardonnay\/australian-chardonnay\/","og_locale":"fr_CA","og_type":"article","og_title":"Meglioli Chardonnay Australien \u2022 Trousse|Kit de Vinification | Mosti Mondiale","og_description":"Notre Meglioli (23L) Chardonnay Australian est un vin blanc cors\u00e9 avec du ch\u00eane fonc\u00e9 et l\u00e9ger. Notes de fruits m\u00fbrs et une note d'agrumes sous-jacente.","og_url":"https:\/\/mostimondiale.com\/produits\/varietal\/chardonnay\/australian-chardonnay\/","og_site_name":"Mosti Mondiale","article_modified_time":"2020-09-08T13:39:39+00:00","og_image":[{"width":360,"height":360,"url":"https:\/\/mostimondiale.com\/wp-content\/uploads\/2019\/04\/meglioli-360x360-fr-1.png","type":"image\/png"}],"twitter_card":"summary_large_image","schema":{"@context":"https:\/\/schema.org","@graph":[{"@type":"WebPage","@id":"https:\/\/mostimondiale.com\/produits\/varietal\/chardonnay\/australian-chardonnay\/","url":"https:\/\/mostimondiale.com\/produits\/varietal\/chardonnay\/australian-chardonnay\/","name":"Meglioli Chardonnay Australien \u2022 Trousse|Kit de Vinification | Mosti Mondiale","isPartOf":{"@id":"https:\/\/mostimondiale.com\/#website"},"primaryImageOfPage":{"@id":"https:\/\/mostimondiale.com\/produits\/varietal\/chardonnay\/australian-chardonnay\/#primaryimage"},"image":{"@id":"https:\/\/mostimondiale.com\/produits\/varietal\/chardonnay\/australian-chardonnay\/#primaryimage"},"thumbnailUrl":"https:\/\/mostimondiale.com\/wp-content\/uploads\/2019\/04\/meglioli-360x360-fr-1.png","datePublished":"2019-08-19T16:25:04+00:00","dateModified":"2020-09-08T13:39:39+00:00","description":"Notre Meglioli (23L) Chardonnay Australian est un vin blanc cors\u00e9 avec du ch\u00eane fonc\u00e9 et l\u00e9ger. Notes de fruits m\u00fbrs et une note d'agrumes sous-jacente.","breadcrumb":{"@id":"https:\/\/mostimondiale.com\/produits\/varietal\/chardonnay\/australian-chardonnay\/#breadcrumb"},"inLanguage":"fr-CA","potentialAction":[{"@type":"ReadAction","target":["https:\/\/mostimondiale.com\/produits\/varietal\/chardonnay\/australian-chardonnay\/"]}]},{"@type":"ImageObject","inLanguage":"fr-CA","@id":"https:\/\/mostimondiale.com\/produits\/varietal\/chardonnay\/australian-chardonnay\/#primaryimage","url":"https:\/\/mostimondiale.com\/wp-content\/uploads\/2019\/04\/meglioli-360x360-fr-1.png","contentUrl":"https:\/\/mostimondiale.com\/wp-content\/uploads\/2019\/04\/meglioli-360x360-fr-1.png","width":360,"height":360},{"@type":"BreadcrumbList","@id":"https:\/\/mostimondiale.com\/produits\/varietal\/chardonnay\/australian-chardonnay\/#breadcrumb","itemListElement":[{"@type":"ListItem","position":1,"name":"Accueil","item":"https:\/\/mostimondiale.com\/fr\/"},{"@type":"ListItem","position":2,"name":"Produits","item":"https:\/\/mostimondiale.com\/fr\/produits\/"},{"@type":"ListItem","position":3,"name":"Chardonnay Australien"}]},{"@type":"WebSite","@id":"https:\/\/mostimondiale.com\/#website","url":"https:\/\/mostimondiale.com\/","name":"Mosti Mondiale","description":"","potentialAction":[{"@type":"SearchAction","target":{"@type":"EntryPoint","urlTemplate":"https:\/\/mostimondiale.com\/?s={search_term_string}"},"query-input":{"@type":"PropertyValueSpecification","valueRequired":true,"valueName":"search_term_string"}}],"inLanguage":"fr-CA"}]}},"_links":{"self":[{"href":"https:\/\/mostimondiale.com\/fr\/wp-json\/wp\/v2\/product\/2824","targetHints":{"allow":["GET"]}}],"collection":[{"href":"https:\/\/mostimondiale.com\/fr\/wp-json\/wp\/v2\/product"}],"about":[{"href":"https:\/\/mostimondiale.com\/fr\/wp-json\/wp\/v2\/types\/product"}],"wp:featuredmedia":[{"embeddable":true,"href":"https:\/\/mostimondiale.com\/fr\/wp-json\/wp\/v2\/media\/1541"}],"wp:attachment":[{"href":"https:\/\/mostimondiale.com\/fr\/wp-json\/wp\/v2\/media?parent=2824"}],"wp:term":[{"taxonomy":"product_brand","embeddable":true,"href":"https:\/\/mostimondiale.com\/fr\/wp-json\/wp\/v2\/product_brand?post=2824"},{"taxonomy":"product_cat","embeddable":true,"href":"https:\/\/mostimondiale.com\/fr\/wp-json\/wp\/v2\/product_cat?post=2824"},{"taxonomy":"product_tag","embeddable":true,"href":"https:\/\/mostimondiale.com\/fr\/wp-json\/wp\/v2\/product_tag?post=2824"}],"curies":[{"name":"wp","href":"https:\/\/api.w.org\/{rel}","templated":true}]}}