{"id":2811,"date":"2019-08-16T14:07:46","date_gmt":"2019-08-16T18:07:46","guid":{"rendered":"https:\/\/mostimondiale.com\/?post_type=product&#038;p=2811"},"modified":"2025-11-28T15:16:47","modified_gmt":"2025-11-28T20:16:47","slug":"petit-verdot-2","status":"publish","type":"product","link":"https:\/\/mostimondiale.com\/fr\/produits\/cepage\/petit-verdot-fr\/petit-verdot-2\/","title":{"rendered":"Petit Verdot"},"content":{"rendered":"","protected":false},"excerpt":{"rendered":"<p>Audacieux et cors\u00e9, l&rsquo;australien Petit Verdot est une vedette qui offre des saveurs de fruits noirs; cerise noire, prunes, avec des tanins fermes et des notes d&rsquo;\u00e9pices. Un raisin de haute qualit\u00e9 provenant du climat chaud et sec de la Nouvelle-Galles du Sud, offrant une peau plus \u00e9paisse et une couleur riche capable de produire de grands vins intenses et s\u00e9duisants.<\/p>\n","protected":false},"featured_media":1541,"template":"","meta":{"_acf_changed":false},"product_brand":[],"product_cat":[153,163,363,173],"product_tag":[],"class_list":{"0":"post-2811","1":"product","2":"type-product","3":"status-publish","4":"has-post-thumbnail","6":"product_cat-100-mout-de-raisin","7":"product_cat-meglioli-fr","8":"product_cat-petit-verdot-fr","9":"product_cat-rouge","10":"pa_alcohol-13-5","11":"pa_aroma-epice","12":"pa_aroma-fruite","13":"pa_body-5-tres-corse","14":"pa_price-252","15":"pa_winemaker-addition-chene-fonce","16":"pa_winemaker-addition-sachet-allgrape","18":"first","19":"instock","20":"shipping-taxable","21":"product-type-simple"},"acf":[],"yoast_head":"<!-- This site is optimized with the Yoast SEO plugin v26.9 - https:\/\/yoast.com\/product\/yoast-seo-wordpress\/ -->\n<title>Meglioli Petit Verdot \u2022 Trousse de Vinification | Mosti Mondiale<\/title>\n<meta name=\"description\" content=\"Notre Meglioli (23L) Petit Verdot est est un vin rouge cors\u00e9 comprenant du ch\u00eane fonc\u00e9 et raisins rouges.\" \/>\n<meta name=\"robots\" content=\"index, follow, max-snippet:-1, max-image-preview:large, max-video-preview:-1\" \/>\n<link rel=\"canonical\" href=\"https:\/\/mostimondiale.com\/fr\/produits\/cepage\/petit-verdot-fr\/petit-verdot-2\/\" \/>\n<meta property=\"og:locale\" content=\"fr_CA\" \/>\n<meta property=\"og:type\" content=\"article\" \/>\n<meta property=\"og:title\" content=\"Meglioli Petit Verdot \u2022 Trousse de Vinification | Mosti Mondiale\" \/>\n<meta property=\"og:description\" content=\"Notre Meglioli (23L) Petit Verdot est est un vin rouge cors\u00e9 comprenant du ch\u00eane fonc\u00e9 et raisins rouges.\" \/>\n<meta property=\"og:url\" content=\"https:\/\/mostimondiale.com\/fr\/produits\/cepage\/petit-verdot-fr\/petit-verdot-2\/\" \/>\n<meta property=\"og:site_name\" content=\"Mosti Mondiale\" \/>\n<meta property=\"article:modified_time\" content=\"2025-11-28T20:16:47+00:00\" \/>\n<meta property=\"og:image\" content=\"https:\/\/mostimondiale.com\/wp-content\/uploads\/2019\/04\/meglioli-360x360-fr-1.png\" \/>\n\t<meta property=\"og:image:width\" content=\"360\" \/>\n\t<meta property=\"og:image:height\" content=\"360\" \/>\n\t<meta property=\"og:image:type\" content=\"image\/png\" \/>\n<meta name=\"twitter:card\" content=\"summary_large_image\" \/>\n<meta name=\"twitter:label1\" content=\"Estimation du temps de lecture\" \/>\n\t<meta name=\"twitter:data1\" content=\"1 minute\" \/>\n<script type=\"application\/ld+json\" class=\"yoast-schema-graph\">{\"@context\":\"https:\/\/schema.org\",\"@graph\":[{\"@type\":\"WebPage\",\"@id\":\"https:\/\/mostimondiale.com\/fr\/produits\/cepage\/petit-verdot-fr\/petit-verdot-2\/\",\"url\":\"https:\/\/mostimondiale.com\/fr\/produits\/cepage\/petit-verdot-fr\/petit-verdot-2\/\",\"name\":\"Meglioli Petit Verdot \u2022 Trousse de Vinification | Mosti Mondiale\",\"isPartOf\":{\"@id\":\"https:\/\/mostimondiale.com\/#website\"},\"primaryImageOfPage\":{\"@id\":\"https:\/\/mostimondiale.com\/fr\/produits\/cepage\/petit-verdot-fr\/petit-verdot-2\/#primaryimage\"},\"image\":{\"@id\":\"https:\/\/mostimondiale.com\/fr\/produits\/cepage\/petit-verdot-fr\/petit-verdot-2\/#primaryimage\"},\"thumbnailUrl\":\"https:\/\/mostimondiale.com\/wp-content\/uploads\/2019\/04\/meglioli-360x360-fr-1.png\",\"datePublished\":\"2019-08-16T18:07:46+00:00\",\"dateModified\":\"2025-11-28T20:16:47+00:00\",\"description\":\"Notre Meglioli (23L) Petit Verdot est est un vin rouge cors\u00e9 comprenant du ch\u00eane fonc\u00e9 et raisins rouges.\",\"breadcrumb\":{\"@id\":\"https:\/\/mostimondiale.com\/fr\/produits\/cepage\/petit-verdot-fr\/petit-verdot-2\/#breadcrumb\"},\"inLanguage\":\"fr-CA\",\"potentialAction\":[{\"@type\":\"ReadAction\",\"target\":[\"https:\/\/mostimondiale.com\/fr\/produits\/cepage\/petit-verdot-fr\/petit-verdot-2\/\"]}]},{\"@type\":\"ImageObject\",\"inLanguage\":\"fr-CA\",\"@id\":\"https:\/\/mostimondiale.com\/fr\/produits\/cepage\/petit-verdot-fr\/petit-verdot-2\/#primaryimage\",\"url\":\"https:\/\/mostimondiale.com\/wp-content\/uploads\/2019\/04\/meglioli-360x360-fr-1.png\",\"contentUrl\":\"https:\/\/mostimondiale.com\/wp-content\/uploads\/2019\/04\/meglioli-360x360-fr-1.png\",\"width\":360,\"height\":360},{\"@type\":\"BreadcrumbList\",\"@id\":\"https:\/\/mostimondiale.com\/fr\/produits\/cepage\/petit-verdot-fr\/petit-verdot-2\/#breadcrumb\",\"itemListElement\":[{\"@type\":\"ListItem\",\"position\":1,\"name\":\"Accueil\",\"item\":\"https:\/\/mostimondiale.com\/fr\/\"},{\"@type\":\"ListItem\",\"position\":2,\"name\":\"Produits\",\"item\":\"https:\/\/mostimondiale.com\/fr\/produits\/\"},{\"@type\":\"ListItem\",\"position\":3,\"name\":\"Petit Verdot\"}]},{\"@type\":\"WebSite\",\"@id\":\"https:\/\/mostimondiale.com\/#website\",\"url\":\"https:\/\/mostimondiale.com\/\",\"name\":\"Mosti Mondiale\",\"description\":\"\",\"potentialAction\":[{\"@type\":\"SearchAction\",\"target\":{\"@type\":\"EntryPoint\",\"urlTemplate\":\"https:\/\/mostimondiale.com\/?s={search_term_string}\"},\"query-input\":{\"@type\":\"PropertyValueSpecification\",\"valueRequired\":true,\"valueName\":\"search_term_string\"}}],\"inLanguage\":\"fr-CA\"}]}<\/script>\n<!-- \/ Yoast SEO plugin. -->","yoast_head_json":{"title":"Meglioli Petit Verdot \u2022 Trousse de Vinification | Mosti Mondiale","description":"Notre Meglioli (23L) Petit Verdot est est un vin rouge cors\u00e9 comprenant du ch\u00eane fonc\u00e9 et raisins rouges.","robots":{"index":"index","follow":"follow","max-snippet":"max-snippet:-1","max-image-preview":"max-image-preview:large","max-video-preview":"max-video-preview:-1"},"canonical":"https:\/\/mostimondiale.com\/fr\/produits\/cepage\/petit-verdot-fr\/petit-verdot-2\/","og_locale":"fr_CA","og_type":"article","og_title":"Meglioli Petit Verdot \u2022 Trousse de Vinification | Mosti Mondiale","og_description":"Notre Meglioli (23L) Petit Verdot est est un vin rouge cors\u00e9 comprenant du ch\u00eane fonc\u00e9 et raisins rouges.","og_url":"https:\/\/mostimondiale.com\/fr\/produits\/cepage\/petit-verdot-fr\/petit-verdot-2\/","og_site_name":"Mosti Mondiale","article_modified_time":"2025-11-28T20:16:47+00:00","og_image":[{"width":360,"height":360,"url":"https:\/\/mostimondiale.com\/wp-content\/uploads\/2019\/04\/meglioli-360x360-fr-1.png","type":"image\/png"}],"twitter_card":"summary_large_image","twitter_misc":{"Estimation du temps de lecture":"1 minute"},"schema":{"@context":"https:\/\/schema.org","@graph":[{"@type":"WebPage","@id":"https:\/\/mostimondiale.com\/fr\/produits\/cepage\/petit-verdot-fr\/petit-verdot-2\/","url":"https:\/\/mostimondiale.com\/fr\/produits\/cepage\/petit-verdot-fr\/petit-verdot-2\/","name":"Meglioli Petit Verdot \u2022 Trousse de Vinification | Mosti Mondiale","isPartOf":{"@id":"https:\/\/mostimondiale.com\/#website"},"primaryImageOfPage":{"@id":"https:\/\/mostimondiale.com\/fr\/produits\/cepage\/petit-verdot-fr\/petit-verdot-2\/#primaryimage"},"image":{"@id":"https:\/\/mostimondiale.com\/fr\/produits\/cepage\/petit-verdot-fr\/petit-verdot-2\/#primaryimage"},"thumbnailUrl":"https:\/\/mostimondiale.com\/wp-content\/uploads\/2019\/04\/meglioli-360x360-fr-1.png","datePublished":"2019-08-16T18:07:46+00:00","dateModified":"2025-11-28T20:16:47+00:00","description":"Notre Meglioli (23L) Petit Verdot est est un vin rouge cors\u00e9 comprenant du ch\u00eane fonc\u00e9 et raisins rouges.","breadcrumb":{"@id":"https:\/\/mostimondiale.com\/fr\/produits\/cepage\/petit-verdot-fr\/petit-verdot-2\/#breadcrumb"},"inLanguage":"fr-CA","potentialAction":[{"@type":"ReadAction","target":["https:\/\/mostimondiale.com\/fr\/produits\/cepage\/petit-verdot-fr\/petit-verdot-2\/"]}]},{"@type":"ImageObject","inLanguage":"fr-CA","@id":"https:\/\/mostimondiale.com\/fr\/produits\/cepage\/petit-verdot-fr\/petit-verdot-2\/#primaryimage","url":"https:\/\/mostimondiale.com\/wp-content\/uploads\/2019\/04\/meglioli-360x360-fr-1.png","contentUrl":"https:\/\/mostimondiale.com\/wp-content\/uploads\/2019\/04\/meglioli-360x360-fr-1.png","width":360,"height":360},{"@type":"BreadcrumbList","@id":"https:\/\/mostimondiale.com\/fr\/produits\/cepage\/petit-verdot-fr\/petit-verdot-2\/#breadcrumb","itemListElement":[{"@type":"ListItem","position":1,"name":"Accueil","item":"https:\/\/mostimondiale.com\/fr\/"},{"@type":"ListItem","position":2,"name":"Produits","item":"https:\/\/mostimondiale.com\/fr\/produits\/"},{"@type":"ListItem","position":3,"name":"Petit Verdot"}]},{"@type":"WebSite","@id":"https:\/\/mostimondiale.com\/#website","url":"https:\/\/mostimondiale.com\/","name":"Mosti Mondiale","description":"","potentialAction":[{"@type":"SearchAction","target":{"@type":"EntryPoint","urlTemplate":"https:\/\/mostimondiale.com\/?s={search_term_string}"},"query-input":{"@type":"PropertyValueSpecification","valueRequired":true,"valueName":"search_term_string"}}],"inLanguage":"fr-CA"}]}},"_links":{"self":[{"href":"https:\/\/mostimondiale.com\/fr\/wp-json\/wp\/v2\/product\/2811","targetHints":{"allow":["GET"]}}],"collection":[{"href":"https:\/\/mostimondiale.com\/fr\/wp-json\/wp\/v2\/product"}],"about":[{"href":"https:\/\/mostimondiale.com\/fr\/wp-json\/wp\/v2\/types\/product"}],"wp:featuredmedia":[{"embeddable":true,"href":"https:\/\/mostimondiale.com\/fr\/wp-json\/wp\/v2\/media\/1541"}],"wp:attachment":[{"href":"https:\/\/mostimondiale.com\/fr\/wp-json\/wp\/v2\/media?parent=2811"}],"wp:term":[{"taxonomy":"product_brand","embeddable":true,"href":"https:\/\/mostimondiale.com\/fr\/wp-json\/wp\/v2\/product_brand?post=2811"},{"taxonomy":"product_cat","embeddable":true,"href":"https:\/\/mostimondiale.com\/fr\/wp-json\/wp\/v2\/product_cat?post=2811"},{"taxonomy":"product_tag","embeddable":true,"href":"https:\/\/mostimondiale.com\/fr\/wp-json\/wp\/v2\/product_tag?post=2811"}],"curies":[{"name":"wp","href":"https:\/\/api.w.org\/{rel}","templated":true}]}}