{"id":1770,"date":"2019-04-29T16:27:34","date_gmt":"2019-04-29T20:27:34","guid":{"rendered":"https:\/\/mostimondiale.com\/?post_type=product&#038;p=1770"},"modified":"2019-04-29T16:32:02","modified_gmt":"2019-04-29T20:32:02","slug":"zinfandel-blush-4","status":"publish","type":"product","link":"https:\/\/mostimondiale.com\/fr\/produits\/cepage\/zinfandel-blush-fr\/zinfandel-blush-4\/","title":{"rendered":"Zinfandel Blush"},"content":{"rendered":"","protected":false},"excerpt":{"rendered":"<p>Un vin l\u00e9ger avec une teinte rose d\u00e9licate et un parfum l\u00e9ger de cerise. C\u2019est un vin de Californie fait \u00e0 partir de raisin rouge, le Zinfandel, dont le contact avec la peau est minimal. Les peaux sont retir\u00e9es du jus peu de temps apr\u00e8s le pressage pour \u00e9viter le transfert de couleur et le vin qui en r\u00e9sulte est tr\u00e8s pauvre en tanins et peut \u00eatre consomm\u00e9 relativement jeune.<\/p>\n","protected":false},"featured_media":1684,"template":"","meta":{"_acf_changed":false},"product_brand":[],"product_cat":[164,155,174,320],"product_tag":[],"class_list":{"0":"post-1770","1":"product","2":"type-product","3":"status-publish","4":"has-post-thumbnail","6":"product_cat-mondiale-fresco-fr","7":"product_cat-mout-de-raisin-frais","8":"product_cat-rose-fr","9":"product_cat-zinfandel-blush-fr","10":"pa_alcohol-12-6","11":"pa_aroma-caramelise","12":"pa_aroma-epice","13":"pa_aroma-fruite","14":"pa_body-1-leger","15":"pa_price-254","17":"first","18":"instock","19":"shipping-taxable","20":"product-type-simple"},"acf":[],"yoast_head":"<!-- This site is optimized with the Yoast SEO plugin v26.9 - https:\/\/yoast.com\/product\/yoast-seo-wordpress\/ -->\n<title>Mondiale Fresco Zinfandel Blush \u2022 Trousse|Kit Vinification | Mosti Mondiale<\/title>\n<meta name=\"description\" content=\"Notre Mondiale Fresco Zinfandel Blush (20L &amp; 23L) est un vin ros\u00e9 l\u00e9ger fait de mo\u00fbt frais. Une teinte rose d\u00e9licate et un parfum l\u00e9ger de cerise.\" \/>\n<meta name=\"robots\" content=\"index, follow, max-snippet:-1, max-image-preview:large, max-video-preview:-1\" \/>\n<link rel=\"canonical\" href=\"https:\/\/mostimondiale.com\/produits\/varietal\/zinfandel-blush-varietal\/zinfandel-blush-4\/\" \/>\n<meta property=\"og:locale\" content=\"fr_CA\" \/>\n<meta property=\"og:type\" content=\"article\" \/>\n<meta property=\"og:title\" content=\"Mondiale Fresco Zinfandel Blush \u2022 Trousse|Kit Vinification | Mosti Mondiale\" \/>\n<meta property=\"og:description\" content=\"Notre Mondiale Fresco Zinfandel Blush (20L &amp; 23L) est un vin ros\u00e9 l\u00e9ger fait de mo\u00fbt frais. Une teinte rose d\u00e9licate et un parfum l\u00e9ger de cerise.\" \/>\n<meta property=\"og:url\" content=\"https:\/\/mostimondiale.com\/produits\/varietal\/zinfandel-blush-varietal\/zinfandel-blush-4\/\" \/>\n<meta property=\"og:site_name\" content=\"Mosti Mondiale\" \/>\n<meta property=\"article:modified_time\" content=\"2019-04-29T20:32:02+00:00\" \/>\n<meta property=\"og:image\" content=\"https:\/\/mostimondiale.com\/wp-content\/uploads\/2019\/04\/fresco-360x360-fr-1.png\" \/>\n\t<meta property=\"og:image:width\" content=\"360\" \/>\n\t<meta property=\"og:image:height\" content=\"360\" \/>\n\t<meta property=\"og:image:type\" content=\"image\/png\" \/>\n<meta name=\"twitter:card\" content=\"summary_large_image\" \/>\n<script type=\"application\/ld+json\" class=\"yoast-schema-graph\">{\"@context\":\"https:\/\/schema.org\",\"@graph\":[{\"@type\":\"WebPage\",\"@id\":\"https:\/\/mostimondiale.com\/produits\/varietal\/zinfandel-blush-varietal\/zinfandel-blush-4\/\",\"url\":\"https:\/\/mostimondiale.com\/produits\/varietal\/zinfandel-blush-varietal\/zinfandel-blush-4\/\",\"name\":\"Mondiale Fresco Zinfandel Blush \u2022 Trousse|Kit Vinification | Mosti Mondiale\",\"isPartOf\":{\"@id\":\"https:\/\/mostimondiale.com\/#website\"},\"primaryImageOfPage\":{\"@id\":\"https:\/\/mostimondiale.com\/produits\/varietal\/zinfandel-blush-varietal\/zinfandel-blush-4\/#primaryimage\"},\"image\":{\"@id\":\"https:\/\/mostimondiale.com\/produits\/varietal\/zinfandel-blush-varietal\/zinfandel-blush-4\/#primaryimage\"},\"thumbnailUrl\":\"https:\/\/mostimondiale.com\/wp-content\/uploads\/2019\/04\/fresco-360x360-fr-1.png\",\"datePublished\":\"2019-04-29T20:27:34+00:00\",\"dateModified\":\"2019-04-29T20:32:02+00:00\",\"description\":\"Notre Mondiale Fresco Zinfandel Blush (20L & 23L) est un vin ros\u00e9 l\u00e9ger fait de mo\u00fbt frais. Une teinte rose d\u00e9licate et un parfum l\u00e9ger de cerise.\",\"breadcrumb\":{\"@id\":\"https:\/\/mostimondiale.com\/produits\/varietal\/zinfandel-blush-varietal\/zinfandel-blush-4\/#breadcrumb\"},\"inLanguage\":\"fr-CA\",\"potentialAction\":[{\"@type\":\"ReadAction\",\"target\":[\"https:\/\/mostimondiale.com\/produits\/varietal\/zinfandel-blush-varietal\/zinfandel-blush-4\/\"]}]},{\"@type\":\"ImageObject\",\"inLanguage\":\"fr-CA\",\"@id\":\"https:\/\/mostimondiale.com\/produits\/varietal\/zinfandel-blush-varietal\/zinfandel-blush-4\/#primaryimage\",\"url\":\"https:\/\/mostimondiale.com\/wp-content\/uploads\/2019\/04\/fresco-360x360-fr-1.png\",\"contentUrl\":\"https:\/\/mostimondiale.com\/wp-content\/uploads\/2019\/04\/fresco-360x360-fr-1.png\",\"width\":360,\"height\":360},{\"@type\":\"BreadcrumbList\",\"@id\":\"https:\/\/mostimondiale.com\/produits\/varietal\/zinfandel-blush-varietal\/zinfandel-blush-4\/#breadcrumb\",\"itemListElement\":[{\"@type\":\"ListItem\",\"position\":1,\"name\":\"Accueil\",\"item\":\"https:\/\/mostimondiale.com\/fr\/\"},{\"@type\":\"ListItem\",\"position\":2,\"name\":\"Produits\",\"item\":\"https:\/\/mostimondiale.com\/fr\/produits\/\"},{\"@type\":\"ListItem\",\"position\":3,\"name\":\"Zinfandel Blush\"}]},{\"@type\":\"WebSite\",\"@id\":\"https:\/\/mostimondiale.com\/#website\",\"url\":\"https:\/\/mostimondiale.com\/\",\"name\":\"Mosti Mondiale\",\"description\":\"\",\"potentialAction\":[{\"@type\":\"SearchAction\",\"target\":{\"@type\":\"EntryPoint\",\"urlTemplate\":\"https:\/\/mostimondiale.com\/?s={search_term_string}\"},\"query-input\":{\"@type\":\"PropertyValueSpecification\",\"valueRequired\":true,\"valueName\":\"search_term_string\"}}],\"inLanguage\":\"fr-CA\"}]}<\/script>\n<!-- \/ Yoast SEO plugin. -->","yoast_head_json":{"title":"Mondiale Fresco Zinfandel Blush \u2022 Trousse|Kit Vinification | Mosti Mondiale","description":"Notre Mondiale Fresco Zinfandel Blush (20L & 23L) est un vin ros\u00e9 l\u00e9ger fait de mo\u00fbt frais. Une teinte rose d\u00e9licate et un parfum l\u00e9ger de cerise.","robots":{"index":"index","follow":"follow","max-snippet":"max-snippet:-1","max-image-preview":"max-image-preview:large","max-video-preview":"max-video-preview:-1"},"canonical":"https:\/\/mostimondiale.com\/produits\/varietal\/zinfandel-blush-varietal\/zinfandel-blush-4\/","og_locale":"fr_CA","og_type":"article","og_title":"Mondiale Fresco Zinfandel Blush \u2022 Trousse|Kit Vinification | Mosti Mondiale","og_description":"Notre Mondiale Fresco Zinfandel Blush (20L & 23L) est un vin ros\u00e9 l\u00e9ger fait de mo\u00fbt frais. Une teinte rose d\u00e9licate et un parfum l\u00e9ger de cerise.","og_url":"https:\/\/mostimondiale.com\/produits\/varietal\/zinfandel-blush-varietal\/zinfandel-blush-4\/","og_site_name":"Mosti Mondiale","article_modified_time":"2019-04-29T20:32:02+00:00","og_image":[{"width":360,"height":360,"url":"https:\/\/mostimondiale.com\/wp-content\/uploads\/2019\/04\/fresco-360x360-fr-1.png","type":"image\/png"}],"twitter_card":"summary_large_image","schema":{"@context":"https:\/\/schema.org","@graph":[{"@type":"WebPage","@id":"https:\/\/mostimondiale.com\/produits\/varietal\/zinfandel-blush-varietal\/zinfandel-blush-4\/","url":"https:\/\/mostimondiale.com\/produits\/varietal\/zinfandel-blush-varietal\/zinfandel-blush-4\/","name":"Mondiale Fresco Zinfandel Blush \u2022 Trousse|Kit Vinification | Mosti Mondiale","isPartOf":{"@id":"https:\/\/mostimondiale.com\/#website"},"primaryImageOfPage":{"@id":"https:\/\/mostimondiale.com\/produits\/varietal\/zinfandel-blush-varietal\/zinfandel-blush-4\/#primaryimage"},"image":{"@id":"https:\/\/mostimondiale.com\/produits\/varietal\/zinfandel-blush-varietal\/zinfandel-blush-4\/#primaryimage"},"thumbnailUrl":"https:\/\/mostimondiale.com\/wp-content\/uploads\/2019\/04\/fresco-360x360-fr-1.png","datePublished":"2019-04-29T20:27:34+00:00","dateModified":"2019-04-29T20:32:02+00:00","description":"Notre Mondiale Fresco Zinfandel Blush (20L & 23L) est un vin ros\u00e9 l\u00e9ger fait de mo\u00fbt frais. Une teinte rose d\u00e9licate et un parfum l\u00e9ger de cerise.","breadcrumb":{"@id":"https:\/\/mostimondiale.com\/produits\/varietal\/zinfandel-blush-varietal\/zinfandel-blush-4\/#breadcrumb"},"inLanguage":"fr-CA","potentialAction":[{"@type":"ReadAction","target":["https:\/\/mostimondiale.com\/produits\/varietal\/zinfandel-blush-varietal\/zinfandel-blush-4\/"]}]},{"@type":"ImageObject","inLanguage":"fr-CA","@id":"https:\/\/mostimondiale.com\/produits\/varietal\/zinfandel-blush-varietal\/zinfandel-blush-4\/#primaryimage","url":"https:\/\/mostimondiale.com\/wp-content\/uploads\/2019\/04\/fresco-360x360-fr-1.png","contentUrl":"https:\/\/mostimondiale.com\/wp-content\/uploads\/2019\/04\/fresco-360x360-fr-1.png","width":360,"height":360},{"@type":"BreadcrumbList","@id":"https:\/\/mostimondiale.com\/produits\/varietal\/zinfandel-blush-varietal\/zinfandel-blush-4\/#breadcrumb","itemListElement":[{"@type":"ListItem","position":1,"name":"Accueil","item":"https:\/\/mostimondiale.com\/fr\/"},{"@type":"ListItem","position":2,"name":"Produits","item":"https:\/\/mostimondiale.com\/fr\/produits\/"},{"@type":"ListItem","position":3,"name":"Zinfandel Blush"}]},{"@type":"WebSite","@id":"https:\/\/mostimondiale.com\/#website","url":"https:\/\/mostimondiale.com\/","name":"Mosti Mondiale","description":"","potentialAction":[{"@type":"SearchAction","target":{"@type":"EntryPoint","urlTemplate":"https:\/\/mostimondiale.com\/?s={search_term_string}"},"query-input":{"@type":"PropertyValueSpecification","valueRequired":true,"valueName":"search_term_string"}}],"inLanguage":"fr-CA"}]}},"_links":{"self":[{"href":"https:\/\/mostimondiale.com\/fr\/wp-json\/wp\/v2\/product\/1770","targetHints":{"allow":["GET"]}}],"collection":[{"href":"https:\/\/mostimondiale.com\/fr\/wp-json\/wp\/v2\/product"}],"about":[{"href":"https:\/\/mostimondiale.com\/fr\/wp-json\/wp\/v2\/types\/product"}],"wp:featuredmedia":[{"embeddable":true,"href":"https:\/\/mostimondiale.com\/fr\/wp-json\/wp\/v2\/media\/1684"}],"wp:attachment":[{"href":"https:\/\/mostimondiale.com\/fr\/wp-json\/wp\/v2\/media?parent=1770"}],"wp:term":[{"taxonomy":"product_brand","embeddable":true,"href":"https:\/\/mostimondiale.com\/fr\/wp-json\/wp\/v2\/product_brand?post=1770"},{"taxonomy":"product_cat","embeddable":true,"href":"https:\/\/mostimondiale.com\/fr\/wp-json\/wp\/v2\/product_cat?post=1770"},{"taxonomy":"product_tag","embeddable":true,"href":"https:\/\/mostimondiale.com\/fr\/wp-json\/wp\/v2\/product_tag?post=1770"}],"curies":[{"name":"wp","href":"https:\/\/api.w.org\/{rel}","templated":true}]}}