{"id":1767,"date":"2019-04-29T11:46:51","date_gmt":"2019-04-29T15:46:50","guid":{"rendered":"https:\/\/mostimondiale.com\/?post_type=product&#038;p=1767"},"modified":"2019-04-29T16:27:23","modified_gmt":"2019-04-29T20:27:23","slug":"mission","status":"publish","type":"product","link":"https:\/\/mostimondiale.com\/fr\/produits\/cepage\/mission-fr\/mission\/","title":{"rendered":"Mission"},"content":{"rendered":"","protected":false},"excerpt":{"rendered":"<p>Les franciscains ont plant\u00e9 des vignes de Mission en Californie alors qu\u2019ils migraient vers le Nord \u00e0 partir du Mexique. Ce c\u00e9page donne un vin de style ros\u00e9 moyennement cors\u00e9 avec un bon niveau d\u2019alcool. Sans pr\u00e9tention, il est g\u00e9n\u00e9ralement m\u00e9lang\u00e9 \u00e0 d\u2019autres vari\u00e9t\u00e9s.<\/p>\n","protected":false},"featured_media":1684,"template":"","meta":{"_acf_changed":false},"product_brand":[],"product_cat":[204,164,155,174],"product_tag":[],"class_list":{"0":"post-1767","1":"product","2":"type-product","3":"status-publish","4":"has-post-thumbnail","6":"product_cat-mission-fr","7":"product_cat-mondiale-fresco-fr","8":"product_cat-mout-de-raisin-frais","9":"product_cat-rose-fr","10":"pa_alcohol-12-3","11":"pa_aroma-fruite","12":"pa_body-3-mi-corse","13":"pa_price-254","15":"first","16":"instock","17":"shipping-taxable","18":"product-type-simple"},"acf":[],"yoast_head":"<!-- This site is optimized with the Yoast SEO plugin v26.9 - https:\/\/yoast.com\/product\/yoast-seo-wordpress\/ -->\n<title>Mondiale Fresco Mission \u2022 Trousse|Kit de Vinification | Mosti Mondiale<\/title>\n<meta name=\"description\" content=\"Notre Mondiale Fresco Mission (20L) est un vin ros\u00e9 mi-cors\u00e9 fait de mo\u00fbt frais. Il est g\u00e9n\u00e9ralement m\u00e9lang\u00e9 \u00e0 d\u2019autres vari\u00e9t\u00e9s.\" \/>\n<meta name=\"robots\" content=\"index, follow, max-snippet:-1, max-image-preview:large, max-video-preview:-1\" \/>\n<link rel=\"canonical\" href=\"https:\/\/mostimondiale.com\/produits\/varietal\/mission\/mission\/\" \/>\n<meta property=\"og:locale\" content=\"fr_CA\" \/>\n<meta property=\"og:type\" content=\"article\" \/>\n<meta property=\"og:title\" content=\"Mondiale Fresco Mission \u2022 Trousse|Kit de Vinification | Mosti Mondiale\" \/>\n<meta property=\"og:description\" content=\"Notre Mondiale Fresco Mission (20L) est un vin ros\u00e9 mi-cors\u00e9 fait de mo\u00fbt frais. Il est g\u00e9n\u00e9ralement m\u00e9lang\u00e9 \u00e0 d\u2019autres vari\u00e9t\u00e9s.\" \/>\n<meta property=\"og:url\" content=\"https:\/\/mostimondiale.com\/produits\/varietal\/mission\/mission\/\" \/>\n<meta property=\"og:site_name\" content=\"Mosti Mondiale\" \/>\n<meta property=\"article:modified_time\" content=\"2019-04-29T20:27:23+00:00\" \/>\n<meta property=\"og:image\" content=\"https:\/\/mostimondiale.com\/wp-content\/uploads\/2019\/04\/fresco-360x360-fr-1.png\" \/>\n\t<meta property=\"og:image:width\" content=\"360\" \/>\n\t<meta property=\"og:image:height\" content=\"360\" \/>\n\t<meta property=\"og:image:type\" content=\"image\/png\" \/>\n<meta name=\"twitter:card\" content=\"summary_large_image\" \/>\n<script type=\"application\/ld+json\" class=\"yoast-schema-graph\">{\"@context\":\"https:\/\/schema.org\",\"@graph\":[{\"@type\":\"WebPage\",\"@id\":\"https:\/\/mostimondiale.com\/produits\/varietal\/mission\/mission\/\",\"url\":\"https:\/\/mostimondiale.com\/produits\/varietal\/mission\/mission\/\",\"name\":\"Mondiale Fresco Mission \u2022 Trousse|Kit de Vinification | Mosti Mondiale\",\"isPartOf\":{\"@id\":\"https:\/\/mostimondiale.com\/#website\"},\"primaryImageOfPage\":{\"@id\":\"https:\/\/mostimondiale.com\/produits\/varietal\/mission\/mission\/#primaryimage\"},\"image\":{\"@id\":\"https:\/\/mostimondiale.com\/produits\/varietal\/mission\/mission\/#primaryimage\"},\"thumbnailUrl\":\"https:\/\/mostimondiale.com\/wp-content\/uploads\/2019\/04\/fresco-360x360-fr-1.png\",\"datePublished\":\"2019-04-29T15:46:50+00:00\",\"dateModified\":\"2019-04-29T20:27:23+00:00\",\"description\":\"Notre Mondiale Fresco Mission (20L) est un vin ros\u00e9 mi-cors\u00e9 fait de mo\u00fbt frais. Il est g\u00e9n\u00e9ralement m\u00e9lang\u00e9 \u00e0 d\u2019autres vari\u00e9t\u00e9s.\",\"breadcrumb\":{\"@id\":\"https:\/\/mostimondiale.com\/produits\/varietal\/mission\/mission\/#breadcrumb\"},\"inLanguage\":\"fr-CA\",\"potentialAction\":[{\"@type\":\"ReadAction\",\"target\":[\"https:\/\/mostimondiale.com\/produits\/varietal\/mission\/mission\/\"]}]},{\"@type\":\"ImageObject\",\"inLanguage\":\"fr-CA\",\"@id\":\"https:\/\/mostimondiale.com\/produits\/varietal\/mission\/mission\/#primaryimage\",\"url\":\"https:\/\/mostimondiale.com\/wp-content\/uploads\/2019\/04\/fresco-360x360-fr-1.png\",\"contentUrl\":\"https:\/\/mostimondiale.com\/wp-content\/uploads\/2019\/04\/fresco-360x360-fr-1.png\",\"width\":360,\"height\":360},{\"@type\":\"BreadcrumbList\",\"@id\":\"https:\/\/mostimondiale.com\/produits\/varietal\/mission\/mission\/#breadcrumb\",\"itemListElement\":[{\"@type\":\"ListItem\",\"position\":1,\"name\":\"Accueil\",\"item\":\"https:\/\/mostimondiale.com\/fr\/\"},{\"@type\":\"ListItem\",\"position\":2,\"name\":\"Produits\",\"item\":\"https:\/\/mostimondiale.com\/fr\/produits\/\"},{\"@type\":\"ListItem\",\"position\":3,\"name\":\"Mission\"}]},{\"@type\":\"WebSite\",\"@id\":\"https:\/\/mostimondiale.com\/#website\",\"url\":\"https:\/\/mostimondiale.com\/\",\"name\":\"Mosti Mondiale\",\"description\":\"\",\"potentialAction\":[{\"@type\":\"SearchAction\",\"target\":{\"@type\":\"EntryPoint\",\"urlTemplate\":\"https:\/\/mostimondiale.com\/?s={search_term_string}\"},\"query-input\":{\"@type\":\"PropertyValueSpecification\",\"valueRequired\":true,\"valueName\":\"search_term_string\"}}],\"inLanguage\":\"fr-CA\"}]}<\/script>\n<!-- \/ Yoast SEO plugin. -->","yoast_head_json":{"title":"Mondiale Fresco Mission \u2022 Trousse|Kit de Vinification | Mosti Mondiale","description":"Notre Mondiale Fresco Mission (20L) est un vin ros\u00e9 mi-cors\u00e9 fait de mo\u00fbt frais. Il est g\u00e9n\u00e9ralement m\u00e9lang\u00e9 \u00e0 d\u2019autres vari\u00e9t\u00e9s.","robots":{"index":"index","follow":"follow","max-snippet":"max-snippet:-1","max-image-preview":"max-image-preview:large","max-video-preview":"max-video-preview:-1"},"canonical":"https:\/\/mostimondiale.com\/produits\/varietal\/mission\/mission\/","og_locale":"fr_CA","og_type":"article","og_title":"Mondiale Fresco Mission \u2022 Trousse|Kit de Vinification | Mosti Mondiale","og_description":"Notre Mondiale Fresco Mission (20L) est un vin ros\u00e9 mi-cors\u00e9 fait de mo\u00fbt frais. Il est g\u00e9n\u00e9ralement m\u00e9lang\u00e9 \u00e0 d\u2019autres vari\u00e9t\u00e9s.","og_url":"https:\/\/mostimondiale.com\/produits\/varietal\/mission\/mission\/","og_site_name":"Mosti Mondiale","article_modified_time":"2019-04-29T20:27:23+00:00","og_image":[{"width":360,"height":360,"url":"https:\/\/mostimondiale.com\/wp-content\/uploads\/2019\/04\/fresco-360x360-fr-1.png","type":"image\/png"}],"twitter_card":"summary_large_image","schema":{"@context":"https:\/\/schema.org","@graph":[{"@type":"WebPage","@id":"https:\/\/mostimondiale.com\/produits\/varietal\/mission\/mission\/","url":"https:\/\/mostimondiale.com\/produits\/varietal\/mission\/mission\/","name":"Mondiale Fresco Mission \u2022 Trousse|Kit de Vinification | Mosti Mondiale","isPartOf":{"@id":"https:\/\/mostimondiale.com\/#website"},"primaryImageOfPage":{"@id":"https:\/\/mostimondiale.com\/produits\/varietal\/mission\/mission\/#primaryimage"},"image":{"@id":"https:\/\/mostimondiale.com\/produits\/varietal\/mission\/mission\/#primaryimage"},"thumbnailUrl":"https:\/\/mostimondiale.com\/wp-content\/uploads\/2019\/04\/fresco-360x360-fr-1.png","datePublished":"2019-04-29T15:46:50+00:00","dateModified":"2019-04-29T20:27:23+00:00","description":"Notre Mondiale Fresco Mission (20L) est un vin ros\u00e9 mi-cors\u00e9 fait de mo\u00fbt frais. Il est g\u00e9n\u00e9ralement m\u00e9lang\u00e9 \u00e0 d\u2019autres vari\u00e9t\u00e9s.","breadcrumb":{"@id":"https:\/\/mostimondiale.com\/produits\/varietal\/mission\/mission\/#breadcrumb"},"inLanguage":"fr-CA","potentialAction":[{"@type":"ReadAction","target":["https:\/\/mostimondiale.com\/produits\/varietal\/mission\/mission\/"]}]},{"@type":"ImageObject","inLanguage":"fr-CA","@id":"https:\/\/mostimondiale.com\/produits\/varietal\/mission\/mission\/#primaryimage","url":"https:\/\/mostimondiale.com\/wp-content\/uploads\/2019\/04\/fresco-360x360-fr-1.png","contentUrl":"https:\/\/mostimondiale.com\/wp-content\/uploads\/2019\/04\/fresco-360x360-fr-1.png","width":360,"height":360},{"@type":"BreadcrumbList","@id":"https:\/\/mostimondiale.com\/produits\/varietal\/mission\/mission\/#breadcrumb","itemListElement":[{"@type":"ListItem","position":1,"name":"Accueil","item":"https:\/\/mostimondiale.com\/fr\/"},{"@type":"ListItem","position":2,"name":"Produits","item":"https:\/\/mostimondiale.com\/fr\/produits\/"},{"@type":"ListItem","position":3,"name":"Mission"}]},{"@type":"WebSite","@id":"https:\/\/mostimondiale.com\/#website","url":"https:\/\/mostimondiale.com\/","name":"Mosti Mondiale","description":"","potentialAction":[{"@type":"SearchAction","target":{"@type":"EntryPoint","urlTemplate":"https:\/\/mostimondiale.com\/?s={search_term_string}"},"query-input":{"@type":"PropertyValueSpecification","valueRequired":true,"valueName":"search_term_string"}}],"inLanguage":"fr-CA"}]}},"_links":{"self":[{"href":"https:\/\/mostimondiale.com\/fr\/wp-json\/wp\/v2\/product\/1767","targetHints":{"allow":["GET"]}}],"collection":[{"href":"https:\/\/mostimondiale.com\/fr\/wp-json\/wp\/v2\/product"}],"about":[{"href":"https:\/\/mostimondiale.com\/fr\/wp-json\/wp\/v2\/types\/product"}],"wp:featuredmedia":[{"embeddable":true,"href":"https:\/\/mostimondiale.com\/fr\/wp-json\/wp\/v2\/media\/1684"}],"wp:attachment":[{"href":"https:\/\/mostimondiale.com\/fr\/wp-json\/wp\/v2\/media?parent=1767"}],"wp:term":[{"taxonomy":"product_brand","embeddable":true,"href":"https:\/\/mostimondiale.com\/fr\/wp-json\/wp\/v2\/product_brand?post=1767"},{"taxonomy":"product_cat","embeddable":true,"href":"https:\/\/mostimondiale.com\/fr\/wp-json\/wp\/v2\/product_cat?post=1767"},{"taxonomy":"product_tag","embeddable":true,"href":"https:\/\/mostimondiale.com\/fr\/wp-json\/wp\/v2\/product_tag?post=1767"}],"curies":[{"name":"wp","href":"https:\/\/api.w.org\/{rel}","templated":true}]}}