{"id":1752,"date":"2019-04-26T11:39:37","date_gmt":"2019-04-26T15:39:38","guid":{"rendered":"https:\/\/mostimondiale.com\/?post_type=product&#038;p=1752"},"modified":"2020-03-23T11:34:05","modified_gmt":"2020-03-23T15:34:05","slug":"gewurztraminer-3","status":"publish","type":"product","link":"https:\/\/mostimondiale.com\/fr\/produits\/cepage\/gewurztraminer-fr\/gewurztraminer-3\/","title":{"rendered":"Gew\u00fcrztraminer"},"content":{"rendered":"","protected":false},"excerpt":{"rendered":"<p>D\u2019une couleur jaune p\u00e2le avec des accents de couleur paille, ce vin offer\u00a0un parfum de fruit floral \u00e9pic\u00e9 et d\u00e9licat, \u00e0 savoir le pamplemousse. Vous\u00a0remarquerez un attrait durable sur vos papilles alors que les pointes d\u2019agrumes compl\u00e8tent un vin \u00e0 la saveur \u00e9quilibr\u00e9e.<\/p>\n","protected":false},"featured_media":1684,"template":"","meta":{"_acf_changed":false},"product_brand":[],"product_cat":[176,194,164,155],"product_tag":[],"class_list":{"0":"post-1752","1":"product","2":"type-product","3":"status-publish","4":"has-post-thumbnail","6":"product_cat-blanc","7":"product_cat-gewurztraminer-fr","8":"product_cat-mondiale-fresco-fr","9":"product_cat-mout-de-raisin-frais","10":"pa_alcohol-280","11":"pa_aroma-epice","12":"pa_aroma-floral-fr","13":"pa_aroma-fruite","14":"pa_body-3-mi-corse","15":"pa_price-254","17":"first","18":"instock","19":"shipping-taxable","20":"product-type-simple"},"acf":[],"yoast_head":"<!-- This site is optimized with the Yoast SEO plugin v26.9 - https:\/\/yoast.com\/product\/yoast-seo-wordpress\/ -->\n<title>Mondiale Fresco Gew\u00fcrztraminer \u2022 Trousse|Kit Vinification | Mosti Mondiale<\/title>\n<meta name=\"description\" content=\"Notre Mondiale Fresco Gew\u00fcrztraminer (23L) est un vin blanc mi-cors\u00e9 fait de mo\u00fbt frais.Un parfum de fruit floral \u00e9pic\u00e9 et d\u00e9licat.\" \/>\n<meta name=\"robots\" content=\"index, follow, max-snippet:-1, max-image-preview:large, max-video-preview:-1\" \/>\n<link rel=\"canonical\" href=\"https:\/\/mostimondiale.com\/produits\/varietal\/gewurztraminer\/gewurztraminer-3\/\" \/>\n<meta property=\"og:locale\" content=\"fr_CA\" \/>\n<meta property=\"og:type\" content=\"article\" \/>\n<meta property=\"og:title\" content=\"Mondiale Fresco Gew\u00fcrztraminer \u2022 Trousse|Kit Vinification | Mosti Mondiale\" \/>\n<meta property=\"og:description\" content=\"Notre Mondiale Fresco Gew\u00fcrztraminer (23L) est un vin blanc mi-cors\u00e9 fait de mo\u00fbt frais.Un parfum de fruit floral \u00e9pic\u00e9 et d\u00e9licat.\" \/>\n<meta property=\"og:url\" content=\"https:\/\/mostimondiale.com\/produits\/varietal\/gewurztraminer\/gewurztraminer-3\/\" \/>\n<meta property=\"og:site_name\" content=\"Mosti Mondiale\" \/>\n<meta property=\"article:modified_time\" content=\"2020-03-23T15:34:05+00:00\" \/>\n<meta property=\"og:image\" content=\"https:\/\/mostimondiale.com\/wp-content\/uploads\/2019\/04\/fresco-360x360-fr-1.png\" \/>\n\t<meta property=\"og:image:width\" content=\"360\" \/>\n\t<meta property=\"og:image:height\" content=\"360\" \/>\n\t<meta property=\"og:image:type\" content=\"image\/png\" \/>\n<meta name=\"twitter:card\" content=\"summary_large_image\" \/>\n<script type=\"application\/ld+json\" class=\"yoast-schema-graph\">{\"@context\":\"https:\/\/schema.org\",\"@graph\":[{\"@type\":\"WebPage\",\"@id\":\"https:\/\/mostimondiale.com\/produits\/varietal\/gewurztraminer\/gewurztraminer-3\/\",\"url\":\"https:\/\/mostimondiale.com\/produits\/varietal\/gewurztraminer\/gewurztraminer-3\/\",\"name\":\"Mondiale Fresco Gew\u00fcrztraminer \u2022 Trousse|Kit Vinification | Mosti Mondiale\",\"isPartOf\":{\"@id\":\"https:\/\/mostimondiale.com\/#website\"},\"primaryImageOfPage\":{\"@id\":\"https:\/\/mostimondiale.com\/produits\/varietal\/gewurztraminer\/gewurztraminer-3\/#primaryimage\"},\"image\":{\"@id\":\"https:\/\/mostimondiale.com\/produits\/varietal\/gewurztraminer\/gewurztraminer-3\/#primaryimage\"},\"thumbnailUrl\":\"https:\/\/mostimondiale.com\/wp-content\/uploads\/2019\/04\/fresco-360x360-fr-1.png\",\"datePublished\":\"2019-04-26T15:39:38+00:00\",\"dateModified\":\"2020-03-23T15:34:05+00:00\",\"description\":\"Notre Mondiale Fresco Gew\u00fcrztraminer (23L) est un vin blanc mi-cors\u00e9 fait de mo\u00fbt frais.Un parfum de fruit floral \u00e9pic\u00e9 et d\u00e9licat.\",\"breadcrumb\":{\"@id\":\"https:\/\/mostimondiale.com\/produits\/varietal\/gewurztraminer\/gewurztraminer-3\/#breadcrumb\"},\"inLanguage\":\"fr-CA\",\"potentialAction\":[{\"@type\":\"ReadAction\",\"target\":[\"https:\/\/mostimondiale.com\/produits\/varietal\/gewurztraminer\/gewurztraminer-3\/\"]}]},{\"@type\":\"ImageObject\",\"inLanguage\":\"fr-CA\",\"@id\":\"https:\/\/mostimondiale.com\/produits\/varietal\/gewurztraminer\/gewurztraminer-3\/#primaryimage\",\"url\":\"https:\/\/mostimondiale.com\/wp-content\/uploads\/2019\/04\/fresco-360x360-fr-1.png\",\"contentUrl\":\"https:\/\/mostimondiale.com\/wp-content\/uploads\/2019\/04\/fresco-360x360-fr-1.png\",\"width\":360,\"height\":360},{\"@type\":\"BreadcrumbList\",\"@id\":\"https:\/\/mostimondiale.com\/produits\/varietal\/gewurztraminer\/gewurztraminer-3\/#breadcrumb\",\"itemListElement\":[{\"@type\":\"ListItem\",\"position\":1,\"name\":\"Accueil\",\"item\":\"https:\/\/mostimondiale.com\/fr\/\"},{\"@type\":\"ListItem\",\"position\":2,\"name\":\"Produits\",\"item\":\"https:\/\/mostimondiale.com\/fr\/produits\/\"},{\"@type\":\"ListItem\",\"position\":3,\"name\":\"Gew\u00fcrztraminer\"}]},{\"@type\":\"WebSite\",\"@id\":\"https:\/\/mostimondiale.com\/#website\",\"url\":\"https:\/\/mostimondiale.com\/\",\"name\":\"Mosti Mondiale\",\"description\":\"\",\"potentialAction\":[{\"@type\":\"SearchAction\",\"target\":{\"@type\":\"EntryPoint\",\"urlTemplate\":\"https:\/\/mostimondiale.com\/?s={search_term_string}\"},\"query-input\":{\"@type\":\"PropertyValueSpecification\",\"valueRequired\":true,\"valueName\":\"search_term_string\"}}],\"inLanguage\":\"fr-CA\"}]}<\/script>\n<!-- \/ Yoast SEO plugin. -->","yoast_head_json":{"title":"Mondiale Fresco Gew\u00fcrztraminer \u2022 Trousse|Kit Vinification | Mosti Mondiale","description":"Notre Mondiale Fresco Gew\u00fcrztraminer (23L) est un vin blanc mi-cors\u00e9 fait de mo\u00fbt frais.Un parfum de fruit floral \u00e9pic\u00e9 et d\u00e9licat.","robots":{"index":"index","follow":"follow","max-snippet":"max-snippet:-1","max-image-preview":"max-image-preview:large","max-video-preview":"max-video-preview:-1"},"canonical":"https:\/\/mostimondiale.com\/produits\/varietal\/gewurztraminer\/gewurztraminer-3\/","og_locale":"fr_CA","og_type":"article","og_title":"Mondiale Fresco Gew\u00fcrztraminer \u2022 Trousse|Kit Vinification | Mosti Mondiale","og_description":"Notre Mondiale Fresco Gew\u00fcrztraminer (23L) est un vin blanc mi-cors\u00e9 fait de mo\u00fbt frais.Un parfum de fruit floral \u00e9pic\u00e9 et d\u00e9licat.","og_url":"https:\/\/mostimondiale.com\/produits\/varietal\/gewurztraminer\/gewurztraminer-3\/","og_site_name":"Mosti Mondiale","article_modified_time":"2020-03-23T15:34:05+00:00","og_image":[{"width":360,"height":360,"url":"https:\/\/mostimondiale.com\/wp-content\/uploads\/2019\/04\/fresco-360x360-fr-1.png","type":"image\/png"}],"twitter_card":"summary_large_image","schema":{"@context":"https:\/\/schema.org","@graph":[{"@type":"WebPage","@id":"https:\/\/mostimondiale.com\/produits\/varietal\/gewurztraminer\/gewurztraminer-3\/","url":"https:\/\/mostimondiale.com\/produits\/varietal\/gewurztraminer\/gewurztraminer-3\/","name":"Mondiale Fresco Gew\u00fcrztraminer \u2022 Trousse|Kit Vinification | Mosti Mondiale","isPartOf":{"@id":"https:\/\/mostimondiale.com\/#website"},"primaryImageOfPage":{"@id":"https:\/\/mostimondiale.com\/produits\/varietal\/gewurztraminer\/gewurztraminer-3\/#primaryimage"},"image":{"@id":"https:\/\/mostimondiale.com\/produits\/varietal\/gewurztraminer\/gewurztraminer-3\/#primaryimage"},"thumbnailUrl":"https:\/\/mostimondiale.com\/wp-content\/uploads\/2019\/04\/fresco-360x360-fr-1.png","datePublished":"2019-04-26T15:39:38+00:00","dateModified":"2020-03-23T15:34:05+00:00","description":"Notre Mondiale Fresco Gew\u00fcrztraminer (23L) est un vin blanc mi-cors\u00e9 fait de mo\u00fbt frais.Un parfum de fruit floral \u00e9pic\u00e9 et d\u00e9licat.","breadcrumb":{"@id":"https:\/\/mostimondiale.com\/produits\/varietal\/gewurztraminer\/gewurztraminer-3\/#breadcrumb"},"inLanguage":"fr-CA","potentialAction":[{"@type":"ReadAction","target":["https:\/\/mostimondiale.com\/produits\/varietal\/gewurztraminer\/gewurztraminer-3\/"]}]},{"@type":"ImageObject","inLanguage":"fr-CA","@id":"https:\/\/mostimondiale.com\/produits\/varietal\/gewurztraminer\/gewurztraminer-3\/#primaryimage","url":"https:\/\/mostimondiale.com\/wp-content\/uploads\/2019\/04\/fresco-360x360-fr-1.png","contentUrl":"https:\/\/mostimondiale.com\/wp-content\/uploads\/2019\/04\/fresco-360x360-fr-1.png","width":360,"height":360},{"@type":"BreadcrumbList","@id":"https:\/\/mostimondiale.com\/produits\/varietal\/gewurztraminer\/gewurztraminer-3\/#breadcrumb","itemListElement":[{"@type":"ListItem","position":1,"name":"Accueil","item":"https:\/\/mostimondiale.com\/fr\/"},{"@type":"ListItem","position":2,"name":"Produits","item":"https:\/\/mostimondiale.com\/fr\/produits\/"},{"@type":"ListItem","position":3,"name":"Gew\u00fcrztraminer"}]},{"@type":"WebSite","@id":"https:\/\/mostimondiale.com\/#website","url":"https:\/\/mostimondiale.com\/","name":"Mosti Mondiale","description":"","potentialAction":[{"@type":"SearchAction","target":{"@type":"EntryPoint","urlTemplate":"https:\/\/mostimondiale.com\/?s={search_term_string}"},"query-input":{"@type":"PropertyValueSpecification","valueRequired":true,"valueName":"search_term_string"}}],"inLanguage":"fr-CA"}]}},"_links":{"self":[{"href":"https:\/\/mostimondiale.com\/fr\/wp-json\/wp\/v2\/product\/1752","targetHints":{"allow":["GET"]}}],"collection":[{"href":"https:\/\/mostimondiale.com\/fr\/wp-json\/wp\/v2\/product"}],"about":[{"href":"https:\/\/mostimondiale.com\/fr\/wp-json\/wp\/v2\/types\/product"}],"wp:featuredmedia":[{"embeddable":true,"href":"https:\/\/mostimondiale.com\/fr\/wp-json\/wp\/v2\/media\/1684"}],"wp:attachment":[{"href":"https:\/\/mostimondiale.com\/fr\/wp-json\/wp\/v2\/media?parent=1752"}],"wp:term":[{"taxonomy":"product_brand","embeddable":true,"href":"https:\/\/mostimondiale.com\/fr\/wp-json\/wp\/v2\/product_brand?post=1752"},{"taxonomy":"product_cat","embeddable":true,"href":"https:\/\/mostimondiale.com\/fr\/wp-json\/wp\/v2\/product_cat?post=1752"},{"taxonomy":"product_tag","embeddable":true,"href":"https:\/\/mostimondiale.com\/fr\/wp-json\/wp\/v2\/product_tag?post=1752"}],"curies":[{"name":"wp","href":"https:\/\/api.w.org\/{rel}","templated":true}]}}