{"id":1744,"date":"2019-04-26T10:38:35","date_gmt":"2019-04-26T14:38:36","guid":{"rendered":"https:\/\/mostimondiale.com\/?post_type=product&#038;p=1744"},"modified":"2019-04-26T11:01:00","modified_gmt":"2019-04-26T15:01:00","slug":"chenin-blanc","status":"publish","type":"product","link":"https:\/\/mostimondiale.com\/fr\/produits\/cepage\/chenin-blanc-fr\/chenin-blanc\/","title":{"rendered":"Chenin Blanc"},"content":{"rendered":"","protected":false},"excerpt":{"rendered":"<p>Cultiv\u00e9 dans les r\u00e9gions plus froides d\u2019Am\u00e9rique du Sud, d\u2019Australie, de Nouvelle-Z\u00e9lande, et dans une moindre mesure en Californie. Il poss\u00e8de des ar\u00f4mes agr\u00e9ables de fleurs, de citron et m\u00eame de melon. Le Chenin Blanc est parfois m\u00e9lang\u00e9 \u00e0 d\u2019autres vins au profil organoleptique moindre et qui b\u00e9n\u00e9ficient de sa haute acidit\u00e9, ce qui en fait un vin l\u00e9ger et vivifiant. Un bon vin \u00e0 garder en cave.<\/p>\n","protected":false},"featured_media":1684,"template":"","meta":{"_acf_changed":false},"product_brand":[],"product_cat":[176,192,164,155],"product_tag":[],"class_list":{"0":"post-1744","1":"product","2":"type-product","3":"status-publish","4":"has-post-thumbnail","6":"product_cat-blanc","7":"product_cat-chenin-blanc-fr","8":"product_cat-mondiale-fresco-fr","9":"product_cat-mout-de-raisin-frais","10":"pa_alcohol-280","11":"pa_aroma-floral-fr","12":"pa_aroma-fruite","13":"pa_body-2-moyen-leger","14":"pa_price-254","16":"first","17":"instock","18":"shipping-taxable","19":"product-type-simple"},"acf":[],"yoast_head":"<!-- This site is optimized with the Yoast SEO plugin v26.9 - https:\/\/yoast.com\/product\/yoast-seo-wordpress\/ -->\n<title>Mondiale Fresco Chenin Blanc \u2022 Trousse de Vinification | Mosti Mondiale<\/title>\n<meta name=\"description\" content=\"Notre Mondiale Fresco Chenin Blanc (20L &amp; 23L) est un vin blanc moyen-l\u00e9ger fait de mo\u00fbt frais. Ar\u00f4mes agr\u00e9ables de fleurs, de citron et m\u00eame de melon.\" \/>\n<meta name=\"robots\" content=\"index, follow, max-snippet:-1, max-image-preview:large, max-video-preview:-1\" \/>\n<link rel=\"canonical\" href=\"https:\/\/mostimondiale.com\/produits\/varietal\/chenin-blanc\/chenin-blanc\/\" \/>\n<meta property=\"og:locale\" content=\"fr_CA\" \/>\n<meta property=\"og:type\" content=\"article\" \/>\n<meta property=\"og:title\" content=\"Mondiale Fresco Chenin Blanc \u2022 Trousse de Vinification | Mosti Mondiale\" \/>\n<meta property=\"og:description\" content=\"Notre Mondiale Fresco Chenin Blanc (20L &amp; 23L) est un vin blanc moyen-l\u00e9ger fait de mo\u00fbt frais. Ar\u00f4mes agr\u00e9ables de fleurs, de citron et m\u00eame de melon.\" \/>\n<meta property=\"og:url\" content=\"https:\/\/mostimondiale.com\/produits\/varietal\/chenin-blanc\/chenin-blanc\/\" \/>\n<meta property=\"og:site_name\" content=\"Mosti Mondiale\" \/>\n<meta property=\"article:modified_time\" content=\"2019-04-26T15:01:00+00:00\" \/>\n<meta property=\"og:image\" content=\"https:\/\/mostimondiale.com\/wp-content\/uploads\/2019\/04\/fresco-360x360-fr-1.png\" \/>\n\t<meta property=\"og:image:width\" content=\"360\" \/>\n\t<meta property=\"og:image:height\" content=\"360\" \/>\n\t<meta property=\"og:image:type\" content=\"image\/png\" \/>\n<meta name=\"twitter:card\" content=\"summary_large_image\" \/>\n<script type=\"application\/ld+json\" class=\"yoast-schema-graph\">{\"@context\":\"https:\/\/schema.org\",\"@graph\":[{\"@type\":\"WebPage\",\"@id\":\"https:\/\/mostimondiale.com\/produits\/varietal\/chenin-blanc\/chenin-blanc\/\",\"url\":\"https:\/\/mostimondiale.com\/produits\/varietal\/chenin-blanc\/chenin-blanc\/\",\"name\":\"Mondiale Fresco Chenin Blanc \u2022 Trousse de Vinification | Mosti Mondiale\",\"isPartOf\":{\"@id\":\"https:\/\/mostimondiale.com\/#website\"},\"primaryImageOfPage\":{\"@id\":\"https:\/\/mostimondiale.com\/produits\/varietal\/chenin-blanc\/chenin-blanc\/#primaryimage\"},\"image\":{\"@id\":\"https:\/\/mostimondiale.com\/produits\/varietal\/chenin-blanc\/chenin-blanc\/#primaryimage\"},\"thumbnailUrl\":\"https:\/\/mostimondiale.com\/wp-content\/uploads\/2019\/04\/fresco-360x360-fr-1.png\",\"datePublished\":\"2019-04-26T14:38:36+00:00\",\"dateModified\":\"2019-04-26T15:01:00+00:00\",\"description\":\"Notre Mondiale Fresco Chenin Blanc (20L & 23L) est un vin blanc moyen-l\u00e9ger fait de mo\u00fbt frais. Ar\u00f4mes agr\u00e9ables de fleurs, de citron et m\u00eame de melon.\",\"breadcrumb\":{\"@id\":\"https:\/\/mostimondiale.com\/produits\/varietal\/chenin-blanc\/chenin-blanc\/#breadcrumb\"},\"inLanguage\":\"fr-CA\",\"potentialAction\":[{\"@type\":\"ReadAction\",\"target\":[\"https:\/\/mostimondiale.com\/produits\/varietal\/chenin-blanc\/chenin-blanc\/\"]}]},{\"@type\":\"ImageObject\",\"inLanguage\":\"fr-CA\",\"@id\":\"https:\/\/mostimondiale.com\/produits\/varietal\/chenin-blanc\/chenin-blanc\/#primaryimage\",\"url\":\"https:\/\/mostimondiale.com\/wp-content\/uploads\/2019\/04\/fresco-360x360-fr-1.png\",\"contentUrl\":\"https:\/\/mostimondiale.com\/wp-content\/uploads\/2019\/04\/fresco-360x360-fr-1.png\",\"width\":360,\"height\":360},{\"@type\":\"BreadcrumbList\",\"@id\":\"https:\/\/mostimondiale.com\/produits\/varietal\/chenin-blanc\/chenin-blanc\/#breadcrumb\",\"itemListElement\":[{\"@type\":\"ListItem\",\"position\":1,\"name\":\"Accueil\",\"item\":\"https:\/\/mostimondiale.com\/fr\/\"},{\"@type\":\"ListItem\",\"position\":2,\"name\":\"Produits\",\"item\":\"https:\/\/mostimondiale.com\/fr\/produits\/\"},{\"@type\":\"ListItem\",\"position\":3,\"name\":\"Chenin Blanc\"}]},{\"@type\":\"WebSite\",\"@id\":\"https:\/\/mostimondiale.com\/#website\",\"url\":\"https:\/\/mostimondiale.com\/\",\"name\":\"Mosti Mondiale\",\"description\":\"\",\"potentialAction\":[{\"@type\":\"SearchAction\",\"target\":{\"@type\":\"EntryPoint\",\"urlTemplate\":\"https:\/\/mostimondiale.com\/?s={search_term_string}\"},\"query-input\":{\"@type\":\"PropertyValueSpecification\",\"valueRequired\":true,\"valueName\":\"search_term_string\"}}],\"inLanguage\":\"fr-CA\"}]}<\/script>\n<!-- \/ Yoast SEO plugin. -->","yoast_head_json":{"title":"Mondiale Fresco Chenin Blanc \u2022 Trousse de Vinification | Mosti Mondiale","description":"Notre Mondiale Fresco Chenin Blanc (20L & 23L) est un vin blanc moyen-l\u00e9ger fait de mo\u00fbt frais. Ar\u00f4mes agr\u00e9ables de fleurs, de citron et m\u00eame de melon.","robots":{"index":"index","follow":"follow","max-snippet":"max-snippet:-1","max-image-preview":"max-image-preview:large","max-video-preview":"max-video-preview:-1"},"canonical":"https:\/\/mostimondiale.com\/produits\/varietal\/chenin-blanc\/chenin-blanc\/","og_locale":"fr_CA","og_type":"article","og_title":"Mondiale Fresco Chenin Blanc \u2022 Trousse de Vinification | Mosti Mondiale","og_description":"Notre Mondiale Fresco Chenin Blanc (20L & 23L) est un vin blanc moyen-l\u00e9ger fait de mo\u00fbt frais. Ar\u00f4mes agr\u00e9ables de fleurs, de citron et m\u00eame de melon.","og_url":"https:\/\/mostimondiale.com\/produits\/varietal\/chenin-blanc\/chenin-blanc\/","og_site_name":"Mosti Mondiale","article_modified_time":"2019-04-26T15:01:00+00:00","og_image":[{"width":360,"height":360,"url":"https:\/\/mostimondiale.com\/wp-content\/uploads\/2019\/04\/fresco-360x360-fr-1.png","type":"image\/png"}],"twitter_card":"summary_large_image","schema":{"@context":"https:\/\/schema.org","@graph":[{"@type":"WebPage","@id":"https:\/\/mostimondiale.com\/produits\/varietal\/chenin-blanc\/chenin-blanc\/","url":"https:\/\/mostimondiale.com\/produits\/varietal\/chenin-blanc\/chenin-blanc\/","name":"Mondiale Fresco Chenin Blanc \u2022 Trousse de Vinification | Mosti Mondiale","isPartOf":{"@id":"https:\/\/mostimondiale.com\/#website"},"primaryImageOfPage":{"@id":"https:\/\/mostimondiale.com\/produits\/varietal\/chenin-blanc\/chenin-blanc\/#primaryimage"},"image":{"@id":"https:\/\/mostimondiale.com\/produits\/varietal\/chenin-blanc\/chenin-blanc\/#primaryimage"},"thumbnailUrl":"https:\/\/mostimondiale.com\/wp-content\/uploads\/2019\/04\/fresco-360x360-fr-1.png","datePublished":"2019-04-26T14:38:36+00:00","dateModified":"2019-04-26T15:01:00+00:00","description":"Notre Mondiale Fresco Chenin Blanc (20L & 23L) est un vin blanc moyen-l\u00e9ger fait de mo\u00fbt frais. Ar\u00f4mes agr\u00e9ables de fleurs, de citron et m\u00eame de melon.","breadcrumb":{"@id":"https:\/\/mostimondiale.com\/produits\/varietal\/chenin-blanc\/chenin-blanc\/#breadcrumb"},"inLanguage":"fr-CA","potentialAction":[{"@type":"ReadAction","target":["https:\/\/mostimondiale.com\/produits\/varietal\/chenin-blanc\/chenin-blanc\/"]}]},{"@type":"ImageObject","inLanguage":"fr-CA","@id":"https:\/\/mostimondiale.com\/produits\/varietal\/chenin-blanc\/chenin-blanc\/#primaryimage","url":"https:\/\/mostimondiale.com\/wp-content\/uploads\/2019\/04\/fresco-360x360-fr-1.png","contentUrl":"https:\/\/mostimondiale.com\/wp-content\/uploads\/2019\/04\/fresco-360x360-fr-1.png","width":360,"height":360},{"@type":"BreadcrumbList","@id":"https:\/\/mostimondiale.com\/produits\/varietal\/chenin-blanc\/chenin-blanc\/#breadcrumb","itemListElement":[{"@type":"ListItem","position":1,"name":"Accueil","item":"https:\/\/mostimondiale.com\/fr\/"},{"@type":"ListItem","position":2,"name":"Produits","item":"https:\/\/mostimondiale.com\/fr\/produits\/"},{"@type":"ListItem","position":3,"name":"Chenin Blanc"}]},{"@type":"WebSite","@id":"https:\/\/mostimondiale.com\/#website","url":"https:\/\/mostimondiale.com\/","name":"Mosti Mondiale","description":"","potentialAction":[{"@type":"SearchAction","target":{"@type":"EntryPoint","urlTemplate":"https:\/\/mostimondiale.com\/?s={search_term_string}"},"query-input":{"@type":"PropertyValueSpecification","valueRequired":true,"valueName":"search_term_string"}}],"inLanguage":"fr-CA"}]}},"_links":{"self":[{"href":"https:\/\/mostimondiale.com\/fr\/wp-json\/wp\/v2\/product\/1744","targetHints":{"allow":["GET"]}}],"collection":[{"href":"https:\/\/mostimondiale.com\/fr\/wp-json\/wp\/v2\/product"}],"about":[{"href":"https:\/\/mostimondiale.com\/fr\/wp-json\/wp\/v2\/types\/product"}],"wp:featuredmedia":[{"embeddable":true,"href":"https:\/\/mostimondiale.com\/fr\/wp-json\/wp\/v2\/media\/1684"}],"wp:attachment":[{"href":"https:\/\/mostimondiale.com\/fr\/wp-json\/wp\/v2\/media?parent=1744"}],"wp:term":[{"taxonomy":"product_brand","embeddable":true,"href":"https:\/\/mostimondiale.com\/fr\/wp-json\/wp\/v2\/product_brand?post=1744"},{"taxonomy":"product_cat","embeddable":true,"href":"https:\/\/mostimondiale.com\/fr\/wp-json\/wp\/v2\/product_cat?post=1744"},{"taxonomy":"product_tag","embeddable":true,"href":"https:\/\/mostimondiale.com\/fr\/wp-json\/wp\/v2\/product_tag?post=1744"}],"curies":[{"name":"wp","href":"https:\/\/api.w.org\/{rel}","templated":true}]}}