{"id":1741,"date":"2019-04-26T10:23:24","date_gmt":"2019-04-26T14:23:23","guid":{"rendered":"https:\/\/mostimondiale.com\/?post_type=product&#038;p=1741"},"modified":"2019-04-26T11:02:55","modified_gmt":"2019-04-26T15:02:55","slug":"blanc-des-chateaux-2","status":"publish","type":"product","link":"https:\/\/mostimondiale.com\/fr\/produits\/cepage\/blanc-des-chateaux-fr\/blanc-des-chateaux-2\/","title":{"rendered":"Blanc des Ch\u00e2teaux"},"content":{"rendered":"","protected":false},"excerpt":{"rendered":"<p>Ce vin blanc se pr\u00e9sente avec des reflets dor\u00e9s, exsudant des ar\u00f4mes de pomme, d\u2019\u00e9corce d\u2019orange et de fleurs. Un m\u00e9lange de p\u00eaches, d\u2019agrumes et de figues apporte du caract\u00e8re \u00e0 ce vin, en conf\u00e9rant une saveur nette et une persistance en bouche. Une acidit\u00e9 douce et de bons niveaux d\u2019alcool, bien que n\u2019\u00e9tant pas excessifs, en font un vin somptueux et bien constitu\u00e9.<\/p>\n","protected":false},"featured_media":1684,"template":"","meta":{"_acf_changed":false},"product_brand":[],"product_cat":[176,183,164,155],"product_tag":[],"class_list":{"0":"post-1741","1":"product","2":"type-product","3":"status-publish","4":"has-post-thumbnail","6":"product_cat-blanc","7":"product_cat-blanc-des-chateaux-fr","8":"product_cat-mondiale-fresco-fr","9":"product_cat-mout-de-raisin-frais","10":"pa_alcohol-11-6","11":"pa_aroma-floral-fr","12":"pa_aroma-fruite","13":"pa_body-3-mi-corse","14":"pa_price-254","16":"first","17":"instock","18":"shipping-taxable","19":"product-type-simple"},"acf":[],"yoast_head":"<!-- This site is optimized with the Yoast SEO plugin v26.9 - https:\/\/yoast.com\/product\/yoast-seo-wordpress\/ -->\n<title>Mondiale Fresco Blanc des Ch\u00e2teaux \u2022 Trousse | Mosti Mondiale<\/title>\n<meta name=\"description\" content=\"Notre Mondiale Fresco Blanc des Ch\u00e2teaux (20L &amp; 23L) est un vin blanc mi-cors\u00e9 fait de mo\u00fbt frais. Ar\u00f4mes de pomme, d\u2019\u00e9corce d\u2019orange et de fleurs.\" \/>\n<meta name=\"robots\" content=\"index, follow, max-snippet:-1, max-image-preview:large, max-video-preview:-1\" \/>\n<link rel=\"canonical\" href=\"https:\/\/mostimondiale.com\/produits\/varietal\/blanc-des-chateaux\/blanc-des-chateaux-2\/\" \/>\n<meta property=\"og:locale\" content=\"fr_CA\" \/>\n<meta property=\"og:type\" content=\"article\" \/>\n<meta property=\"og:title\" content=\"Mondiale Fresco Blanc des Ch\u00e2teaux \u2022 Trousse | Mosti Mondiale\" \/>\n<meta property=\"og:description\" content=\"Notre Mondiale Fresco Blanc des Ch\u00e2teaux (20L &amp; 23L) est un vin blanc mi-cors\u00e9 fait de mo\u00fbt frais. Ar\u00f4mes de pomme, d\u2019\u00e9corce d\u2019orange et de fleurs.\" \/>\n<meta property=\"og:url\" content=\"https:\/\/mostimondiale.com\/produits\/varietal\/blanc-des-chateaux\/blanc-des-chateaux-2\/\" \/>\n<meta property=\"og:site_name\" content=\"Mosti Mondiale\" \/>\n<meta property=\"article:modified_time\" content=\"2019-04-26T15:02:55+00:00\" \/>\n<meta property=\"og:image\" content=\"https:\/\/mostimondiale.com\/wp-content\/uploads\/2019\/04\/fresco-360x360-fr-1.png\" \/>\n\t<meta property=\"og:image:width\" content=\"360\" \/>\n\t<meta property=\"og:image:height\" content=\"360\" \/>\n\t<meta property=\"og:image:type\" content=\"image\/png\" \/>\n<meta name=\"twitter:card\" content=\"summary_large_image\" \/>\n<script type=\"application\/ld+json\" class=\"yoast-schema-graph\">{\"@context\":\"https:\/\/schema.org\",\"@graph\":[{\"@type\":\"WebPage\",\"@id\":\"https:\/\/mostimondiale.com\/produits\/varietal\/blanc-des-chateaux\/blanc-des-chateaux-2\/\",\"url\":\"https:\/\/mostimondiale.com\/produits\/varietal\/blanc-des-chateaux\/blanc-des-chateaux-2\/\",\"name\":\"Mondiale Fresco Blanc des Ch\u00e2teaux \u2022 Trousse | Mosti Mondiale\",\"isPartOf\":{\"@id\":\"https:\/\/mostimondiale.com\/#website\"},\"primaryImageOfPage\":{\"@id\":\"https:\/\/mostimondiale.com\/produits\/varietal\/blanc-des-chateaux\/blanc-des-chateaux-2\/#primaryimage\"},\"image\":{\"@id\":\"https:\/\/mostimondiale.com\/produits\/varietal\/blanc-des-chateaux\/blanc-des-chateaux-2\/#primaryimage\"},\"thumbnailUrl\":\"https:\/\/mostimondiale.com\/wp-content\/uploads\/2019\/04\/fresco-360x360-fr-1.png\",\"datePublished\":\"2019-04-26T14:23:23+00:00\",\"dateModified\":\"2019-04-26T15:02:55+00:00\",\"description\":\"Notre Mondiale Fresco Blanc des Ch\u00e2teaux (20L & 23L) est un vin blanc mi-cors\u00e9 fait de mo\u00fbt frais. Ar\u00f4mes de pomme, d\u2019\u00e9corce d\u2019orange et de fleurs.\",\"breadcrumb\":{\"@id\":\"https:\/\/mostimondiale.com\/produits\/varietal\/blanc-des-chateaux\/blanc-des-chateaux-2\/#breadcrumb\"},\"inLanguage\":\"fr-CA\",\"potentialAction\":[{\"@type\":\"ReadAction\",\"target\":[\"https:\/\/mostimondiale.com\/produits\/varietal\/blanc-des-chateaux\/blanc-des-chateaux-2\/\"]}]},{\"@type\":\"ImageObject\",\"inLanguage\":\"fr-CA\",\"@id\":\"https:\/\/mostimondiale.com\/produits\/varietal\/blanc-des-chateaux\/blanc-des-chateaux-2\/#primaryimage\",\"url\":\"https:\/\/mostimondiale.com\/wp-content\/uploads\/2019\/04\/fresco-360x360-fr-1.png\",\"contentUrl\":\"https:\/\/mostimondiale.com\/wp-content\/uploads\/2019\/04\/fresco-360x360-fr-1.png\",\"width\":360,\"height\":360},{\"@type\":\"BreadcrumbList\",\"@id\":\"https:\/\/mostimondiale.com\/produits\/varietal\/blanc-des-chateaux\/blanc-des-chateaux-2\/#breadcrumb\",\"itemListElement\":[{\"@type\":\"ListItem\",\"position\":1,\"name\":\"Accueil\",\"item\":\"https:\/\/mostimondiale.com\/fr\/\"},{\"@type\":\"ListItem\",\"position\":2,\"name\":\"Produits\",\"item\":\"https:\/\/mostimondiale.com\/fr\/produits\/\"},{\"@type\":\"ListItem\",\"position\":3,\"name\":\"Blanc des Ch\u00e2teaux\"}]},{\"@type\":\"WebSite\",\"@id\":\"https:\/\/mostimondiale.com\/#website\",\"url\":\"https:\/\/mostimondiale.com\/\",\"name\":\"Mosti Mondiale\",\"description\":\"\",\"potentialAction\":[{\"@type\":\"SearchAction\",\"target\":{\"@type\":\"EntryPoint\",\"urlTemplate\":\"https:\/\/mostimondiale.com\/?s={search_term_string}\"},\"query-input\":{\"@type\":\"PropertyValueSpecification\",\"valueRequired\":true,\"valueName\":\"search_term_string\"}}],\"inLanguage\":\"fr-CA\"}]}<\/script>\n<!-- \/ Yoast SEO plugin. -->","yoast_head_json":{"title":"Mondiale Fresco Blanc des Ch\u00e2teaux \u2022 Trousse | Mosti Mondiale","description":"Notre Mondiale Fresco Blanc des Ch\u00e2teaux (20L & 23L) est un vin blanc mi-cors\u00e9 fait de mo\u00fbt frais. Ar\u00f4mes de pomme, d\u2019\u00e9corce d\u2019orange et de fleurs.","robots":{"index":"index","follow":"follow","max-snippet":"max-snippet:-1","max-image-preview":"max-image-preview:large","max-video-preview":"max-video-preview:-1"},"canonical":"https:\/\/mostimondiale.com\/produits\/varietal\/blanc-des-chateaux\/blanc-des-chateaux-2\/","og_locale":"fr_CA","og_type":"article","og_title":"Mondiale Fresco Blanc des Ch\u00e2teaux \u2022 Trousse | Mosti Mondiale","og_description":"Notre Mondiale Fresco Blanc des Ch\u00e2teaux (20L & 23L) est un vin blanc mi-cors\u00e9 fait de mo\u00fbt frais. Ar\u00f4mes de pomme, d\u2019\u00e9corce d\u2019orange et de fleurs.","og_url":"https:\/\/mostimondiale.com\/produits\/varietal\/blanc-des-chateaux\/blanc-des-chateaux-2\/","og_site_name":"Mosti Mondiale","article_modified_time":"2019-04-26T15:02:55+00:00","og_image":[{"width":360,"height":360,"url":"https:\/\/mostimondiale.com\/wp-content\/uploads\/2019\/04\/fresco-360x360-fr-1.png","type":"image\/png"}],"twitter_card":"summary_large_image","schema":{"@context":"https:\/\/schema.org","@graph":[{"@type":"WebPage","@id":"https:\/\/mostimondiale.com\/produits\/varietal\/blanc-des-chateaux\/blanc-des-chateaux-2\/","url":"https:\/\/mostimondiale.com\/produits\/varietal\/blanc-des-chateaux\/blanc-des-chateaux-2\/","name":"Mondiale Fresco Blanc des Ch\u00e2teaux \u2022 Trousse | Mosti Mondiale","isPartOf":{"@id":"https:\/\/mostimondiale.com\/#website"},"primaryImageOfPage":{"@id":"https:\/\/mostimondiale.com\/produits\/varietal\/blanc-des-chateaux\/blanc-des-chateaux-2\/#primaryimage"},"image":{"@id":"https:\/\/mostimondiale.com\/produits\/varietal\/blanc-des-chateaux\/blanc-des-chateaux-2\/#primaryimage"},"thumbnailUrl":"https:\/\/mostimondiale.com\/wp-content\/uploads\/2019\/04\/fresco-360x360-fr-1.png","datePublished":"2019-04-26T14:23:23+00:00","dateModified":"2019-04-26T15:02:55+00:00","description":"Notre Mondiale Fresco Blanc des Ch\u00e2teaux (20L & 23L) est un vin blanc mi-cors\u00e9 fait de mo\u00fbt frais. Ar\u00f4mes de pomme, d\u2019\u00e9corce d\u2019orange et de fleurs.","breadcrumb":{"@id":"https:\/\/mostimondiale.com\/produits\/varietal\/blanc-des-chateaux\/blanc-des-chateaux-2\/#breadcrumb"},"inLanguage":"fr-CA","potentialAction":[{"@type":"ReadAction","target":["https:\/\/mostimondiale.com\/produits\/varietal\/blanc-des-chateaux\/blanc-des-chateaux-2\/"]}]},{"@type":"ImageObject","inLanguage":"fr-CA","@id":"https:\/\/mostimondiale.com\/produits\/varietal\/blanc-des-chateaux\/blanc-des-chateaux-2\/#primaryimage","url":"https:\/\/mostimondiale.com\/wp-content\/uploads\/2019\/04\/fresco-360x360-fr-1.png","contentUrl":"https:\/\/mostimondiale.com\/wp-content\/uploads\/2019\/04\/fresco-360x360-fr-1.png","width":360,"height":360},{"@type":"BreadcrumbList","@id":"https:\/\/mostimondiale.com\/produits\/varietal\/blanc-des-chateaux\/blanc-des-chateaux-2\/#breadcrumb","itemListElement":[{"@type":"ListItem","position":1,"name":"Accueil","item":"https:\/\/mostimondiale.com\/fr\/"},{"@type":"ListItem","position":2,"name":"Produits","item":"https:\/\/mostimondiale.com\/fr\/produits\/"},{"@type":"ListItem","position":3,"name":"Blanc des Ch\u00e2teaux"}]},{"@type":"WebSite","@id":"https:\/\/mostimondiale.com\/#website","url":"https:\/\/mostimondiale.com\/","name":"Mosti Mondiale","description":"","potentialAction":[{"@type":"SearchAction","target":{"@type":"EntryPoint","urlTemplate":"https:\/\/mostimondiale.com\/?s={search_term_string}"},"query-input":{"@type":"PropertyValueSpecification","valueRequired":true,"valueName":"search_term_string"}}],"inLanguage":"fr-CA"}]}},"_links":{"self":[{"href":"https:\/\/mostimondiale.com\/fr\/wp-json\/wp\/v2\/product\/1741","targetHints":{"allow":["GET"]}}],"collection":[{"href":"https:\/\/mostimondiale.com\/fr\/wp-json\/wp\/v2\/product"}],"about":[{"href":"https:\/\/mostimondiale.com\/fr\/wp-json\/wp\/v2\/types\/product"}],"wp:featuredmedia":[{"embeddable":true,"href":"https:\/\/mostimondiale.com\/fr\/wp-json\/wp\/v2\/media\/1684"}],"wp:attachment":[{"href":"https:\/\/mostimondiale.com\/fr\/wp-json\/wp\/v2\/media?parent=1741"}],"wp:term":[{"taxonomy":"product_brand","embeddable":true,"href":"https:\/\/mostimondiale.com\/fr\/wp-json\/wp\/v2\/product_brand?post=1741"},{"taxonomy":"product_cat","embeddable":true,"href":"https:\/\/mostimondiale.com\/fr\/wp-json\/wp\/v2\/product_cat?post=1741"},{"taxonomy":"product_tag","embeddable":true,"href":"https:\/\/mostimondiale.com\/fr\/wp-json\/wp\/v2\/product_tag?post=1741"}],"curies":[{"name":"wp","href":"https:\/\/api.w.org\/{rel}","templated":true}]}}