{"id":1735,"date":"2019-04-26T10:12:43","date_gmt":"2019-04-26T14:12:42","guid":{"rendered":"https:\/\/mostimondiale.com\/?post_type=product&#038;p=1735"},"modified":"2019-04-26T10:15:40","modified_gmt":"2019-04-26T14:15:40","slug":"primitivo","status":"publish","type":"product","link":"https:\/\/mostimondiale.com\/fr\/produits\/cepage\/primitivo-fr\/primitivo\/","title":{"rendered":"Primitivo"},"content":{"rendered":"","protected":false},"excerpt":{"rendered":"<p>Un vin rouge moyennement cors\u00e9 aux notes de c\u00e8dre, d\u2019\u00e9pices et espresso. Souvent confondu avec le Zinfandel, il gagne maintenant en popularit\u00e9 comme un vin similaire avec ses propres caract\u00e9ristiques uniques et distinctes.<\/p>\n","protected":false},"featured_media":1684,"template":"","meta":{"_acf_changed":false},"product_brand":[],"product_cat":[164,155,217,173],"product_tag":[],"class_list":{"0":"post-1735","1":"product","2":"type-product","3":"status-publish","4":"has-post-thumbnail","6":"product_cat-mondiale-fresco-fr","7":"product_cat-mout-de-raisin-frais","8":"product_cat-primitivo-fr","9":"product_cat-rouge","10":"pa_alcohol-14-1","11":"pa_aroma-boise","12":"pa_aroma-epice","13":"pa_body-3-mi-corse","14":"pa_price-254","16":"first","17":"instock","18":"shipping-taxable","19":"product-type-simple"},"acf":[],"yoast_head":"<!-- This site is optimized with the Yoast SEO plugin v26.9 - https:\/\/yoast.com\/product\/yoast-seo-wordpress\/ -->\n<title>Mondiale Fresco Primitivo \u2022 Trousse|Kit de Vinification | Mosti Mondiale<\/title>\n<meta name=\"description\" content=\"Notre Mondiale Fresco Primitivo (20L &amp; 23L) est un vin rouge mi-cors\u00e9 fait de mo\u00fbt frais. Notes de c\u00e8dre, d\u2019\u00e9pices et espresso.\" \/>\n<meta name=\"robots\" content=\"index, follow, max-snippet:-1, max-image-preview:large, max-video-preview:-1\" \/>\n<link rel=\"canonical\" href=\"https:\/\/mostimondiale.com\/produits\/varietal\/primitivo\/primitivo\/\" \/>\n<meta property=\"og:locale\" content=\"fr_CA\" \/>\n<meta property=\"og:type\" content=\"article\" \/>\n<meta property=\"og:title\" content=\"Mondiale Fresco Primitivo \u2022 Trousse|Kit de Vinification | Mosti Mondiale\" \/>\n<meta property=\"og:description\" content=\"Notre Mondiale Fresco Primitivo (20L &amp; 23L) est un vin rouge mi-cors\u00e9 fait de mo\u00fbt frais. Notes de c\u00e8dre, d\u2019\u00e9pices et espresso.\" \/>\n<meta property=\"og:url\" content=\"https:\/\/mostimondiale.com\/produits\/varietal\/primitivo\/primitivo\/\" \/>\n<meta property=\"og:site_name\" content=\"Mosti Mondiale\" \/>\n<meta property=\"article:modified_time\" content=\"2019-04-26T14:15:40+00:00\" \/>\n<meta property=\"og:image\" content=\"https:\/\/mostimondiale.com\/wp-content\/uploads\/2019\/04\/fresco-360x360-fr-1.png\" \/>\n\t<meta property=\"og:image:width\" content=\"360\" \/>\n\t<meta property=\"og:image:height\" content=\"360\" \/>\n\t<meta property=\"og:image:type\" content=\"image\/png\" \/>\n<meta name=\"twitter:card\" content=\"summary_large_image\" \/>\n<script type=\"application\/ld+json\" class=\"yoast-schema-graph\">{\"@context\":\"https:\/\/schema.org\",\"@graph\":[{\"@type\":\"WebPage\",\"@id\":\"https:\/\/mostimondiale.com\/produits\/varietal\/primitivo\/primitivo\/\",\"url\":\"https:\/\/mostimondiale.com\/produits\/varietal\/primitivo\/primitivo\/\",\"name\":\"Mondiale Fresco Primitivo \u2022 Trousse|Kit de Vinification | Mosti Mondiale\",\"isPartOf\":{\"@id\":\"https:\/\/mostimondiale.com\/#website\"},\"primaryImageOfPage\":{\"@id\":\"https:\/\/mostimondiale.com\/produits\/varietal\/primitivo\/primitivo\/#primaryimage\"},\"image\":{\"@id\":\"https:\/\/mostimondiale.com\/produits\/varietal\/primitivo\/primitivo\/#primaryimage\"},\"thumbnailUrl\":\"https:\/\/mostimondiale.com\/wp-content\/uploads\/2019\/04\/fresco-360x360-fr-1.png\",\"datePublished\":\"2019-04-26T14:12:42+00:00\",\"dateModified\":\"2019-04-26T14:15:40+00:00\",\"description\":\"Notre Mondiale Fresco Primitivo (20L & 23L) est un vin rouge mi-cors\u00e9 fait de mo\u00fbt frais. Notes de c\u00e8dre, d\u2019\u00e9pices et espresso.\",\"breadcrumb\":{\"@id\":\"https:\/\/mostimondiale.com\/produits\/varietal\/primitivo\/primitivo\/#breadcrumb\"},\"inLanguage\":\"fr-CA\",\"potentialAction\":[{\"@type\":\"ReadAction\",\"target\":[\"https:\/\/mostimondiale.com\/produits\/varietal\/primitivo\/primitivo\/\"]}]},{\"@type\":\"ImageObject\",\"inLanguage\":\"fr-CA\",\"@id\":\"https:\/\/mostimondiale.com\/produits\/varietal\/primitivo\/primitivo\/#primaryimage\",\"url\":\"https:\/\/mostimondiale.com\/wp-content\/uploads\/2019\/04\/fresco-360x360-fr-1.png\",\"contentUrl\":\"https:\/\/mostimondiale.com\/wp-content\/uploads\/2019\/04\/fresco-360x360-fr-1.png\",\"width\":360,\"height\":360},{\"@type\":\"BreadcrumbList\",\"@id\":\"https:\/\/mostimondiale.com\/produits\/varietal\/primitivo\/primitivo\/#breadcrumb\",\"itemListElement\":[{\"@type\":\"ListItem\",\"position\":1,\"name\":\"Accueil\",\"item\":\"https:\/\/mostimondiale.com\/fr\/\"},{\"@type\":\"ListItem\",\"position\":2,\"name\":\"Produits\",\"item\":\"https:\/\/mostimondiale.com\/fr\/produits\/\"},{\"@type\":\"ListItem\",\"position\":3,\"name\":\"Primitivo\"}]},{\"@type\":\"WebSite\",\"@id\":\"https:\/\/mostimondiale.com\/#website\",\"url\":\"https:\/\/mostimondiale.com\/\",\"name\":\"Mosti Mondiale\",\"description\":\"\",\"potentialAction\":[{\"@type\":\"SearchAction\",\"target\":{\"@type\":\"EntryPoint\",\"urlTemplate\":\"https:\/\/mostimondiale.com\/?s={search_term_string}\"},\"query-input\":{\"@type\":\"PropertyValueSpecification\",\"valueRequired\":true,\"valueName\":\"search_term_string\"}}],\"inLanguage\":\"fr-CA\"}]}<\/script>\n<!-- \/ Yoast SEO plugin. -->","yoast_head_json":{"title":"Mondiale Fresco Primitivo \u2022 Trousse|Kit de Vinification | Mosti Mondiale","description":"Notre Mondiale Fresco Primitivo (20L & 23L) est un vin rouge mi-cors\u00e9 fait de mo\u00fbt frais. Notes de c\u00e8dre, d\u2019\u00e9pices et espresso.","robots":{"index":"index","follow":"follow","max-snippet":"max-snippet:-1","max-image-preview":"max-image-preview:large","max-video-preview":"max-video-preview:-1"},"canonical":"https:\/\/mostimondiale.com\/produits\/varietal\/primitivo\/primitivo\/","og_locale":"fr_CA","og_type":"article","og_title":"Mondiale Fresco Primitivo \u2022 Trousse|Kit de Vinification | Mosti Mondiale","og_description":"Notre Mondiale Fresco Primitivo (20L & 23L) est un vin rouge mi-cors\u00e9 fait de mo\u00fbt frais. Notes de c\u00e8dre, d\u2019\u00e9pices et espresso.","og_url":"https:\/\/mostimondiale.com\/produits\/varietal\/primitivo\/primitivo\/","og_site_name":"Mosti Mondiale","article_modified_time":"2019-04-26T14:15:40+00:00","og_image":[{"width":360,"height":360,"url":"https:\/\/mostimondiale.com\/wp-content\/uploads\/2019\/04\/fresco-360x360-fr-1.png","type":"image\/png"}],"twitter_card":"summary_large_image","schema":{"@context":"https:\/\/schema.org","@graph":[{"@type":"WebPage","@id":"https:\/\/mostimondiale.com\/produits\/varietal\/primitivo\/primitivo\/","url":"https:\/\/mostimondiale.com\/produits\/varietal\/primitivo\/primitivo\/","name":"Mondiale Fresco Primitivo \u2022 Trousse|Kit de Vinification | Mosti Mondiale","isPartOf":{"@id":"https:\/\/mostimondiale.com\/#website"},"primaryImageOfPage":{"@id":"https:\/\/mostimondiale.com\/produits\/varietal\/primitivo\/primitivo\/#primaryimage"},"image":{"@id":"https:\/\/mostimondiale.com\/produits\/varietal\/primitivo\/primitivo\/#primaryimage"},"thumbnailUrl":"https:\/\/mostimondiale.com\/wp-content\/uploads\/2019\/04\/fresco-360x360-fr-1.png","datePublished":"2019-04-26T14:12:42+00:00","dateModified":"2019-04-26T14:15:40+00:00","description":"Notre Mondiale Fresco Primitivo (20L & 23L) est un vin rouge mi-cors\u00e9 fait de mo\u00fbt frais. Notes de c\u00e8dre, d\u2019\u00e9pices et espresso.","breadcrumb":{"@id":"https:\/\/mostimondiale.com\/produits\/varietal\/primitivo\/primitivo\/#breadcrumb"},"inLanguage":"fr-CA","potentialAction":[{"@type":"ReadAction","target":["https:\/\/mostimondiale.com\/produits\/varietal\/primitivo\/primitivo\/"]}]},{"@type":"ImageObject","inLanguage":"fr-CA","@id":"https:\/\/mostimondiale.com\/produits\/varietal\/primitivo\/primitivo\/#primaryimage","url":"https:\/\/mostimondiale.com\/wp-content\/uploads\/2019\/04\/fresco-360x360-fr-1.png","contentUrl":"https:\/\/mostimondiale.com\/wp-content\/uploads\/2019\/04\/fresco-360x360-fr-1.png","width":360,"height":360},{"@type":"BreadcrumbList","@id":"https:\/\/mostimondiale.com\/produits\/varietal\/primitivo\/primitivo\/#breadcrumb","itemListElement":[{"@type":"ListItem","position":1,"name":"Accueil","item":"https:\/\/mostimondiale.com\/fr\/"},{"@type":"ListItem","position":2,"name":"Produits","item":"https:\/\/mostimondiale.com\/fr\/produits\/"},{"@type":"ListItem","position":3,"name":"Primitivo"}]},{"@type":"WebSite","@id":"https:\/\/mostimondiale.com\/#website","url":"https:\/\/mostimondiale.com\/","name":"Mosti Mondiale","description":"","potentialAction":[{"@type":"SearchAction","target":{"@type":"EntryPoint","urlTemplate":"https:\/\/mostimondiale.com\/?s={search_term_string}"},"query-input":{"@type":"PropertyValueSpecification","valueRequired":true,"valueName":"search_term_string"}}],"inLanguage":"fr-CA"}]}},"_links":{"self":[{"href":"https:\/\/mostimondiale.com\/fr\/wp-json\/wp\/v2\/product\/1735","targetHints":{"allow":["GET"]}}],"collection":[{"href":"https:\/\/mostimondiale.com\/fr\/wp-json\/wp\/v2\/product"}],"about":[{"href":"https:\/\/mostimondiale.com\/fr\/wp-json\/wp\/v2\/types\/product"}],"wp:featuredmedia":[{"embeddable":true,"href":"https:\/\/mostimondiale.com\/fr\/wp-json\/wp\/v2\/media\/1684"}],"wp:attachment":[{"href":"https:\/\/mostimondiale.com\/fr\/wp-json\/wp\/v2\/media?parent=1735"}],"wp:term":[{"taxonomy":"product_brand","embeddable":true,"href":"https:\/\/mostimondiale.com\/fr\/wp-json\/wp\/v2\/product_brand?post=1735"},{"taxonomy":"product_cat","embeddable":true,"href":"https:\/\/mostimondiale.com\/fr\/wp-json\/wp\/v2\/product_cat?post=1735"},{"taxonomy":"product_tag","embeddable":true,"href":"https:\/\/mostimondiale.com\/fr\/wp-json\/wp\/v2\/product_tag?post=1735"}],"curies":[{"name":"wp","href":"https:\/\/api.w.org\/{rel}","templated":true}]}}