{"id":1725,"date":"2019-04-25T14:06:30","date_gmt":"2019-04-25T18:06:29","guid":{"rendered":"https:\/\/mostimondiale.com\/?post_type=product&#038;p=1725"},"modified":"2019-04-25T14:10:40","modified_gmt":"2019-04-25T18:10:40","slug":"nebbiolo-5","status":"publish","type":"product","link":"https:\/\/mostimondiale.com\/fr\/produits\/cepage\/nebbiolo-fr\/nebbiolo-5\/","title":{"rendered":"Nebbiolo"},"content":{"rendered":"","protected":false},"excerpt":{"rendered":"<p>Originaire de la r\u00e9gion du Pi\u00e9mont dans le nord-est de l\u2019Italie, le raisin Nebbiolo a une r\u00e9putation sans pareille. Il produit des vins aux caract\u00e9ristiques qui ne sont pas toujours consid\u00e9r\u00e9es comme d\u00e9sirables prises individuellement, mais il les accorde d\u2019une fa\u00e7on magique. Le nez d\u00e9veloppe un ar\u00f4me de charbon et une touche florale de violettes. En bouche, l\u2019acidit\u00e9 et les tanins sont omnipr\u00e9sents, et en font un vin qui trouve sa v\u00e9ritable identit\u00e9 lorsqu\u2019il est servi avec de la nourriture.<\/p>\n","protected":false},"featured_media":1684,"template":"","meta":{"_acf_changed":false},"product_brand":[],"product_cat":[164,155,207,173],"product_tag":[],"class_list":{"0":"post-1725","1":"product","2":"type-product","3":"status-publish","4":"has-post-thumbnail","6":"product_cat-mondiale-fresco-fr","7":"product_cat-mout-de-raisin-frais","8":"product_cat-nebbiolo-fr","9":"product_cat-rouge","10":"pa_alcohol-12-5","11":"pa_aroma-floral-fr","12":"pa_body-5-tres-corse","13":"pa_price-254","15":"first","16":"instock","17":"shipping-taxable","18":"product-type-simple"},"acf":[],"yoast_head":"<!-- This site is optimized with the Yoast SEO plugin v26.9 - https:\/\/yoast.com\/product\/yoast-seo-wordpress\/ -->\n<title>Mondiale Fresco Nebbiolo \u2022 Trousse|Kit de Vinification | Mosti Mondiale<\/title>\n<meta name=\"description\" content=\"Notre Mondiale Fresco Nebbiolo (20L &amp; 23L) est un vin rouge tr\u00e8s cors\u00e9 fait de mo\u00fbt frais. Ar\u00f4me de charbon et une touche florale de violettes.\" \/>\n<meta name=\"robots\" content=\"index, follow, max-snippet:-1, max-image-preview:large, max-video-preview:-1\" \/>\n<link rel=\"canonical\" href=\"https:\/\/mostimondiale.com\/fr\/produits\/cepage\/nebbiolo-fr\/nebbiolo-5\/\" \/>\n<meta property=\"og:locale\" content=\"fr_CA\" \/>\n<meta property=\"og:type\" content=\"article\" \/>\n<meta property=\"og:title\" content=\"Mondiale Fresco Nebbiolo \u2022 Trousse|Kit de Vinification | Mosti Mondiale\" \/>\n<meta property=\"og:description\" content=\"Notre Mondiale Fresco Nebbiolo (20L &amp; 23L) est un vin rouge tr\u00e8s cors\u00e9 fait de mo\u00fbt frais. Ar\u00f4me de charbon et une touche florale de violettes.\" \/>\n<meta property=\"og:url\" content=\"https:\/\/mostimondiale.com\/fr\/produits\/cepage\/nebbiolo-fr\/nebbiolo-5\/\" \/>\n<meta property=\"og:site_name\" content=\"Mosti Mondiale\" \/>\n<meta property=\"article:modified_time\" content=\"2019-04-25T18:10:40+00:00\" \/>\n<meta property=\"og:image\" content=\"https:\/\/mostimondiale.com\/wp-content\/uploads\/2019\/04\/fresco-360x360-fr-1.png\" \/>\n\t<meta property=\"og:image:width\" content=\"360\" \/>\n\t<meta property=\"og:image:height\" content=\"360\" \/>\n\t<meta property=\"og:image:type\" content=\"image\/png\" \/>\n<meta name=\"twitter:card\" content=\"summary_large_image\" \/>\n<script type=\"application\/ld+json\" class=\"yoast-schema-graph\">{\"@context\":\"https:\/\/schema.org\",\"@graph\":[{\"@type\":\"WebPage\",\"@id\":\"https:\/\/mostimondiale.com\/fr\/produits\/cepage\/nebbiolo-fr\/nebbiolo-5\/\",\"url\":\"https:\/\/mostimondiale.com\/fr\/produits\/cepage\/nebbiolo-fr\/nebbiolo-5\/\",\"name\":\"Mondiale Fresco Nebbiolo \u2022 Trousse|Kit de Vinification | Mosti Mondiale\",\"isPartOf\":{\"@id\":\"https:\/\/mostimondiale.com\/#website\"},\"primaryImageOfPage\":{\"@id\":\"https:\/\/mostimondiale.com\/fr\/produits\/cepage\/nebbiolo-fr\/nebbiolo-5\/#primaryimage\"},\"image\":{\"@id\":\"https:\/\/mostimondiale.com\/fr\/produits\/cepage\/nebbiolo-fr\/nebbiolo-5\/#primaryimage\"},\"thumbnailUrl\":\"https:\/\/mostimondiale.com\/wp-content\/uploads\/2019\/04\/fresco-360x360-fr-1.png\",\"datePublished\":\"2019-04-25T18:06:29+00:00\",\"dateModified\":\"2019-04-25T18:10:40+00:00\",\"description\":\"Notre Mondiale Fresco Nebbiolo (20L & 23L) est un vin rouge tr\u00e8s cors\u00e9 fait de mo\u00fbt frais. Ar\u00f4me de charbon et une touche florale de violettes.\",\"breadcrumb\":{\"@id\":\"https:\/\/mostimondiale.com\/fr\/produits\/cepage\/nebbiolo-fr\/nebbiolo-5\/#breadcrumb\"},\"inLanguage\":\"fr-CA\",\"potentialAction\":[{\"@type\":\"ReadAction\",\"target\":[\"https:\/\/mostimondiale.com\/fr\/produits\/cepage\/nebbiolo-fr\/nebbiolo-5\/\"]}]},{\"@type\":\"ImageObject\",\"inLanguage\":\"fr-CA\",\"@id\":\"https:\/\/mostimondiale.com\/fr\/produits\/cepage\/nebbiolo-fr\/nebbiolo-5\/#primaryimage\",\"url\":\"https:\/\/mostimondiale.com\/wp-content\/uploads\/2019\/04\/fresco-360x360-fr-1.png\",\"contentUrl\":\"https:\/\/mostimondiale.com\/wp-content\/uploads\/2019\/04\/fresco-360x360-fr-1.png\",\"width\":360,\"height\":360},{\"@type\":\"BreadcrumbList\",\"@id\":\"https:\/\/mostimondiale.com\/fr\/produits\/cepage\/nebbiolo-fr\/nebbiolo-5\/#breadcrumb\",\"itemListElement\":[{\"@type\":\"ListItem\",\"position\":1,\"name\":\"Accueil\",\"item\":\"https:\/\/mostimondiale.com\/fr\/\"},{\"@type\":\"ListItem\",\"position\":2,\"name\":\"Produits\",\"item\":\"https:\/\/mostimondiale.com\/fr\/produits\/\"},{\"@type\":\"ListItem\",\"position\":3,\"name\":\"Nebbiolo\"}]},{\"@type\":\"WebSite\",\"@id\":\"https:\/\/mostimondiale.com\/#website\",\"url\":\"https:\/\/mostimondiale.com\/\",\"name\":\"Mosti Mondiale\",\"description\":\"\",\"potentialAction\":[{\"@type\":\"SearchAction\",\"target\":{\"@type\":\"EntryPoint\",\"urlTemplate\":\"https:\/\/mostimondiale.com\/?s={search_term_string}\"},\"query-input\":{\"@type\":\"PropertyValueSpecification\",\"valueRequired\":true,\"valueName\":\"search_term_string\"}}],\"inLanguage\":\"fr-CA\"}]}<\/script>\n<!-- \/ Yoast SEO plugin. -->","yoast_head_json":{"title":"Mondiale Fresco Nebbiolo \u2022 Trousse|Kit de Vinification | Mosti Mondiale","description":"Notre Mondiale Fresco Nebbiolo (20L & 23L) est un vin rouge tr\u00e8s cors\u00e9 fait de mo\u00fbt frais. Ar\u00f4me de charbon et une touche florale de violettes.","robots":{"index":"index","follow":"follow","max-snippet":"max-snippet:-1","max-image-preview":"max-image-preview:large","max-video-preview":"max-video-preview:-1"},"canonical":"https:\/\/mostimondiale.com\/fr\/produits\/cepage\/nebbiolo-fr\/nebbiolo-5\/","og_locale":"fr_CA","og_type":"article","og_title":"Mondiale Fresco Nebbiolo \u2022 Trousse|Kit de Vinification | Mosti Mondiale","og_description":"Notre Mondiale Fresco Nebbiolo (20L & 23L) est un vin rouge tr\u00e8s cors\u00e9 fait de mo\u00fbt frais. Ar\u00f4me de charbon et une touche florale de violettes.","og_url":"https:\/\/mostimondiale.com\/fr\/produits\/cepage\/nebbiolo-fr\/nebbiolo-5\/","og_site_name":"Mosti Mondiale","article_modified_time":"2019-04-25T18:10:40+00:00","og_image":[{"width":360,"height":360,"url":"https:\/\/mostimondiale.com\/wp-content\/uploads\/2019\/04\/fresco-360x360-fr-1.png","type":"image\/png"}],"twitter_card":"summary_large_image","schema":{"@context":"https:\/\/schema.org","@graph":[{"@type":"WebPage","@id":"https:\/\/mostimondiale.com\/fr\/produits\/cepage\/nebbiolo-fr\/nebbiolo-5\/","url":"https:\/\/mostimondiale.com\/fr\/produits\/cepage\/nebbiolo-fr\/nebbiolo-5\/","name":"Mondiale Fresco Nebbiolo \u2022 Trousse|Kit de Vinification | Mosti Mondiale","isPartOf":{"@id":"https:\/\/mostimondiale.com\/#website"},"primaryImageOfPage":{"@id":"https:\/\/mostimondiale.com\/fr\/produits\/cepage\/nebbiolo-fr\/nebbiolo-5\/#primaryimage"},"image":{"@id":"https:\/\/mostimondiale.com\/fr\/produits\/cepage\/nebbiolo-fr\/nebbiolo-5\/#primaryimage"},"thumbnailUrl":"https:\/\/mostimondiale.com\/wp-content\/uploads\/2019\/04\/fresco-360x360-fr-1.png","datePublished":"2019-04-25T18:06:29+00:00","dateModified":"2019-04-25T18:10:40+00:00","description":"Notre Mondiale Fresco Nebbiolo (20L & 23L) est un vin rouge tr\u00e8s cors\u00e9 fait de mo\u00fbt frais. Ar\u00f4me de charbon et une touche florale de violettes.","breadcrumb":{"@id":"https:\/\/mostimondiale.com\/fr\/produits\/cepage\/nebbiolo-fr\/nebbiolo-5\/#breadcrumb"},"inLanguage":"fr-CA","potentialAction":[{"@type":"ReadAction","target":["https:\/\/mostimondiale.com\/fr\/produits\/cepage\/nebbiolo-fr\/nebbiolo-5\/"]}]},{"@type":"ImageObject","inLanguage":"fr-CA","@id":"https:\/\/mostimondiale.com\/fr\/produits\/cepage\/nebbiolo-fr\/nebbiolo-5\/#primaryimage","url":"https:\/\/mostimondiale.com\/wp-content\/uploads\/2019\/04\/fresco-360x360-fr-1.png","contentUrl":"https:\/\/mostimondiale.com\/wp-content\/uploads\/2019\/04\/fresco-360x360-fr-1.png","width":360,"height":360},{"@type":"BreadcrumbList","@id":"https:\/\/mostimondiale.com\/fr\/produits\/cepage\/nebbiolo-fr\/nebbiolo-5\/#breadcrumb","itemListElement":[{"@type":"ListItem","position":1,"name":"Accueil","item":"https:\/\/mostimondiale.com\/fr\/"},{"@type":"ListItem","position":2,"name":"Produits","item":"https:\/\/mostimondiale.com\/fr\/produits\/"},{"@type":"ListItem","position":3,"name":"Nebbiolo"}]},{"@type":"WebSite","@id":"https:\/\/mostimondiale.com\/#website","url":"https:\/\/mostimondiale.com\/","name":"Mosti Mondiale","description":"","potentialAction":[{"@type":"SearchAction","target":{"@type":"EntryPoint","urlTemplate":"https:\/\/mostimondiale.com\/?s={search_term_string}"},"query-input":{"@type":"PropertyValueSpecification","valueRequired":true,"valueName":"search_term_string"}}],"inLanguage":"fr-CA"}]}},"_links":{"self":[{"href":"https:\/\/mostimondiale.com\/fr\/wp-json\/wp\/v2\/product\/1725","targetHints":{"allow":["GET"]}}],"collection":[{"href":"https:\/\/mostimondiale.com\/fr\/wp-json\/wp\/v2\/product"}],"about":[{"href":"https:\/\/mostimondiale.com\/fr\/wp-json\/wp\/v2\/types\/product"}],"wp:featuredmedia":[{"embeddable":true,"href":"https:\/\/mostimondiale.com\/fr\/wp-json\/wp\/v2\/media\/1684"}],"wp:attachment":[{"href":"https:\/\/mostimondiale.com\/fr\/wp-json\/wp\/v2\/media?parent=1725"}],"wp:term":[{"taxonomy":"product_brand","embeddable":true,"href":"https:\/\/mostimondiale.com\/fr\/wp-json\/wp\/v2\/product_brand?post=1725"},{"taxonomy":"product_cat","embeddable":true,"href":"https:\/\/mostimondiale.com\/fr\/wp-json\/wp\/v2\/product_cat?post=1725"},{"taxonomy":"product_tag","embeddable":true,"href":"https:\/\/mostimondiale.com\/fr\/wp-json\/wp\/v2\/product_tag?post=1725"}],"curies":[{"name":"wp","href":"https:\/\/api.w.org\/{rel}","templated":true}]}}