{"id":1714,"date":"2019-04-25T12:35:05","date_gmt":"2019-04-25T16:35:05","guid":{"rendered":"https:\/\/mostimondiale.com\/?post_type=product&#038;p=1714"},"modified":"2019-04-25T12:41:12","modified_gmt":"2019-04-25T16:41:12","slug":"shiraz-4","status":"publish","type":"product","link":"https:\/\/mostimondiale.com\/fr\/produits\/cepage\/shiraz-fr\/shiraz-4\/","title":{"rendered":"Shiraz"},"content":{"rendered":"","protected":false},"excerpt":{"rendered":"<p>Une v\u00e9ritable marque dans les vins d\u2019aujourd\u2019hui. Ses \u00e9clats violet-rubis et son pourtour violet subliment la complexit\u00e9 de son bouquet qui unit des notes d\u2019eucalyptus et de cassis. Sa bonne acidit\u00e9 et ses tanins riches et velout\u00e9s offrent une fra\u00eecheur ferme. Les baies rouges et les fruits noirs intenses associ\u00e9s \u00e0 une teinte fum\u00e9e r\u00e9chauffent le palais en suivant la direction des ar\u00f4mes de menthol qui sont pr\u00e9sent\u00e9s.<\/p>\n","protected":false},"featured_media":1684,"template":"","meta":{"_acf_changed":false},"product_brand":[],"product_cat":[164,155,173,223],"product_tag":[],"class_list":{"0":"post-1714","1":"product","2":"type-product","3":"status-publish","4":"has-post-thumbnail","6":"product_cat-mondiale-fresco-fr","7":"product_cat-mout-de-raisin-frais","8":"product_cat-rouge","9":"product_cat-shiraz-fr","10":"pa_alcohol-11-5","11":"pa_aroma-boise","12":"pa_aroma-fruite","13":"pa_aroma-herbace","14":"pa_body-5-tres-corse","15":"pa_price-254","17":"first","18":"instock","19":"shipping-taxable","20":"product-type-simple"},"acf":[],"yoast_head":"<!-- This site is optimized with the Yoast SEO plugin v26.9 - https:\/\/yoast.com\/product\/yoast-seo-wordpress\/ -->\n<title>Mondiale Fresco Shiraz \u2022 Trousse|Kit de Vinification | Mosti Mondiale<\/title>\n<meta name=\"description\" content=\"Notre Mondiale Fresco Shiraz (20L &amp; 23L) est un vin rouge tr\u00e8s cors\u00e9 fait de mo\u00fbt frais. Baies rouges et fruits noirs intenses associ\u00e9s \u00e0 une teinte fum\u00e9e.\" \/>\n<meta name=\"robots\" content=\"index, follow, max-snippet:-1, max-image-preview:large, max-video-preview:-1\" \/>\n<link rel=\"canonical\" href=\"https:\/\/mostimondiale.com\/produits\/varietal\/shiraz\/shiraz-4\/\" \/>\n<meta property=\"og:locale\" content=\"fr_CA\" \/>\n<meta property=\"og:type\" content=\"article\" \/>\n<meta property=\"og:title\" content=\"Mondiale Fresco Shiraz \u2022 Trousse|Kit de Vinification | Mosti Mondiale\" \/>\n<meta property=\"og:description\" content=\"Notre Mondiale Fresco Shiraz (20L &amp; 23L) est un vin rouge tr\u00e8s cors\u00e9 fait de mo\u00fbt frais. Baies rouges et fruits noirs intenses associ\u00e9s \u00e0 une teinte fum\u00e9e.\" \/>\n<meta property=\"og:url\" content=\"https:\/\/mostimondiale.com\/produits\/varietal\/shiraz\/shiraz-4\/\" \/>\n<meta property=\"og:site_name\" content=\"Mosti Mondiale\" \/>\n<meta property=\"article:modified_time\" content=\"2019-04-25T16:41:12+00:00\" \/>\n<meta property=\"og:image\" content=\"https:\/\/mostimondiale.com\/wp-content\/uploads\/2019\/04\/fresco-360x360-fr-1.png\" \/>\n\t<meta property=\"og:image:width\" content=\"360\" \/>\n\t<meta property=\"og:image:height\" content=\"360\" \/>\n\t<meta property=\"og:image:type\" content=\"image\/png\" \/>\n<meta name=\"twitter:card\" content=\"summary_large_image\" \/>\n<script type=\"application\/ld+json\" class=\"yoast-schema-graph\">{\"@context\":\"https:\/\/schema.org\",\"@graph\":[{\"@type\":\"WebPage\",\"@id\":\"https:\/\/mostimondiale.com\/produits\/varietal\/shiraz\/shiraz-4\/\",\"url\":\"https:\/\/mostimondiale.com\/produits\/varietal\/shiraz\/shiraz-4\/\",\"name\":\"Mondiale Fresco Shiraz \u2022 Trousse|Kit de Vinification | Mosti Mondiale\",\"isPartOf\":{\"@id\":\"https:\/\/mostimondiale.com\/#website\"},\"primaryImageOfPage\":{\"@id\":\"https:\/\/mostimondiale.com\/produits\/varietal\/shiraz\/shiraz-4\/#primaryimage\"},\"image\":{\"@id\":\"https:\/\/mostimondiale.com\/produits\/varietal\/shiraz\/shiraz-4\/#primaryimage\"},\"thumbnailUrl\":\"https:\/\/mostimondiale.com\/wp-content\/uploads\/2019\/04\/fresco-360x360-fr-1.png\",\"datePublished\":\"2019-04-25T16:35:05+00:00\",\"dateModified\":\"2019-04-25T16:41:12+00:00\",\"description\":\"Notre Mondiale Fresco Shiraz (20L & 23L) est un vin rouge tr\u00e8s cors\u00e9 fait de mo\u00fbt frais. Baies rouges et fruits noirs intenses associ\u00e9s \u00e0 une teinte fum\u00e9e.\",\"breadcrumb\":{\"@id\":\"https:\/\/mostimondiale.com\/produits\/varietal\/shiraz\/shiraz-4\/#breadcrumb\"},\"inLanguage\":\"fr-CA\",\"potentialAction\":[{\"@type\":\"ReadAction\",\"target\":[\"https:\/\/mostimondiale.com\/produits\/varietal\/shiraz\/shiraz-4\/\"]}]},{\"@type\":\"ImageObject\",\"inLanguage\":\"fr-CA\",\"@id\":\"https:\/\/mostimondiale.com\/produits\/varietal\/shiraz\/shiraz-4\/#primaryimage\",\"url\":\"https:\/\/mostimondiale.com\/wp-content\/uploads\/2019\/04\/fresco-360x360-fr-1.png\",\"contentUrl\":\"https:\/\/mostimondiale.com\/wp-content\/uploads\/2019\/04\/fresco-360x360-fr-1.png\",\"width\":360,\"height\":360},{\"@type\":\"BreadcrumbList\",\"@id\":\"https:\/\/mostimondiale.com\/produits\/varietal\/shiraz\/shiraz-4\/#breadcrumb\",\"itemListElement\":[{\"@type\":\"ListItem\",\"position\":1,\"name\":\"Accueil\",\"item\":\"https:\/\/mostimondiale.com\/fr\/\"},{\"@type\":\"ListItem\",\"position\":2,\"name\":\"Produits\",\"item\":\"https:\/\/mostimondiale.com\/fr\/produits\/\"},{\"@type\":\"ListItem\",\"position\":3,\"name\":\"Shiraz\"}]},{\"@type\":\"WebSite\",\"@id\":\"https:\/\/mostimondiale.com\/#website\",\"url\":\"https:\/\/mostimondiale.com\/\",\"name\":\"Mosti Mondiale\",\"description\":\"\",\"potentialAction\":[{\"@type\":\"SearchAction\",\"target\":{\"@type\":\"EntryPoint\",\"urlTemplate\":\"https:\/\/mostimondiale.com\/?s={search_term_string}\"},\"query-input\":{\"@type\":\"PropertyValueSpecification\",\"valueRequired\":true,\"valueName\":\"search_term_string\"}}],\"inLanguage\":\"fr-CA\"}]}<\/script>\n<!-- \/ Yoast SEO plugin. -->","yoast_head_json":{"title":"Mondiale Fresco Shiraz \u2022 Trousse|Kit de Vinification | Mosti Mondiale","description":"Notre Mondiale Fresco Shiraz (20L & 23L) est un vin rouge tr\u00e8s cors\u00e9 fait de mo\u00fbt frais. Baies rouges et fruits noirs intenses associ\u00e9s \u00e0 une teinte fum\u00e9e.","robots":{"index":"index","follow":"follow","max-snippet":"max-snippet:-1","max-image-preview":"max-image-preview:large","max-video-preview":"max-video-preview:-1"},"canonical":"https:\/\/mostimondiale.com\/produits\/varietal\/shiraz\/shiraz-4\/","og_locale":"fr_CA","og_type":"article","og_title":"Mondiale Fresco Shiraz \u2022 Trousse|Kit de Vinification | Mosti Mondiale","og_description":"Notre Mondiale Fresco Shiraz (20L & 23L) est un vin rouge tr\u00e8s cors\u00e9 fait de mo\u00fbt frais. Baies rouges et fruits noirs intenses associ\u00e9s \u00e0 une teinte fum\u00e9e.","og_url":"https:\/\/mostimondiale.com\/produits\/varietal\/shiraz\/shiraz-4\/","og_site_name":"Mosti Mondiale","article_modified_time":"2019-04-25T16:41:12+00:00","og_image":[{"width":360,"height":360,"url":"https:\/\/mostimondiale.com\/wp-content\/uploads\/2019\/04\/fresco-360x360-fr-1.png","type":"image\/png"}],"twitter_card":"summary_large_image","schema":{"@context":"https:\/\/schema.org","@graph":[{"@type":"WebPage","@id":"https:\/\/mostimondiale.com\/produits\/varietal\/shiraz\/shiraz-4\/","url":"https:\/\/mostimondiale.com\/produits\/varietal\/shiraz\/shiraz-4\/","name":"Mondiale Fresco Shiraz \u2022 Trousse|Kit de Vinification | Mosti Mondiale","isPartOf":{"@id":"https:\/\/mostimondiale.com\/#website"},"primaryImageOfPage":{"@id":"https:\/\/mostimondiale.com\/produits\/varietal\/shiraz\/shiraz-4\/#primaryimage"},"image":{"@id":"https:\/\/mostimondiale.com\/produits\/varietal\/shiraz\/shiraz-4\/#primaryimage"},"thumbnailUrl":"https:\/\/mostimondiale.com\/wp-content\/uploads\/2019\/04\/fresco-360x360-fr-1.png","datePublished":"2019-04-25T16:35:05+00:00","dateModified":"2019-04-25T16:41:12+00:00","description":"Notre Mondiale Fresco Shiraz (20L & 23L) est un vin rouge tr\u00e8s cors\u00e9 fait de mo\u00fbt frais. Baies rouges et fruits noirs intenses associ\u00e9s \u00e0 une teinte fum\u00e9e.","breadcrumb":{"@id":"https:\/\/mostimondiale.com\/produits\/varietal\/shiraz\/shiraz-4\/#breadcrumb"},"inLanguage":"fr-CA","potentialAction":[{"@type":"ReadAction","target":["https:\/\/mostimondiale.com\/produits\/varietal\/shiraz\/shiraz-4\/"]}]},{"@type":"ImageObject","inLanguage":"fr-CA","@id":"https:\/\/mostimondiale.com\/produits\/varietal\/shiraz\/shiraz-4\/#primaryimage","url":"https:\/\/mostimondiale.com\/wp-content\/uploads\/2019\/04\/fresco-360x360-fr-1.png","contentUrl":"https:\/\/mostimondiale.com\/wp-content\/uploads\/2019\/04\/fresco-360x360-fr-1.png","width":360,"height":360},{"@type":"BreadcrumbList","@id":"https:\/\/mostimondiale.com\/produits\/varietal\/shiraz\/shiraz-4\/#breadcrumb","itemListElement":[{"@type":"ListItem","position":1,"name":"Accueil","item":"https:\/\/mostimondiale.com\/fr\/"},{"@type":"ListItem","position":2,"name":"Produits","item":"https:\/\/mostimondiale.com\/fr\/produits\/"},{"@type":"ListItem","position":3,"name":"Shiraz"}]},{"@type":"WebSite","@id":"https:\/\/mostimondiale.com\/#website","url":"https:\/\/mostimondiale.com\/","name":"Mosti Mondiale","description":"","potentialAction":[{"@type":"SearchAction","target":{"@type":"EntryPoint","urlTemplate":"https:\/\/mostimondiale.com\/?s={search_term_string}"},"query-input":{"@type":"PropertyValueSpecification","valueRequired":true,"valueName":"search_term_string"}}],"inLanguage":"fr-CA"}]}},"_links":{"self":[{"href":"https:\/\/mostimondiale.com\/fr\/wp-json\/wp\/v2\/product\/1714","targetHints":{"allow":["GET"]}}],"collection":[{"href":"https:\/\/mostimondiale.com\/fr\/wp-json\/wp\/v2\/product"}],"about":[{"href":"https:\/\/mostimondiale.com\/fr\/wp-json\/wp\/v2\/types\/product"}],"wp:featuredmedia":[{"embeddable":true,"href":"https:\/\/mostimondiale.com\/fr\/wp-json\/wp\/v2\/media\/1684"}],"wp:attachment":[{"href":"https:\/\/mostimondiale.com\/fr\/wp-json\/wp\/v2\/media?parent=1714"}],"wp:term":[{"taxonomy":"product_brand","embeddable":true,"href":"https:\/\/mostimondiale.com\/fr\/wp-json\/wp\/v2\/product_brand?post=1714"},{"taxonomy":"product_cat","embeddable":true,"href":"https:\/\/mostimondiale.com\/fr\/wp-json\/wp\/v2\/product_cat?post=1714"},{"taxonomy":"product_tag","embeddable":true,"href":"https:\/\/mostimondiale.com\/fr\/wp-json\/wp\/v2\/product_tag?post=1714"}],"curies":[{"name":"wp","href":"https:\/\/api.w.org\/{rel}","templated":true}]}}