{"id":1702,"date":"2019-04-25T11:27:21","date_gmt":"2019-04-25T15:27:21","guid":{"rendered":"https:\/\/mostimondiale.com\/?post_type=product&#038;p=1702"},"modified":"2019-04-25T11:59:58","modified_gmt":"2019-04-25T15:59:58","slug":"cabernet-sauvignon-9","status":"publish","type":"product","link":"https:\/\/mostimondiale.com\/fr\/produits\/cepage\/cabernet-sauvignon-fr\/cabernet-sauvignon-9\/","title":{"rendered":"Cabernet Sauvignon"},"content":{"rendered":"","protected":false},"excerpt":{"rendered":"<p>Le Cabernet Sauvignon pr\u00e9sente un bouquet frais de cerises arrondi d\u2019accents poivr\u00e9s et d\u2019\u00e9pices d\u00e9licats. Vous remarquerez une attaque initiale avec beaucoup de corps et des tanins chaleureux, mais ce vin \u00e9quilibr\u00e9 reste fid\u00e8le \u00e0 son caract\u00e8re de vin d\u00e9licieux pouvant \u00eatre appr\u00e9ci\u00e9 en toutes occasions.<\/p>\n","protected":false},"featured_media":1684,"template":"","meta":{"_acf_changed":false},"product_brand":[],"product_cat":[187,164,155,173],"product_tag":[],"class_list":{"0":"post-1702","1":"product","2":"type-product","3":"status-publish","4":"has-post-thumbnail","6":"product_cat-cabernet-sauvignon-fr","7":"product_cat-mondiale-fresco-fr","8":"product_cat-mout-de-raisin-frais","9":"product_cat-rouge","10":"pa_alcohol-272","11":"pa_aroma-epice","12":"pa_aroma-fruite","13":"pa_body-5-tres-corse","14":"pa_price-254","16":"first","17":"instock","18":"shipping-taxable","19":"product-type-simple"},"acf":[],"yoast_head":"<!-- This site is optimized with the Yoast SEO plugin v26.9 - https:\/\/yoast.com\/product\/yoast-seo-wordpress\/ -->\n<title>Mondiale Fresco Cabernet Sauvignon \u2022 Trousse | Mosti Mondiale<\/title>\n<meta name=\"description\" content=\"Notre Mondiale Fresco Cabernet Sauvignon (20L &amp; 23L) est un vin rouge tr\u00e8s cors\u00e9 fait de mo\u00fbt frais. Accents poivr\u00e9s et d\u2019\u00e9pices d\u00e9licats.\" \/>\n<meta name=\"robots\" content=\"index, follow, max-snippet:-1, max-image-preview:large, max-video-preview:-1\" \/>\n<link rel=\"canonical\" href=\"https:\/\/mostimondiale.com\/produits\/varietal\/cabernet-sauvignon\/cabernet-sauvignon-9\/\" \/>\n<meta property=\"og:locale\" content=\"fr_CA\" \/>\n<meta property=\"og:type\" content=\"article\" \/>\n<meta property=\"og:title\" content=\"Mondiale Fresco Cabernet Sauvignon \u2022 Trousse | Mosti Mondiale\" \/>\n<meta property=\"og:description\" content=\"Notre Mondiale Fresco Cabernet Sauvignon (20L &amp; 23L) est un vin rouge tr\u00e8s cors\u00e9 fait de mo\u00fbt frais. Accents poivr\u00e9s et d\u2019\u00e9pices d\u00e9licats.\" \/>\n<meta property=\"og:url\" content=\"https:\/\/mostimondiale.com\/produits\/varietal\/cabernet-sauvignon\/cabernet-sauvignon-9\/\" \/>\n<meta property=\"og:site_name\" content=\"Mosti Mondiale\" \/>\n<meta property=\"article:modified_time\" content=\"2019-04-25T15:59:58+00:00\" \/>\n<meta property=\"og:image\" content=\"https:\/\/mostimondiale.com\/wp-content\/uploads\/2019\/04\/fresco-360x360-fr-1.png\" \/>\n\t<meta property=\"og:image:width\" content=\"360\" \/>\n\t<meta property=\"og:image:height\" content=\"360\" \/>\n\t<meta property=\"og:image:type\" content=\"image\/png\" \/>\n<meta name=\"twitter:card\" content=\"summary_large_image\" \/>\n<script type=\"application\/ld+json\" class=\"yoast-schema-graph\">{\"@context\":\"https:\/\/schema.org\",\"@graph\":[{\"@type\":\"WebPage\",\"@id\":\"https:\/\/mostimondiale.com\/produits\/varietal\/cabernet-sauvignon\/cabernet-sauvignon-9\/\",\"url\":\"https:\/\/mostimondiale.com\/produits\/varietal\/cabernet-sauvignon\/cabernet-sauvignon-9\/\",\"name\":\"Mondiale Fresco Cabernet Sauvignon \u2022 Trousse | Mosti Mondiale\",\"isPartOf\":{\"@id\":\"https:\/\/mostimondiale.com\/#website\"},\"primaryImageOfPage\":{\"@id\":\"https:\/\/mostimondiale.com\/produits\/varietal\/cabernet-sauvignon\/cabernet-sauvignon-9\/#primaryimage\"},\"image\":{\"@id\":\"https:\/\/mostimondiale.com\/produits\/varietal\/cabernet-sauvignon\/cabernet-sauvignon-9\/#primaryimage\"},\"thumbnailUrl\":\"https:\/\/mostimondiale.com\/wp-content\/uploads\/2019\/04\/fresco-360x360-fr-1.png\",\"datePublished\":\"2019-04-25T15:27:21+00:00\",\"dateModified\":\"2019-04-25T15:59:58+00:00\",\"description\":\"Notre Mondiale Fresco Cabernet Sauvignon (20L & 23L) est un vin rouge tr\u00e8s cors\u00e9 fait de mo\u00fbt frais. Accents poivr\u00e9s et d\u2019\u00e9pices d\u00e9licats.\",\"breadcrumb\":{\"@id\":\"https:\/\/mostimondiale.com\/produits\/varietal\/cabernet-sauvignon\/cabernet-sauvignon-9\/#breadcrumb\"},\"inLanguage\":\"fr-CA\",\"potentialAction\":[{\"@type\":\"ReadAction\",\"target\":[\"https:\/\/mostimondiale.com\/produits\/varietal\/cabernet-sauvignon\/cabernet-sauvignon-9\/\"]}]},{\"@type\":\"ImageObject\",\"inLanguage\":\"fr-CA\",\"@id\":\"https:\/\/mostimondiale.com\/produits\/varietal\/cabernet-sauvignon\/cabernet-sauvignon-9\/#primaryimage\",\"url\":\"https:\/\/mostimondiale.com\/wp-content\/uploads\/2019\/04\/fresco-360x360-fr-1.png\",\"contentUrl\":\"https:\/\/mostimondiale.com\/wp-content\/uploads\/2019\/04\/fresco-360x360-fr-1.png\",\"width\":360,\"height\":360},{\"@type\":\"BreadcrumbList\",\"@id\":\"https:\/\/mostimondiale.com\/produits\/varietal\/cabernet-sauvignon\/cabernet-sauvignon-9\/#breadcrumb\",\"itemListElement\":[{\"@type\":\"ListItem\",\"position\":1,\"name\":\"Accueil\",\"item\":\"https:\/\/mostimondiale.com\/fr\/\"},{\"@type\":\"ListItem\",\"position\":2,\"name\":\"Produits\",\"item\":\"https:\/\/mostimondiale.com\/fr\/produits\/\"},{\"@type\":\"ListItem\",\"position\":3,\"name\":\"Cabernet Sauvignon\"}]},{\"@type\":\"WebSite\",\"@id\":\"https:\/\/mostimondiale.com\/#website\",\"url\":\"https:\/\/mostimondiale.com\/\",\"name\":\"Mosti Mondiale\",\"description\":\"\",\"potentialAction\":[{\"@type\":\"SearchAction\",\"target\":{\"@type\":\"EntryPoint\",\"urlTemplate\":\"https:\/\/mostimondiale.com\/?s={search_term_string}\"},\"query-input\":{\"@type\":\"PropertyValueSpecification\",\"valueRequired\":true,\"valueName\":\"search_term_string\"}}],\"inLanguage\":\"fr-CA\"}]}<\/script>\n<!-- \/ Yoast SEO plugin. -->","yoast_head_json":{"title":"Mondiale Fresco Cabernet Sauvignon \u2022 Trousse | Mosti Mondiale","description":"Notre Mondiale Fresco Cabernet Sauvignon (20L & 23L) est un vin rouge tr\u00e8s cors\u00e9 fait de mo\u00fbt frais. Accents poivr\u00e9s et d\u2019\u00e9pices d\u00e9licats.","robots":{"index":"index","follow":"follow","max-snippet":"max-snippet:-1","max-image-preview":"max-image-preview:large","max-video-preview":"max-video-preview:-1"},"canonical":"https:\/\/mostimondiale.com\/produits\/varietal\/cabernet-sauvignon\/cabernet-sauvignon-9\/","og_locale":"fr_CA","og_type":"article","og_title":"Mondiale Fresco Cabernet Sauvignon \u2022 Trousse | Mosti Mondiale","og_description":"Notre Mondiale Fresco Cabernet Sauvignon (20L & 23L) est un vin rouge tr\u00e8s cors\u00e9 fait de mo\u00fbt frais. Accents poivr\u00e9s et d\u2019\u00e9pices d\u00e9licats.","og_url":"https:\/\/mostimondiale.com\/produits\/varietal\/cabernet-sauvignon\/cabernet-sauvignon-9\/","og_site_name":"Mosti Mondiale","article_modified_time":"2019-04-25T15:59:58+00:00","og_image":[{"width":360,"height":360,"url":"https:\/\/mostimondiale.com\/wp-content\/uploads\/2019\/04\/fresco-360x360-fr-1.png","type":"image\/png"}],"twitter_card":"summary_large_image","schema":{"@context":"https:\/\/schema.org","@graph":[{"@type":"WebPage","@id":"https:\/\/mostimondiale.com\/produits\/varietal\/cabernet-sauvignon\/cabernet-sauvignon-9\/","url":"https:\/\/mostimondiale.com\/produits\/varietal\/cabernet-sauvignon\/cabernet-sauvignon-9\/","name":"Mondiale Fresco Cabernet Sauvignon \u2022 Trousse | Mosti Mondiale","isPartOf":{"@id":"https:\/\/mostimondiale.com\/#website"},"primaryImageOfPage":{"@id":"https:\/\/mostimondiale.com\/produits\/varietal\/cabernet-sauvignon\/cabernet-sauvignon-9\/#primaryimage"},"image":{"@id":"https:\/\/mostimondiale.com\/produits\/varietal\/cabernet-sauvignon\/cabernet-sauvignon-9\/#primaryimage"},"thumbnailUrl":"https:\/\/mostimondiale.com\/wp-content\/uploads\/2019\/04\/fresco-360x360-fr-1.png","datePublished":"2019-04-25T15:27:21+00:00","dateModified":"2019-04-25T15:59:58+00:00","description":"Notre Mondiale Fresco Cabernet Sauvignon (20L & 23L) est un vin rouge tr\u00e8s cors\u00e9 fait de mo\u00fbt frais. Accents poivr\u00e9s et d\u2019\u00e9pices d\u00e9licats.","breadcrumb":{"@id":"https:\/\/mostimondiale.com\/produits\/varietal\/cabernet-sauvignon\/cabernet-sauvignon-9\/#breadcrumb"},"inLanguage":"fr-CA","potentialAction":[{"@type":"ReadAction","target":["https:\/\/mostimondiale.com\/produits\/varietal\/cabernet-sauvignon\/cabernet-sauvignon-9\/"]}]},{"@type":"ImageObject","inLanguage":"fr-CA","@id":"https:\/\/mostimondiale.com\/produits\/varietal\/cabernet-sauvignon\/cabernet-sauvignon-9\/#primaryimage","url":"https:\/\/mostimondiale.com\/wp-content\/uploads\/2019\/04\/fresco-360x360-fr-1.png","contentUrl":"https:\/\/mostimondiale.com\/wp-content\/uploads\/2019\/04\/fresco-360x360-fr-1.png","width":360,"height":360},{"@type":"BreadcrumbList","@id":"https:\/\/mostimondiale.com\/produits\/varietal\/cabernet-sauvignon\/cabernet-sauvignon-9\/#breadcrumb","itemListElement":[{"@type":"ListItem","position":1,"name":"Accueil","item":"https:\/\/mostimondiale.com\/fr\/"},{"@type":"ListItem","position":2,"name":"Produits","item":"https:\/\/mostimondiale.com\/fr\/produits\/"},{"@type":"ListItem","position":3,"name":"Cabernet Sauvignon"}]},{"@type":"WebSite","@id":"https:\/\/mostimondiale.com\/#website","url":"https:\/\/mostimondiale.com\/","name":"Mosti Mondiale","description":"","potentialAction":[{"@type":"SearchAction","target":{"@type":"EntryPoint","urlTemplate":"https:\/\/mostimondiale.com\/?s={search_term_string}"},"query-input":{"@type":"PropertyValueSpecification","valueRequired":true,"valueName":"search_term_string"}}],"inLanguage":"fr-CA"}]}},"_links":{"self":[{"href":"https:\/\/mostimondiale.com\/fr\/wp-json\/wp\/v2\/product\/1702","targetHints":{"allow":["GET"]}}],"collection":[{"href":"https:\/\/mostimondiale.com\/fr\/wp-json\/wp\/v2\/product"}],"about":[{"href":"https:\/\/mostimondiale.com\/fr\/wp-json\/wp\/v2\/types\/product"}],"wp:featuredmedia":[{"embeddable":true,"href":"https:\/\/mostimondiale.com\/fr\/wp-json\/wp\/v2\/media\/1684"}],"wp:attachment":[{"href":"https:\/\/mostimondiale.com\/fr\/wp-json\/wp\/v2\/media?parent=1702"}],"wp:term":[{"taxonomy":"product_brand","embeddable":true,"href":"https:\/\/mostimondiale.com\/fr\/wp-json\/wp\/v2\/product_brand?post=1702"},{"taxonomy":"product_cat","embeddable":true,"href":"https:\/\/mostimondiale.com\/fr\/wp-json\/wp\/v2\/product_cat?post=1702"},{"taxonomy":"product_tag","embeddable":true,"href":"https:\/\/mostimondiale.com\/fr\/wp-json\/wp\/v2\/product_tag?post=1702"}],"curies":[{"name":"wp","href":"https:\/\/api.w.org\/{rel}","templated":true}]}}