{"id":1699,"date":"2019-04-25T11:22:51","date_gmt":"2019-04-25T15:22:50","guid":{"rendered":"https:\/\/mostimondiale.com\/?post_type=product&#038;p=1699"},"modified":"2019-09-13T11:59:16","modified_gmt":"2019-09-13T15:59:16","slug":"burg-royal-rouge","status":"publish","type":"product","link":"https:\/\/mostimondiale.com\/fr\/produits\/cepage\/bourg-royal-rouge\/burg-royal-rouge\/","title":{"rendered":"Bourg Royal Red"},"content":{"rendered":"","protected":false},"excerpt":{"rendered":"<p>Se pr\u00e9sentant dans le verre avec une couleur rouge rubis et de l\u00e9gers reflets violets, son ar\u00f4me l\u00e9ger de cerise et sa touche d\u2019ar\u00f4mes de sous-bois\u00a0exciteront vos sens. Il offrira une attaque fra\u00eeche harmonis\u00e9e avec sa structure et une bonne tenue. C\u2019est v\u00e9ritablement un beau vin \u00e9quilibr\u00e9\u00a0qui convient \u00e0 de nombreuses occasions<\/p>\n","protected":false},"featured_media":1684,"template":"","meta":{"_acf_changed":false},"product_brand":[],"product_cat":[184,164,155,173],"product_tag":[],"class_list":{"0":"post-1699","1":"product","2":"type-product","3":"status-publish","4":"has-post-thumbnail","6":"product_cat-bourg-royal-rouge","7":"product_cat-mondiale-fresco-fr","8":"product_cat-mout-de-raisin-frais","9":"product_cat-rouge","10":"pa_aroma-fruite","11":"pa_aroma-terreux","12":"pa_body-1-leger","13":"pa_price-254","15":"first","16":"instock","17":"shipping-taxable","18":"product-type-simple"},"acf":[],"yoast_head":"<!-- This site is optimized with the Yoast SEO plugin v26.9 - https:\/\/yoast.com\/product\/yoast-seo-wordpress\/ -->\n<title>Mondiale Fresco Bourg Royal Rouge \u2022Trousse Vinification | Mosti Mondiale<\/title>\n<meta name=\"description\" content=\"Notre Mondiale Fresco Bourg Royal Rouge (20L &amp; 23L) est un vin rouge l\u00e9ger fait de mo\u00fbt frais. Ar\u00f4me l\u00e9ger de cerise et sa touche d\u2019ar\u00f4mes de sous-bois.\" \/>\n<meta name=\"robots\" content=\"index, follow, max-snippet:-1, max-image-preview:large, max-video-preview:-1\" \/>\n<link rel=\"canonical\" href=\"https:\/\/mostimondiale.com\/produits\/varietal\/bourg-royal-red\/bourg-royal-red\/\" \/>\n<meta property=\"og:locale\" content=\"fr_CA\" \/>\n<meta property=\"og:type\" content=\"article\" \/>\n<meta property=\"og:title\" content=\"Mondiale Fresco Bourg Royal Rouge \u2022Trousse Vinification | Mosti Mondiale\" \/>\n<meta property=\"og:description\" content=\"Notre Mondiale Fresco Bourg Royal Rouge (20L &amp; 23L) est un vin rouge l\u00e9ger fait de mo\u00fbt frais. Ar\u00f4me l\u00e9ger de cerise et sa touche d\u2019ar\u00f4mes de sous-bois.\" \/>\n<meta property=\"og:url\" content=\"https:\/\/mostimondiale.com\/produits\/varietal\/bourg-royal-red\/bourg-royal-red\/\" \/>\n<meta property=\"og:site_name\" content=\"Mosti Mondiale\" \/>\n<meta property=\"article:modified_time\" content=\"2019-09-13T15:59:16+00:00\" \/>\n<meta property=\"og:image\" content=\"https:\/\/mostimondiale.com\/wp-content\/uploads\/2019\/04\/fresco-360x360-fr-1.png\" \/>\n\t<meta property=\"og:image:width\" content=\"360\" \/>\n\t<meta property=\"og:image:height\" content=\"360\" \/>\n\t<meta property=\"og:image:type\" content=\"image\/png\" \/>\n<meta name=\"twitter:card\" content=\"summary_large_image\" \/>\n<script type=\"application\/ld+json\" class=\"yoast-schema-graph\">{\"@context\":\"https:\/\/schema.org\",\"@graph\":[{\"@type\":\"WebPage\",\"@id\":\"https:\/\/mostimondiale.com\/produits\/varietal\/bourg-royal-red\/bourg-royal-red\/\",\"url\":\"https:\/\/mostimondiale.com\/produits\/varietal\/bourg-royal-red\/bourg-royal-red\/\",\"name\":\"Mondiale Fresco Bourg Royal Rouge \u2022Trousse Vinification | Mosti Mondiale\",\"isPartOf\":{\"@id\":\"https:\/\/mostimondiale.com\/#website\"},\"primaryImageOfPage\":{\"@id\":\"https:\/\/mostimondiale.com\/produits\/varietal\/bourg-royal-red\/bourg-royal-red\/#primaryimage\"},\"image\":{\"@id\":\"https:\/\/mostimondiale.com\/produits\/varietal\/bourg-royal-red\/bourg-royal-red\/#primaryimage\"},\"thumbnailUrl\":\"https:\/\/mostimondiale.com\/wp-content\/uploads\/2019\/04\/fresco-360x360-fr-1.png\",\"datePublished\":\"2019-04-25T15:22:50+00:00\",\"dateModified\":\"2019-09-13T15:59:16+00:00\",\"description\":\"Notre Mondiale Fresco Bourg Royal Rouge (20L & 23L) est un vin rouge l\u00e9ger fait de mo\u00fbt frais. Ar\u00f4me l\u00e9ger de cerise et sa touche d\u2019ar\u00f4mes de sous-bois.\",\"breadcrumb\":{\"@id\":\"https:\/\/mostimondiale.com\/produits\/varietal\/bourg-royal-red\/bourg-royal-red\/#breadcrumb\"},\"inLanguage\":\"fr-CA\",\"potentialAction\":[{\"@type\":\"ReadAction\",\"target\":[\"https:\/\/mostimondiale.com\/produits\/varietal\/bourg-royal-red\/bourg-royal-red\/\"]}]},{\"@type\":\"ImageObject\",\"inLanguage\":\"fr-CA\",\"@id\":\"https:\/\/mostimondiale.com\/produits\/varietal\/bourg-royal-red\/bourg-royal-red\/#primaryimage\",\"url\":\"https:\/\/mostimondiale.com\/wp-content\/uploads\/2019\/04\/fresco-360x360-fr-1.png\",\"contentUrl\":\"https:\/\/mostimondiale.com\/wp-content\/uploads\/2019\/04\/fresco-360x360-fr-1.png\",\"width\":360,\"height\":360},{\"@type\":\"BreadcrumbList\",\"@id\":\"https:\/\/mostimondiale.com\/produits\/varietal\/bourg-royal-red\/bourg-royal-red\/#breadcrumb\",\"itemListElement\":[{\"@type\":\"ListItem\",\"position\":1,\"name\":\"Accueil\",\"item\":\"https:\/\/mostimondiale.com\/fr\/\"},{\"@type\":\"ListItem\",\"position\":2,\"name\":\"Produits\",\"item\":\"https:\/\/mostimondiale.com\/fr\/produits\/\"},{\"@type\":\"ListItem\",\"position\":3,\"name\":\"Bourg Royal Red\"}]},{\"@type\":\"WebSite\",\"@id\":\"https:\/\/mostimondiale.com\/#website\",\"url\":\"https:\/\/mostimondiale.com\/\",\"name\":\"Mosti Mondiale\",\"description\":\"\",\"potentialAction\":[{\"@type\":\"SearchAction\",\"target\":{\"@type\":\"EntryPoint\",\"urlTemplate\":\"https:\/\/mostimondiale.com\/?s={search_term_string}\"},\"query-input\":{\"@type\":\"PropertyValueSpecification\",\"valueRequired\":true,\"valueName\":\"search_term_string\"}}],\"inLanguage\":\"fr-CA\"}]}<\/script>\n<!-- \/ Yoast SEO plugin. -->","yoast_head_json":{"title":"Mondiale Fresco Bourg Royal Rouge \u2022Trousse Vinification | Mosti Mondiale","description":"Notre Mondiale Fresco Bourg Royal Rouge (20L & 23L) est un vin rouge l\u00e9ger fait de mo\u00fbt frais. Ar\u00f4me l\u00e9ger de cerise et sa touche d\u2019ar\u00f4mes de sous-bois.","robots":{"index":"index","follow":"follow","max-snippet":"max-snippet:-1","max-image-preview":"max-image-preview:large","max-video-preview":"max-video-preview:-1"},"canonical":"https:\/\/mostimondiale.com\/produits\/varietal\/bourg-royal-red\/bourg-royal-red\/","og_locale":"fr_CA","og_type":"article","og_title":"Mondiale Fresco Bourg Royal Rouge \u2022Trousse Vinification | Mosti Mondiale","og_description":"Notre Mondiale Fresco Bourg Royal Rouge (20L & 23L) est un vin rouge l\u00e9ger fait de mo\u00fbt frais. Ar\u00f4me l\u00e9ger de cerise et sa touche d\u2019ar\u00f4mes de sous-bois.","og_url":"https:\/\/mostimondiale.com\/produits\/varietal\/bourg-royal-red\/bourg-royal-red\/","og_site_name":"Mosti Mondiale","article_modified_time":"2019-09-13T15:59:16+00:00","og_image":[{"width":360,"height":360,"url":"https:\/\/mostimondiale.com\/wp-content\/uploads\/2019\/04\/fresco-360x360-fr-1.png","type":"image\/png"}],"twitter_card":"summary_large_image","schema":{"@context":"https:\/\/schema.org","@graph":[{"@type":"WebPage","@id":"https:\/\/mostimondiale.com\/produits\/varietal\/bourg-royal-red\/bourg-royal-red\/","url":"https:\/\/mostimondiale.com\/produits\/varietal\/bourg-royal-red\/bourg-royal-red\/","name":"Mondiale Fresco Bourg Royal Rouge \u2022Trousse Vinification | Mosti Mondiale","isPartOf":{"@id":"https:\/\/mostimondiale.com\/#website"},"primaryImageOfPage":{"@id":"https:\/\/mostimondiale.com\/produits\/varietal\/bourg-royal-red\/bourg-royal-red\/#primaryimage"},"image":{"@id":"https:\/\/mostimondiale.com\/produits\/varietal\/bourg-royal-red\/bourg-royal-red\/#primaryimage"},"thumbnailUrl":"https:\/\/mostimondiale.com\/wp-content\/uploads\/2019\/04\/fresco-360x360-fr-1.png","datePublished":"2019-04-25T15:22:50+00:00","dateModified":"2019-09-13T15:59:16+00:00","description":"Notre Mondiale Fresco Bourg Royal Rouge (20L & 23L) est un vin rouge l\u00e9ger fait de mo\u00fbt frais. Ar\u00f4me l\u00e9ger de cerise et sa touche d\u2019ar\u00f4mes de sous-bois.","breadcrumb":{"@id":"https:\/\/mostimondiale.com\/produits\/varietal\/bourg-royal-red\/bourg-royal-red\/#breadcrumb"},"inLanguage":"fr-CA","potentialAction":[{"@type":"ReadAction","target":["https:\/\/mostimondiale.com\/produits\/varietal\/bourg-royal-red\/bourg-royal-red\/"]}]},{"@type":"ImageObject","inLanguage":"fr-CA","@id":"https:\/\/mostimondiale.com\/produits\/varietal\/bourg-royal-red\/bourg-royal-red\/#primaryimage","url":"https:\/\/mostimondiale.com\/wp-content\/uploads\/2019\/04\/fresco-360x360-fr-1.png","contentUrl":"https:\/\/mostimondiale.com\/wp-content\/uploads\/2019\/04\/fresco-360x360-fr-1.png","width":360,"height":360},{"@type":"BreadcrumbList","@id":"https:\/\/mostimondiale.com\/produits\/varietal\/bourg-royal-red\/bourg-royal-red\/#breadcrumb","itemListElement":[{"@type":"ListItem","position":1,"name":"Accueil","item":"https:\/\/mostimondiale.com\/fr\/"},{"@type":"ListItem","position":2,"name":"Produits","item":"https:\/\/mostimondiale.com\/fr\/produits\/"},{"@type":"ListItem","position":3,"name":"Bourg Royal Red"}]},{"@type":"WebSite","@id":"https:\/\/mostimondiale.com\/#website","url":"https:\/\/mostimondiale.com\/","name":"Mosti Mondiale","description":"","potentialAction":[{"@type":"SearchAction","target":{"@type":"EntryPoint","urlTemplate":"https:\/\/mostimondiale.com\/?s={search_term_string}"},"query-input":{"@type":"PropertyValueSpecification","valueRequired":true,"valueName":"search_term_string"}}],"inLanguage":"fr-CA"}]}},"_links":{"self":[{"href":"https:\/\/mostimondiale.com\/fr\/wp-json\/wp\/v2\/product\/1699","targetHints":{"allow":["GET"]}}],"collection":[{"href":"https:\/\/mostimondiale.com\/fr\/wp-json\/wp\/v2\/product"}],"about":[{"href":"https:\/\/mostimondiale.com\/fr\/wp-json\/wp\/v2\/types\/product"}],"wp:featuredmedia":[{"embeddable":true,"href":"https:\/\/mostimondiale.com\/fr\/wp-json\/wp\/v2\/media\/1684"}],"wp:attachment":[{"href":"https:\/\/mostimondiale.com\/fr\/wp-json\/wp\/v2\/media?parent=1699"}],"wp:term":[{"taxonomy":"product_brand","embeddable":true,"href":"https:\/\/mostimondiale.com\/fr\/wp-json\/wp\/v2\/product_brand?post=1699"},{"taxonomy":"product_cat","embeddable":true,"href":"https:\/\/mostimondiale.com\/fr\/wp-json\/wp\/v2\/product_cat?post=1699"},{"taxonomy":"product_tag","embeddable":true,"href":"https:\/\/mostimondiale.com\/fr\/wp-json\/wp\/v2\/product_tag?post=1699"}],"curies":[{"name":"wp","href":"https:\/\/api.w.org\/{rel}","templated":true}]}}