{"id":1698,"date":"2019-04-25T11:16:23","date_gmt":"2019-04-25T15:16:23","guid":{"rendered":"https:\/\/mostimondiale.com\/?post_type=product&#038;p=1698"},"modified":"2019-05-03T12:50:18","modified_gmt":"2019-05-03T16:50:18","slug":"ruby-cabernet","status":"publish","type":"product","link":"https:\/\/mostimondiale.com\/fr\/produits\/cepage\/cabernet-sauvignon-fr\/ruby-cabernet\/","title":{"rendered":"Ruby Cabernet"},"content":{"rendered":"","protected":false},"excerpt":{"rendered":"<p>Un croisement entre le Carignan et le Cabernet Sauvignon, il fut d\u00e9velopp\u00e9 dans la Vall\u00e9e Centrale de Californie pour donner un vin \u00e0 haut rendement dans un climat chaud. Le mo\u00fbt peut \u00eatre utilis\u00e9 pour augmenter l\u2019intensit\u00e9 de la couleur dans les m\u00e9langes ou pour produire un vin de table l\u00e9ger.<\/p>\n","protected":false},"featured_media":1684,"template":"","meta":{"_acf_changed":false},"product_brand":[],"product_cat":[187,189,164,155,173],"product_tag":[],"class_list":{"0":"post-1698","1":"product","2":"type-product","3":"status-publish","4":"has-post-thumbnail","6":"product_cat-cabernet-sauvignon-fr","7":"product_cat-carrignane-fr","8":"product_cat-mondiale-fresco-fr","9":"product_cat-mout-de-raisin-frais","10":"product_cat-rouge","11":"pa_alcohol-280","12":"pa_aroma-fruite","13":"pa_aroma-herbace","14":"pa_body-1-leger","15":"pa_price-254","17":"first","18":"instock","19":"shipping-taxable","20":"product-type-simple"},"acf":[],"yoast_head":"<!-- This site is optimized with the Yoast SEO plugin v26.9 - https:\/\/yoast.com\/product\/yoast-seo-wordpress\/ -->\n<title>Mondiale Fresco Ruby Cabernet \u2022 Trousse|Kit Vinification | Mosti Mondiale<\/title>\n<meta name=\"description\" content=\"Notre Mondiale Fresco Ruby Cabernet (20L &amp; 23L) est un vin rouge l\u00e9ger fait de mo\u00fbt frais.Utilis\u00e9 pour augmenter l\u2019intensit\u00e9 de la couleur dans les m\u00e9langes\" \/>\n<meta name=\"robots\" content=\"index, follow, max-snippet:-1, max-image-preview:large, max-video-preview:-1\" \/>\n<link rel=\"canonical\" href=\"https:\/\/mostimondiale.com\/produits\/varietal\/cabernet-sauvignon\/ruby-cabernet\/\" \/>\n<meta property=\"og:locale\" content=\"fr_CA\" \/>\n<meta property=\"og:type\" content=\"article\" \/>\n<meta property=\"og:title\" content=\"Mondiale Fresco Ruby Cabernet \u2022 Trousse|Kit Vinification | Mosti Mondiale\" \/>\n<meta property=\"og:description\" content=\"Notre Mondiale Fresco Ruby Cabernet (20L &amp; 23L) est un vin rouge l\u00e9ger fait de mo\u00fbt frais.Utilis\u00e9 pour augmenter l\u2019intensit\u00e9 de la couleur dans les m\u00e9langes\" \/>\n<meta property=\"og:url\" content=\"https:\/\/mostimondiale.com\/produits\/varietal\/cabernet-sauvignon\/ruby-cabernet\/\" \/>\n<meta property=\"og:site_name\" content=\"Mosti Mondiale\" \/>\n<meta property=\"article:modified_time\" content=\"2019-05-03T16:50:18+00:00\" \/>\n<meta property=\"og:image\" content=\"https:\/\/mostimondiale.com\/wp-content\/uploads\/2019\/04\/fresco-360x360-fr-1.png\" \/>\n\t<meta property=\"og:image:width\" content=\"360\" \/>\n\t<meta property=\"og:image:height\" content=\"360\" \/>\n\t<meta property=\"og:image:type\" content=\"image\/png\" \/>\n<meta name=\"twitter:card\" content=\"summary_large_image\" \/>\n<script type=\"application\/ld+json\" class=\"yoast-schema-graph\">{\"@context\":\"https:\/\/schema.org\",\"@graph\":[{\"@type\":\"WebPage\",\"@id\":\"https:\/\/mostimondiale.com\/produits\/varietal\/cabernet-sauvignon\/ruby-cabernet\/\",\"url\":\"https:\/\/mostimondiale.com\/produits\/varietal\/cabernet-sauvignon\/ruby-cabernet\/\",\"name\":\"Mondiale Fresco Ruby Cabernet \u2022 Trousse|Kit Vinification | Mosti Mondiale\",\"isPartOf\":{\"@id\":\"https:\/\/mostimondiale.com\/#website\"},\"primaryImageOfPage\":{\"@id\":\"https:\/\/mostimondiale.com\/produits\/varietal\/cabernet-sauvignon\/ruby-cabernet\/#primaryimage\"},\"image\":{\"@id\":\"https:\/\/mostimondiale.com\/produits\/varietal\/cabernet-sauvignon\/ruby-cabernet\/#primaryimage\"},\"thumbnailUrl\":\"https:\/\/mostimondiale.com\/wp-content\/uploads\/2019\/04\/fresco-360x360-fr-1.png\",\"datePublished\":\"2019-04-25T15:16:23+00:00\",\"dateModified\":\"2019-05-03T16:50:18+00:00\",\"description\":\"Notre Mondiale Fresco Ruby Cabernet (20L & 23L) est un vin rouge l\u00e9ger fait de mo\u00fbt frais.Utilis\u00e9 pour augmenter l\u2019intensit\u00e9 de la couleur dans les m\u00e9langes\",\"breadcrumb\":{\"@id\":\"https:\/\/mostimondiale.com\/produits\/varietal\/cabernet-sauvignon\/ruby-cabernet\/#breadcrumb\"},\"inLanguage\":\"fr-CA\",\"potentialAction\":[{\"@type\":\"ReadAction\",\"target\":[\"https:\/\/mostimondiale.com\/produits\/varietal\/cabernet-sauvignon\/ruby-cabernet\/\"]}]},{\"@type\":\"ImageObject\",\"inLanguage\":\"fr-CA\",\"@id\":\"https:\/\/mostimondiale.com\/produits\/varietal\/cabernet-sauvignon\/ruby-cabernet\/#primaryimage\",\"url\":\"https:\/\/mostimondiale.com\/wp-content\/uploads\/2019\/04\/fresco-360x360-fr-1.png\",\"contentUrl\":\"https:\/\/mostimondiale.com\/wp-content\/uploads\/2019\/04\/fresco-360x360-fr-1.png\",\"width\":360,\"height\":360},{\"@type\":\"BreadcrumbList\",\"@id\":\"https:\/\/mostimondiale.com\/produits\/varietal\/cabernet-sauvignon\/ruby-cabernet\/#breadcrumb\",\"itemListElement\":[{\"@type\":\"ListItem\",\"position\":1,\"name\":\"Accueil\",\"item\":\"https:\/\/mostimondiale.com\/fr\/\"},{\"@type\":\"ListItem\",\"position\":2,\"name\":\"Produits\",\"item\":\"https:\/\/mostimondiale.com\/fr\/produits\/\"},{\"@type\":\"ListItem\",\"position\":3,\"name\":\"Ruby Cabernet\"}]},{\"@type\":\"WebSite\",\"@id\":\"https:\/\/mostimondiale.com\/#website\",\"url\":\"https:\/\/mostimondiale.com\/\",\"name\":\"Mosti Mondiale\",\"description\":\"\",\"potentialAction\":[{\"@type\":\"SearchAction\",\"target\":{\"@type\":\"EntryPoint\",\"urlTemplate\":\"https:\/\/mostimondiale.com\/?s={search_term_string}\"},\"query-input\":{\"@type\":\"PropertyValueSpecification\",\"valueRequired\":true,\"valueName\":\"search_term_string\"}}],\"inLanguage\":\"fr-CA\"}]}<\/script>\n<!-- \/ Yoast SEO plugin. -->","yoast_head_json":{"title":"Mondiale Fresco Ruby Cabernet \u2022 Trousse|Kit Vinification | Mosti Mondiale","description":"Notre Mondiale Fresco Ruby Cabernet (20L & 23L) est un vin rouge l\u00e9ger fait de mo\u00fbt frais.Utilis\u00e9 pour augmenter l\u2019intensit\u00e9 de la couleur dans les m\u00e9langes","robots":{"index":"index","follow":"follow","max-snippet":"max-snippet:-1","max-image-preview":"max-image-preview:large","max-video-preview":"max-video-preview:-1"},"canonical":"https:\/\/mostimondiale.com\/produits\/varietal\/cabernet-sauvignon\/ruby-cabernet\/","og_locale":"fr_CA","og_type":"article","og_title":"Mondiale Fresco Ruby Cabernet \u2022 Trousse|Kit Vinification | Mosti Mondiale","og_description":"Notre Mondiale Fresco Ruby Cabernet (20L & 23L) est un vin rouge l\u00e9ger fait de mo\u00fbt frais.Utilis\u00e9 pour augmenter l\u2019intensit\u00e9 de la couleur dans les m\u00e9langes","og_url":"https:\/\/mostimondiale.com\/produits\/varietal\/cabernet-sauvignon\/ruby-cabernet\/","og_site_name":"Mosti Mondiale","article_modified_time":"2019-05-03T16:50:18+00:00","og_image":[{"width":360,"height":360,"url":"https:\/\/mostimondiale.com\/wp-content\/uploads\/2019\/04\/fresco-360x360-fr-1.png","type":"image\/png"}],"twitter_card":"summary_large_image","schema":{"@context":"https:\/\/schema.org","@graph":[{"@type":"WebPage","@id":"https:\/\/mostimondiale.com\/produits\/varietal\/cabernet-sauvignon\/ruby-cabernet\/","url":"https:\/\/mostimondiale.com\/produits\/varietal\/cabernet-sauvignon\/ruby-cabernet\/","name":"Mondiale Fresco Ruby Cabernet \u2022 Trousse|Kit Vinification | Mosti Mondiale","isPartOf":{"@id":"https:\/\/mostimondiale.com\/#website"},"primaryImageOfPage":{"@id":"https:\/\/mostimondiale.com\/produits\/varietal\/cabernet-sauvignon\/ruby-cabernet\/#primaryimage"},"image":{"@id":"https:\/\/mostimondiale.com\/produits\/varietal\/cabernet-sauvignon\/ruby-cabernet\/#primaryimage"},"thumbnailUrl":"https:\/\/mostimondiale.com\/wp-content\/uploads\/2019\/04\/fresco-360x360-fr-1.png","datePublished":"2019-04-25T15:16:23+00:00","dateModified":"2019-05-03T16:50:18+00:00","description":"Notre Mondiale Fresco Ruby Cabernet (20L & 23L) est un vin rouge l\u00e9ger fait de mo\u00fbt frais.Utilis\u00e9 pour augmenter l\u2019intensit\u00e9 de la couleur dans les m\u00e9langes","breadcrumb":{"@id":"https:\/\/mostimondiale.com\/produits\/varietal\/cabernet-sauvignon\/ruby-cabernet\/#breadcrumb"},"inLanguage":"fr-CA","potentialAction":[{"@type":"ReadAction","target":["https:\/\/mostimondiale.com\/produits\/varietal\/cabernet-sauvignon\/ruby-cabernet\/"]}]},{"@type":"ImageObject","inLanguage":"fr-CA","@id":"https:\/\/mostimondiale.com\/produits\/varietal\/cabernet-sauvignon\/ruby-cabernet\/#primaryimage","url":"https:\/\/mostimondiale.com\/wp-content\/uploads\/2019\/04\/fresco-360x360-fr-1.png","contentUrl":"https:\/\/mostimondiale.com\/wp-content\/uploads\/2019\/04\/fresco-360x360-fr-1.png","width":360,"height":360},{"@type":"BreadcrumbList","@id":"https:\/\/mostimondiale.com\/produits\/varietal\/cabernet-sauvignon\/ruby-cabernet\/#breadcrumb","itemListElement":[{"@type":"ListItem","position":1,"name":"Accueil","item":"https:\/\/mostimondiale.com\/fr\/"},{"@type":"ListItem","position":2,"name":"Produits","item":"https:\/\/mostimondiale.com\/fr\/produits\/"},{"@type":"ListItem","position":3,"name":"Ruby Cabernet"}]},{"@type":"WebSite","@id":"https:\/\/mostimondiale.com\/#website","url":"https:\/\/mostimondiale.com\/","name":"Mosti Mondiale","description":"","potentialAction":[{"@type":"SearchAction","target":{"@type":"EntryPoint","urlTemplate":"https:\/\/mostimondiale.com\/?s={search_term_string}"},"query-input":{"@type":"PropertyValueSpecification","valueRequired":true,"valueName":"search_term_string"}}],"inLanguage":"fr-CA"}]}},"_links":{"self":[{"href":"https:\/\/mostimondiale.com\/fr\/wp-json\/wp\/v2\/product\/1698","targetHints":{"allow":["GET"]}}],"collection":[{"href":"https:\/\/mostimondiale.com\/fr\/wp-json\/wp\/v2\/product"}],"about":[{"href":"https:\/\/mostimondiale.com\/fr\/wp-json\/wp\/v2\/types\/product"}],"wp:featuredmedia":[{"embeddable":true,"href":"https:\/\/mostimondiale.com\/fr\/wp-json\/wp\/v2\/media\/1684"}],"wp:attachment":[{"href":"https:\/\/mostimondiale.com\/fr\/wp-json\/wp\/v2\/media?parent=1698"}],"wp:term":[{"taxonomy":"product_brand","embeddable":true,"href":"https:\/\/mostimondiale.com\/fr\/wp-json\/wp\/v2\/product_brand?post=1698"},{"taxonomy":"product_cat","embeddable":true,"href":"https:\/\/mostimondiale.com\/fr\/wp-json\/wp\/v2\/product_cat?post=1698"},{"taxonomy":"product_tag","embeddable":true,"href":"https:\/\/mostimondiale.com\/fr\/wp-json\/wp\/v2\/product_tag?post=1698"}],"curies":[{"name":"wp","href":"https:\/\/api.w.org\/{rel}","templated":true}]}}