{"id":1680,"date":"2019-04-25T10:25:31","date_gmt":"2019-04-25T14:25:31","guid":{"rendered":"https:\/\/mostimondiale.com\/?post_type=product&#038;p=1680"},"modified":"2020-05-01T15:09:46","modified_gmt":"2020-05-01T19:09:46","slug":"alicante","status":"publish","type":"product","link":"https:\/\/mostimondiale.com\/fr\/produits\/cepage\/alicante-fr\/alicante\/","title":{"rendered":"Alicante"},"content":{"rendered":"","protected":false},"excerpt":{"rendered":"<p>Ce c\u00e9page a des racines dans le sud-est de l\u2019Espagne et il est aussi\u00a0cultiv\u00e9 en Afrique du Nord et en Californie. Individuellement, les qualit\u00e9s\u00a0organoleptiques de ce raisin californien ne sont pas spectaculaires, mais il est principalement utilis\u00e9 pour augmenter l\u2019intensit\u00e9 de la couleur et du corps des autres vari\u00e9t\u00e9s de raisin.<\/p>\n","protected":false},"featured_media":1684,"template":"","meta":{"_acf_changed":false},"product_brand":[],"product_cat":[179,164,155,173],"product_tag":[],"class_list":{"0":"post-1680","1":"product","2":"type-product","3":"status-publish","4":"has-post-thumbnail","6":"product_cat-alicante-fr","7":"product_cat-mondiale-fresco-fr","8":"product_cat-mout-de-raisin-frais","9":"product_cat-rouge","10":"pa_alcohol-11-6","11":"pa_aroma-epice","12":"pa_aroma-fruite","13":"pa_aroma-terreux","14":"pa_body-1-leger","15":"pa_price-254","17":"first","18":"instock","19":"shipping-taxable","20":"product-type-simple"},"acf":[],"yoast_head":"<!-- This site is optimized with the Yoast SEO plugin v26.9 - https:\/\/yoast.com\/product\/yoast-seo-wordpress\/ -->\n<title>Mondiale Fresco Alicante \u2022 Trousse|Kit de Vinification | Mosti Mondiale<\/title>\n<meta name=\"description\" content=\"Notre Mondiale Fresco Alicante (20L &amp; 23L) est un vin rouge l\u00e9ger fait de mo\u00fbt frais. Utilis\u00e9 surtout pour augmenter la couleur et le corps d&#039;autres c\u00e9pages\" \/>\n<meta name=\"robots\" content=\"index, follow, max-snippet:-1, max-image-preview:large, max-video-preview:-1\" \/>\n<link rel=\"canonical\" href=\"https:\/\/mostimondiale.com\/fr\/produits\/cepage\/alicante-fr\/alicante\/\" \/>\n<meta property=\"og:locale\" content=\"fr_CA\" \/>\n<meta property=\"og:type\" content=\"article\" \/>\n<meta property=\"og:title\" content=\"Mondiale Fresco Alicante \u2022 Trousse|Kit de Vinification | Mosti Mondiale\" \/>\n<meta property=\"og:description\" content=\"Notre Mondiale Fresco Alicante (20L &amp; 23L) est un vin rouge l\u00e9ger fait de mo\u00fbt frais. Utilis\u00e9 surtout pour augmenter la couleur et le corps d&#039;autres c\u00e9pages\" \/>\n<meta property=\"og:url\" content=\"https:\/\/mostimondiale.com\/fr\/produits\/cepage\/alicante-fr\/alicante\/\" \/>\n<meta property=\"og:site_name\" content=\"Mosti Mondiale\" \/>\n<meta property=\"article:modified_time\" content=\"2020-05-01T19:09:46+00:00\" \/>\n<meta property=\"og:image\" content=\"https:\/\/mostimondiale.com\/wp-content\/uploads\/2019\/04\/fresco-360x360-fr-1.png\" \/>\n\t<meta property=\"og:image:width\" content=\"360\" \/>\n\t<meta property=\"og:image:height\" content=\"360\" \/>\n\t<meta property=\"og:image:type\" content=\"image\/png\" \/>\n<meta name=\"twitter:card\" content=\"summary_large_image\" \/>\n<script type=\"application\/ld+json\" class=\"yoast-schema-graph\">{\"@context\":\"https:\/\/schema.org\",\"@graph\":[{\"@type\":\"WebPage\",\"@id\":\"https:\/\/mostimondiale.com\/fr\/produits\/cepage\/alicante-fr\/alicante\/\",\"url\":\"https:\/\/mostimondiale.com\/fr\/produits\/cepage\/alicante-fr\/alicante\/\",\"name\":\"Mondiale Fresco Alicante \u2022 Trousse|Kit de Vinification | Mosti Mondiale\",\"isPartOf\":{\"@id\":\"https:\/\/mostimondiale.com\/#website\"},\"primaryImageOfPage\":{\"@id\":\"https:\/\/mostimondiale.com\/fr\/produits\/cepage\/alicante-fr\/alicante\/#primaryimage\"},\"image\":{\"@id\":\"https:\/\/mostimondiale.com\/fr\/produits\/cepage\/alicante-fr\/alicante\/#primaryimage\"},\"thumbnailUrl\":\"https:\/\/mostimondiale.com\/wp-content\/uploads\/2019\/04\/fresco-360x360-fr-1.png\",\"datePublished\":\"2019-04-25T14:25:31+00:00\",\"dateModified\":\"2020-05-01T19:09:46+00:00\",\"description\":\"Notre Mondiale Fresco Alicante (20L & 23L) est un vin rouge l\u00e9ger fait de mo\u00fbt frais. Utilis\u00e9 surtout pour augmenter la couleur et le corps d'autres c\u00e9pages\",\"breadcrumb\":{\"@id\":\"https:\/\/mostimondiale.com\/fr\/produits\/cepage\/alicante-fr\/alicante\/#breadcrumb\"},\"inLanguage\":\"fr-CA\",\"potentialAction\":[{\"@type\":\"ReadAction\",\"target\":[\"https:\/\/mostimondiale.com\/fr\/produits\/cepage\/alicante-fr\/alicante\/\"]}]},{\"@type\":\"ImageObject\",\"inLanguage\":\"fr-CA\",\"@id\":\"https:\/\/mostimondiale.com\/fr\/produits\/cepage\/alicante-fr\/alicante\/#primaryimage\",\"url\":\"https:\/\/mostimondiale.com\/wp-content\/uploads\/2019\/04\/fresco-360x360-fr-1.png\",\"contentUrl\":\"https:\/\/mostimondiale.com\/wp-content\/uploads\/2019\/04\/fresco-360x360-fr-1.png\",\"width\":360,\"height\":360},{\"@type\":\"BreadcrumbList\",\"@id\":\"https:\/\/mostimondiale.com\/fr\/produits\/cepage\/alicante-fr\/alicante\/#breadcrumb\",\"itemListElement\":[{\"@type\":\"ListItem\",\"position\":1,\"name\":\"Accueil\",\"item\":\"https:\/\/mostimondiale.com\/fr\/\"},{\"@type\":\"ListItem\",\"position\":2,\"name\":\"Produits\",\"item\":\"https:\/\/mostimondiale.com\/fr\/produits\/\"},{\"@type\":\"ListItem\",\"position\":3,\"name\":\"Alicante\"}]},{\"@type\":\"WebSite\",\"@id\":\"https:\/\/mostimondiale.com\/#website\",\"url\":\"https:\/\/mostimondiale.com\/\",\"name\":\"Mosti Mondiale\",\"description\":\"\",\"potentialAction\":[{\"@type\":\"SearchAction\",\"target\":{\"@type\":\"EntryPoint\",\"urlTemplate\":\"https:\/\/mostimondiale.com\/?s={search_term_string}\"},\"query-input\":{\"@type\":\"PropertyValueSpecification\",\"valueRequired\":true,\"valueName\":\"search_term_string\"}}],\"inLanguage\":\"fr-CA\"}]}<\/script>\n<!-- \/ Yoast SEO plugin. -->","yoast_head_json":{"title":"Mondiale Fresco Alicante \u2022 Trousse|Kit de Vinification | Mosti Mondiale","description":"Notre Mondiale Fresco Alicante (20L & 23L) est un vin rouge l\u00e9ger fait de mo\u00fbt frais. Utilis\u00e9 surtout pour augmenter la couleur et le corps d'autres c\u00e9pages","robots":{"index":"index","follow":"follow","max-snippet":"max-snippet:-1","max-image-preview":"max-image-preview:large","max-video-preview":"max-video-preview:-1"},"canonical":"https:\/\/mostimondiale.com\/fr\/produits\/cepage\/alicante-fr\/alicante\/","og_locale":"fr_CA","og_type":"article","og_title":"Mondiale Fresco Alicante \u2022 Trousse|Kit de Vinification | Mosti Mondiale","og_description":"Notre Mondiale Fresco Alicante (20L & 23L) est un vin rouge l\u00e9ger fait de mo\u00fbt frais. Utilis\u00e9 surtout pour augmenter la couleur et le corps d'autres c\u00e9pages","og_url":"https:\/\/mostimondiale.com\/fr\/produits\/cepage\/alicante-fr\/alicante\/","og_site_name":"Mosti Mondiale","article_modified_time":"2020-05-01T19:09:46+00:00","og_image":[{"width":360,"height":360,"url":"https:\/\/mostimondiale.com\/wp-content\/uploads\/2019\/04\/fresco-360x360-fr-1.png","type":"image\/png"}],"twitter_card":"summary_large_image","schema":{"@context":"https:\/\/schema.org","@graph":[{"@type":"WebPage","@id":"https:\/\/mostimondiale.com\/fr\/produits\/cepage\/alicante-fr\/alicante\/","url":"https:\/\/mostimondiale.com\/fr\/produits\/cepage\/alicante-fr\/alicante\/","name":"Mondiale Fresco Alicante \u2022 Trousse|Kit de Vinification | Mosti Mondiale","isPartOf":{"@id":"https:\/\/mostimondiale.com\/#website"},"primaryImageOfPage":{"@id":"https:\/\/mostimondiale.com\/fr\/produits\/cepage\/alicante-fr\/alicante\/#primaryimage"},"image":{"@id":"https:\/\/mostimondiale.com\/fr\/produits\/cepage\/alicante-fr\/alicante\/#primaryimage"},"thumbnailUrl":"https:\/\/mostimondiale.com\/wp-content\/uploads\/2019\/04\/fresco-360x360-fr-1.png","datePublished":"2019-04-25T14:25:31+00:00","dateModified":"2020-05-01T19:09:46+00:00","description":"Notre Mondiale Fresco Alicante (20L & 23L) est un vin rouge l\u00e9ger fait de mo\u00fbt frais. Utilis\u00e9 surtout pour augmenter la couleur et le corps d'autres c\u00e9pages","breadcrumb":{"@id":"https:\/\/mostimondiale.com\/fr\/produits\/cepage\/alicante-fr\/alicante\/#breadcrumb"},"inLanguage":"fr-CA","potentialAction":[{"@type":"ReadAction","target":["https:\/\/mostimondiale.com\/fr\/produits\/cepage\/alicante-fr\/alicante\/"]}]},{"@type":"ImageObject","inLanguage":"fr-CA","@id":"https:\/\/mostimondiale.com\/fr\/produits\/cepage\/alicante-fr\/alicante\/#primaryimage","url":"https:\/\/mostimondiale.com\/wp-content\/uploads\/2019\/04\/fresco-360x360-fr-1.png","contentUrl":"https:\/\/mostimondiale.com\/wp-content\/uploads\/2019\/04\/fresco-360x360-fr-1.png","width":360,"height":360},{"@type":"BreadcrumbList","@id":"https:\/\/mostimondiale.com\/fr\/produits\/cepage\/alicante-fr\/alicante\/#breadcrumb","itemListElement":[{"@type":"ListItem","position":1,"name":"Accueil","item":"https:\/\/mostimondiale.com\/fr\/"},{"@type":"ListItem","position":2,"name":"Produits","item":"https:\/\/mostimondiale.com\/fr\/produits\/"},{"@type":"ListItem","position":3,"name":"Alicante"}]},{"@type":"WebSite","@id":"https:\/\/mostimondiale.com\/#website","url":"https:\/\/mostimondiale.com\/","name":"Mosti Mondiale","description":"","potentialAction":[{"@type":"SearchAction","target":{"@type":"EntryPoint","urlTemplate":"https:\/\/mostimondiale.com\/?s={search_term_string}"},"query-input":{"@type":"PropertyValueSpecification","valueRequired":true,"valueName":"search_term_string"}}],"inLanguage":"fr-CA"}]}},"_links":{"self":[{"href":"https:\/\/mostimondiale.com\/fr\/wp-json\/wp\/v2\/product\/1680","targetHints":{"allow":["GET"]}}],"collection":[{"href":"https:\/\/mostimondiale.com\/fr\/wp-json\/wp\/v2\/product"}],"about":[{"href":"https:\/\/mostimondiale.com\/fr\/wp-json\/wp\/v2\/types\/product"}],"wp:featuredmedia":[{"embeddable":true,"href":"https:\/\/mostimondiale.com\/fr\/wp-json\/wp\/v2\/media\/1684"}],"wp:attachment":[{"href":"https:\/\/mostimondiale.com\/fr\/wp-json\/wp\/v2\/media?parent=1680"}],"wp:term":[{"taxonomy":"product_brand","embeddable":true,"href":"https:\/\/mostimondiale.com\/fr\/wp-json\/wp\/v2\/product_brand?post=1680"},{"taxonomy":"product_cat","embeddable":true,"href":"https:\/\/mostimondiale.com\/fr\/wp-json\/wp\/v2\/product_cat?post=1680"},{"taxonomy":"product_tag","embeddable":true,"href":"https:\/\/mostimondiale.com\/fr\/wp-json\/wp\/v2\/product_tag?post=1680"}],"curies":[{"name":"wp","href":"https:\/\/api.w.org\/{rel}","templated":true}]}}