{"id":1675,"date":"2019-04-25T09:42:32","date_gmt":"2019-04-25T13:42:32","guid":{"rendered":"https:\/\/mostimondiale.com\/?post_type=product&#038;p=1675"},"modified":"2024-02-02T13:25:50","modified_gmt":"2024-02-02T18:25:50","slug":"chardonnay-6","status":"publish","type":"product","link":"https:\/\/mostimondiale.com\/fr\/produits\/cepage\/chardonnay-fr\/chardonnay-6\/","title":{"rendered":"Chardonnay"},"content":{"rendered":"","protected":false},"excerpt":{"rendered":"<p>Ce Chardonnay australien offre un bouquet complexe et fruit\u00e9, avec des notes de fruits m\u00fbrs et une note d\u2019agrumes sous-jacente. En bouche, il est bien \u00e9quilibr\u00e9, avec juste ce qu\u2019il faut de ch\u00eane, permettant de rehausser sa saveur cors\u00e9e.<\/p>\n","protected":false},"featured_media":1389,"template":"","meta":{"_acf_changed":false},"product_brand":[],"product_cat":[176,191,388,155],"product_tag":[],"class_list":{"0":"post-1675","1":"product","2":"type-product","3":"status-publish","4":"has-post-thumbnail","6":"product_cat-blanc","7":"product_cat-chardonnay-fr","8":"product_cat-australian-fresco-fr","9":"product_cat-mout-de-raisin-frais","10":"pa_alcohol-272","11":"pa_aroma-boise","12":"pa_aroma-fruite","13":"pa_body-5-tres-corse","14":"pa_price-253","15":"pa_winemaker-addition-chene-leger","17":"first","18":"instock","19":"shipping-taxable","20":"product-type-simple"},"acf":[],"yoast_head":"<!-- This site is optimized with the Yoast SEO plugin v26.9 - https:\/\/yoast.com\/product\/yoast-seo-wordpress\/ -->\n<title>\u00c9dition Australienne Chardonnay \u2022 Trousse|Kit Vinification | Mosti Mondiale<\/title>\n<meta name=\"description\" content=\"Notre \u00c9dition Australienne Chardonnay (23L) est un vin blanc tr\u00e8s cors\u00e9, fait de mo\u00fbt frais et comprenant du ch\u00eane clair. Notes de fruits m\u00fbrs et d\u2019agrumes.\" \/>\n<meta name=\"robots\" content=\"index, follow, max-snippet:-1, max-image-preview:large, max-video-preview:-1\" \/>\n<link rel=\"canonical\" href=\"https:\/\/mostimondiale.com\/produits\/varietal\/chardonnay\/chardonnay-7\/\" \/>\n<meta property=\"og:locale\" content=\"fr_CA\" \/>\n<meta property=\"og:type\" content=\"article\" \/>\n<meta property=\"og:title\" content=\"\u00c9dition Australienne Chardonnay \u2022 Trousse|Kit Vinification | Mosti Mondiale\" \/>\n<meta property=\"og:description\" content=\"Notre \u00c9dition Australienne Chardonnay (23L) est un vin blanc tr\u00e8s cors\u00e9, fait de mo\u00fbt frais et comprenant du ch\u00eane clair. Notes de fruits m\u00fbrs et d\u2019agrumes.\" \/>\n<meta property=\"og:url\" content=\"https:\/\/mostimondiale.com\/produits\/varietal\/chardonnay\/chardonnay-7\/\" \/>\n<meta property=\"og:site_name\" content=\"Mosti Mondiale\" \/>\n<meta property=\"article:modified_time\" content=\"2024-02-02T18:25:50+00:00\" \/>\n<meta property=\"og:image\" content=\"https:\/\/mostimondiale.com\/wp-content\/uploads\/2019\/04\/australia-360x360-fr.png\" \/>\n\t<meta property=\"og:image:width\" content=\"360\" \/>\n\t<meta property=\"og:image:height\" content=\"360\" \/>\n\t<meta property=\"og:image:type\" content=\"image\/png\" \/>\n<meta name=\"twitter:card\" content=\"summary_large_image\" \/>\n<meta name=\"twitter:label1\" content=\"Estimation du temps de lecture\" \/>\n\t<meta name=\"twitter:data1\" content=\"1 minute\" \/>\n<script type=\"application\/ld+json\" class=\"yoast-schema-graph\">{\"@context\":\"https:\/\/schema.org\",\"@graph\":[{\"@type\":\"WebPage\",\"@id\":\"https:\/\/mostimondiale.com\/produits\/varietal\/chardonnay\/chardonnay-7\/\",\"url\":\"https:\/\/mostimondiale.com\/produits\/varietal\/chardonnay\/chardonnay-7\/\",\"name\":\"\u00c9dition Australienne Chardonnay \u2022 Trousse|Kit Vinification | Mosti Mondiale\",\"isPartOf\":{\"@id\":\"https:\/\/mostimondiale.com\/#website\"},\"primaryImageOfPage\":{\"@id\":\"https:\/\/mostimondiale.com\/produits\/varietal\/chardonnay\/chardonnay-7\/#primaryimage\"},\"image\":{\"@id\":\"https:\/\/mostimondiale.com\/produits\/varietal\/chardonnay\/chardonnay-7\/#primaryimage\"},\"thumbnailUrl\":\"https:\/\/mostimondiale.com\/wp-content\/uploads\/2019\/04\/australia-360x360-fr.png\",\"datePublished\":\"2019-04-25T13:42:32+00:00\",\"dateModified\":\"2024-02-02T18:25:50+00:00\",\"description\":\"Notre \u00c9dition Australienne Chardonnay (23L) est un vin blanc tr\u00e8s cors\u00e9, fait de mo\u00fbt frais et comprenant du ch\u00eane clair. Notes de fruits m\u00fbrs et d\u2019agrumes.\",\"breadcrumb\":{\"@id\":\"https:\/\/mostimondiale.com\/produits\/varietal\/chardonnay\/chardonnay-7\/#breadcrumb\"},\"inLanguage\":\"fr-CA\",\"potentialAction\":[{\"@type\":\"ReadAction\",\"target\":[\"https:\/\/mostimondiale.com\/produits\/varietal\/chardonnay\/chardonnay-7\/\"]}]},{\"@type\":\"ImageObject\",\"inLanguage\":\"fr-CA\",\"@id\":\"https:\/\/mostimondiale.com\/produits\/varietal\/chardonnay\/chardonnay-7\/#primaryimage\",\"url\":\"https:\/\/mostimondiale.com\/wp-content\/uploads\/2019\/04\/australia-360x360-fr.png\",\"contentUrl\":\"https:\/\/mostimondiale.com\/wp-content\/uploads\/2019\/04\/australia-360x360-fr.png\",\"width\":360,\"height\":360},{\"@type\":\"BreadcrumbList\",\"@id\":\"https:\/\/mostimondiale.com\/produits\/varietal\/chardonnay\/chardonnay-7\/#breadcrumb\",\"itemListElement\":[{\"@type\":\"ListItem\",\"position\":1,\"name\":\"Accueil\",\"item\":\"https:\/\/mostimondiale.com\/fr\/\"},{\"@type\":\"ListItem\",\"position\":2,\"name\":\"Produits\",\"item\":\"https:\/\/mostimondiale.com\/fr\/produits\/\"},{\"@type\":\"ListItem\",\"position\":3,\"name\":\"Chardonnay\"}]},{\"@type\":\"WebSite\",\"@id\":\"https:\/\/mostimondiale.com\/#website\",\"url\":\"https:\/\/mostimondiale.com\/\",\"name\":\"Mosti Mondiale\",\"description\":\"\",\"potentialAction\":[{\"@type\":\"SearchAction\",\"target\":{\"@type\":\"EntryPoint\",\"urlTemplate\":\"https:\/\/mostimondiale.com\/?s={search_term_string}\"},\"query-input\":{\"@type\":\"PropertyValueSpecification\",\"valueRequired\":true,\"valueName\":\"search_term_string\"}}],\"inLanguage\":\"fr-CA\"}]}<\/script>\n<!-- \/ Yoast SEO plugin. -->","yoast_head_json":{"title":"\u00c9dition Australienne Chardonnay \u2022 Trousse|Kit Vinification | Mosti Mondiale","description":"Notre \u00c9dition Australienne Chardonnay (23L) est un vin blanc tr\u00e8s cors\u00e9, fait de mo\u00fbt frais et comprenant du ch\u00eane clair. Notes de fruits m\u00fbrs et d\u2019agrumes.","robots":{"index":"index","follow":"follow","max-snippet":"max-snippet:-1","max-image-preview":"max-image-preview:large","max-video-preview":"max-video-preview:-1"},"canonical":"https:\/\/mostimondiale.com\/produits\/varietal\/chardonnay\/chardonnay-7\/","og_locale":"fr_CA","og_type":"article","og_title":"\u00c9dition Australienne Chardonnay \u2022 Trousse|Kit Vinification | Mosti Mondiale","og_description":"Notre \u00c9dition Australienne Chardonnay (23L) est un vin blanc tr\u00e8s cors\u00e9, fait de mo\u00fbt frais et comprenant du ch\u00eane clair. Notes de fruits m\u00fbrs et d\u2019agrumes.","og_url":"https:\/\/mostimondiale.com\/produits\/varietal\/chardonnay\/chardonnay-7\/","og_site_name":"Mosti Mondiale","article_modified_time":"2024-02-02T18:25:50+00:00","og_image":[{"width":360,"height":360,"url":"https:\/\/mostimondiale.com\/wp-content\/uploads\/2019\/04\/australia-360x360-fr.png","type":"image\/png"}],"twitter_card":"summary_large_image","twitter_misc":{"Estimation du temps de lecture":"1 minute"},"schema":{"@context":"https:\/\/schema.org","@graph":[{"@type":"WebPage","@id":"https:\/\/mostimondiale.com\/produits\/varietal\/chardonnay\/chardonnay-7\/","url":"https:\/\/mostimondiale.com\/produits\/varietal\/chardonnay\/chardonnay-7\/","name":"\u00c9dition Australienne Chardonnay \u2022 Trousse|Kit Vinification | Mosti Mondiale","isPartOf":{"@id":"https:\/\/mostimondiale.com\/#website"},"primaryImageOfPage":{"@id":"https:\/\/mostimondiale.com\/produits\/varietal\/chardonnay\/chardonnay-7\/#primaryimage"},"image":{"@id":"https:\/\/mostimondiale.com\/produits\/varietal\/chardonnay\/chardonnay-7\/#primaryimage"},"thumbnailUrl":"https:\/\/mostimondiale.com\/wp-content\/uploads\/2019\/04\/australia-360x360-fr.png","datePublished":"2019-04-25T13:42:32+00:00","dateModified":"2024-02-02T18:25:50+00:00","description":"Notre \u00c9dition Australienne Chardonnay (23L) est un vin blanc tr\u00e8s cors\u00e9, fait de mo\u00fbt frais et comprenant du ch\u00eane clair. Notes de fruits m\u00fbrs et d\u2019agrumes.","breadcrumb":{"@id":"https:\/\/mostimondiale.com\/produits\/varietal\/chardonnay\/chardonnay-7\/#breadcrumb"},"inLanguage":"fr-CA","potentialAction":[{"@type":"ReadAction","target":["https:\/\/mostimondiale.com\/produits\/varietal\/chardonnay\/chardonnay-7\/"]}]},{"@type":"ImageObject","inLanguage":"fr-CA","@id":"https:\/\/mostimondiale.com\/produits\/varietal\/chardonnay\/chardonnay-7\/#primaryimage","url":"https:\/\/mostimondiale.com\/wp-content\/uploads\/2019\/04\/australia-360x360-fr.png","contentUrl":"https:\/\/mostimondiale.com\/wp-content\/uploads\/2019\/04\/australia-360x360-fr.png","width":360,"height":360},{"@type":"BreadcrumbList","@id":"https:\/\/mostimondiale.com\/produits\/varietal\/chardonnay\/chardonnay-7\/#breadcrumb","itemListElement":[{"@type":"ListItem","position":1,"name":"Accueil","item":"https:\/\/mostimondiale.com\/fr\/"},{"@type":"ListItem","position":2,"name":"Produits","item":"https:\/\/mostimondiale.com\/fr\/produits\/"},{"@type":"ListItem","position":3,"name":"Chardonnay"}]},{"@type":"WebSite","@id":"https:\/\/mostimondiale.com\/#website","url":"https:\/\/mostimondiale.com\/","name":"Mosti Mondiale","description":"","potentialAction":[{"@type":"SearchAction","target":{"@type":"EntryPoint","urlTemplate":"https:\/\/mostimondiale.com\/?s={search_term_string}"},"query-input":{"@type":"PropertyValueSpecification","valueRequired":true,"valueName":"search_term_string"}}],"inLanguage":"fr-CA"}]}},"_links":{"self":[{"href":"https:\/\/mostimondiale.com\/fr\/wp-json\/wp\/v2\/product\/1675","targetHints":{"allow":["GET"]}}],"collection":[{"href":"https:\/\/mostimondiale.com\/fr\/wp-json\/wp\/v2\/product"}],"about":[{"href":"https:\/\/mostimondiale.com\/fr\/wp-json\/wp\/v2\/types\/product"}],"wp:featuredmedia":[{"embeddable":true,"href":"https:\/\/mostimondiale.com\/fr\/wp-json\/wp\/v2\/media\/1389"}],"wp:attachment":[{"href":"https:\/\/mostimondiale.com\/fr\/wp-json\/wp\/v2\/media?parent=1675"}],"wp:term":[{"taxonomy":"product_brand","embeddable":true,"href":"https:\/\/mostimondiale.com\/fr\/wp-json\/wp\/v2\/product_brand?post=1675"},{"taxonomy":"product_cat","embeddable":true,"href":"https:\/\/mostimondiale.com\/fr\/wp-json\/wp\/v2\/product_cat?post=1675"},{"taxonomy":"product_tag","embeddable":true,"href":"https:\/\/mostimondiale.com\/fr\/wp-json\/wp\/v2\/product_tag?post=1675"}],"curies":[{"name":"wp","href":"https:\/\/api.w.org\/{rel}","templated":true}]}}