{"id":1663,"date":"2019-04-24T15:41:00","date_gmt":"2019-04-24T19:40:59","guid":{"rendered":"https:\/\/mostimondiale.com\/?post_type=product&#038;p=1663"},"modified":"2024-02-02T13:23:20","modified_gmt":"2024-02-02T18:23:20","slug":"cabernet-sauvignon-8","status":"publish","type":"product","link":"https:\/\/mostimondiale.com\/fr\/produits\/cepage\/cabernet-sauvignon-fr\/cabernet-sauvignon-8\/","title":{"rendered":"Cabernet Sauvignon"},"content":{"rendered":"","protected":false},"excerpt":{"rendered":"<p>Rouge grenat profond et cors\u00e9, ce vin offre des saveurs de cassis et de m\u00fbres avec un l\u00e9ger soup\u00e7on de c\u00e8dre. La structure tannique du Cabernet Sauvignon, associ\u00e9e au ch\u00eane fran\u00e7ais, cr\u00e9e une merveilleuse symphonie de tanins.<\/p>\n","protected":false},"featured_media":1389,"template":"","meta":{"_acf_changed":false},"product_brand":[],"product_cat":[187,388,155,173],"product_tag":[],"class_list":{"0":"post-1663","1":"product","2":"type-product","3":"status-publish","4":"has-post-thumbnail","6":"product_cat-cabernet-sauvignon-fr","7":"product_cat-australian-fresco-fr","8":"product_cat-mout-de-raisin-frais","9":"product_cat-rouge","10":"pa_alcohol-272","11":"pa_aroma-boise","12":"pa_aroma-fruite","13":"pa_body-5-tres-corse","14":"pa_price-253","16":"first","17":"instock","18":"shipping-taxable","19":"product-type-simple"},"acf":[],"yoast_head":"<!-- This site is optimized with the Yoast SEO plugin v26.9 - https:\/\/yoast.com\/product\/yoast-seo-wordpress\/ -->\n<title>\u00c9dition Australienne Cabernet Sauvignon \u2022 Trousse | Mosti Mondiale<\/title>\n<meta name=\"description\" content=\"Notre \u00c9dition Australienne Cabernet Sauvignon (23L) est un vin rouge tr\u00e8s cors\u00e9, fait de mo\u00fbt frais et comprenant du ch\u00eane clair et fonc\u00e9.\" \/>\n<meta name=\"robots\" content=\"index, follow, max-snippet:-1, max-image-preview:large, max-video-preview:-1\" \/>\n<link rel=\"canonical\" href=\"https:\/\/mostimondiale.com\/fr\/produits\/cepage\/cabernet-sauvignon-fr\/cabernet-sauvignon-8\/\" \/>\n<meta property=\"og:locale\" content=\"fr_CA\" \/>\n<meta property=\"og:type\" content=\"article\" \/>\n<meta property=\"og:title\" content=\"\u00c9dition Australienne Cabernet Sauvignon \u2022 Trousse | Mosti Mondiale\" \/>\n<meta property=\"og:description\" content=\"Notre \u00c9dition Australienne Cabernet Sauvignon (23L) est un vin rouge tr\u00e8s cors\u00e9, fait de mo\u00fbt frais et comprenant du ch\u00eane clair et fonc\u00e9.\" \/>\n<meta property=\"og:url\" content=\"https:\/\/mostimondiale.com\/fr\/produits\/cepage\/cabernet-sauvignon-fr\/cabernet-sauvignon-8\/\" \/>\n<meta property=\"og:site_name\" content=\"Mosti Mondiale\" \/>\n<meta property=\"article:modified_time\" content=\"2024-02-02T18:23:20+00:00\" \/>\n<meta property=\"og:image\" content=\"https:\/\/mostimondiale.com\/wp-content\/uploads\/2019\/04\/australia-360x360-fr.png\" \/>\n\t<meta property=\"og:image:width\" content=\"360\" \/>\n\t<meta property=\"og:image:height\" content=\"360\" \/>\n\t<meta property=\"og:image:type\" content=\"image\/png\" \/>\n<meta name=\"twitter:card\" content=\"summary_large_image\" \/>\n<meta name=\"twitter:label1\" content=\"Estimation du temps de lecture\" \/>\n\t<meta name=\"twitter:data1\" content=\"1 minute\" \/>\n<script type=\"application\/ld+json\" class=\"yoast-schema-graph\">{\"@context\":\"https:\/\/schema.org\",\"@graph\":[{\"@type\":\"WebPage\",\"@id\":\"https:\/\/mostimondiale.com\/fr\/produits\/cepage\/cabernet-sauvignon-fr\/cabernet-sauvignon-8\/\",\"url\":\"https:\/\/mostimondiale.com\/fr\/produits\/cepage\/cabernet-sauvignon-fr\/cabernet-sauvignon-8\/\",\"name\":\"\u00c9dition Australienne Cabernet Sauvignon \u2022 Trousse | Mosti Mondiale\",\"isPartOf\":{\"@id\":\"https:\/\/mostimondiale.com\/#website\"},\"primaryImageOfPage\":{\"@id\":\"https:\/\/mostimondiale.com\/fr\/produits\/cepage\/cabernet-sauvignon-fr\/cabernet-sauvignon-8\/#primaryimage\"},\"image\":{\"@id\":\"https:\/\/mostimondiale.com\/fr\/produits\/cepage\/cabernet-sauvignon-fr\/cabernet-sauvignon-8\/#primaryimage\"},\"thumbnailUrl\":\"https:\/\/mostimondiale.com\/wp-content\/uploads\/2019\/04\/australia-360x360-fr.png\",\"datePublished\":\"2019-04-24T19:40:59+00:00\",\"dateModified\":\"2024-02-02T18:23:20+00:00\",\"description\":\"Notre \u00c9dition Australienne Cabernet Sauvignon (23L) est un vin rouge tr\u00e8s cors\u00e9, fait de mo\u00fbt frais et comprenant du ch\u00eane clair et fonc\u00e9.\",\"breadcrumb\":{\"@id\":\"https:\/\/mostimondiale.com\/fr\/produits\/cepage\/cabernet-sauvignon-fr\/cabernet-sauvignon-8\/#breadcrumb\"},\"inLanguage\":\"fr-CA\",\"potentialAction\":[{\"@type\":\"ReadAction\",\"target\":[\"https:\/\/mostimondiale.com\/fr\/produits\/cepage\/cabernet-sauvignon-fr\/cabernet-sauvignon-8\/\"]}]},{\"@type\":\"ImageObject\",\"inLanguage\":\"fr-CA\",\"@id\":\"https:\/\/mostimondiale.com\/fr\/produits\/cepage\/cabernet-sauvignon-fr\/cabernet-sauvignon-8\/#primaryimage\",\"url\":\"https:\/\/mostimondiale.com\/wp-content\/uploads\/2019\/04\/australia-360x360-fr.png\",\"contentUrl\":\"https:\/\/mostimondiale.com\/wp-content\/uploads\/2019\/04\/australia-360x360-fr.png\",\"width\":360,\"height\":360},{\"@type\":\"BreadcrumbList\",\"@id\":\"https:\/\/mostimondiale.com\/fr\/produits\/cepage\/cabernet-sauvignon-fr\/cabernet-sauvignon-8\/#breadcrumb\",\"itemListElement\":[{\"@type\":\"ListItem\",\"position\":1,\"name\":\"Accueil\",\"item\":\"https:\/\/mostimondiale.com\/fr\/\"},{\"@type\":\"ListItem\",\"position\":2,\"name\":\"Produits\",\"item\":\"https:\/\/mostimondiale.com\/fr\/produits\/\"},{\"@type\":\"ListItem\",\"position\":3,\"name\":\"Cabernet Sauvignon\"}]},{\"@type\":\"WebSite\",\"@id\":\"https:\/\/mostimondiale.com\/#website\",\"url\":\"https:\/\/mostimondiale.com\/\",\"name\":\"Mosti Mondiale\",\"description\":\"\",\"potentialAction\":[{\"@type\":\"SearchAction\",\"target\":{\"@type\":\"EntryPoint\",\"urlTemplate\":\"https:\/\/mostimondiale.com\/?s={search_term_string}\"},\"query-input\":{\"@type\":\"PropertyValueSpecification\",\"valueRequired\":true,\"valueName\":\"search_term_string\"}}],\"inLanguage\":\"fr-CA\"}]}<\/script>\n<!-- \/ Yoast SEO plugin. -->","yoast_head_json":{"title":"\u00c9dition Australienne Cabernet Sauvignon \u2022 Trousse | Mosti Mondiale","description":"Notre \u00c9dition Australienne Cabernet Sauvignon (23L) est un vin rouge tr\u00e8s cors\u00e9, fait de mo\u00fbt frais et comprenant du ch\u00eane clair et fonc\u00e9.","robots":{"index":"index","follow":"follow","max-snippet":"max-snippet:-1","max-image-preview":"max-image-preview:large","max-video-preview":"max-video-preview:-1"},"canonical":"https:\/\/mostimondiale.com\/fr\/produits\/cepage\/cabernet-sauvignon-fr\/cabernet-sauvignon-8\/","og_locale":"fr_CA","og_type":"article","og_title":"\u00c9dition Australienne Cabernet Sauvignon \u2022 Trousse | Mosti Mondiale","og_description":"Notre \u00c9dition Australienne Cabernet Sauvignon (23L) est un vin rouge tr\u00e8s cors\u00e9, fait de mo\u00fbt frais et comprenant du ch\u00eane clair et fonc\u00e9.","og_url":"https:\/\/mostimondiale.com\/fr\/produits\/cepage\/cabernet-sauvignon-fr\/cabernet-sauvignon-8\/","og_site_name":"Mosti Mondiale","article_modified_time":"2024-02-02T18:23:20+00:00","og_image":[{"width":360,"height":360,"url":"https:\/\/mostimondiale.com\/wp-content\/uploads\/2019\/04\/australia-360x360-fr.png","type":"image\/png"}],"twitter_card":"summary_large_image","twitter_misc":{"Estimation du temps de lecture":"1 minute"},"schema":{"@context":"https:\/\/schema.org","@graph":[{"@type":"WebPage","@id":"https:\/\/mostimondiale.com\/fr\/produits\/cepage\/cabernet-sauvignon-fr\/cabernet-sauvignon-8\/","url":"https:\/\/mostimondiale.com\/fr\/produits\/cepage\/cabernet-sauvignon-fr\/cabernet-sauvignon-8\/","name":"\u00c9dition Australienne Cabernet Sauvignon \u2022 Trousse | Mosti Mondiale","isPartOf":{"@id":"https:\/\/mostimondiale.com\/#website"},"primaryImageOfPage":{"@id":"https:\/\/mostimondiale.com\/fr\/produits\/cepage\/cabernet-sauvignon-fr\/cabernet-sauvignon-8\/#primaryimage"},"image":{"@id":"https:\/\/mostimondiale.com\/fr\/produits\/cepage\/cabernet-sauvignon-fr\/cabernet-sauvignon-8\/#primaryimage"},"thumbnailUrl":"https:\/\/mostimondiale.com\/wp-content\/uploads\/2019\/04\/australia-360x360-fr.png","datePublished":"2019-04-24T19:40:59+00:00","dateModified":"2024-02-02T18:23:20+00:00","description":"Notre \u00c9dition Australienne Cabernet Sauvignon (23L) est un vin rouge tr\u00e8s cors\u00e9, fait de mo\u00fbt frais et comprenant du ch\u00eane clair et fonc\u00e9.","breadcrumb":{"@id":"https:\/\/mostimondiale.com\/fr\/produits\/cepage\/cabernet-sauvignon-fr\/cabernet-sauvignon-8\/#breadcrumb"},"inLanguage":"fr-CA","potentialAction":[{"@type":"ReadAction","target":["https:\/\/mostimondiale.com\/fr\/produits\/cepage\/cabernet-sauvignon-fr\/cabernet-sauvignon-8\/"]}]},{"@type":"ImageObject","inLanguage":"fr-CA","@id":"https:\/\/mostimondiale.com\/fr\/produits\/cepage\/cabernet-sauvignon-fr\/cabernet-sauvignon-8\/#primaryimage","url":"https:\/\/mostimondiale.com\/wp-content\/uploads\/2019\/04\/australia-360x360-fr.png","contentUrl":"https:\/\/mostimondiale.com\/wp-content\/uploads\/2019\/04\/australia-360x360-fr.png","width":360,"height":360},{"@type":"BreadcrumbList","@id":"https:\/\/mostimondiale.com\/fr\/produits\/cepage\/cabernet-sauvignon-fr\/cabernet-sauvignon-8\/#breadcrumb","itemListElement":[{"@type":"ListItem","position":1,"name":"Accueil","item":"https:\/\/mostimondiale.com\/fr\/"},{"@type":"ListItem","position":2,"name":"Produits","item":"https:\/\/mostimondiale.com\/fr\/produits\/"},{"@type":"ListItem","position":3,"name":"Cabernet Sauvignon"}]},{"@type":"WebSite","@id":"https:\/\/mostimondiale.com\/#website","url":"https:\/\/mostimondiale.com\/","name":"Mosti Mondiale","description":"","potentialAction":[{"@type":"SearchAction","target":{"@type":"EntryPoint","urlTemplate":"https:\/\/mostimondiale.com\/?s={search_term_string}"},"query-input":{"@type":"PropertyValueSpecification","valueRequired":true,"valueName":"search_term_string"}}],"inLanguage":"fr-CA"}]}},"_links":{"self":[{"href":"https:\/\/mostimondiale.com\/fr\/wp-json\/wp\/v2\/product\/1663","targetHints":{"allow":["GET"]}}],"collection":[{"href":"https:\/\/mostimondiale.com\/fr\/wp-json\/wp\/v2\/product"}],"about":[{"href":"https:\/\/mostimondiale.com\/fr\/wp-json\/wp\/v2\/types\/product"}],"wp:featuredmedia":[{"embeddable":true,"href":"https:\/\/mostimondiale.com\/fr\/wp-json\/wp\/v2\/media\/1389"}],"wp:attachment":[{"href":"https:\/\/mostimondiale.com\/fr\/wp-json\/wp\/v2\/media?parent=1663"}],"wp:term":[{"taxonomy":"product_brand","embeddable":true,"href":"https:\/\/mostimondiale.com\/fr\/wp-json\/wp\/v2\/product_brand?post=1663"},{"taxonomy":"product_cat","embeddable":true,"href":"https:\/\/mostimondiale.com\/fr\/wp-json\/wp\/v2\/product_cat?post=1663"},{"taxonomy":"product_tag","embeddable":true,"href":"https:\/\/mostimondiale.com\/fr\/wp-json\/wp\/v2\/product_tag?post=1663"}],"curies":[{"name":"wp","href":"https:\/\/api.w.org\/{rel}","templated":true}]}}