{"id":1660,"date":"2019-04-24T15:20:28","date_gmt":"2019-04-24T19:20:29","guid":{"rendered":"https:\/\/mostimondiale.com\/?post_type=product&#038;p=1660"},"modified":"2019-04-24T15:29:01","modified_gmt":"2019-04-24T19:29:01","slug":"cabernet-franc","status":"publish","type":"product","link":"https:\/\/mostimondiale.com\/fr\/produits\/cepage\/cabernet-franc-fr\/cabernet-franc\/","title":{"rendered":"Cabernet Franc"},"content":{"rendered":"","protected":false},"excerpt":{"rendered":"<p>Fier membre de la famille cabernet sauvignon, ce vin est l\u00e9g\u00e8rement moins structur\u00e9, color\u00e9 et acide que son illustre cousin. Pr\u00e9sentant un nez plus\u00a0aromatique qui se distingue par ses parfums de framboises et de violettes, ses fragrances sont souvent intensifi\u00e9es par un m\u00e9lange de cabernet\u00a0sauvignon ou de merlot. Ce c\u00e9page, qui gagne \u00e0 \u00eatre d\u00e9couvert, gagne\u00a0en popularit\u00e9 de jour en jour.<\/p>\n","protected":false},"featured_media":1640,"template":"","meta":{"_acf_changed":false},"product_brand":[],"product_cat":[186,171,155,173],"product_tag":[],"class_list":{"0":"post-1660","1":"product","2":"type-product","3":"status-publish","4":"has-post-thumbnail","6":"product_cat-cabernet-franc-fr","7":"product_cat-fresco-edition-yakima","8":"product_cat-mout-de-raisin-frais","9":"product_cat-rouge","10":"pa_alcohol-12-6","11":"pa_aroma-floral-fr","12":"pa_aroma-fruite","13":"pa_body-5-tres-corse","14":"pa_price-253","16":"first","17":"instock","18":"shipping-taxable","19":"product-type-simple"},"acf":[],"yoast_head":"<!-- This site is optimized with the Yoast SEO plugin v26.9 - https:\/\/yoast.com\/product\/yoast-seo-wordpress\/ -->\n<title>\u00c9dition Yakima Cabernet Franc \u2022 Trousse de Vinification | Mosti Mondiale<\/title>\n<meta name=\"description\" content=\"Notre \u00c9dition Yakima Cabernet Franc (23L) est un vin rouge tr\u00e8s cors\u00e9, fait de mo\u00fbt frais et comprenant 8lbs de raisins \u00e9cras\u00e9s et \u00e9grapp\u00e9s.\" \/>\n<meta name=\"robots\" content=\"index, follow, max-snippet:-1, max-image-preview:large, max-video-preview:-1\" \/>\n<link rel=\"canonical\" href=\"https:\/\/mostimondiale.com\/fr\/produits\/cepage\/cabernet-franc-fr\/cabernet-franc\/\" \/>\n<meta property=\"og:locale\" content=\"fr_CA\" \/>\n<meta property=\"og:type\" content=\"article\" \/>\n<meta property=\"og:title\" content=\"\u00c9dition Yakima Cabernet Franc \u2022 Trousse de Vinification | Mosti Mondiale\" \/>\n<meta property=\"og:description\" content=\"Notre \u00c9dition Yakima Cabernet Franc (23L) est un vin rouge tr\u00e8s cors\u00e9, fait de mo\u00fbt frais et comprenant 8lbs de raisins \u00e9cras\u00e9s et \u00e9grapp\u00e9s.\" \/>\n<meta property=\"og:url\" content=\"https:\/\/mostimondiale.com\/fr\/produits\/cepage\/cabernet-franc-fr\/cabernet-franc\/\" \/>\n<meta property=\"og:site_name\" content=\"Mosti Mondiale\" \/>\n<meta property=\"article:modified_time\" content=\"2019-04-24T19:29:01+00:00\" \/>\n<meta property=\"og:image\" content=\"https:\/\/mostimondiale.com\/wp-content\/uploads\/2019\/04\/lodi-360x360-fr-1.png\" \/>\n\t<meta property=\"og:image:width\" content=\"360\" \/>\n\t<meta property=\"og:image:height\" content=\"360\" \/>\n\t<meta property=\"og:image:type\" content=\"image\/png\" \/>\n<meta name=\"twitter:card\" content=\"summary_large_image\" \/>\n<script type=\"application\/ld+json\" class=\"yoast-schema-graph\">{\"@context\":\"https:\/\/schema.org\",\"@graph\":[{\"@type\":\"WebPage\",\"@id\":\"https:\/\/mostimondiale.com\/fr\/produits\/cepage\/cabernet-franc-fr\/cabernet-franc\/\",\"url\":\"https:\/\/mostimondiale.com\/fr\/produits\/cepage\/cabernet-franc-fr\/cabernet-franc\/\",\"name\":\"\u00c9dition Yakima Cabernet Franc \u2022 Trousse de Vinification | Mosti Mondiale\",\"isPartOf\":{\"@id\":\"https:\/\/mostimondiale.com\/#website\"},\"primaryImageOfPage\":{\"@id\":\"https:\/\/mostimondiale.com\/fr\/produits\/cepage\/cabernet-franc-fr\/cabernet-franc\/#primaryimage\"},\"image\":{\"@id\":\"https:\/\/mostimondiale.com\/fr\/produits\/cepage\/cabernet-franc-fr\/cabernet-franc\/#primaryimage\"},\"thumbnailUrl\":\"https:\/\/mostimondiale.com\/wp-content\/uploads\/2019\/04\/lodi-360x360-fr-1.png\",\"datePublished\":\"2019-04-24T19:20:29+00:00\",\"dateModified\":\"2019-04-24T19:29:01+00:00\",\"description\":\"Notre \u00c9dition Yakima Cabernet Franc (23L) est un vin rouge tr\u00e8s cors\u00e9, fait de mo\u00fbt frais et comprenant 8lbs de raisins \u00e9cras\u00e9s et \u00e9grapp\u00e9s.\",\"breadcrumb\":{\"@id\":\"https:\/\/mostimondiale.com\/fr\/produits\/cepage\/cabernet-franc-fr\/cabernet-franc\/#breadcrumb\"},\"inLanguage\":\"fr-CA\",\"potentialAction\":[{\"@type\":\"ReadAction\",\"target\":[\"https:\/\/mostimondiale.com\/fr\/produits\/cepage\/cabernet-franc-fr\/cabernet-franc\/\"]}]},{\"@type\":\"ImageObject\",\"inLanguage\":\"fr-CA\",\"@id\":\"https:\/\/mostimondiale.com\/fr\/produits\/cepage\/cabernet-franc-fr\/cabernet-franc\/#primaryimage\",\"url\":\"https:\/\/mostimondiale.com\/wp-content\/uploads\/2019\/04\/lodi-360x360-fr-1.png\",\"contentUrl\":\"https:\/\/mostimondiale.com\/wp-content\/uploads\/2019\/04\/lodi-360x360-fr-1.png\",\"width\":360,\"height\":360},{\"@type\":\"BreadcrumbList\",\"@id\":\"https:\/\/mostimondiale.com\/fr\/produits\/cepage\/cabernet-franc-fr\/cabernet-franc\/#breadcrumb\",\"itemListElement\":[{\"@type\":\"ListItem\",\"position\":1,\"name\":\"Accueil\",\"item\":\"https:\/\/mostimondiale.com\/fr\/\"},{\"@type\":\"ListItem\",\"position\":2,\"name\":\"Produits\",\"item\":\"https:\/\/mostimondiale.com\/fr\/produits\/\"},{\"@type\":\"ListItem\",\"position\":3,\"name\":\"Cabernet Franc\"}]},{\"@type\":\"WebSite\",\"@id\":\"https:\/\/mostimondiale.com\/#website\",\"url\":\"https:\/\/mostimondiale.com\/\",\"name\":\"Mosti Mondiale\",\"description\":\"\",\"potentialAction\":[{\"@type\":\"SearchAction\",\"target\":{\"@type\":\"EntryPoint\",\"urlTemplate\":\"https:\/\/mostimondiale.com\/?s={search_term_string}\"},\"query-input\":{\"@type\":\"PropertyValueSpecification\",\"valueRequired\":true,\"valueName\":\"search_term_string\"}}],\"inLanguage\":\"fr-CA\"}]}<\/script>\n<!-- \/ Yoast SEO plugin. -->","yoast_head_json":{"title":"\u00c9dition Yakima Cabernet Franc \u2022 Trousse de Vinification | Mosti Mondiale","description":"Notre \u00c9dition Yakima Cabernet Franc (23L) est un vin rouge tr\u00e8s cors\u00e9, fait de mo\u00fbt frais et comprenant 8lbs de raisins \u00e9cras\u00e9s et \u00e9grapp\u00e9s.","robots":{"index":"index","follow":"follow","max-snippet":"max-snippet:-1","max-image-preview":"max-image-preview:large","max-video-preview":"max-video-preview:-1"},"canonical":"https:\/\/mostimondiale.com\/fr\/produits\/cepage\/cabernet-franc-fr\/cabernet-franc\/","og_locale":"fr_CA","og_type":"article","og_title":"\u00c9dition Yakima Cabernet Franc \u2022 Trousse de Vinification | Mosti Mondiale","og_description":"Notre \u00c9dition Yakima Cabernet Franc (23L) est un vin rouge tr\u00e8s cors\u00e9, fait de mo\u00fbt frais et comprenant 8lbs de raisins \u00e9cras\u00e9s et \u00e9grapp\u00e9s.","og_url":"https:\/\/mostimondiale.com\/fr\/produits\/cepage\/cabernet-franc-fr\/cabernet-franc\/","og_site_name":"Mosti Mondiale","article_modified_time":"2019-04-24T19:29:01+00:00","og_image":[{"width":360,"height":360,"url":"https:\/\/mostimondiale.com\/wp-content\/uploads\/2019\/04\/lodi-360x360-fr-1.png","type":"image\/png"}],"twitter_card":"summary_large_image","schema":{"@context":"https:\/\/schema.org","@graph":[{"@type":"WebPage","@id":"https:\/\/mostimondiale.com\/fr\/produits\/cepage\/cabernet-franc-fr\/cabernet-franc\/","url":"https:\/\/mostimondiale.com\/fr\/produits\/cepage\/cabernet-franc-fr\/cabernet-franc\/","name":"\u00c9dition Yakima Cabernet Franc \u2022 Trousse de Vinification | Mosti Mondiale","isPartOf":{"@id":"https:\/\/mostimondiale.com\/#website"},"primaryImageOfPage":{"@id":"https:\/\/mostimondiale.com\/fr\/produits\/cepage\/cabernet-franc-fr\/cabernet-franc\/#primaryimage"},"image":{"@id":"https:\/\/mostimondiale.com\/fr\/produits\/cepage\/cabernet-franc-fr\/cabernet-franc\/#primaryimage"},"thumbnailUrl":"https:\/\/mostimondiale.com\/wp-content\/uploads\/2019\/04\/lodi-360x360-fr-1.png","datePublished":"2019-04-24T19:20:29+00:00","dateModified":"2019-04-24T19:29:01+00:00","description":"Notre \u00c9dition Yakima Cabernet Franc (23L) est un vin rouge tr\u00e8s cors\u00e9, fait de mo\u00fbt frais et comprenant 8lbs de raisins \u00e9cras\u00e9s et \u00e9grapp\u00e9s.","breadcrumb":{"@id":"https:\/\/mostimondiale.com\/fr\/produits\/cepage\/cabernet-franc-fr\/cabernet-franc\/#breadcrumb"},"inLanguage":"fr-CA","potentialAction":[{"@type":"ReadAction","target":["https:\/\/mostimondiale.com\/fr\/produits\/cepage\/cabernet-franc-fr\/cabernet-franc\/"]}]},{"@type":"ImageObject","inLanguage":"fr-CA","@id":"https:\/\/mostimondiale.com\/fr\/produits\/cepage\/cabernet-franc-fr\/cabernet-franc\/#primaryimage","url":"https:\/\/mostimondiale.com\/wp-content\/uploads\/2019\/04\/lodi-360x360-fr-1.png","contentUrl":"https:\/\/mostimondiale.com\/wp-content\/uploads\/2019\/04\/lodi-360x360-fr-1.png","width":360,"height":360},{"@type":"BreadcrumbList","@id":"https:\/\/mostimondiale.com\/fr\/produits\/cepage\/cabernet-franc-fr\/cabernet-franc\/#breadcrumb","itemListElement":[{"@type":"ListItem","position":1,"name":"Accueil","item":"https:\/\/mostimondiale.com\/fr\/"},{"@type":"ListItem","position":2,"name":"Produits","item":"https:\/\/mostimondiale.com\/fr\/produits\/"},{"@type":"ListItem","position":3,"name":"Cabernet Franc"}]},{"@type":"WebSite","@id":"https:\/\/mostimondiale.com\/#website","url":"https:\/\/mostimondiale.com\/","name":"Mosti Mondiale","description":"","potentialAction":[{"@type":"SearchAction","target":{"@type":"EntryPoint","urlTemplate":"https:\/\/mostimondiale.com\/?s={search_term_string}"},"query-input":{"@type":"PropertyValueSpecification","valueRequired":true,"valueName":"search_term_string"}}],"inLanguage":"fr-CA"}]}},"_links":{"self":[{"href":"https:\/\/mostimondiale.com\/fr\/wp-json\/wp\/v2\/product\/1660","targetHints":{"allow":["GET"]}}],"collection":[{"href":"https:\/\/mostimondiale.com\/fr\/wp-json\/wp\/v2\/product"}],"about":[{"href":"https:\/\/mostimondiale.com\/fr\/wp-json\/wp\/v2\/types\/product"}],"wp:featuredmedia":[{"embeddable":true,"href":"https:\/\/mostimondiale.com\/fr\/wp-json\/wp\/v2\/media\/1640"}],"wp:attachment":[{"href":"https:\/\/mostimondiale.com\/fr\/wp-json\/wp\/v2\/media?parent=1660"}],"wp:term":[{"taxonomy":"product_brand","embeddable":true,"href":"https:\/\/mostimondiale.com\/fr\/wp-json\/wp\/v2\/product_brand?post=1660"},{"taxonomy":"product_cat","embeddable":true,"href":"https:\/\/mostimondiale.com\/fr\/wp-json\/wp\/v2\/product_cat?post=1660"},{"taxonomy":"product_tag","embeddable":true,"href":"https:\/\/mostimondiale.com\/fr\/wp-json\/wp\/v2\/product_tag?post=1660"}],"curies":[{"name":"wp","href":"https:\/\/api.w.org\/{rel}","templated":true}]}}