{"id":1650,"date":"2019-04-24T15:15:44","date_gmt":"2019-04-24T19:15:45","guid":{"rendered":"https:\/\/mostimondiale.com\/?post_type=product&#038;p=1650"},"modified":"2019-04-24T15:20:09","modified_gmt":"2019-04-24T19:20:09","slug":"cabernet-sauvignon-7","status":"publish","type":"product","link":"https:\/\/mostimondiale.com\/fr\/produits\/cepage\/cabernet-sauvignon-fr\/cabernet-sauvignon-7\/","title":{"rendered":"Cabernet Sauvignon"},"content":{"rendered":"","protected":false},"excerpt":{"rendered":"<p>Ce Cabernet Sauvignon de Yakima Valley, Washington est un vin extr\u00eamement complexe avec de tendres notes de cassis, de grenade et m\u00eame de noix de coco r\u00f4tie une fois la bouteille ouverte et qu\u2019il a eu la chance de respirer. Des ar\u00f4mes qui rappellent l\u2019int\u00e9rieur d\u2019un humidor, des herbes vertes et de vanille fra\u00eeche. C\u2019est un vin \u00e9pic\u00e9 et poivr\u00e9 qui peut r\u00e9sister \u00e0 des repas cors\u00e9s avec des sauces abondantes.<\/p>\n","protected":false},"featured_media":1640,"template":"","meta":{"_acf_changed":false},"product_brand":[],"product_cat":[187,171,155,173],"product_tag":[],"class_list":{"0":"post-1650","1":"product","2":"type-product","3":"status-publish","4":"has-post-thumbnail","6":"product_cat-cabernet-sauvignon-fr","7":"product_cat-fresco-edition-yakima","8":"product_cat-mout-de-raisin-frais","9":"product_cat-rouge","10":"pa_alcohol-13-2","11":"pa_aroma-boise","12":"pa_aroma-epice","13":"pa_aroma-fruite","14":"pa_aroma-herbace","15":"pa_body-5-tres-corse","16":"pa_price-253","18":"first","19":"instock","20":"shipping-taxable","21":"product-type-simple"},"acf":[],"yoast_head":"<!-- This site is optimized with the Yoast SEO plugin v26.9 - https:\/\/yoast.com\/product\/yoast-seo-wordpress\/ -->\n<title>\u00c9dition Yakima Cabernet Sauvignon \u2022 Trousse Vinification | Mosti Mondiale<\/title>\n<meta name=\"description\" content=\"Notre \u00c9dition Yakima Cabernet Sauvignon (23L) est un vin rouge tr\u00e8s cors\u00e9, fait de mo\u00fbt frais et comprenant 8lbs de raisins \u00e9cras\u00e9s et \u00e9grapp\u00e9s.\" \/>\n<meta name=\"robots\" content=\"index, follow, max-snippet:-1, max-image-preview:large, max-video-preview:-1\" \/>\n<link rel=\"canonical\" href=\"https:\/\/mostimondiale.com\/produits\/varietal\/cabernet-sauvignon\/cabernet-sauvignon-7\/\" \/>\n<meta property=\"og:locale\" content=\"fr_CA\" \/>\n<meta property=\"og:type\" content=\"article\" \/>\n<meta property=\"og:title\" content=\"\u00c9dition Yakima Cabernet Sauvignon \u2022 Trousse Vinification | Mosti Mondiale\" \/>\n<meta property=\"og:description\" content=\"Notre \u00c9dition Yakima Cabernet Sauvignon (23L) est un vin rouge tr\u00e8s cors\u00e9, fait de mo\u00fbt frais et comprenant 8lbs de raisins \u00e9cras\u00e9s et \u00e9grapp\u00e9s.\" \/>\n<meta property=\"og:url\" content=\"https:\/\/mostimondiale.com\/produits\/varietal\/cabernet-sauvignon\/cabernet-sauvignon-7\/\" \/>\n<meta property=\"og:site_name\" content=\"Mosti Mondiale\" \/>\n<meta property=\"article:modified_time\" content=\"2019-04-24T19:20:09+00:00\" \/>\n<meta property=\"og:image\" content=\"https:\/\/mostimondiale.com\/wp-content\/uploads\/2019\/04\/lodi-360x360-fr-1.png\" \/>\n\t<meta property=\"og:image:width\" content=\"360\" \/>\n\t<meta property=\"og:image:height\" content=\"360\" \/>\n\t<meta property=\"og:image:type\" content=\"image\/png\" \/>\n<meta name=\"twitter:card\" content=\"summary_large_image\" \/>\n<script type=\"application\/ld+json\" class=\"yoast-schema-graph\">{\"@context\":\"https:\/\/schema.org\",\"@graph\":[{\"@type\":\"WebPage\",\"@id\":\"https:\/\/mostimondiale.com\/produits\/varietal\/cabernet-sauvignon\/cabernet-sauvignon-7\/\",\"url\":\"https:\/\/mostimondiale.com\/produits\/varietal\/cabernet-sauvignon\/cabernet-sauvignon-7\/\",\"name\":\"\u00c9dition Yakima Cabernet Sauvignon \u2022 Trousse Vinification | Mosti Mondiale\",\"isPartOf\":{\"@id\":\"https:\/\/mostimondiale.com\/#website\"},\"primaryImageOfPage\":{\"@id\":\"https:\/\/mostimondiale.com\/produits\/varietal\/cabernet-sauvignon\/cabernet-sauvignon-7\/#primaryimage\"},\"image\":{\"@id\":\"https:\/\/mostimondiale.com\/produits\/varietal\/cabernet-sauvignon\/cabernet-sauvignon-7\/#primaryimage\"},\"thumbnailUrl\":\"https:\/\/mostimondiale.com\/wp-content\/uploads\/2019\/04\/lodi-360x360-fr-1.png\",\"datePublished\":\"2019-04-24T19:15:45+00:00\",\"dateModified\":\"2019-04-24T19:20:09+00:00\",\"description\":\"Notre \u00c9dition Yakima Cabernet Sauvignon (23L) est un vin rouge tr\u00e8s cors\u00e9, fait de mo\u00fbt frais et comprenant 8lbs de raisins \u00e9cras\u00e9s et \u00e9grapp\u00e9s.\",\"breadcrumb\":{\"@id\":\"https:\/\/mostimondiale.com\/produits\/varietal\/cabernet-sauvignon\/cabernet-sauvignon-7\/#breadcrumb\"},\"inLanguage\":\"fr-CA\",\"potentialAction\":[{\"@type\":\"ReadAction\",\"target\":[\"https:\/\/mostimondiale.com\/produits\/varietal\/cabernet-sauvignon\/cabernet-sauvignon-7\/\"]}]},{\"@type\":\"ImageObject\",\"inLanguage\":\"fr-CA\",\"@id\":\"https:\/\/mostimondiale.com\/produits\/varietal\/cabernet-sauvignon\/cabernet-sauvignon-7\/#primaryimage\",\"url\":\"https:\/\/mostimondiale.com\/wp-content\/uploads\/2019\/04\/lodi-360x360-fr-1.png\",\"contentUrl\":\"https:\/\/mostimondiale.com\/wp-content\/uploads\/2019\/04\/lodi-360x360-fr-1.png\",\"width\":360,\"height\":360},{\"@type\":\"BreadcrumbList\",\"@id\":\"https:\/\/mostimondiale.com\/produits\/varietal\/cabernet-sauvignon\/cabernet-sauvignon-7\/#breadcrumb\",\"itemListElement\":[{\"@type\":\"ListItem\",\"position\":1,\"name\":\"Accueil\",\"item\":\"https:\/\/mostimondiale.com\/fr\/\"},{\"@type\":\"ListItem\",\"position\":2,\"name\":\"Produits\",\"item\":\"https:\/\/mostimondiale.com\/fr\/produits\/\"},{\"@type\":\"ListItem\",\"position\":3,\"name\":\"Cabernet Sauvignon\"}]},{\"@type\":\"WebSite\",\"@id\":\"https:\/\/mostimondiale.com\/#website\",\"url\":\"https:\/\/mostimondiale.com\/\",\"name\":\"Mosti Mondiale\",\"description\":\"\",\"potentialAction\":[{\"@type\":\"SearchAction\",\"target\":{\"@type\":\"EntryPoint\",\"urlTemplate\":\"https:\/\/mostimondiale.com\/?s={search_term_string}\"},\"query-input\":{\"@type\":\"PropertyValueSpecification\",\"valueRequired\":true,\"valueName\":\"search_term_string\"}}],\"inLanguage\":\"fr-CA\"}]}<\/script>\n<!-- \/ Yoast SEO plugin. -->","yoast_head_json":{"title":"\u00c9dition Yakima Cabernet Sauvignon \u2022 Trousse Vinification | Mosti Mondiale","description":"Notre \u00c9dition Yakima Cabernet Sauvignon (23L) est un vin rouge tr\u00e8s cors\u00e9, fait de mo\u00fbt frais et comprenant 8lbs de raisins \u00e9cras\u00e9s et \u00e9grapp\u00e9s.","robots":{"index":"index","follow":"follow","max-snippet":"max-snippet:-1","max-image-preview":"max-image-preview:large","max-video-preview":"max-video-preview:-1"},"canonical":"https:\/\/mostimondiale.com\/produits\/varietal\/cabernet-sauvignon\/cabernet-sauvignon-7\/","og_locale":"fr_CA","og_type":"article","og_title":"\u00c9dition Yakima Cabernet Sauvignon \u2022 Trousse Vinification | Mosti Mondiale","og_description":"Notre \u00c9dition Yakima Cabernet Sauvignon (23L) est un vin rouge tr\u00e8s cors\u00e9, fait de mo\u00fbt frais et comprenant 8lbs de raisins \u00e9cras\u00e9s et \u00e9grapp\u00e9s.","og_url":"https:\/\/mostimondiale.com\/produits\/varietal\/cabernet-sauvignon\/cabernet-sauvignon-7\/","og_site_name":"Mosti Mondiale","article_modified_time":"2019-04-24T19:20:09+00:00","og_image":[{"width":360,"height":360,"url":"https:\/\/mostimondiale.com\/wp-content\/uploads\/2019\/04\/lodi-360x360-fr-1.png","type":"image\/png"}],"twitter_card":"summary_large_image","schema":{"@context":"https:\/\/schema.org","@graph":[{"@type":"WebPage","@id":"https:\/\/mostimondiale.com\/produits\/varietal\/cabernet-sauvignon\/cabernet-sauvignon-7\/","url":"https:\/\/mostimondiale.com\/produits\/varietal\/cabernet-sauvignon\/cabernet-sauvignon-7\/","name":"\u00c9dition Yakima Cabernet Sauvignon \u2022 Trousse Vinification | Mosti Mondiale","isPartOf":{"@id":"https:\/\/mostimondiale.com\/#website"},"primaryImageOfPage":{"@id":"https:\/\/mostimondiale.com\/produits\/varietal\/cabernet-sauvignon\/cabernet-sauvignon-7\/#primaryimage"},"image":{"@id":"https:\/\/mostimondiale.com\/produits\/varietal\/cabernet-sauvignon\/cabernet-sauvignon-7\/#primaryimage"},"thumbnailUrl":"https:\/\/mostimondiale.com\/wp-content\/uploads\/2019\/04\/lodi-360x360-fr-1.png","datePublished":"2019-04-24T19:15:45+00:00","dateModified":"2019-04-24T19:20:09+00:00","description":"Notre \u00c9dition Yakima Cabernet Sauvignon (23L) est un vin rouge tr\u00e8s cors\u00e9, fait de mo\u00fbt frais et comprenant 8lbs de raisins \u00e9cras\u00e9s et \u00e9grapp\u00e9s.","breadcrumb":{"@id":"https:\/\/mostimondiale.com\/produits\/varietal\/cabernet-sauvignon\/cabernet-sauvignon-7\/#breadcrumb"},"inLanguage":"fr-CA","potentialAction":[{"@type":"ReadAction","target":["https:\/\/mostimondiale.com\/produits\/varietal\/cabernet-sauvignon\/cabernet-sauvignon-7\/"]}]},{"@type":"ImageObject","inLanguage":"fr-CA","@id":"https:\/\/mostimondiale.com\/produits\/varietal\/cabernet-sauvignon\/cabernet-sauvignon-7\/#primaryimage","url":"https:\/\/mostimondiale.com\/wp-content\/uploads\/2019\/04\/lodi-360x360-fr-1.png","contentUrl":"https:\/\/mostimondiale.com\/wp-content\/uploads\/2019\/04\/lodi-360x360-fr-1.png","width":360,"height":360},{"@type":"BreadcrumbList","@id":"https:\/\/mostimondiale.com\/produits\/varietal\/cabernet-sauvignon\/cabernet-sauvignon-7\/#breadcrumb","itemListElement":[{"@type":"ListItem","position":1,"name":"Accueil","item":"https:\/\/mostimondiale.com\/fr\/"},{"@type":"ListItem","position":2,"name":"Produits","item":"https:\/\/mostimondiale.com\/fr\/produits\/"},{"@type":"ListItem","position":3,"name":"Cabernet Sauvignon"}]},{"@type":"WebSite","@id":"https:\/\/mostimondiale.com\/#website","url":"https:\/\/mostimondiale.com\/","name":"Mosti Mondiale","description":"","potentialAction":[{"@type":"SearchAction","target":{"@type":"EntryPoint","urlTemplate":"https:\/\/mostimondiale.com\/?s={search_term_string}"},"query-input":{"@type":"PropertyValueSpecification","valueRequired":true,"valueName":"search_term_string"}}],"inLanguage":"fr-CA"}]}},"_links":{"self":[{"href":"https:\/\/mostimondiale.com\/fr\/wp-json\/wp\/v2\/product\/1650","targetHints":{"allow":["GET"]}}],"collection":[{"href":"https:\/\/mostimondiale.com\/fr\/wp-json\/wp\/v2\/product"}],"about":[{"href":"https:\/\/mostimondiale.com\/fr\/wp-json\/wp\/v2\/types\/product"}],"wp:featuredmedia":[{"embeddable":true,"href":"https:\/\/mostimondiale.com\/fr\/wp-json\/wp\/v2\/media\/1640"}],"wp:attachment":[{"href":"https:\/\/mostimondiale.com\/fr\/wp-json\/wp\/v2\/media?parent=1650"}],"wp:term":[{"taxonomy":"product_brand","embeddable":true,"href":"https:\/\/mostimondiale.com\/fr\/wp-json\/wp\/v2\/product_brand?post=1650"},{"taxonomy":"product_cat","embeddable":true,"href":"https:\/\/mostimondiale.com\/fr\/wp-json\/wp\/v2\/product_cat?post=1650"},{"taxonomy":"product_tag","embeddable":true,"href":"https:\/\/mostimondiale.com\/fr\/wp-json\/wp\/v2\/product_tag?post=1650"}],"curies":[{"name":"wp","href":"https:\/\/api.w.org\/{rel}","templated":true}]}}