{"id":1645,"date":"2019-04-24T15:08:33","date_gmt":"2019-04-24T19:08:32","guid":{"rendered":"https:\/\/mostimondiale.com\/?post_type=product&#038;p=1645"},"modified":"2019-04-24T15:35:55","modified_gmt":"2019-04-24T19:35:55","slug":"merlot-5","status":"publish","type":"product","link":"https:\/\/mostimondiale.com\/fr\/produits\/cepage\/merlot-fr\/merlot-5\/","title":{"rendered":"Merlot"},"content":{"rendered":"","protected":false},"excerpt":{"rendered":"<p>Ce c\u00e9page populaire pr\u00e9sente un nez de cassis subtil accompagn\u00e9 de touches florales et une saveur relev\u00e9e de notes poivr\u00e9es. ses tanins et sa finale douce sont pr\u00e9c\u00e9d\u00e9s d\u2019une attaque remarquable qui reste longtemps en bouche. Vous remarquerez \u00e9galement son charme rafra\u00eechissant et bien \u00e9quilibr\u00e9 ainsi que sa robustesse et sa texture velout\u00e9e.<\/p>\n","protected":false},"featured_media":1640,"template":"","meta":{"_acf_changed":false},"product_brand":[],"product_cat":[162,203,155,173],"product_tag":[],"class_list":{"0":"post-1645","1":"product","2":"type-product","3":"status-publish","4":"has-post-thumbnail","6":"product_cat-fresco-edition-lodi","7":"product_cat-merlot-fr","8":"product_cat-mout-de-raisin-frais","9":"product_cat-rouge","10":"pa_alcohol-12-9-fr-2","11":"pa_aroma-epice","12":"pa_aroma-floral-fr","13":"pa_aroma-fruite","14":"pa_body-3-mi-corse","15":"pa_price-253","17":"first","18":"instock","19":"shipping-taxable","20":"product-type-simple"},"acf":[],"yoast_head":"<!-- This site is optimized with the Yoast SEO plugin v26.9 - https:\/\/yoast.com\/product\/yoast-seo-wordpress\/ -->\n<title>\u00c9dition Lodi Merlot \u2022 Trousse|Kit de Vinification | Mosti Mondiale<\/title>\n<meta name=\"description\" content=\"Notre \u00c9dition Lodi Merlot (23L) est un vin rouge mi-cors\u00e9, fait de mo\u00fbt frais et comprenant 8lbs de raisins \u00e9cras\u00e9s et \u00e9grapp\u00e9s.\" \/>\n<meta name=\"robots\" content=\"index, follow, max-snippet:-1, max-image-preview:large, max-video-preview:-1\" \/>\n<link rel=\"canonical\" href=\"https:\/\/mostimondiale.com\/produits\/varietal\/merlot\/merlot-5\/\" \/>\n<meta property=\"og:locale\" content=\"fr_CA\" \/>\n<meta property=\"og:type\" content=\"article\" \/>\n<meta property=\"og:title\" content=\"\u00c9dition Lodi Merlot \u2022 Trousse|Kit de Vinification | Mosti Mondiale\" \/>\n<meta property=\"og:description\" content=\"Notre \u00c9dition Lodi Merlot (23L) est un vin rouge mi-cors\u00e9, fait de mo\u00fbt frais et comprenant 8lbs de raisins \u00e9cras\u00e9s et \u00e9grapp\u00e9s.\" \/>\n<meta property=\"og:url\" content=\"https:\/\/mostimondiale.com\/produits\/varietal\/merlot\/merlot-5\/\" \/>\n<meta property=\"og:site_name\" content=\"Mosti Mondiale\" \/>\n<meta property=\"article:modified_time\" content=\"2019-04-24T19:35:55+00:00\" \/>\n<meta property=\"og:image\" content=\"https:\/\/mostimondiale.com\/wp-content\/uploads\/2019\/04\/lodi-360x360-fr-1.png\" \/>\n\t<meta property=\"og:image:width\" content=\"360\" \/>\n\t<meta property=\"og:image:height\" content=\"360\" \/>\n\t<meta property=\"og:image:type\" content=\"image\/png\" \/>\n<meta name=\"twitter:card\" content=\"summary_large_image\" \/>\n<script type=\"application\/ld+json\" class=\"yoast-schema-graph\">{\"@context\":\"https:\/\/schema.org\",\"@graph\":[{\"@type\":\"WebPage\",\"@id\":\"https:\/\/mostimondiale.com\/produits\/varietal\/merlot\/merlot-5\/\",\"url\":\"https:\/\/mostimondiale.com\/produits\/varietal\/merlot\/merlot-5\/\",\"name\":\"\u00c9dition Lodi Merlot \u2022 Trousse|Kit de Vinification | Mosti Mondiale\",\"isPartOf\":{\"@id\":\"https:\/\/mostimondiale.com\/#website\"},\"primaryImageOfPage\":{\"@id\":\"https:\/\/mostimondiale.com\/produits\/varietal\/merlot\/merlot-5\/#primaryimage\"},\"image\":{\"@id\":\"https:\/\/mostimondiale.com\/produits\/varietal\/merlot\/merlot-5\/#primaryimage\"},\"thumbnailUrl\":\"https:\/\/mostimondiale.com\/wp-content\/uploads\/2019\/04\/lodi-360x360-fr-1.png\",\"datePublished\":\"2019-04-24T19:08:32+00:00\",\"dateModified\":\"2019-04-24T19:35:55+00:00\",\"description\":\"Notre \u00c9dition Lodi Merlot (23L) est un vin rouge mi-cors\u00e9, fait de mo\u00fbt frais et comprenant 8lbs de raisins \u00e9cras\u00e9s et \u00e9grapp\u00e9s.\",\"breadcrumb\":{\"@id\":\"https:\/\/mostimondiale.com\/produits\/varietal\/merlot\/merlot-5\/#breadcrumb\"},\"inLanguage\":\"fr-CA\",\"potentialAction\":[{\"@type\":\"ReadAction\",\"target\":[\"https:\/\/mostimondiale.com\/produits\/varietal\/merlot\/merlot-5\/\"]}]},{\"@type\":\"ImageObject\",\"inLanguage\":\"fr-CA\",\"@id\":\"https:\/\/mostimondiale.com\/produits\/varietal\/merlot\/merlot-5\/#primaryimage\",\"url\":\"https:\/\/mostimondiale.com\/wp-content\/uploads\/2019\/04\/lodi-360x360-fr-1.png\",\"contentUrl\":\"https:\/\/mostimondiale.com\/wp-content\/uploads\/2019\/04\/lodi-360x360-fr-1.png\",\"width\":360,\"height\":360},{\"@type\":\"BreadcrumbList\",\"@id\":\"https:\/\/mostimondiale.com\/produits\/varietal\/merlot\/merlot-5\/#breadcrumb\",\"itemListElement\":[{\"@type\":\"ListItem\",\"position\":1,\"name\":\"Accueil\",\"item\":\"https:\/\/mostimondiale.com\/fr\/\"},{\"@type\":\"ListItem\",\"position\":2,\"name\":\"Produits\",\"item\":\"https:\/\/mostimondiale.com\/fr\/produits\/\"},{\"@type\":\"ListItem\",\"position\":3,\"name\":\"Merlot\"}]},{\"@type\":\"WebSite\",\"@id\":\"https:\/\/mostimondiale.com\/#website\",\"url\":\"https:\/\/mostimondiale.com\/\",\"name\":\"Mosti Mondiale\",\"description\":\"\",\"potentialAction\":[{\"@type\":\"SearchAction\",\"target\":{\"@type\":\"EntryPoint\",\"urlTemplate\":\"https:\/\/mostimondiale.com\/?s={search_term_string}\"},\"query-input\":{\"@type\":\"PropertyValueSpecification\",\"valueRequired\":true,\"valueName\":\"search_term_string\"}}],\"inLanguage\":\"fr-CA\"}]}<\/script>\n<!-- \/ Yoast SEO plugin. -->","yoast_head_json":{"title":"\u00c9dition Lodi Merlot \u2022 Trousse|Kit de Vinification | Mosti Mondiale","description":"Notre \u00c9dition Lodi Merlot (23L) est un vin rouge mi-cors\u00e9, fait de mo\u00fbt frais et comprenant 8lbs de raisins \u00e9cras\u00e9s et \u00e9grapp\u00e9s.","robots":{"index":"index","follow":"follow","max-snippet":"max-snippet:-1","max-image-preview":"max-image-preview:large","max-video-preview":"max-video-preview:-1"},"canonical":"https:\/\/mostimondiale.com\/produits\/varietal\/merlot\/merlot-5\/","og_locale":"fr_CA","og_type":"article","og_title":"\u00c9dition Lodi Merlot \u2022 Trousse|Kit de Vinification | Mosti Mondiale","og_description":"Notre \u00c9dition Lodi Merlot (23L) est un vin rouge mi-cors\u00e9, fait de mo\u00fbt frais et comprenant 8lbs de raisins \u00e9cras\u00e9s et \u00e9grapp\u00e9s.","og_url":"https:\/\/mostimondiale.com\/produits\/varietal\/merlot\/merlot-5\/","og_site_name":"Mosti Mondiale","article_modified_time":"2019-04-24T19:35:55+00:00","og_image":[{"width":360,"height":360,"url":"https:\/\/mostimondiale.com\/wp-content\/uploads\/2019\/04\/lodi-360x360-fr-1.png","type":"image\/png"}],"twitter_card":"summary_large_image","schema":{"@context":"https:\/\/schema.org","@graph":[{"@type":"WebPage","@id":"https:\/\/mostimondiale.com\/produits\/varietal\/merlot\/merlot-5\/","url":"https:\/\/mostimondiale.com\/produits\/varietal\/merlot\/merlot-5\/","name":"\u00c9dition Lodi Merlot \u2022 Trousse|Kit de Vinification | Mosti Mondiale","isPartOf":{"@id":"https:\/\/mostimondiale.com\/#website"},"primaryImageOfPage":{"@id":"https:\/\/mostimondiale.com\/produits\/varietal\/merlot\/merlot-5\/#primaryimage"},"image":{"@id":"https:\/\/mostimondiale.com\/produits\/varietal\/merlot\/merlot-5\/#primaryimage"},"thumbnailUrl":"https:\/\/mostimondiale.com\/wp-content\/uploads\/2019\/04\/lodi-360x360-fr-1.png","datePublished":"2019-04-24T19:08:32+00:00","dateModified":"2019-04-24T19:35:55+00:00","description":"Notre \u00c9dition Lodi Merlot (23L) est un vin rouge mi-cors\u00e9, fait de mo\u00fbt frais et comprenant 8lbs de raisins \u00e9cras\u00e9s et \u00e9grapp\u00e9s.","breadcrumb":{"@id":"https:\/\/mostimondiale.com\/produits\/varietal\/merlot\/merlot-5\/#breadcrumb"},"inLanguage":"fr-CA","potentialAction":[{"@type":"ReadAction","target":["https:\/\/mostimondiale.com\/produits\/varietal\/merlot\/merlot-5\/"]}]},{"@type":"ImageObject","inLanguage":"fr-CA","@id":"https:\/\/mostimondiale.com\/produits\/varietal\/merlot\/merlot-5\/#primaryimage","url":"https:\/\/mostimondiale.com\/wp-content\/uploads\/2019\/04\/lodi-360x360-fr-1.png","contentUrl":"https:\/\/mostimondiale.com\/wp-content\/uploads\/2019\/04\/lodi-360x360-fr-1.png","width":360,"height":360},{"@type":"BreadcrumbList","@id":"https:\/\/mostimondiale.com\/produits\/varietal\/merlot\/merlot-5\/#breadcrumb","itemListElement":[{"@type":"ListItem","position":1,"name":"Accueil","item":"https:\/\/mostimondiale.com\/fr\/"},{"@type":"ListItem","position":2,"name":"Produits","item":"https:\/\/mostimondiale.com\/fr\/produits\/"},{"@type":"ListItem","position":3,"name":"Merlot"}]},{"@type":"WebSite","@id":"https:\/\/mostimondiale.com\/#website","url":"https:\/\/mostimondiale.com\/","name":"Mosti Mondiale","description":"","potentialAction":[{"@type":"SearchAction","target":{"@type":"EntryPoint","urlTemplate":"https:\/\/mostimondiale.com\/?s={search_term_string}"},"query-input":{"@type":"PropertyValueSpecification","valueRequired":true,"valueName":"search_term_string"}}],"inLanguage":"fr-CA"}]}},"_links":{"self":[{"href":"https:\/\/mostimondiale.com\/fr\/wp-json\/wp\/v2\/product\/1645","targetHints":{"allow":["GET"]}}],"collection":[{"href":"https:\/\/mostimondiale.com\/fr\/wp-json\/wp\/v2\/product"}],"about":[{"href":"https:\/\/mostimondiale.com\/fr\/wp-json\/wp\/v2\/types\/product"}],"wp:featuredmedia":[{"embeddable":true,"href":"https:\/\/mostimondiale.com\/fr\/wp-json\/wp\/v2\/media\/1640"}],"wp:attachment":[{"href":"https:\/\/mostimondiale.com\/fr\/wp-json\/wp\/v2\/media?parent=1645"}],"wp:term":[{"taxonomy":"product_brand","embeddable":true,"href":"https:\/\/mostimondiale.com\/fr\/wp-json\/wp\/v2\/product_brand?post=1645"},{"taxonomy":"product_cat","embeddable":true,"href":"https:\/\/mostimondiale.com\/fr\/wp-json\/wp\/v2\/product_cat?post=1645"},{"taxonomy":"product_tag","embeddable":true,"href":"https:\/\/mostimondiale.com\/fr\/wp-json\/wp\/v2\/product_tag?post=1645"}],"curies":[{"name":"wp","href":"https:\/\/api.w.org\/{rel}","templated":true}]}}