{"id":1631,"date":"2019-04-24T11:57:13","date_gmt":"2019-04-24T15:57:12","guid":{"rendered":"https:\/\/mostimondiale.com\/?post_type=product&#038;p=1631"},"modified":"2024-02-02T13:33:20","modified_gmt":"2024-02-02T18:33:20","slug":"shiraz-2","status":"publish","type":"product","link":"https:\/\/mostimondiale.com\/fr\/produits\/cepage\/shiraz-fr\/shiraz-2\/","title":{"rendered":"Shiraz"},"content":{"rendered":"","protected":false},"excerpt":{"rendered":"<p>D\u00e9couvrez l\u2019un des c\u00e9pages les plus reconnus d\u2019Afrique du Sud : un Shiraz sec et plein de corps, rouge cerise, avec des notes fruit\u00e9es et \u00e9pic\u00e9es quand il est jeune. En m\u00fbrissant, des parfums plus subtils, comme le caf\u00e9 et le chocolat, commencent \u00e0 prendre le relai. Le nez reconna\u00eet progressivement des touches de charbon, ce qui ajoute au myst\u00e8re de ce vin classique. Savourez-le en compagnie si vous souhaitez le partager, mais n\u2019ayez pas honte de le garder secr\u00e8tement pour vous seul !<\/p>\n","protected":false},"featured_media":4175,"template":"","meta":{"_acf_changed":false},"product_brand":[],"product_cat":[160,155,173,223],"product_tag":[],"class_list":{"0":"post-1631","1":"product","2":"type-product","3":"status-publish","4":"has-post-thumbnail","6":"product_cat-south-african-fresco-fr","7":"product_cat-mout-de-raisin-frais","8":"product_cat-rouge","9":"product_cat-shiraz-fr","10":"pa_alcohol-13-2","11":"pa_aroma-boise","12":"pa_aroma-caramelise","13":"pa_aroma-epice","14":"pa_aroma-fruite","15":"pa_body-5-tres-corse","16":"pa_price-253","18":"first","19":"instock","20":"shipping-taxable","21":"product-type-simple"},"acf":[],"yoast_head":"<!-- This site is optimized with the Yoast SEO plugin v26.9 - https:\/\/yoast.com\/product\/yoast-seo-wordpress\/ -->\n<title>Fresco Afrique du Sud Shiraz \u2022 Trousse|Kit Vinification | Mosti Mondiale<\/title>\n<meta name=\"description\" content=\"Notre Fresco Afrique du Sud Shiraz (23L) est un vin rouge tr\u00e8s cors\u00e9, fait de mo\u00fbt frais. Parfums comme le caf\u00e9 et le chocolat, lorsque vieilli.\" \/>\n<meta name=\"robots\" content=\"index, follow, max-snippet:-1, max-image-preview:large, max-video-preview:-1\" \/>\n<link rel=\"canonical\" href=\"https:\/\/mostimondiale.com\/produits\/varietal\/shiraz\/shiraz-2\/\" \/>\n<meta property=\"og:locale\" content=\"fr_CA\" \/>\n<meta property=\"og:type\" content=\"article\" \/>\n<meta property=\"og:title\" content=\"Fresco Afrique du Sud Shiraz \u2022 Trousse|Kit Vinification | Mosti Mondiale\" \/>\n<meta property=\"og:description\" content=\"Notre Fresco Afrique du Sud Shiraz (23L) est un vin rouge tr\u00e8s cors\u00e9, fait de mo\u00fbt frais. Parfums comme le caf\u00e9 et le chocolat, lorsque vieilli.\" \/>\n<meta property=\"og:url\" content=\"https:\/\/mostimondiale.com\/produits\/varietal\/shiraz\/shiraz-2\/\" \/>\n<meta property=\"og:site_name\" content=\"Mosti Mondiale\" \/>\n<meta property=\"article:modified_time\" content=\"2024-02-02T18:33:20+00:00\" \/>\n<meta property=\"og:image\" content=\"https:\/\/mostimondiale.com\/wp-content\/uploads\/2021\/03\/southafrica-360x360-fr.png\" \/>\n\t<meta property=\"og:image:width\" content=\"360\" \/>\n\t<meta property=\"og:image:height\" content=\"360\" \/>\n\t<meta property=\"og:image:type\" content=\"image\/png\" \/>\n<meta name=\"twitter:card\" content=\"summary_large_image\" \/>\n<meta name=\"twitter:label1\" content=\"Estimation du temps de lecture\" \/>\n\t<meta name=\"twitter:data1\" content=\"1 minute\" \/>\n<script type=\"application\/ld+json\" class=\"yoast-schema-graph\">{\"@context\":\"https:\/\/schema.org\",\"@graph\":[{\"@type\":\"WebPage\",\"@id\":\"https:\/\/mostimondiale.com\/produits\/varietal\/shiraz\/shiraz-2\/\",\"url\":\"https:\/\/mostimondiale.com\/produits\/varietal\/shiraz\/shiraz-2\/\",\"name\":\"Fresco Afrique du Sud Shiraz \u2022 Trousse|Kit Vinification | Mosti Mondiale\",\"isPartOf\":{\"@id\":\"https:\/\/mostimondiale.com\/#website\"},\"primaryImageOfPage\":{\"@id\":\"https:\/\/mostimondiale.com\/produits\/varietal\/shiraz\/shiraz-2\/#primaryimage\"},\"image\":{\"@id\":\"https:\/\/mostimondiale.com\/produits\/varietal\/shiraz\/shiraz-2\/#primaryimage\"},\"thumbnailUrl\":\"https:\/\/mostimondiale.com\/wp-content\/uploads\/2021\/03\/southafrica-360x360-fr.png\",\"datePublished\":\"2019-04-24T15:57:12+00:00\",\"dateModified\":\"2024-02-02T18:33:20+00:00\",\"description\":\"Notre Fresco Afrique du Sud Shiraz (23L) est un vin rouge tr\u00e8s cors\u00e9, fait de mo\u00fbt frais. Parfums comme le caf\u00e9 et le chocolat, lorsque vieilli.\",\"breadcrumb\":{\"@id\":\"https:\/\/mostimondiale.com\/produits\/varietal\/shiraz\/shiraz-2\/#breadcrumb\"},\"inLanguage\":\"fr-CA\",\"potentialAction\":[{\"@type\":\"ReadAction\",\"target\":[\"https:\/\/mostimondiale.com\/produits\/varietal\/shiraz\/shiraz-2\/\"]}]},{\"@type\":\"ImageObject\",\"inLanguage\":\"fr-CA\",\"@id\":\"https:\/\/mostimondiale.com\/produits\/varietal\/shiraz\/shiraz-2\/#primaryimage\",\"url\":\"https:\/\/mostimondiale.com\/wp-content\/uploads\/2021\/03\/southafrica-360x360-fr.png\",\"contentUrl\":\"https:\/\/mostimondiale.com\/wp-content\/uploads\/2021\/03\/southafrica-360x360-fr.png\",\"width\":360,\"height\":360},{\"@type\":\"BreadcrumbList\",\"@id\":\"https:\/\/mostimondiale.com\/produits\/varietal\/shiraz\/shiraz-2\/#breadcrumb\",\"itemListElement\":[{\"@type\":\"ListItem\",\"position\":1,\"name\":\"Accueil\",\"item\":\"https:\/\/mostimondiale.com\/fr\/\"},{\"@type\":\"ListItem\",\"position\":2,\"name\":\"Produits\",\"item\":\"https:\/\/mostimondiale.com\/fr\/produits\/\"},{\"@type\":\"ListItem\",\"position\":3,\"name\":\"Shiraz\"}]},{\"@type\":\"WebSite\",\"@id\":\"https:\/\/mostimondiale.com\/#website\",\"url\":\"https:\/\/mostimondiale.com\/\",\"name\":\"Mosti Mondiale\",\"description\":\"\",\"potentialAction\":[{\"@type\":\"SearchAction\",\"target\":{\"@type\":\"EntryPoint\",\"urlTemplate\":\"https:\/\/mostimondiale.com\/?s={search_term_string}\"},\"query-input\":{\"@type\":\"PropertyValueSpecification\",\"valueRequired\":true,\"valueName\":\"search_term_string\"}}],\"inLanguage\":\"fr-CA\"}]}<\/script>\n<!-- \/ Yoast SEO plugin. -->","yoast_head_json":{"title":"Fresco Afrique du Sud Shiraz \u2022 Trousse|Kit Vinification | Mosti Mondiale","description":"Notre Fresco Afrique du Sud Shiraz (23L) est un vin rouge tr\u00e8s cors\u00e9, fait de mo\u00fbt frais. Parfums comme le caf\u00e9 et le chocolat, lorsque vieilli.","robots":{"index":"index","follow":"follow","max-snippet":"max-snippet:-1","max-image-preview":"max-image-preview:large","max-video-preview":"max-video-preview:-1"},"canonical":"https:\/\/mostimondiale.com\/produits\/varietal\/shiraz\/shiraz-2\/","og_locale":"fr_CA","og_type":"article","og_title":"Fresco Afrique du Sud Shiraz \u2022 Trousse|Kit Vinification | Mosti Mondiale","og_description":"Notre Fresco Afrique du Sud Shiraz (23L) est un vin rouge tr\u00e8s cors\u00e9, fait de mo\u00fbt frais. Parfums comme le caf\u00e9 et le chocolat, lorsque vieilli.","og_url":"https:\/\/mostimondiale.com\/produits\/varietal\/shiraz\/shiraz-2\/","og_site_name":"Mosti Mondiale","article_modified_time":"2024-02-02T18:33:20+00:00","og_image":[{"width":360,"height":360,"url":"https:\/\/mostimondiale.com\/wp-content\/uploads\/2021\/03\/southafrica-360x360-fr.png","type":"image\/png"}],"twitter_card":"summary_large_image","twitter_misc":{"Estimation du temps de lecture":"1 minute"},"schema":{"@context":"https:\/\/schema.org","@graph":[{"@type":"WebPage","@id":"https:\/\/mostimondiale.com\/produits\/varietal\/shiraz\/shiraz-2\/","url":"https:\/\/mostimondiale.com\/produits\/varietal\/shiraz\/shiraz-2\/","name":"Fresco Afrique du Sud Shiraz \u2022 Trousse|Kit Vinification | Mosti Mondiale","isPartOf":{"@id":"https:\/\/mostimondiale.com\/#website"},"primaryImageOfPage":{"@id":"https:\/\/mostimondiale.com\/produits\/varietal\/shiraz\/shiraz-2\/#primaryimage"},"image":{"@id":"https:\/\/mostimondiale.com\/produits\/varietal\/shiraz\/shiraz-2\/#primaryimage"},"thumbnailUrl":"https:\/\/mostimondiale.com\/wp-content\/uploads\/2021\/03\/southafrica-360x360-fr.png","datePublished":"2019-04-24T15:57:12+00:00","dateModified":"2024-02-02T18:33:20+00:00","description":"Notre Fresco Afrique du Sud Shiraz (23L) est un vin rouge tr\u00e8s cors\u00e9, fait de mo\u00fbt frais. Parfums comme le caf\u00e9 et le chocolat, lorsque vieilli.","breadcrumb":{"@id":"https:\/\/mostimondiale.com\/produits\/varietal\/shiraz\/shiraz-2\/#breadcrumb"},"inLanguage":"fr-CA","potentialAction":[{"@type":"ReadAction","target":["https:\/\/mostimondiale.com\/produits\/varietal\/shiraz\/shiraz-2\/"]}]},{"@type":"ImageObject","inLanguage":"fr-CA","@id":"https:\/\/mostimondiale.com\/produits\/varietal\/shiraz\/shiraz-2\/#primaryimage","url":"https:\/\/mostimondiale.com\/wp-content\/uploads\/2021\/03\/southafrica-360x360-fr.png","contentUrl":"https:\/\/mostimondiale.com\/wp-content\/uploads\/2021\/03\/southafrica-360x360-fr.png","width":360,"height":360},{"@type":"BreadcrumbList","@id":"https:\/\/mostimondiale.com\/produits\/varietal\/shiraz\/shiraz-2\/#breadcrumb","itemListElement":[{"@type":"ListItem","position":1,"name":"Accueil","item":"https:\/\/mostimondiale.com\/fr\/"},{"@type":"ListItem","position":2,"name":"Produits","item":"https:\/\/mostimondiale.com\/fr\/produits\/"},{"@type":"ListItem","position":3,"name":"Shiraz"}]},{"@type":"WebSite","@id":"https:\/\/mostimondiale.com\/#website","url":"https:\/\/mostimondiale.com\/","name":"Mosti Mondiale","description":"","potentialAction":[{"@type":"SearchAction","target":{"@type":"EntryPoint","urlTemplate":"https:\/\/mostimondiale.com\/?s={search_term_string}"},"query-input":{"@type":"PropertyValueSpecification","valueRequired":true,"valueName":"search_term_string"}}],"inLanguage":"fr-CA"}]}},"_links":{"self":[{"href":"https:\/\/mostimondiale.com\/fr\/wp-json\/wp\/v2\/product\/1631","targetHints":{"allow":["GET"]}}],"collection":[{"href":"https:\/\/mostimondiale.com\/fr\/wp-json\/wp\/v2\/product"}],"about":[{"href":"https:\/\/mostimondiale.com\/fr\/wp-json\/wp\/v2\/types\/product"}],"wp:featuredmedia":[{"embeddable":true,"href":"https:\/\/mostimondiale.com\/fr\/wp-json\/wp\/v2\/media\/4175"}],"wp:attachment":[{"href":"https:\/\/mostimondiale.com\/fr\/wp-json\/wp\/v2\/media?parent=1631"}],"wp:term":[{"taxonomy":"product_brand","embeddable":true,"href":"https:\/\/mostimondiale.com\/fr\/wp-json\/wp\/v2\/product_brand?post=1631"},{"taxonomy":"product_cat","embeddable":true,"href":"https:\/\/mostimondiale.com\/fr\/wp-json\/wp\/v2\/product_cat?post=1631"},{"taxonomy":"product_tag","embeddable":true,"href":"https:\/\/mostimondiale.com\/fr\/wp-json\/wp\/v2\/product_tag?post=1631"}],"curies":[{"name":"wp","href":"https:\/\/api.w.org\/{rel}","templated":true}]}}