{"id":1605,"date":"2019-04-23T15:45:26","date_gmt":"2019-04-23T19:45:26","guid":{"rendered":"https:\/\/mostimondiale.com\/?post_type=product&#038;p=1605"},"modified":"2024-02-02T13:40:10","modified_gmt":"2024-02-02T18:40:10","slug":"sauvignon-blanc-4","status":"publish","type":"product","link":"https:\/\/mostimondiale.com\/fr\/produits\/cepage\/sauvignon-blanc-fr\/sauvignon-blanc-4\/","title":{"rendered":"Sauvignon Blanc"},"content":{"rendered":"","protected":false},"excerpt":{"rendered":"<p>Couleur ambre claire avec un bouquet puissant citronn\u00e9 et de certaines\u00a0nuances herbales. Croustillant et clair sur le palais, on peut savourer ce\u00a0vin seul, avec des plats l\u00e9gers ou bien quelques hors d\u2019\u0153uvre.<\/p>\n","protected":false},"featured_media":4173,"template":"","meta":{"_acf_changed":false},"product_brand":[],"product_cat":[176,159,155,221],"product_tag":[],"class_list":{"0":"post-1605","1":"product","2":"type-product","3":"status-publish","4":"has-post-thumbnail","6":"product_cat-blanc","7":"product_cat-fresco-chili-fr","8":"product_cat-mout-de-raisin-frais","9":"product_cat-sauvignon-blanc-fr","10":"pa_alcohol-12-4","11":"pa_aroma-fruite","12":"pa_aroma-herbace","13":"pa_body-4-corse","14":"pa_price-253","15":"pa_winemaker-addition-chene-leger","17":"first","18":"instock","19":"shipping-taxable","20":"product-type-simple"},"acf":[],"yoast_head":"<!-- This site is optimized with the Yoast SEO plugin v26.9 - https:\/\/yoast.com\/product\/yoast-seo-wordpress\/ -->\n<title>Chili Fresco Sauvignon Blanc \u2022 Trousse|Kit de Vinification | Mosti Mondiale<\/title>\n<meta name=\"description\" content=\"Notre Chili Fresco Sauvignon Blanc (23L) est un vin blanc cors\u00e9, fait de mo\u00fbt frais, et comprenant des copeaux de ch\u00eane clair. Notes de citron et herbes.\" \/>\n<meta name=\"robots\" content=\"index, follow, max-snippet:-1, max-image-preview:large, max-video-preview:-1\" \/>\n<link rel=\"canonical\" href=\"https:\/\/mostimondiale.com\/produits\/varietal\/sauvignon-blanc\/sauvignon-blanc-4\/\" \/>\n<meta property=\"og:locale\" content=\"fr_CA\" \/>\n<meta property=\"og:type\" content=\"article\" \/>\n<meta property=\"og:title\" content=\"Chili Fresco Sauvignon Blanc \u2022 Trousse|Kit de Vinification | Mosti Mondiale\" \/>\n<meta property=\"og:description\" content=\"Notre Chili Fresco Sauvignon Blanc (23L) est un vin blanc cors\u00e9, fait de mo\u00fbt frais, et comprenant des copeaux de ch\u00eane clair. Notes de citron et herbes.\" \/>\n<meta property=\"og:url\" content=\"https:\/\/mostimondiale.com\/produits\/varietal\/sauvignon-blanc\/sauvignon-blanc-4\/\" \/>\n<meta property=\"og:site_name\" content=\"Mosti Mondiale\" \/>\n<meta property=\"article:modified_time\" content=\"2024-02-02T18:40:10+00:00\" \/>\n<meta property=\"og:image\" content=\"https:\/\/mostimondiale.com\/wp-content\/uploads\/2021\/03\/chile-360x360-fr.png\" \/>\n\t<meta property=\"og:image:width\" content=\"360\" \/>\n\t<meta property=\"og:image:height\" content=\"360\" \/>\n\t<meta property=\"og:image:type\" content=\"image\/png\" \/>\n<meta name=\"twitter:card\" content=\"summary_large_image\" \/>\n<meta name=\"twitter:label1\" content=\"Estimation du temps de lecture\" \/>\n\t<meta name=\"twitter:data1\" content=\"1 minute\" \/>\n<script type=\"application\/ld+json\" class=\"yoast-schema-graph\">{\"@context\":\"https:\/\/schema.org\",\"@graph\":[{\"@type\":\"WebPage\",\"@id\":\"https:\/\/mostimondiale.com\/produits\/varietal\/sauvignon-blanc\/sauvignon-blanc-4\/\",\"url\":\"https:\/\/mostimondiale.com\/produits\/varietal\/sauvignon-blanc\/sauvignon-blanc-4\/\",\"name\":\"Chili Fresco Sauvignon Blanc \u2022 Trousse|Kit de Vinification | Mosti Mondiale\",\"isPartOf\":{\"@id\":\"https:\/\/mostimondiale.com\/#website\"},\"primaryImageOfPage\":{\"@id\":\"https:\/\/mostimondiale.com\/produits\/varietal\/sauvignon-blanc\/sauvignon-blanc-4\/#primaryimage\"},\"image\":{\"@id\":\"https:\/\/mostimondiale.com\/produits\/varietal\/sauvignon-blanc\/sauvignon-blanc-4\/#primaryimage\"},\"thumbnailUrl\":\"https:\/\/mostimondiale.com\/wp-content\/uploads\/2021\/03\/chile-360x360-fr.png\",\"datePublished\":\"2019-04-23T19:45:26+00:00\",\"dateModified\":\"2024-02-02T18:40:10+00:00\",\"description\":\"Notre Chili Fresco Sauvignon Blanc (23L) est un vin blanc cors\u00e9, fait de mo\u00fbt frais, et comprenant des copeaux de ch\u00eane clair. Notes de citron et herbes.\",\"breadcrumb\":{\"@id\":\"https:\/\/mostimondiale.com\/produits\/varietal\/sauvignon-blanc\/sauvignon-blanc-4\/#breadcrumb\"},\"inLanguage\":\"fr-CA\",\"potentialAction\":[{\"@type\":\"ReadAction\",\"target\":[\"https:\/\/mostimondiale.com\/produits\/varietal\/sauvignon-blanc\/sauvignon-blanc-4\/\"]}]},{\"@type\":\"ImageObject\",\"inLanguage\":\"fr-CA\",\"@id\":\"https:\/\/mostimondiale.com\/produits\/varietal\/sauvignon-blanc\/sauvignon-blanc-4\/#primaryimage\",\"url\":\"https:\/\/mostimondiale.com\/wp-content\/uploads\/2021\/03\/chile-360x360-fr.png\",\"contentUrl\":\"https:\/\/mostimondiale.com\/wp-content\/uploads\/2021\/03\/chile-360x360-fr.png\",\"width\":360,\"height\":360},{\"@type\":\"BreadcrumbList\",\"@id\":\"https:\/\/mostimondiale.com\/produits\/varietal\/sauvignon-blanc\/sauvignon-blanc-4\/#breadcrumb\",\"itemListElement\":[{\"@type\":\"ListItem\",\"position\":1,\"name\":\"Accueil\",\"item\":\"https:\/\/mostimondiale.com\/fr\/\"},{\"@type\":\"ListItem\",\"position\":2,\"name\":\"Produits\",\"item\":\"https:\/\/mostimondiale.com\/fr\/produits\/\"},{\"@type\":\"ListItem\",\"position\":3,\"name\":\"Sauvignon Blanc\"}]},{\"@type\":\"WebSite\",\"@id\":\"https:\/\/mostimondiale.com\/#website\",\"url\":\"https:\/\/mostimondiale.com\/\",\"name\":\"Mosti Mondiale\",\"description\":\"\",\"potentialAction\":[{\"@type\":\"SearchAction\",\"target\":{\"@type\":\"EntryPoint\",\"urlTemplate\":\"https:\/\/mostimondiale.com\/?s={search_term_string}\"},\"query-input\":{\"@type\":\"PropertyValueSpecification\",\"valueRequired\":true,\"valueName\":\"search_term_string\"}}],\"inLanguage\":\"fr-CA\"}]}<\/script>\n<!-- \/ Yoast SEO plugin. -->","yoast_head_json":{"title":"Chili Fresco Sauvignon Blanc \u2022 Trousse|Kit de Vinification | Mosti Mondiale","description":"Notre Chili Fresco Sauvignon Blanc (23L) est un vin blanc cors\u00e9, fait de mo\u00fbt frais, et comprenant des copeaux de ch\u00eane clair. Notes de citron et herbes.","robots":{"index":"index","follow":"follow","max-snippet":"max-snippet:-1","max-image-preview":"max-image-preview:large","max-video-preview":"max-video-preview:-1"},"canonical":"https:\/\/mostimondiale.com\/produits\/varietal\/sauvignon-blanc\/sauvignon-blanc-4\/","og_locale":"fr_CA","og_type":"article","og_title":"Chili Fresco Sauvignon Blanc \u2022 Trousse|Kit de Vinification | Mosti Mondiale","og_description":"Notre Chili Fresco Sauvignon Blanc (23L) est un vin blanc cors\u00e9, fait de mo\u00fbt frais, et comprenant des copeaux de ch\u00eane clair. Notes de citron et herbes.","og_url":"https:\/\/mostimondiale.com\/produits\/varietal\/sauvignon-blanc\/sauvignon-blanc-4\/","og_site_name":"Mosti Mondiale","article_modified_time":"2024-02-02T18:40:10+00:00","og_image":[{"width":360,"height":360,"url":"https:\/\/mostimondiale.com\/wp-content\/uploads\/2021\/03\/chile-360x360-fr.png","type":"image\/png"}],"twitter_card":"summary_large_image","twitter_misc":{"Estimation du temps de lecture":"1 minute"},"schema":{"@context":"https:\/\/schema.org","@graph":[{"@type":"WebPage","@id":"https:\/\/mostimondiale.com\/produits\/varietal\/sauvignon-blanc\/sauvignon-blanc-4\/","url":"https:\/\/mostimondiale.com\/produits\/varietal\/sauvignon-blanc\/sauvignon-blanc-4\/","name":"Chili Fresco Sauvignon Blanc \u2022 Trousse|Kit de Vinification | Mosti Mondiale","isPartOf":{"@id":"https:\/\/mostimondiale.com\/#website"},"primaryImageOfPage":{"@id":"https:\/\/mostimondiale.com\/produits\/varietal\/sauvignon-blanc\/sauvignon-blanc-4\/#primaryimage"},"image":{"@id":"https:\/\/mostimondiale.com\/produits\/varietal\/sauvignon-blanc\/sauvignon-blanc-4\/#primaryimage"},"thumbnailUrl":"https:\/\/mostimondiale.com\/wp-content\/uploads\/2021\/03\/chile-360x360-fr.png","datePublished":"2019-04-23T19:45:26+00:00","dateModified":"2024-02-02T18:40:10+00:00","description":"Notre Chili Fresco Sauvignon Blanc (23L) est un vin blanc cors\u00e9, fait de mo\u00fbt frais, et comprenant des copeaux de ch\u00eane clair. Notes de citron et herbes.","breadcrumb":{"@id":"https:\/\/mostimondiale.com\/produits\/varietal\/sauvignon-blanc\/sauvignon-blanc-4\/#breadcrumb"},"inLanguage":"fr-CA","potentialAction":[{"@type":"ReadAction","target":["https:\/\/mostimondiale.com\/produits\/varietal\/sauvignon-blanc\/sauvignon-blanc-4\/"]}]},{"@type":"ImageObject","inLanguage":"fr-CA","@id":"https:\/\/mostimondiale.com\/produits\/varietal\/sauvignon-blanc\/sauvignon-blanc-4\/#primaryimage","url":"https:\/\/mostimondiale.com\/wp-content\/uploads\/2021\/03\/chile-360x360-fr.png","contentUrl":"https:\/\/mostimondiale.com\/wp-content\/uploads\/2021\/03\/chile-360x360-fr.png","width":360,"height":360},{"@type":"BreadcrumbList","@id":"https:\/\/mostimondiale.com\/produits\/varietal\/sauvignon-blanc\/sauvignon-blanc-4\/#breadcrumb","itemListElement":[{"@type":"ListItem","position":1,"name":"Accueil","item":"https:\/\/mostimondiale.com\/fr\/"},{"@type":"ListItem","position":2,"name":"Produits","item":"https:\/\/mostimondiale.com\/fr\/produits\/"},{"@type":"ListItem","position":3,"name":"Sauvignon Blanc"}]},{"@type":"WebSite","@id":"https:\/\/mostimondiale.com\/#website","url":"https:\/\/mostimondiale.com\/","name":"Mosti Mondiale","description":"","potentialAction":[{"@type":"SearchAction","target":{"@type":"EntryPoint","urlTemplate":"https:\/\/mostimondiale.com\/?s={search_term_string}"},"query-input":{"@type":"PropertyValueSpecification","valueRequired":true,"valueName":"search_term_string"}}],"inLanguage":"fr-CA"}]}},"_links":{"self":[{"href":"https:\/\/mostimondiale.com\/fr\/wp-json\/wp\/v2\/product\/1605","targetHints":{"allow":["GET"]}}],"collection":[{"href":"https:\/\/mostimondiale.com\/fr\/wp-json\/wp\/v2\/product"}],"about":[{"href":"https:\/\/mostimondiale.com\/fr\/wp-json\/wp\/v2\/types\/product"}],"wp:featuredmedia":[{"embeddable":true,"href":"https:\/\/mostimondiale.com\/fr\/wp-json\/wp\/v2\/media\/4173"}],"wp:attachment":[{"href":"https:\/\/mostimondiale.com\/fr\/wp-json\/wp\/v2\/media?parent=1605"}],"wp:term":[{"taxonomy":"product_brand","embeddable":true,"href":"https:\/\/mostimondiale.com\/fr\/wp-json\/wp\/v2\/product_brand?post=1605"},{"taxonomy":"product_cat","embeddable":true,"href":"https:\/\/mostimondiale.com\/fr\/wp-json\/wp\/v2\/product_cat?post=1605"},{"taxonomy":"product_tag","embeddable":true,"href":"https:\/\/mostimondiale.com\/fr\/wp-json\/wp\/v2\/product_tag?post=1605"}],"curies":[{"name":"wp","href":"https:\/\/api.w.org\/{rel}","templated":true}]}}