{"id":1601,"date":"2019-04-23T15:36:33","date_gmt":"2019-04-23T19:36:32","guid":{"rendered":"https:\/\/mostimondiale.com\/?post_type=product&#038;p=1601"},"modified":"2024-02-02T13:39:55","modified_gmt":"2024-02-02T18:39:55","slug":"malbec-4","status":"publish","type":"product","link":"https:\/\/mostimondiale.com\/fr\/produits\/cepage\/malbec-fr\/malbec-4\/","title":{"rendered":"Malbec"},"content":{"rendered":"","protected":false},"excerpt":{"rendered":"<p>Le Malbec de Mosti Mondiale est un voyage inoubliable \u00e0 la campagne chilienne. Une belle robe de grenat, go\u00fbt de cerise noire et une combinaison d\u2019ar\u00f4mes de tabac \u00e0 cigare et de caf\u00e9 forment ensemble une exp\u00e9rience savoureuse.<\/p>\n","protected":false},"featured_media":4173,"template":"","meta":{"_acf_changed":false},"product_brand":[],"product_cat":[159,201,155,173],"product_tag":[],"class_list":{"0":"post-1601","1":"product","2":"type-product","3":"status-publish","4":"has-post-thumbnail","6":"product_cat-fresco-chili-fr","7":"product_cat-malbec-fr","8":"product_cat-mout-de-raisin-frais","9":"product_cat-rouge","10":"pa_alcohol-12-9-fr-2","11":"pa_aroma-boise","12":"pa_aroma-fruite","13":"pa_aroma-herbace","14":"pa_body-5-tres-corse","15":"pa_price-253","16":"pa_winemaker-addition-chene-fonce","18":"first","19":"instock","20":"shipping-taxable","21":"product-type-simple"},"acf":[],"yoast_head":"<!-- This site is optimized with the Yoast SEO plugin v26.9 - https:\/\/yoast.com\/product\/yoast-seo-wordpress\/ -->\n<title>Chili Fresco Malbec \u2022 Trousse|Kit de Vinification | Mosti Mondiale<\/title>\n<meta name=\"description\" content=\"Notre Chili Fresco Malbec (23L) est un vin rouge tr\u00e8s cors\u00e9, fait de mo\u00fbt frais, et comprenant des copeaux de ch\u00eane fonc\u00e9.Notes de cerise noire et caf\u00e9.\" \/>\n<meta name=\"robots\" content=\"index, follow, max-snippet:-1, max-image-preview:large, max-video-preview:-1\" \/>\n<link rel=\"canonical\" href=\"https:\/\/mostimondiale.com\/produits\/varietal\/malbec\/malbec-5\/\" \/>\n<meta property=\"og:locale\" content=\"fr_CA\" \/>\n<meta property=\"og:type\" content=\"article\" \/>\n<meta property=\"og:title\" content=\"Chili Fresco Malbec \u2022 Trousse|Kit de Vinification | Mosti Mondiale\" \/>\n<meta property=\"og:description\" content=\"Notre Chili Fresco Malbec (23L) est un vin rouge tr\u00e8s cors\u00e9, fait de mo\u00fbt frais, et comprenant des copeaux de ch\u00eane fonc\u00e9.Notes de cerise noire et caf\u00e9.\" \/>\n<meta property=\"og:url\" content=\"https:\/\/mostimondiale.com\/produits\/varietal\/malbec\/malbec-5\/\" \/>\n<meta property=\"og:site_name\" content=\"Mosti Mondiale\" \/>\n<meta property=\"article:modified_time\" content=\"2024-02-02T18:39:55+00:00\" \/>\n<meta property=\"og:image\" content=\"https:\/\/mostimondiale.com\/wp-content\/uploads\/2021\/03\/chile-360x360-fr.png\" \/>\n\t<meta property=\"og:image:width\" content=\"360\" \/>\n\t<meta property=\"og:image:height\" content=\"360\" \/>\n\t<meta property=\"og:image:type\" content=\"image\/png\" \/>\n<meta name=\"twitter:card\" content=\"summary_large_image\" \/>\n<meta name=\"twitter:label1\" content=\"Estimation du temps de lecture\" \/>\n\t<meta name=\"twitter:data1\" content=\"1 minute\" \/>\n<script type=\"application\/ld+json\" class=\"yoast-schema-graph\">{\"@context\":\"https:\/\/schema.org\",\"@graph\":[{\"@type\":\"WebPage\",\"@id\":\"https:\/\/mostimondiale.com\/produits\/varietal\/malbec\/malbec-5\/\",\"url\":\"https:\/\/mostimondiale.com\/produits\/varietal\/malbec\/malbec-5\/\",\"name\":\"Chili Fresco Malbec \u2022 Trousse|Kit de Vinification | Mosti Mondiale\",\"isPartOf\":{\"@id\":\"https:\/\/mostimondiale.com\/#website\"},\"primaryImageOfPage\":{\"@id\":\"https:\/\/mostimondiale.com\/produits\/varietal\/malbec\/malbec-5\/#primaryimage\"},\"image\":{\"@id\":\"https:\/\/mostimondiale.com\/produits\/varietal\/malbec\/malbec-5\/#primaryimage\"},\"thumbnailUrl\":\"https:\/\/mostimondiale.com\/wp-content\/uploads\/2021\/03\/chile-360x360-fr.png\",\"datePublished\":\"2019-04-23T19:36:32+00:00\",\"dateModified\":\"2024-02-02T18:39:55+00:00\",\"description\":\"Notre Chili Fresco Malbec (23L) est un vin rouge tr\u00e8s cors\u00e9, fait de mo\u00fbt frais, et comprenant des copeaux de ch\u00eane fonc\u00e9.Notes de cerise noire et caf\u00e9.\",\"breadcrumb\":{\"@id\":\"https:\/\/mostimondiale.com\/produits\/varietal\/malbec\/malbec-5\/#breadcrumb\"},\"inLanguage\":\"fr-CA\",\"potentialAction\":[{\"@type\":\"ReadAction\",\"target\":[\"https:\/\/mostimondiale.com\/produits\/varietal\/malbec\/malbec-5\/\"]}]},{\"@type\":\"ImageObject\",\"inLanguage\":\"fr-CA\",\"@id\":\"https:\/\/mostimondiale.com\/produits\/varietal\/malbec\/malbec-5\/#primaryimage\",\"url\":\"https:\/\/mostimondiale.com\/wp-content\/uploads\/2021\/03\/chile-360x360-fr.png\",\"contentUrl\":\"https:\/\/mostimondiale.com\/wp-content\/uploads\/2021\/03\/chile-360x360-fr.png\",\"width\":360,\"height\":360},{\"@type\":\"BreadcrumbList\",\"@id\":\"https:\/\/mostimondiale.com\/produits\/varietal\/malbec\/malbec-5\/#breadcrumb\",\"itemListElement\":[{\"@type\":\"ListItem\",\"position\":1,\"name\":\"Accueil\",\"item\":\"https:\/\/mostimondiale.com\/fr\/\"},{\"@type\":\"ListItem\",\"position\":2,\"name\":\"Produits\",\"item\":\"https:\/\/mostimondiale.com\/fr\/produits\/\"},{\"@type\":\"ListItem\",\"position\":3,\"name\":\"Malbec\"}]},{\"@type\":\"WebSite\",\"@id\":\"https:\/\/mostimondiale.com\/#website\",\"url\":\"https:\/\/mostimondiale.com\/\",\"name\":\"Mosti Mondiale\",\"description\":\"\",\"potentialAction\":[{\"@type\":\"SearchAction\",\"target\":{\"@type\":\"EntryPoint\",\"urlTemplate\":\"https:\/\/mostimondiale.com\/?s={search_term_string}\"},\"query-input\":{\"@type\":\"PropertyValueSpecification\",\"valueRequired\":true,\"valueName\":\"search_term_string\"}}],\"inLanguage\":\"fr-CA\"}]}<\/script>\n<!-- \/ Yoast SEO plugin. -->","yoast_head_json":{"title":"Chili Fresco Malbec \u2022 Trousse|Kit de Vinification | Mosti Mondiale","description":"Notre Chili Fresco Malbec (23L) est un vin rouge tr\u00e8s cors\u00e9, fait de mo\u00fbt frais, et comprenant des copeaux de ch\u00eane fonc\u00e9.Notes de cerise noire et caf\u00e9.","robots":{"index":"index","follow":"follow","max-snippet":"max-snippet:-1","max-image-preview":"max-image-preview:large","max-video-preview":"max-video-preview:-1"},"canonical":"https:\/\/mostimondiale.com\/produits\/varietal\/malbec\/malbec-5\/","og_locale":"fr_CA","og_type":"article","og_title":"Chili Fresco Malbec \u2022 Trousse|Kit de Vinification | Mosti Mondiale","og_description":"Notre Chili Fresco Malbec (23L) est un vin rouge tr\u00e8s cors\u00e9, fait de mo\u00fbt frais, et comprenant des copeaux de ch\u00eane fonc\u00e9.Notes de cerise noire et caf\u00e9.","og_url":"https:\/\/mostimondiale.com\/produits\/varietal\/malbec\/malbec-5\/","og_site_name":"Mosti Mondiale","article_modified_time":"2024-02-02T18:39:55+00:00","og_image":[{"width":360,"height":360,"url":"https:\/\/mostimondiale.com\/wp-content\/uploads\/2021\/03\/chile-360x360-fr.png","type":"image\/png"}],"twitter_card":"summary_large_image","twitter_misc":{"Estimation du temps de lecture":"1 minute"},"schema":{"@context":"https:\/\/schema.org","@graph":[{"@type":"WebPage","@id":"https:\/\/mostimondiale.com\/produits\/varietal\/malbec\/malbec-5\/","url":"https:\/\/mostimondiale.com\/produits\/varietal\/malbec\/malbec-5\/","name":"Chili Fresco Malbec \u2022 Trousse|Kit de Vinification | Mosti Mondiale","isPartOf":{"@id":"https:\/\/mostimondiale.com\/#website"},"primaryImageOfPage":{"@id":"https:\/\/mostimondiale.com\/produits\/varietal\/malbec\/malbec-5\/#primaryimage"},"image":{"@id":"https:\/\/mostimondiale.com\/produits\/varietal\/malbec\/malbec-5\/#primaryimage"},"thumbnailUrl":"https:\/\/mostimondiale.com\/wp-content\/uploads\/2021\/03\/chile-360x360-fr.png","datePublished":"2019-04-23T19:36:32+00:00","dateModified":"2024-02-02T18:39:55+00:00","description":"Notre Chili Fresco Malbec (23L) est un vin rouge tr\u00e8s cors\u00e9, fait de mo\u00fbt frais, et comprenant des copeaux de ch\u00eane fonc\u00e9.Notes de cerise noire et caf\u00e9.","breadcrumb":{"@id":"https:\/\/mostimondiale.com\/produits\/varietal\/malbec\/malbec-5\/#breadcrumb"},"inLanguage":"fr-CA","potentialAction":[{"@type":"ReadAction","target":["https:\/\/mostimondiale.com\/produits\/varietal\/malbec\/malbec-5\/"]}]},{"@type":"ImageObject","inLanguage":"fr-CA","@id":"https:\/\/mostimondiale.com\/produits\/varietal\/malbec\/malbec-5\/#primaryimage","url":"https:\/\/mostimondiale.com\/wp-content\/uploads\/2021\/03\/chile-360x360-fr.png","contentUrl":"https:\/\/mostimondiale.com\/wp-content\/uploads\/2021\/03\/chile-360x360-fr.png","width":360,"height":360},{"@type":"BreadcrumbList","@id":"https:\/\/mostimondiale.com\/produits\/varietal\/malbec\/malbec-5\/#breadcrumb","itemListElement":[{"@type":"ListItem","position":1,"name":"Accueil","item":"https:\/\/mostimondiale.com\/fr\/"},{"@type":"ListItem","position":2,"name":"Produits","item":"https:\/\/mostimondiale.com\/fr\/produits\/"},{"@type":"ListItem","position":3,"name":"Malbec"}]},{"@type":"WebSite","@id":"https:\/\/mostimondiale.com\/#website","url":"https:\/\/mostimondiale.com\/","name":"Mosti Mondiale","description":"","potentialAction":[{"@type":"SearchAction","target":{"@type":"EntryPoint","urlTemplate":"https:\/\/mostimondiale.com\/?s={search_term_string}"},"query-input":{"@type":"PropertyValueSpecification","valueRequired":true,"valueName":"search_term_string"}}],"inLanguage":"fr-CA"}]}},"_links":{"self":[{"href":"https:\/\/mostimondiale.com\/fr\/wp-json\/wp\/v2\/product\/1601","targetHints":{"allow":["GET"]}}],"collection":[{"href":"https:\/\/mostimondiale.com\/fr\/wp-json\/wp\/v2\/product"}],"about":[{"href":"https:\/\/mostimondiale.com\/fr\/wp-json\/wp\/v2\/types\/product"}],"wp:featuredmedia":[{"embeddable":true,"href":"https:\/\/mostimondiale.com\/fr\/wp-json\/wp\/v2\/media\/4173"}],"wp:attachment":[{"href":"https:\/\/mostimondiale.com\/fr\/wp-json\/wp\/v2\/media?parent=1601"}],"wp:term":[{"taxonomy":"product_brand","embeddable":true,"href":"https:\/\/mostimondiale.com\/fr\/wp-json\/wp\/v2\/product_brand?post=1601"},{"taxonomy":"product_cat","embeddable":true,"href":"https:\/\/mostimondiale.com\/fr\/wp-json\/wp\/v2\/product_cat?post=1601"},{"taxonomy":"product_tag","embeddable":true,"href":"https:\/\/mostimondiale.com\/fr\/wp-json\/wp\/v2\/product_tag?post=1601"}],"curies":[{"name":"wp","href":"https:\/\/api.w.org\/{rel}","templated":true}]}}