{"id":1586,"date":"2019-04-23T15:08:08","date_gmt":"2019-04-23T19:08:07","guid":{"rendered":"https:\/\/mostimondiale.com\/?post_type=product&#038;p=1586"},"modified":"2024-02-02T13:38:16","modified_gmt":"2024-02-02T18:38:16","slug":"cabernet-sauvignon-4","status":"publish","type":"product","link":"https:\/\/mostimondiale.com\/fr\/produits\/cepage\/cabernet-sauvignon-fr\/cabernet-sauvignon-4\/","title":{"rendered":"Cabernet Sauvignon"},"content":{"rendered":"","protected":false},"excerpt":{"rendered":"<p>Ce Cabernet Sauvignon chilien offre une belle robe de rubis fonc\u00e9 accompagn\u00e9e d\u2019un bouquet pr\u00e9dominant de m\u00fbres et framboises tr\u00e8s l\u00e9g\u00e8rement poivr\u00e9. Le caract\u00e8re agressif et la longue finale sur le palais donnent \u00e0 ce vin le potentiel d\u2019un vieillissement plus long.<\/p>\n","protected":false},"featured_media":4173,"template":"","meta":{"_acf_changed":false},"product_brand":[],"product_cat":[187,157,159,155,173],"product_tag":[],"class_list":{"0":"post-1586","1":"product","2":"type-product","3":"status-publish","4":"has-post-thumbnail","6":"product_cat-cabernet-sauvignon-fr","7":"product_cat-categorie","8":"product_cat-fresco-chili-fr","9":"product_cat-mout-de-raisin-frais","10":"product_cat-rouge","11":"pa_alcohol-13-2","12":"pa_aroma-epice","13":"pa_aroma-fruite","14":"pa_body-5-tres-corse","15":"pa_price-253","16":"pa_winemaker-addition-chene-leger","18":"first","19":"instock","20":"shipping-taxable","21":"product-type-simple"},"acf":[],"yoast_head":"<!-- This site is optimized with the Yoast SEO plugin v26.9 - https:\/\/yoast.com\/product\/yoast-seo-wordpress\/ -->\n<title>Chili Fresco Cabernet Sauvignon \u2022 Trousse|Kit Vinification | Mosti Mondiale<\/title>\n<meta name=\"description\" content=\"Notre Chili Fresco Cabernet Sauvignon (23L) est un vin rouge tr\u00e8s cors\u00e9, fait de mo\u00fbt frais, et comprenant des copeaux de ch\u00eane clair.\" \/>\n<meta name=\"robots\" content=\"index, follow, max-snippet:-1, max-image-preview:large, max-video-preview:-1\" \/>\n<link rel=\"canonical\" href=\"https:\/\/mostimondiale.com\/produits\/varietal\/cabernet-sauvignon\/cabernet-sauvignon-4\/\" \/>\n<meta property=\"og:locale\" content=\"fr_CA\" \/>\n<meta property=\"og:type\" content=\"article\" \/>\n<meta property=\"og:title\" content=\"Chili Fresco Cabernet Sauvignon \u2022 Trousse|Kit Vinification | Mosti Mondiale\" \/>\n<meta property=\"og:description\" content=\"Notre Chili Fresco Cabernet Sauvignon (23L) est un vin rouge tr\u00e8s cors\u00e9, fait de mo\u00fbt frais, et comprenant des copeaux de ch\u00eane clair.\" \/>\n<meta property=\"og:url\" content=\"https:\/\/mostimondiale.com\/produits\/varietal\/cabernet-sauvignon\/cabernet-sauvignon-4\/\" \/>\n<meta property=\"og:site_name\" content=\"Mosti Mondiale\" \/>\n<meta property=\"article:modified_time\" content=\"2024-02-02T18:38:16+00:00\" \/>\n<meta property=\"og:image\" content=\"https:\/\/mostimondiale.com\/wp-content\/uploads\/2021\/03\/chile-360x360-fr.png\" \/>\n\t<meta property=\"og:image:width\" content=\"360\" \/>\n\t<meta property=\"og:image:height\" content=\"360\" \/>\n\t<meta property=\"og:image:type\" content=\"image\/png\" \/>\n<meta name=\"twitter:card\" content=\"summary_large_image\" \/>\n<meta name=\"twitter:label1\" content=\"Estimation du temps de lecture\" \/>\n\t<meta name=\"twitter:data1\" content=\"1 minute\" \/>\n<script type=\"application\/ld+json\" class=\"yoast-schema-graph\">{\"@context\":\"https:\/\/schema.org\",\"@graph\":[{\"@type\":\"WebPage\",\"@id\":\"https:\/\/mostimondiale.com\/produits\/varietal\/cabernet-sauvignon\/cabernet-sauvignon-4\/\",\"url\":\"https:\/\/mostimondiale.com\/produits\/varietal\/cabernet-sauvignon\/cabernet-sauvignon-4\/\",\"name\":\"Chili Fresco Cabernet Sauvignon \u2022 Trousse|Kit Vinification | Mosti Mondiale\",\"isPartOf\":{\"@id\":\"https:\/\/mostimondiale.com\/#website\"},\"primaryImageOfPage\":{\"@id\":\"https:\/\/mostimondiale.com\/produits\/varietal\/cabernet-sauvignon\/cabernet-sauvignon-4\/#primaryimage\"},\"image\":{\"@id\":\"https:\/\/mostimondiale.com\/produits\/varietal\/cabernet-sauvignon\/cabernet-sauvignon-4\/#primaryimage\"},\"thumbnailUrl\":\"https:\/\/mostimondiale.com\/wp-content\/uploads\/2021\/03\/chile-360x360-fr.png\",\"datePublished\":\"2019-04-23T19:08:07+00:00\",\"dateModified\":\"2024-02-02T18:38:16+00:00\",\"description\":\"Notre Chili Fresco Cabernet Sauvignon (23L) est un vin rouge tr\u00e8s cors\u00e9, fait de mo\u00fbt frais, et comprenant des copeaux de ch\u00eane clair.\",\"breadcrumb\":{\"@id\":\"https:\/\/mostimondiale.com\/produits\/varietal\/cabernet-sauvignon\/cabernet-sauvignon-4\/#breadcrumb\"},\"inLanguage\":\"fr-CA\",\"potentialAction\":[{\"@type\":\"ReadAction\",\"target\":[\"https:\/\/mostimondiale.com\/produits\/varietal\/cabernet-sauvignon\/cabernet-sauvignon-4\/\"]}]},{\"@type\":\"ImageObject\",\"inLanguage\":\"fr-CA\",\"@id\":\"https:\/\/mostimondiale.com\/produits\/varietal\/cabernet-sauvignon\/cabernet-sauvignon-4\/#primaryimage\",\"url\":\"https:\/\/mostimondiale.com\/wp-content\/uploads\/2021\/03\/chile-360x360-fr.png\",\"contentUrl\":\"https:\/\/mostimondiale.com\/wp-content\/uploads\/2021\/03\/chile-360x360-fr.png\",\"width\":360,\"height\":360},{\"@type\":\"BreadcrumbList\",\"@id\":\"https:\/\/mostimondiale.com\/produits\/varietal\/cabernet-sauvignon\/cabernet-sauvignon-4\/#breadcrumb\",\"itemListElement\":[{\"@type\":\"ListItem\",\"position\":1,\"name\":\"Accueil\",\"item\":\"https:\/\/mostimondiale.com\/fr\/\"},{\"@type\":\"ListItem\",\"position\":2,\"name\":\"Produits\",\"item\":\"https:\/\/mostimondiale.com\/fr\/produits\/\"},{\"@type\":\"ListItem\",\"position\":3,\"name\":\"Cabernet Sauvignon\"}]},{\"@type\":\"WebSite\",\"@id\":\"https:\/\/mostimondiale.com\/#website\",\"url\":\"https:\/\/mostimondiale.com\/\",\"name\":\"Mosti Mondiale\",\"description\":\"\",\"potentialAction\":[{\"@type\":\"SearchAction\",\"target\":{\"@type\":\"EntryPoint\",\"urlTemplate\":\"https:\/\/mostimondiale.com\/?s={search_term_string}\"},\"query-input\":{\"@type\":\"PropertyValueSpecification\",\"valueRequired\":true,\"valueName\":\"search_term_string\"}}],\"inLanguage\":\"fr-CA\"}]}<\/script>\n<!-- \/ Yoast SEO plugin. -->","yoast_head_json":{"title":"Chili Fresco Cabernet Sauvignon \u2022 Trousse|Kit Vinification | Mosti Mondiale","description":"Notre Chili Fresco Cabernet Sauvignon (23L) est un vin rouge tr\u00e8s cors\u00e9, fait de mo\u00fbt frais, et comprenant des copeaux de ch\u00eane clair.","robots":{"index":"index","follow":"follow","max-snippet":"max-snippet:-1","max-image-preview":"max-image-preview:large","max-video-preview":"max-video-preview:-1"},"canonical":"https:\/\/mostimondiale.com\/produits\/varietal\/cabernet-sauvignon\/cabernet-sauvignon-4\/","og_locale":"fr_CA","og_type":"article","og_title":"Chili Fresco Cabernet Sauvignon \u2022 Trousse|Kit Vinification | Mosti Mondiale","og_description":"Notre Chili Fresco Cabernet Sauvignon (23L) est un vin rouge tr\u00e8s cors\u00e9, fait de mo\u00fbt frais, et comprenant des copeaux de ch\u00eane clair.","og_url":"https:\/\/mostimondiale.com\/produits\/varietal\/cabernet-sauvignon\/cabernet-sauvignon-4\/","og_site_name":"Mosti Mondiale","article_modified_time":"2024-02-02T18:38:16+00:00","og_image":[{"width":360,"height":360,"url":"https:\/\/mostimondiale.com\/wp-content\/uploads\/2021\/03\/chile-360x360-fr.png","type":"image\/png"}],"twitter_card":"summary_large_image","twitter_misc":{"Estimation du temps de lecture":"1 minute"},"schema":{"@context":"https:\/\/schema.org","@graph":[{"@type":"WebPage","@id":"https:\/\/mostimondiale.com\/produits\/varietal\/cabernet-sauvignon\/cabernet-sauvignon-4\/","url":"https:\/\/mostimondiale.com\/produits\/varietal\/cabernet-sauvignon\/cabernet-sauvignon-4\/","name":"Chili Fresco Cabernet Sauvignon \u2022 Trousse|Kit Vinification | Mosti Mondiale","isPartOf":{"@id":"https:\/\/mostimondiale.com\/#website"},"primaryImageOfPage":{"@id":"https:\/\/mostimondiale.com\/produits\/varietal\/cabernet-sauvignon\/cabernet-sauvignon-4\/#primaryimage"},"image":{"@id":"https:\/\/mostimondiale.com\/produits\/varietal\/cabernet-sauvignon\/cabernet-sauvignon-4\/#primaryimage"},"thumbnailUrl":"https:\/\/mostimondiale.com\/wp-content\/uploads\/2021\/03\/chile-360x360-fr.png","datePublished":"2019-04-23T19:08:07+00:00","dateModified":"2024-02-02T18:38:16+00:00","description":"Notre Chili Fresco Cabernet Sauvignon (23L) est un vin rouge tr\u00e8s cors\u00e9, fait de mo\u00fbt frais, et comprenant des copeaux de ch\u00eane clair.","breadcrumb":{"@id":"https:\/\/mostimondiale.com\/produits\/varietal\/cabernet-sauvignon\/cabernet-sauvignon-4\/#breadcrumb"},"inLanguage":"fr-CA","potentialAction":[{"@type":"ReadAction","target":["https:\/\/mostimondiale.com\/produits\/varietal\/cabernet-sauvignon\/cabernet-sauvignon-4\/"]}]},{"@type":"ImageObject","inLanguage":"fr-CA","@id":"https:\/\/mostimondiale.com\/produits\/varietal\/cabernet-sauvignon\/cabernet-sauvignon-4\/#primaryimage","url":"https:\/\/mostimondiale.com\/wp-content\/uploads\/2021\/03\/chile-360x360-fr.png","contentUrl":"https:\/\/mostimondiale.com\/wp-content\/uploads\/2021\/03\/chile-360x360-fr.png","width":360,"height":360},{"@type":"BreadcrumbList","@id":"https:\/\/mostimondiale.com\/produits\/varietal\/cabernet-sauvignon\/cabernet-sauvignon-4\/#breadcrumb","itemListElement":[{"@type":"ListItem","position":1,"name":"Accueil","item":"https:\/\/mostimondiale.com\/fr\/"},{"@type":"ListItem","position":2,"name":"Produits","item":"https:\/\/mostimondiale.com\/fr\/produits\/"},{"@type":"ListItem","position":3,"name":"Cabernet Sauvignon"}]},{"@type":"WebSite","@id":"https:\/\/mostimondiale.com\/#website","url":"https:\/\/mostimondiale.com\/","name":"Mosti Mondiale","description":"","potentialAction":[{"@type":"SearchAction","target":{"@type":"EntryPoint","urlTemplate":"https:\/\/mostimondiale.com\/?s={search_term_string}"},"query-input":{"@type":"PropertyValueSpecification","valueRequired":true,"valueName":"search_term_string"}}],"inLanguage":"fr-CA"}]}},"_links":{"self":[{"href":"https:\/\/mostimondiale.com\/fr\/wp-json\/wp\/v2\/product\/1586","targetHints":{"allow":["GET"]}}],"collection":[{"href":"https:\/\/mostimondiale.com\/fr\/wp-json\/wp\/v2\/product"}],"about":[{"href":"https:\/\/mostimondiale.com\/fr\/wp-json\/wp\/v2\/types\/product"}],"wp:featuredmedia":[{"embeddable":true,"href":"https:\/\/mostimondiale.com\/fr\/wp-json\/wp\/v2\/media\/4173"}],"wp:attachment":[{"href":"https:\/\/mostimondiale.com\/fr\/wp-json\/wp\/v2\/media?parent=1586"}],"wp:term":[{"taxonomy":"product_brand","embeddable":true,"href":"https:\/\/mostimondiale.com\/fr\/wp-json\/wp\/v2\/product_brand?post=1586"},{"taxonomy":"product_cat","embeddable":true,"href":"https:\/\/mostimondiale.com\/fr\/wp-json\/wp\/v2\/product_cat?post=1586"},{"taxonomy":"product_tag","embeddable":true,"href":"https:\/\/mostimondiale.com\/fr\/wp-json\/wp\/v2\/product_tag?post=1586"}],"curies":[{"name":"wp","href":"https:\/\/api.w.org\/{rel}","templated":true}]}}