{"id":1574,"date":"2019-04-23T14:41:49","date_gmt":"2019-04-23T18:41:49","guid":{"rendered":"https:\/\/mostimondiale.com\/?post_type=product&#038;p=1574"},"modified":"2020-09-08T09:38:05","modified_gmt":"2020-09-08T13:38:05","slug":"primitivo-sicilien","status":"publish","type":"product","link":"https:\/\/mostimondiale.com\/fr\/produits\/cepage\/primitivo-fr\/primitivo-sicilien\/","title":{"rendered":"Primitivo Sicilien"},"content":{"rendered":"","protected":false},"excerpt":{"rendered":"<p>Une fois confondu avec le Zinfandel, ses racines peuvent \u00eatre\u00a0retrac\u00e9es en Croatie il y a plusieurs si\u00e8cles. Primitivo est maintenant\u00a0cultiv\u00e9 dans diff\u00e9rentes r\u00e9gions de l\u2019Italie. Ceci est un c\u00e9page moyennement cors\u00e9, tr\u00e8s bien \u00e9quilibr\u00e9, qui d\u00e9veloppe des ar\u00f4mes de confiture de fruits rouges m\u00fbrs, tels que les cerises noires et\u00a0les framboises.<\/p>\n","protected":false},"featured_media":1541,"template":"","meta":{"_acf_changed":false},"product_brand":[],"product_cat":[153,163,217,173],"product_tag":[],"class_list":{"0":"post-1574","1":"product","2":"type-product","3":"status-publish","4":"has-post-thumbnail","6":"product_cat-100-mout-de-raisin","7":"product_cat-meglioli-fr","8":"product_cat-primitivo-fr","9":"product_cat-rouge","10":"pa_alcohol-283","11":"pa_aroma-fruite","12":"pa_body-4-corse","13":"pa_price-252","14":"pa_winemaker-addition-sachet-allgrape","16":"first","17":"instock","18":"shipping-taxable","19":"product-type-simple"},"acf":[],"yoast_head":"<!-- This site is optimized with the Yoast SEO plugin v26.9 - https:\/\/yoast.com\/product\/yoast-seo-wordpress\/ -->\n<title>Meglioli Primitivo Sicilien \u2022 Trousse|Kit de Vinification | Mosti Mondiale<\/title>\n<meta name=\"description\" content=\"Notre Meglioli (23L) Primitivo Sicilien est est un vin rouge cors\u00e9 comprenant notre Sachet AllGrape exclusif. Ar\u00f4mes de confiture de fruits rouges m\u00fbrs.\" \/>\n<meta name=\"robots\" content=\"index, follow, max-snippet:-1, max-image-preview:large, max-video-preview:-1\" \/>\n<link rel=\"canonical\" href=\"https:\/\/mostimondiale.com\/produits\/varietal\/primitivo\/sicilian-primitivo\/\" \/>\n<meta property=\"og:locale\" content=\"fr_CA\" \/>\n<meta property=\"og:type\" content=\"article\" \/>\n<meta property=\"og:title\" content=\"Meglioli Primitivo Sicilien \u2022 Trousse|Kit de Vinification | Mosti Mondiale\" \/>\n<meta property=\"og:description\" content=\"Notre Meglioli (23L) Primitivo Sicilien est est un vin rouge cors\u00e9 comprenant notre Sachet AllGrape exclusif. Ar\u00f4mes de confiture de fruits rouges m\u00fbrs.\" \/>\n<meta property=\"og:url\" content=\"https:\/\/mostimondiale.com\/produits\/varietal\/primitivo\/sicilian-primitivo\/\" \/>\n<meta property=\"og:site_name\" content=\"Mosti Mondiale\" \/>\n<meta property=\"article:modified_time\" content=\"2020-09-08T13:38:05+00:00\" \/>\n<meta property=\"og:image\" content=\"https:\/\/mostimondiale.com\/wp-content\/uploads\/2019\/04\/meglioli-360x360-fr-1.png\" \/>\n\t<meta property=\"og:image:width\" content=\"360\" \/>\n\t<meta property=\"og:image:height\" content=\"360\" \/>\n\t<meta property=\"og:image:type\" content=\"image\/png\" \/>\n<meta name=\"twitter:card\" content=\"summary_large_image\" \/>\n<script type=\"application\/ld+json\" class=\"yoast-schema-graph\">{\"@context\":\"https:\/\/schema.org\",\"@graph\":[{\"@type\":\"WebPage\",\"@id\":\"https:\/\/mostimondiale.com\/produits\/varietal\/primitivo\/sicilian-primitivo\/\",\"url\":\"https:\/\/mostimondiale.com\/produits\/varietal\/primitivo\/sicilian-primitivo\/\",\"name\":\"Meglioli Primitivo Sicilien \u2022 Trousse|Kit de Vinification | Mosti Mondiale\",\"isPartOf\":{\"@id\":\"https:\/\/mostimondiale.com\/#website\"},\"primaryImageOfPage\":{\"@id\":\"https:\/\/mostimondiale.com\/produits\/varietal\/primitivo\/sicilian-primitivo\/#primaryimage\"},\"image\":{\"@id\":\"https:\/\/mostimondiale.com\/produits\/varietal\/primitivo\/sicilian-primitivo\/#primaryimage\"},\"thumbnailUrl\":\"https:\/\/mostimondiale.com\/wp-content\/uploads\/2019\/04\/meglioli-360x360-fr-1.png\",\"datePublished\":\"2019-04-23T18:41:49+00:00\",\"dateModified\":\"2020-09-08T13:38:05+00:00\",\"description\":\"Notre Meglioli (23L) Primitivo Sicilien est est un vin rouge cors\u00e9 comprenant notre Sachet AllGrape exclusif. Ar\u00f4mes de confiture de fruits rouges m\u00fbrs.\",\"breadcrumb\":{\"@id\":\"https:\/\/mostimondiale.com\/produits\/varietal\/primitivo\/sicilian-primitivo\/#breadcrumb\"},\"inLanguage\":\"fr-CA\",\"potentialAction\":[{\"@type\":\"ReadAction\",\"target\":[\"https:\/\/mostimondiale.com\/produits\/varietal\/primitivo\/sicilian-primitivo\/\"]}]},{\"@type\":\"ImageObject\",\"inLanguage\":\"fr-CA\",\"@id\":\"https:\/\/mostimondiale.com\/produits\/varietal\/primitivo\/sicilian-primitivo\/#primaryimage\",\"url\":\"https:\/\/mostimondiale.com\/wp-content\/uploads\/2019\/04\/meglioli-360x360-fr-1.png\",\"contentUrl\":\"https:\/\/mostimondiale.com\/wp-content\/uploads\/2019\/04\/meglioli-360x360-fr-1.png\",\"width\":360,\"height\":360},{\"@type\":\"BreadcrumbList\",\"@id\":\"https:\/\/mostimondiale.com\/produits\/varietal\/primitivo\/sicilian-primitivo\/#breadcrumb\",\"itemListElement\":[{\"@type\":\"ListItem\",\"position\":1,\"name\":\"Accueil\",\"item\":\"https:\/\/mostimondiale.com\/fr\/\"},{\"@type\":\"ListItem\",\"position\":2,\"name\":\"Produits\",\"item\":\"https:\/\/mostimondiale.com\/fr\/produits\/\"},{\"@type\":\"ListItem\",\"position\":3,\"name\":\"Primitivo Sicilien\"}]},{\"@type\":\"WebSite\",\"@id\":\"https:\/\/mostimondiale.com\/#website\",\"url\":\"https:\/\/mostimondiale.com\/\",\"name\":\"Mosti Mondiale\",\"description\":\"\",\"potentialAction\":[{\"@type\":\"SearchAction\",\"target\":{\"@type\":\"EntryPoint\",\"urlTemplate\":\"https:\/\/mostimondiale.com\/?s={search_term_string}\"},\"query-input\":{\"@type\":\"PropertyValueSpecification\",\"valueRequired\":true,\"valueName\":\"search_term_string\"}}],\"inLanguage\":\"fr-CA\"}]}<\/script>\n<!-- \/ Yoast SEO plugin. -->","yoast_head_json":{"title":"Meglioli Primitivo Sicilien \u2022 Trousse|Kit de Vinification | Mosti Mondiale","description":"Notre Meglioli (23L) Primitivo Sicilien est est un vin rouge cors\u00e9 comprenant notre Sachet AllGrape exclusif. Ar\u00f4mes de confiture de fruits rouges m\u00fbrs.","robots":{"index":"index","follow":"follow","max-snippet":"max-snippet:-1","max-image-preview":"max-image-preview:large","max-video-preview":"max-video-preview:-1"},"canonical":"https:\/\/mostimondiale.com\/produits\/varietal\/primitivo\/sicilian-primitivo\/","og_locale":"fr_CA","og_type":"article","og_title":"Meglioli Primitivo Sicilien \u2022 Trousse|Kit de Vinification | Mosti Mondiale","og_description":"Notre Meglioli (23L) Primitivo Sicilien est est un vin rouge cors\u00e9 comprenant notre Sachet AllGrape exclusif. Ar\u00f4mes de confiture de fruits rouges m\u00fbrs.","og_url":"https:\/\/mostimondiale.com\/produits\/varietal\/primitivo\/sicilian-primitivo\/","og_site_name":"Mosti Mondiale","article_modified_time":"2020-09-08T13:38:05+00:00","og_image":[{"width":360,"height":360,"url":"https:\/\/mostimondiale.com\/wp-content\/uploads\/2019\/04\/meglioli-360x360-fr-1.png","type":"image\/png"}],"twitter_card":"summary_large_image","schema":{"@context":"https:\/\/schema.org","@graph":[{"@type":"WebPage","@id":"https:\/\/mostimondiale.com\/produits\/varietal\/primitivo\/sicilian-primitivo\/","url":"https:\/\/mostimondiale.com\/produits\/varietal\/primitivo\/sicilian-primitivo\/","name":"Meglioli Primitivo Sicilien \u2022 Trousse|Kit de Vinification | Mosti Mondiale","isPartOf":{"@id":"https:\/\/mostimondiale.com\/#website"},"primaryImageOfPage":{"@id":"https:\/\/mostimondiale.com\/produits\/varietal\/primitivo\/sicilian-primitivo\/#primaryimage"},"image":{"@id":"https:\/\/mostimondiale.com\/produits\/varietal\/primitivo\/sicilian-primitivo\/#primaryimage"},"thumbnailUrl":"https:\/\/mostimondiale.com\/wp-content\/uploads\/2019\/04\/meglioli-360x360-fr-1.png","datePublished":"2019-04-23T18:41:49+00:00","dateModified":"2020-09-08T13:38:05+00:00","description":"Notre Meglioli (23L) Primitivo Sicilien est est un vin rouge cors\u00e9 comprenant notre Sachet AllGrape exclusif. Ar\u00f4mes de confiture de fruits rouges m\u00fbrs.","breadcrumb":{"@id":"https:\/\/mostimondiale.com\/produits\/varietal\/primitivo\/sicilian-primitivo\/#breadcrumb"},"inLanguage":"fr-CA","potentialAction":[{"@type":"ReadAction","target":["https:\/\/mostimondiale.com\/produits\/varietal\/primitivo\/sicilian-primitivo\/"]}]},{"@type":"ImageObject","inLanguage":"fr-CA","@id":"https:\/\/mostimondiale.com\/produits\/varietal\/primitivo\/sicilian-primitivo\/#primaryimage","url":"https:\/\/mostimondiale.com\/wp-content\/uploads\/2019\/04\/meglioli-360x360-fr-1.png","contentUrl":"https:\/\/mostimondiale.com\/wp-content\/uploads\/2019\/04\/meglioli-360x360-fr-1.png","width":360,"height":360},{"@type":"BreadcrumbList","@id":"https:\/\/mostimondiale.com\/produits\/varietal\/primitivo\/sicilian-primitivo\/#breadcrumb","itemListElement":[{"@type":"ListItem","position":1,"name":"Accueil","item":"https:\/\/mostimondiale.com\/fr\/"},{"@type":"ListItem","position":2,"name":"Produits","item":"https:\/\/mostimondiale.com\/fr\/produits\/"},{"@type":"ListItem","position":3,"name":"Primitivo Sicilien"}]},{"@type":"WebSite","@id":"https:\/\/mostimondiale.com\/#website","url":"https:\/\/mostimondiale.com\/","name":"Mosti Mondiale","description":"","potentialAction":[{"@type":"SearchAction","target":{"@type":"EntryPoint","urlTemplate":"https:\/\/mostimondiale.com\/?s={search_term_string}"},"query-input":{"@type":"PropertyValueSpecification","valueRequired":true,"valueName":"search_term_string"}}],"inLanguage":"fr-CA"}]}},"_links":{"self":[{"href":"https:\/\/mostimondiale.com\/fr\/wp-json\/wp\/v2\/product\/1574","targetHints":{"allow":["GET"]}}],"collection":[{"href":"https:\/\/mostimondiale.com\/fr\/wp-json\/wp\/v2\/product"}],"about":[{"href":"https:\/\/mostimondiale.com\/fr\/wp-json\/wp\/v2\/types\/product"}],"wp:featuredmedia":[{"embeddable":true,"href":"https:\/\/mostimondiale.com\/fr\/wp-json\/wp\/v2\/media\/1541"}],"wp:attachment":[{"href":"https:\/\/mostimondiale.com\/fr\/wp-json\/wp\/v2\/media?parent=1574"}],"wp:term":[{"taxonomy":"product_brand","embeddable":true,"href":"https:\/\/mostimondiale.com\/fr\/wp-json\/wp\/v2\/product_brand?post=1574"},{"taxonomy":"product_cat","embeddable":true,"href":"https:\/\/mostimondiale.com\/fr\/wp-json\/wp\/v2\/product_cat?post=1574"},{"taxonomy":"product_tag","embeddable":true,"href":"https:\/\/mostimondiale.com\/fr\/wp-json\/wp\/v2\/product_tag?post=1574"}],"curies":[{"name":"wp","href":"https:\/\/api.w.org\/{rel}","templated":true}]}}