{"id":1571,"date":"2019-04-23T14:17:10","date_gmt":"2019-04-23T18:17:09","guid":{"rendered":"https:\/\/mostimondiale.com\/?post_type=product&#038;p=1571"},"modified":"2020-09-08T09:36:18","modified_gmt":"2020-09-08T13:36:18","slug":"malbec-chilien","status":"publish","type":"product","link":"https:\/\/mostimondiale.com\/fr\/produits\/cepage\/malbec-fr\/malbec-chilien\/","title":{"rendered":"Malbec Chilien"},"content":{"rendered":"","protected":false},"excerpt":{"rendered":"<p>Arbore une charmante couleur mauve fonc\u00e9. Ce Malbec chilien est un vin rouge l\u00e9g\u00e8rement cors\u00e9 avec des parfums principaux de baies et de prune, accompagn\u00e9s de subtiles nuances de chocolat noir, de clou de girofle et de cannelle. Le Malbec<br \/>\nest devenu synonyme d\u2019excellent vin sud-am\u00e9ricain ces derni\u00e8res ann\u00e9es, surtout men\u00e9s par ceux d\u2019Argentine et du Chili.<\/p>\n","protected":false},"featured_media":1541,"template":"","meta":{"_acf_changed":false},"product_brand":[],"product_cat":[153,201,163,173],"product_tag":[],"class_list":{"0":"post-1571","1":"product","2":"type-product","3":"status-publish","4":"has-post-thumbnail","6":"product_cat-100-mout-de-raisin","7":"product_cat-malbec-fr","8":"product_cat-meglioli-fr","9":"product_cat-rouge","10":"pa_alcohol-13-5","11":"pa_aroma-caramelise","12":"pa_aroma-epice","13":"pa_aroma-fruite","14":"pa_body-4-corse","15":"pa_price-252","16":"pa_winemaker-addition-raisins-secs-rouges","18":"first","19":"instock","20":"shipping-taxable","21":"product-type-simple"},"acf":[],"yoast_head":"<!-- This site is optimized with the Yoast SEO plugin v26.9 - https:\/\/yoast.com\/product\/yoast-seo-wordpress\/ -->\n<title>Meglioli Malbec Chilien \u2022 Trousse|Kit de Vinification | Mosti Mondiale<\/title>\n<meta name=\"description\" content=\"Notre Meglioli (23L) Malbec Chilien est est un vin rouge cors\u00e9 comprenant des raisins rouges.Parfums principaux de baies et de prune.\" \/>\n<meta name=\"robots\" content=\"index, follow, max-snippet:-1, max-image-preview:large, max-video-preview:-1\" \/>\n<link rel=\"canonical\" href=\"https:\/\/mostimondiale.com\/produits\/varietal\/malbec\/chilean-malbec\/\" \/>\n<meta property=\"og:locale\" content=\"fr_CA\" \/>\n<meta property=\"og:type\" content=\"article\" \/>\n<meta property=\"og:title\" content=\"Meglioli Malbec Chilien \u2022 Trousse|Kit de Vinification | Mosti Mondiale\" \/>\n<meta property=\"og:description\" content=\"Notre Meglioli (23L) Malbec Chilien est est un vin rouge cors\u00e9 comprenant des raisins rouges.Parfums principaux de baies et de prune.\" \/>\n<meta property=\"og:url\" content=\"https:\/\/mostimondiale.com\/produits\/varietal\/malbec\/chilean-malbec\/\" \/>\n<meta property=\"og:site_name\" content=\"Mosti Mondiale\" \/>\n<meta property=\"article:modified_time\" content=\"2020-09-08T13:36:18+00:00\" \/>\n<meta property=\"og:image\" content=\"https:\/\/mostimondiale.com\/wp-content\/uploads\/2019\/04\/meglioli-360x360-fr-1.png\" \/>\n\t<meta property=\"og:image:width\" content=\"360\" \/>\n\t<meta property=\"og:image:height\" content=\"360\" \/>\n\t<meta property=\"og:image:type\" content=\"image\/png\" \/>\n<meta name=\"twitter:card\" content=\"summary_large_image\" \/>\n<script type=\"application\/ld+json\" class=\"yoast-schema-graph\">{\"@context\":\"https:\/\/schema.org\",\"@graph\":[{\"@type\":\"WebPage\",\"@id\":\"https:\/\/mostimondiale.com\/produits\/varietal\/malbec\/chilean-malbec\/\",\"url\":\"https:\/\/mostimondiale.com\/produits\/varietal\/malbec\/chilean-malbec\/\",\"name\":\"Meglioli Malbec Chilien \u2022 Trousse|Kit de Vinification | Mosti Mondiale\",\"isPartOf\":{\"@id\":\"https:\/\/mostimondiale.com\/#website\"},\"primaryImageOfPage\":{\"@id\":\"https:\/\/mostimondiale.com\/produits\/varietal\/malbec\/chilean-malbec\/#primaryimage\"},\"image\":{\"@id\":\"https:\/\/mostimondiale.com\/produits\/varietal\/malbec\/chilean-malbec\/#primaryimage\"},\"thumbnailUrl\":\"https:\/\/mostimondiale.com\/wp-content\/uploads\/2019\/04\/meglioli-360x360-fr-1.png\",\"datePublished\":\"2019-04-23T18:17:09+00:00\",\"dateModified\":\"2020-09-08T13:36:18+00:00\",\"description\":\"Notre Meglioli (23L) Malbec Chilien est est un vin rouge cors\u00e9 comprenant des raisins rouges.Parfums principaux de baies et de prune.\",\"breadcrumb\":{\"@id\":\"https:\/\/mostimondiale.com\/produits\/varietal\/malbec\/chilean-malbec\/#breadcrumb\"},\"inLanguage\":\"fr-CA\",\"potentialAction\":[{\"@type\":\"ReadAction\",\"target\":[\"https:\/\/mostimondiale.com\/produits\/varietal\/malbec\/chilean-malbec\/\"]}]},{\"@type\":\"ImageObject\",\"inLanguage\":\"fr-CA\",\"@id\":\"https:\/\/mostimondiale.com\/produits\/varietal\/malbec\/chilean-malbec\/#primaryimage\",\"url\":\"https:\/\/mostimondiale.com\/wp-content\/uploads\/2019\/04\/meglioli-360x360-fr-1.png\",\"contentUrl\":\"https:\/\/mostimondiale.com\/wp-content\/uploads\/2019\/04\/meglioli-360x360-fr-1.png\",\"width\":360,\"height\":360},{\"@type\":\"BreadcrumbList\",\"@id\":\"https:\/\/mostimondiale.com\/produits\/varietal\/malbec\/chilean-malbec\/#breadcrumb\",\"itemListElement\":[{\"@type\":\"ListItem\",\"position\":1,\"name\":\"Accueil\",\"item\":\"https:\/\/mostimondiale.com\/fr\/\"},{\"@type\":\"ListItem\",\"position\":2,\"name\":\"Produits\",\"item\":\"https:\/\/mostimondiale.com\/fr\/produits\/\"},{\"@type\":\"ListItem\",\"position\":3,\"name\":\"Malbec Chilien\"}]},{\"@type\":\"WebSite\",\"@id\":\"https:\/\/mostimondiale.com\/#website\",\"url\":\"https:\/\/mostimondiale.com\/\",\"name\":\"Mosti Mondiale\",\"description\":\"\",\"potentialAction\":[{\"@type\":\"SearchAction\",\"target\":{\"@type\":\"EntryPoint\",\"urlTemplate\":\"https:\/\/mostimondiale.com\/?s={search_term_string}\"},\"query-input\":{\"@type\":\"PropertyValueSpecification\",\"valueRequired\":true,\"valueName\":\"search_term_string\"}}],\"inLanguage\":\"fr-CA\"}]}<\/script>\n<!-- \/ Yoast SEO plugin. -->","yoast_head_json":{"title":"Meglioli Malbec Chilien \u2022 Trousse|Kit de Vinification | Mosti Mondiale","description":"Notre Meglioli (23L) Malbec Chilien est est un vin rouge cors\u00e9 comprenant des raisins rouges.Parfums principaux de baies et de prune.","robots":{"index":"index","follow":"follow","max-snippet":"max-snippet:-1","max-image-preview":"max-image-preview:large","max-video-preview":"max-video-preview:-1"},"canonical":"https:\/\/mostimondiale.com\/produits\/varietal\/malbec\/chilean-malbec\/","og_locale":"fr_CA","og_type":"article","og_title":"Meglioli Malbec Chilien \u2022 Trousse|Kit de Vinification | Mosti Mondiale","og_description":"Notre Meglioli (23L) Malbec Chilien est est un vin rouge cors\u00e9 comprenant des raisins rouges.Parfums principaux de baies et de prune.","og_url":"https:\/\/mostimondiale.com\/produits\/varietal\/malbec\/chilean-malbec\/","og_site_name":"Mosti Mondiale","article_modified_time":"2020-09-08T13:36:18+00:00","og_image":[{"width":360,"height":360,"url":"https:\/\/mostimondiale.com\/wp-content\/uploads\/2019\/04\/meglioli-360x360-fr-1.png","type":"image\/png"}],"twitter_card":"summary_large_image","schema":{"@context":"https:\/\/schema.org","@graph":[{"@type":"WebPage","@id":"https:\/\/mostimondiale.com\/produits\/varietal\/malbec\/chilean-malbec\/","url":"https:\/\/mostimondiale.com\/produits\/varietal\/malbec\/chilean-malbec\/","name":"Meglioli Malbec Chilien \u2022 Trousse|Kit de Vinification | Mosti Mondiale","isPartOf":{"@id":"https:\/\/mostimondiale.com\/#website"},"primaryImageOfPage":{"@id":"https:\/\/mostimondiale.com\/produits\/varietal\/malbec\/chilean-malbec\/#primaryimage"},"image":{"@id":"https:\/\/mostimondiale.com\/produits\/varietal\/malbec\/chilean-malbec\/#primaryimage"},"thumbnailUrl":"https:\/\/mostimondiale.com\/wp-content\/uploads\/2019\/04\/meglioli-360x360-fr-1.png","datePublished":"2019-04-23T18:17:09+00:00","dateModified":"2020-09-08T13:36:18+00:00","description":"Notre Meglioli (23L) Malbec Chilien est est un vin rouge cors\u00e9 comprenant des raisins rouges.Parfums principaux de baies et de prune.","breadcrumb":{"@id":"https:\/\/mostimondiale.com\/produits\/varietal\/malbec\/chilean-malbec\/#breadcrumb"},"inLanguage":"fr-CA","potentialAction":[{"@type":"ReadAction","target":["https:\/\/mostimondiale.com\/produits\/varietal\/malbec\/chilean-malbec\/"]}]},{"@type":"ImageObject","inLanguage":"fr-CA","@id":"https:\/\/mostimondiale.com\/produits\/varietal\/malbec\/chilean-malbec\/#primaryimage","url":"https:\/\/mostimondiale.com\/wp-content\/uploads\/2019\/04\/meglioli-360x360-fr-1.png","contentUrl":"https:\/\/mostimondiale.com\/wp-content\/uploads\/2019\/04\/meglioli-360x360-fr-1.png","width":360,"height":360},{"@type":"BreadcrumbList","@id":"https:\/\/mostimondiale.com\/produits\/varietal\/malbec\/chilean-malbec\/#breadcrumb","itemListElement":[{"@type":"ListItem","position":1,"name":"Accueil","item":"https:\/\/mostimondiale.com\/fr\/"},{"@type":"ListItem","position":2,"name":"Produits","item":"https:\/\/mostimondiale.com\/fr\/produits\/"},{"@type":"ListItem","position":3,"name":"Malbec Chilien"}]},{"@type":"WebSite","@id":"https:\/\/mostimondiale.com\/#website","url":"https:\/\/mostimondiale.com\/","name":"Mosti Mondiale","description":"","potentialAction":[{"@type":"SearchAction","target":{"@type":"EntryPoint","urlTemplate":"https:\/\/mostimondiale.com\/?s={search_term_string}"},"query-input":{"@type":"PropertyValueSpecification","valueRequired":true,"valueName":"search_term_string"}}],"inLanguage":"fr-CA"}]}},"_links":{"self":[{"href":"https:\/\/mostimondiale.com\/fr\/wp-json\/wp\/v2\/product\/1571","targetHints":{"allow":["GET"]}}],"collection":[{"href":"https:\/\/mostimondiale.com\/fr\/wp-json\/wp\/v2\/product"}],"about":[{"href":"https:\/\/mostimondiale.com\/fr\/wp-json\/wp\/v2\/types\/product"}],"wp:featuredmedia":[{"embeddable":true,"href":"https:\/\/mostimondiale.com\/fr\/wp-json\/wp\/v2\/media\/1541"}],"wp:attachment":[{"href":"https:\/\/mostimondiale.com\/fr\/wp-json\/wp\/v2\/media?parent=1571"}],"wp:term":[{"taxonomy":"product_brand","embeddable":true,"href":"https:\/\/mostimondiale.com\/fr\/wp-json\/wp\/v2\/product_brand?post=1571"},{"taxonomy":"product_cat","embeddable":true,"href":"https:\/\/mostimondiale.com\/fr\/wp-json\/wp\/v2\/product_cat?post=1571"},{"taxonomy":"product_tag","embeddable":true,"href":"https:\/\/mostimondiale.com\/fr\/wp-json\/wp\/v2\/product_tag?post=1571"}],"curies":[{"name":"wp","href":"https:\/\/api.w.org\/{rel}","templated":true}]}}