{"id":1568,"date":"2019-04-23T12:00:59","date_gmt":"2019-04-23T16:00:59","guid":{"rendered":"https:\/\/mostimondiale.com\/?post_type=product&#038;p=1568"},"modified":"2020-09-08T09:46:24","modified_gmt":"2020-09-08T13:46:24","slug":"pinot-gris-californie","status":"publish","type":"product","link":"https:\/\/mostimondiale.com\/fr\/produits\/cepage\/pinot-gris-fr\/pinot-gris-californie\/","title":{"rendered":"Pinot Gris de Californie"},"content":{"rendered":"","protected":false},"excerpt":{"rendered":"<p>Un vin blanc rafra\u00eechissant qui d\u00e9gage des ar\u00f4mes intenses de fruits \u00e0 noyaux comme la p\u00eache blanche, l\u2019abricot et la nectarine, ainsi que des saveurs de miel et de pommes vertes m\u00fbres. Il est moyennement cors\u00e9 avec des notes min\u00e9rales, une texture fruit\u00e9e riche et une longue fin en bouche. Le go\u00fbt caract\u00e9ristique du Pinot Gris a fait exploser la popularit\u00e9 de ce c\u00e9page au cours des derni\u00e8res ann\u00e9es et sa couleur jaune dor\u00e9 r\u00e9v\u00e8le l\u2019identit\u00e9 de ce vin avant m\u00eame qu\u2019il n\u2019atteigne le nez ou le palais.<\/p>\n","protected":false},"featured_media":1541,"template":"","meta":{"_acf_changed":false},"product_brand":[],"product_cat":[153,176,163,364],"product_tag":[],"class_list":{"0":"post-1568","1":"product","2":"type-product","3":"status-publish","4":"has-post-thumbnail","6":"product_cat-100-mout-de-raisin","7":"product_cat-blanc","8":"product_cat-meglioli-fr","9":"product_cat-pinot-gris-fr","10":"pa_alcohol-272","11":"pa_aroma-fruite","12":"pa_aroma-herbace","13":"pa_body-3-mi-corse","14":"pa_price-252","16":"first","17":"instock","18":"shipping-taxable","19":"product-type-simple"},"acf":[],"yoast_head":"<!-- This site is optimized with the Yoast SEO plugin v26.9 - https:\/\/yoast.com\/product\/yoast-seo-wordpress\/ -->\n<title>Meglioli Pinot Gris de Californie \u2022 Trousse de Vinification | Mosti Mondiale<\/title>\n<meta name=\"description\" content=\"Notre Meglioli (23L) Pinot Gris de Californie est est un vin blanc mi-cors\u00e9.Ar\u00f4mes intenses de fruits \u00e0 noyaux comme la p\u00eache blanche et l\u2019abricot.\" \/>\n<meta name=\"robots\" content=\"index, follow, max-snippet:-1, max-image-preview:large, max-video-preview:-1\" \/>\n<link rel=\"canonical\" href=\"https:\/\/mostimondiale.com\/fr\/produits\/cepage\/pinot-gris-fr\/pinot-gris-californie\/\" \/>\n<meta property=\"og:locale\" content=\"fr_CA\" \/>\n<meta property=\"og:type\" content=\"article\" \/>\n<meta property=\"og:title\" content=\"Meglioli Pinot Gris de Californie \u2022 Trousse de Vinification | Mosti Mondiale\" \/>\n<meta property=\"og:description\" content=\"Notre Meglioli (23L) Pinot Gris de Californie est est un vin blanc mi-cors\u00e9.Ar\u00f4mes intenses de fruits \u00e0 noyaux comme la p\u00eache blanche et l\u2019abricot.\" \/>\n<meta property=\"og:url\" content=\"https:\/\/mostimondiale.com\/fr\/produits\/cepage\/pinot-gris-fr\/pinot-gris-californie\/\" \/>\n<meta property=\"og:site_name\" content=\"Mosti Mondiale\" \/>\n<meta property=\"article:modified_time\" content=\"2020-09-08T13:46:24+00:00\" \/>\n<meta property=\"og:image\" content=\"https:\/\/mostimondiale.com\/wp-content\/uploads\/2019\/04\/meglioli-360x360-fr-1.png\" \/>\n\t<meta property=\"og:image:width\" content=\"360\" \/>\n\t<meta property=\"og:image:height\" content=\"360\" \/>\n\t<meta property=\"og:image:type\" content=\"image\/png\" \/>\n<meta name=\"twitter:card\" content=\"summary_large_image\" \/>\n<script type=\"application\/ld+json\" class=\"yoast-schema-graph\">{\"@context\":\"https:\/\/schema.org\",\"@graph\":[{\"@type\":\"WebPage\",\"@id\":\"https:\/\/mostimondiale.com\/fr\/produits\/cepage\/pinot-gris-fr\/pinot-gris-californie\/\",\"url\":\"https:\/\/mostimondiale.com\/fr\/produits\/cepage\/pinot-gris-fr\/pinot-gris-californie\/\",\"name\":\"Meglioli Pinot Gris de Californie \u2022 Trousse de Vinification | Mosti Mondiale\",\"isPartOf\":{\"@id\":\"https:\/\/mostimondiale.com\/#website\"},\"primaryImageOfPage\":{\"@id\":\"https:\/\/mostimondiale.com\/fr\/produits\/cepage\/pinot-gris-fr\/pinot-gris-californie\/#primaryimage\"},\"image\":{\"@id\":\"https:\/\/mostimondiale.com\/fr\/produits\/cepage\/pinot-gris-fr\/pinot-gris-californie\/#primaryimage\"},\"thumbnailUrl\":\"https:\/\/mostimondiale.com\/wp-content\/uploads\/2019\/04\/meglioli-360x360-fr-1.png\",\"datePublished\":\"2019-04-23T16:00:59+00:00\",\"dateModified\":\"2020-09-08T13:46:24+00:00\",\"description\":\"Notre Meglioli (23L) Pinot Gris de Californie est est un vin blanc mi-cors\u00e9.Ar\u00f4mes intenses de fruits \u00e0 noyaux comme la p\u00eache blanche et l\u2019abricot.\",\"breadcrumb\":{\"@id\":\"https:\/\/mostimondiale.com\/fr\/produits\/cepage\/pinot-gris-fr\/pinot-gris-californie\/#breadcrumb\"},\"inLanguage\":\"fr-CA\",\"potentialAction\":[{\"@type\":\"ReadAction\",\"target\":[\"https:\/\/mostimondiale.com\/fr\/produits\/cepage\/pinot-gris-fr\/pinot-gris-californie\/\"]}]},{\"@type\":\"ImageObject\",\"inLanguage\":\"fr-CA\",\"@id\":\"https:\/\/mostimondiale.com\/fr\/produits\/cepage\/pinot-gris-fr\/pinot-gris-californie\/#primaryimage\",\"url\":\"https:\/\/mostimondiale.com\/wp-content\/uploads\/2019\/04\/meglioli-360x360-fr-1.png\",\"contentUrl\":\"https:\/\/mostimondiale.com\/wp-content\/uploads\/2019\/04\/meglioli-360x360-fr-1.png\",\"width\":360,\"height\":360},{\"@type\":\"BreadcrumbList\",\"@id\":\"https:\/\/mostimondiale.com\/fr\/produits\/cepage\/pinot-gris-fr\/pinot-gris-californie\/#breadcrumb\",\"itemListElement\":[{\"@type\":\"ListItem\",\"position\":1,\"name\":\"Accueil\",\"item\":\"https:\/\/mostimondiale.com\/fr\/\"},{\"@type\":\"ListItem\",\"position\":2,\"name\":\"Produits\",\"item\":\"https:\/\/mostimondiale.com\/fr\/produits\/\"},{\"@type\":\"ListItem\",\"position\":3,\"name\":\"Pinot Gris de Californie\"}]},{\"@type\":\"WebSite\",\"@id\":\"https:\/\/mostimondiale.com\/#website\",\"url\":\"https:\/\/mostimondiale.com\/\",\"name\":\"Mosti Mondiale\",\"description\":\"\",\"potentialAction\":[{\"@type\":\"SearchAction\",\"target\":{\"@type\":\"EntryPoint\",\"urlTemplate\":\"https:\/\/mostimondiale.com\/?s={search_term_string}\"},\"query-input\":{\"@type\":\"PropertyValueSpecification\",\"valueRequired\":true,\"valueName\":\"search_term_string\"}}],\"inLanguage\":\"fr-CA\"}]}<\/script>\n<!-- \/ Yoast SEO plugin. -->","yoast_head_json":{"title":"Meglioli Pinot Gris de Californie \u2022 Trousse de Vinification | Mosti Mondiale","description":"Notre Meglioli (23L) Pinot Gris de Californie est est un vin blanc mi-cors\u00e9.Ar\u00f4mes intenses de fruits \u00e0 noyaux comme la p\u00eache blanche et l\u2019abricot.","robots":{"index":"index","follow":"follow","max-snippet":"max-snippet:-1","max-image-preview":"max-image-preview:large","max-video-preview":"max-video-preview:-1"},"canonical":"https:\/\/mostimondiale.com\/fr\/produits\/cepage\/pinot-gris-fr\/pinot-gris-californie\/","og_locale":"fr_CA","og_type":"article","og_title":"Meglioli Pinot Gris de Californie \u2022 Trousse de Vinification | Mosti Mondiale","og_description":"Notre Meglioli (23L) Pinot Gris de Californie est est un vin blanc mi-cors\u00e9.Ar\u00f4mes intenses de fruits \u00e0 noyaux comme la p\u00eache blanche et l\u2019abricot.","og_url":"https:\/\/mostimondiale.com\/fr\/produits\/cepage\/pinot-gris-fr\/pinot-gris-californie\/","og_site_name":"Mosti Mondiale","article_modified_time":"2020-09-08T13:46:24+00:00","og_image":[{"width":360,"height":360,"url":"https:\/\/mostimondiale.com\/wp-content\/uploads\/2019\/04\/meglioli-360x360-fr-1.png","type":"image\/png"}],"twitter_card":"summary_large_image","schema":{"@context":"https:\/\/schema.org","@graph":[{"@type":"WebPage","@id":"https:\/\/mostimondiale.com\/fr\/produits\/cepage\/pinot-gris-fr\/pinot-gris-californie\/","url":"https:\/\/mostimondiale.com\/fr\/produits\/cepage\/pinot-gris-fr\/pinot-gris-californie\/","name":"Meglioli Pinot Gris de Californie \u2022 Trousse de Vinification | Mosti Mondiale","isPartOf":{"@id":"https:\/\/mostimondiale.com\/#website"},"primaryImageOfPage":{"@id":"https:\/\/mostimondiale.com\/fr\/produits\/cepage\/pinot-gris-fr\/pinot-gris-californie\/#primaryimage"},"image":{"@id":"https:\/\/mostimondiale.com\/fr\/produits\/cepage\/pinot-gris-fr\/pinot-gris-californie\/#primaryimage"},"thumbnailUrl":"https:\/\/mostimondiale.com\/wp-content\/uploads\/2019\/04\/meglioli-360x360-fr-1.png","datePublished":"2019-04-23T16:00:59+00:00","dateModified":"2020-09-08T13:46:24+00:00","description":"Notre Meglioli (23L) Pinot Gris de Californie est est un vin blanc mi-cors\u00e9.Ar\u00f4mes intenses de fruits \u00e0 noyaux comme la p\u00eache blanche et l\u2019abricot.","breadcrumb":{"@id":"https:\/\/mostimondiale.com\/fr\/produits\/cepage\/pinot-gris-fr\/pinot-gris-californie\/#breadcrumb"},"inLanguage":"fr-CA","potentialAction":[{"@type":"ReadAction","target":["https:\/\/mostimondiale.com\/fr\/produits\/cepage\/pinot-gris-fr\/pinot-gris-californie\/"]}]},{"@type":"ImageObject","inLanguage":"fr-CA","@id":"https:\/\/mostimondiale.com\/fr\/produits\/cepage\/pinot-gris-fr\/pinot-gris-californie\/#primaryimage","url":"https:\/\/mostimondiale.com\/wp-content\/uploads\/2019\/04\/meglioli-360x360-fr-1.png","contentUrl":"https:\/\/mostimondiale.com\/wp-content\/uploads\/2019\/04\/meglioli-360x360-fr-1.png","width":360,"height":360},{"@type":"BreadcrumbList","@id":"https:\/\/mostimondiale.com\/fr\/produits\/cepage\/pinot-gris-fr\/pinot-gris-californie\/#breadcrumb","itemListElement":[{"@type":"ListItem","position":1,"name":"Accueil","item":"https:\/\/mostimondiale.com\/fr\/"},{"@type":"ListItem","position":2,"name":"Produits","item":"https:\/\/mostimondiale.com\/fr\/produits\/"},{"@type":"ListItem","position":3,"name":"Pinot Gris de Californie"}]},{"@type":"WebSite","@id":"https:\/\/mostimondiale.com\/#website","url":"https:\/\/mostimondiale.com\/","name":"Mosti Mondiale","description":"","potentialAction":[{"@type":"SearchAction","target":{"@type":"EntryPoint","urlTemplate":"https:\/\/mostimondiale.com\/?s={search_term_string}"},"query-input":{"@type":"PropertyValueSpecification","valueRequired":true,"valueName":"search_term_string"}}],"inLanguage":"fr-CA"}]}},"_links":{"self":[{"href":"https:\/\/mostimondiale.com\/fr\/wp-json\/wp\/v2\/product\/1568","targetHints":{"allow":["GET"]}}],"collection":[{"href":"https:\/\/mostimondiale.com\/fr\/wp-json\/wp\/v2\/product"}],"about":[{"href":"https:\/\/mostimondiale.com\/fr\/wp-json\/wp\/v2\/types\/product"}],"wp:featuredmedia":[{"embeddable":true,"href":"https:\/\/mostimondiale.com\/fr\/wp-json\/wp\/v2\/media\/1541"}],"wp:attachment":[{"href":"https:\/\/mostimondiale.com\/fr\/wp-json\/wp\/v2\/media?parent=1568"}],"wp:term":[{"taxonomy":"product_brand","embeddable":true,"href":"https:\/\/mostimondiale.com\/fr\/wp-json\/wp\/v2\/product_brand?post=1568"},{"taxonomy":"product_cat","embeddable":true,"href":"https:\/\/mostimondiale.com\/fr\/wp-json\/wp\/v2\/product_cat?post=1568"},{"taxonomy":"product_tag","embeddable":true,"href":"https:\/\/mostimondiale.com\/fr\/wp-json\/wp\/v2\/product_tag?post=1568"}],"curies":[{"name":"wp","href":"https:\/\/api.w.org\/{rel}","templated":true}]}}