{"id":1555,"date":"2019-04-22T13:44:58","date_gmt":"2019-04-22T17:44:58","guid":{"rendered":"https:\/\/mostimondiale.com\/?post_type=product&#038;p=1555"},"modified":"2019-08-19T11:28:04","modified_gmt":"2019-08-19T15:28:04","slug":"cabernet-trinite","status":"publish","type":"product","link":"https:\/\/mostimondiale.com\/fr\/produits\/cepage\/cabernet-sauvignon-fr\/cabernet-trinite\/","title":{"rendered":"Cabernet Trinit\u00e9"},"content":{"rendered":"","protected":false},"excerpt":{"rendered":"<p>Un mariage entre Cabernet Sauvignon Californien, Chilien et Italien. Le Cabernet Californien offre des soup\u00e7ons de cerise rouge et de clou de girofle. Son \u00e9quivalent Italien porte des notes de cassis m\u00fbr, ainsi que des nuances subtiles de moka et de cacao. Enfin, le Cabernet Chilien compl\u00e8te cette alliance en y apportant des nuances de cassis, et une texture onctueuse. Avec ces 3 origines, chacune apportant des caract\u00e9ristiques originales et un \u00e9quilibre incomparable \u00e0 ce vin, ce Cabernet est sans surprise le meilleur de notre gamme \u00e0 ce jour !<\/p>\n","protected":false},"featured_media":1541,"template":"","meta":{"_acf_changed":false},"product_brand":[],"product_cat":[153,187,163,173],"product_tag":[],"class_list":{"0":"post-1555","1":"product","2":"type-product","3":"status-publish","4":"has-post-thumbnail","6":"product_cat-100-mout-de-raisin","7":"product_cat-cabernet-sauvignon-fr","8":"product_cat-meglioli-fr","9":"product_cat-rouge","10":"pa_alcohol-272","11":"pa_aroma-caramelise","12":"pa_aroma-epice","13":"pa_aroma-fruite","14":"pa_body-5-tres-corse","15":"pa_price-252","16":"pa_winemaker-addition-chene-fonce","18":"first","19":"instock","20":"shipping-taxable","21":"product-type-simple"},"acf":[],"yoast_head":"<!-- This site is optimized with the Yoast SEO plugin v26.9 - https:\/\/yoast.com\/product\/yoast-seo-wordpress\/ -->\n<title>Meglioli Cabernet Trinit\u00e9 \u2022 Trousse|Kit de Vinification | Mosti Mondiale<\/title>\n<meta name=\"description\" content=\"Notre Meglioli (23L) Cabernet Trinit\u00e9 est est un vin rouge tr\u00e8s cors\u00e9 comprenant du ch\u00eane fonc\u00e9. Nuances de cassis, et texture onctueuse.\" \/>\n<meta name=\"robots\" content=\"index, follow, max-snippet:-1, max-image-preview:large, max-video-preview:-1\" \/>\n<link rel=\"canonical\" href=\"https:\/\/mostimondiale.com\/produits\/varietal\/cabernet-sauvignon\/cabernet-trinity\/\" \/>\n<meta property=\"og:locale\" content=\"fr_CA\" \/>\n<meta property=\"og:type\" content=\"article\" \/>\n<meta property=\"og:title\" content=\"Meglioli Cabernet Trinit\u00e9 \u2022 Trousse|Kit de Vinification | Mosti Mondiale\" \/>\n<meta property=\"og:description\" content=\"Notre Meglioli (23L) Cabernet Trinit\u00e9 est est un vin rouge tr\u00e8s cors\u00e9 comprenant du ch\u00eane fonc\u00e9. Nuances de cassis, et texture onctueuse.\" \/>\n<meta property=\"og:url\" content=\"https:\/\/mostimondiale.com\/produits\/varietal\/cabernet-sauvignon\/cabernet-trinity\/\" \/>\n<meta property=\"og:site_name\" content=\"Mosti Mondiale\" \/>\n<meta property=\"article:modified_time\" content=\"2019-08-19T15:28:04+00:00\" \/>\n<meta property=\"og:image\" content=\"https:\/\/mostimondiale.com\/wp-content\/uploads\/2019\/04\/meglioli-360x360-fr-1.png\" \/>\n\t<meta property=\"og:image:width\" content=\"360\" \/>\n\t<meta property=\"og:image:height\" content=\"360\" \/>\n\t<meta property=\"og:image:type\" content=\"image\/png\" \/>\n<meta name=\"twitter:card\" content=\"summary_large_image\" \/>\n<script type=\"application\/ld+json\" class=\"yoast-schema-graph\">{\"@context\":\"https:\/\/schema.org\",\"@graph\":[{\"@type\":\"WebPage\",\"@id\":\"https:\/\/mostimondiale.com\/produits\/varietal\/cabernet-sauvignon\/cabernet-trinity\/\",\"url\":\"https:\/\/mostimondiale.com\/produits\/varietal\/cabernet-sauvignon\/cabernet-trinity\/\",\"name\":\"Meglioli Cabernet Trinit\u00e9 \u2022 Trousse|Kit de Vinification | Mosti Mondiale\",\"isPartOf\":{\"@id\":\"https:\/\/mostimondiale.com\/#website\"},\"primaryImageOfPage\":{\"@id\":\"https:\/\/mostimondiale.com\/produits\/varietal\/cabernet-sauvignon\/cabernet-trinity\/#primaryimage\"},\"image\":{\"@id\":\"https:\/\/mostimondiale.com\/produits\/varietal\/cabernet-sauvignon\/cabernet-trinity\/#primaryimage\"},\"thumbnailUrl\":\"https:\/\/mostimondiale.com\/wp-content\/uploads\/2019\/04\/meglioli-360x360-fr-1.png\",\"datePublished\":\"2019-04-22T17:44:58+00:00\",\"dateModified\":\"2019-08-19T15:28:04+00:00\",\"description\":\"Notre Meglioli (23L) Cabernet Trinit\u00e9 est est un vin rouge tr\u00e8s cors\u00e9 comprenant du ch\u00eane fonc\u00e9. Nuances de cassis, et texture onctueuse.\",\"breadcrumb\":{\"@id\":\"https:\/\/mostimondiale.com\/produits\/varietal\/cabernet-sauvignon\/cabernet-trinity\/#breadcrumb\"},\"inLanguage\":\"fr-CA\",\"potentialAction\":[{\"@type\":\"ReadAction\",\"target\":[\"https:\/\/mostimondiale.com\/produits\/varietal\/cabernet-sauvignon\/cabernet-trinity\/\"]}]},{\"@type\":\"ImageObject\",\"inLanguage\":\"fr-CA\",\"@id\":\"https:\/\/mostimondiale.com\/produits\/varietal\/cabernet-sauvignon\/cabernet-trinity\/#primaryimage\",\"url\":\"https:\/\/mostimondiale.com\/wp-content\/uploads\/2019\/04\/meglioli-360x360-fr-1.png\",\"contentUrl\":\"https:\/\/mostimondiale.com\/wp-content\/uploads\/2019\/04\/meglioli-360x360-fr-1.png\",\"width\":360,\"height\":360},{\"@type\":\"BreadcrumbList\",\"@id\":\"https:\/\/mostimondiale.com\/produits\/varietal\/cabernet-sauvignon\/cabernet-trinity\/#breadcrumb\",\"itemListElement\":[{\"@type\":\"ListItem\",\"position\":1,\"name\":\"Accueil\",\"item\":\"https:\/\/mostimondiale.com\/fr\/\"},{\"@type\":\"ListItem\",\"position\":2,\"name\":\"Produits\",\"item\":\"https:\/\/mostimondiale.com\/fr\/produits\/\"},{\"@type\":\"ListItem\",\"position\":3,\"name\":\"Cabernet Trinit\u00e9\"}]},{\"@type\":\"WebSite\",\"@id\":\"https:\/\/mostimondiale.com\/#website\",\"url\":\"https:\/\/mostimondiale.com\/\",\"name\":\"Mosti Mondiale\",\"description\":\"\",\"potentialAction\":[{\"@type\":\"SearchAction\",\"target\":{\"@type\":\"EntryPoint\",\"urlTemplate\":\"https:\/\/mostimondiale.com\/?s={search_term_string}\"},\"query-input\":{\"@type\":\"PropertyValueSpecification\",\"valueRequired\":true,\"valueName\":\"search_term_string\"}}],\"inLanguage\":\"fr-CA\"}]}<\/script>\n<!-- \/ Yoast SEO plugin. -->","yoast_head_json":{"title":"Meglioli Cabernet Trinit\u00e9 \u2022 Trousse|Kit de Vinification | Mosti Mondiale","description":"Notre Meglioli (23L) Cabernet Trinit\u00e9 est est un vin rouge tr\u00e8s cors\u00e9 comprenant du ch\u00eane fonc\u00e9. Nuances de cassis, et texture onctueuse.","robots":{"index":"index","follow":"follow","max-snippet":"max-snippet:-1","max-image-preview":"max-image-preview:large","max-video-preview":"max-video-preview:-1"},"canonical":"https:\/\/mostimondiale.com\/produits\/varietal\/cabernet-sauvignon\/cabernet-trinity\/","og_locale":"fr_CA","og_type":"article","og_title":"Meglioli Cabernet Trinit\u00e9 \u2022 Trousse|Kit de Vinification | Mosti Mondiale","og_description":"Notre Meglioli (23L) Cabernet Trinit\u00e9 est est un vin rouge tr\u00e8s cors\u00e9 comprenant du ch\u00eane fonc\u00e9. Nuances de cassis, et texture onctueuse.","og_url":"https:\/\/mostimondiale.com\/produits\/varietal\/cabernet-sauvignon\/cabernet-trinity\/","og_site_name":"Mosti Mondiale","article_modified_time":"2019-08-19T15:28:04+00:00","og_image":[{"width":360,"height":360,"url":"https:\/\/mostimondiale.com\/wp-content\/uploads\/2019\/04\/meglioli-360x360-fr-1.png","type":"image\/png"}],"twitter_card":"summary_large_image","schema":{"@context":"https:\/\/schema.org","@graph":[{"@type":"WebPage","@id":"https:\/\/mostimondiale.com\/produits\/varietal\/cabernet-sauvignon\/cabernet-trinity\/","url":"https:\/\/mostimondiale.com\/produits\/varietal\/cabernet-sauvignon\/cabernet-trinity\/","name":"Meglioli Cabernet Trinit\u00e9 \u2022 Trousse|Kit de Vinification | Mosti Mondiale","isPartOf":{"@id":"https:\/\/mostimondiale.com\/#website"},"primaryImageOfPage":{"@id":"https:\/\/mostimondiale.com\/produits\/varietal\/cabernet-sauvignon\/cabernet-trinity\/#primaryimage"},"image":{"@id":"https:\/\/mostimondiale.com\/produits\/varietal\/cabernet-sauvignon\/cabernet-trinity\/#primaryimage"},"thumbnailUrl":"https:\/\/mostimondiale.com\/wp-content\/uploads\/2019\/04\/meglioli-360x360-fr-1.png","datePublished":"2019-04-22T17:44:58+00:00","dateModified":"2019-08-19T15:28:04+00:00","description":"Notre Meglioli (23L) Cabernet Trinit\u00e9 est est un vin rouge tr\u00e8s cors\u00e9 comprenant du ch\u00eane fonc\u00e9. Nuances de cassis, et texture onctueuse.","breadcrumb":{"@id":"https:\/\/mostimondiale.com\/produits\/varietal\/cabernet-sauvignon\/cabernet-trinity\/#breadcrumb"},"inLanguage":"fr-CA","potentialAction":[{"@type":"ReadAction","target":["https:\/\/mostimondiale.com\/produits\/varietal\/cabernet-sauvignon\/cabernet-trinity\/"]}]},{"@type":"ImageObject","inLanguage":"fr-CA","@id":"https:\/\/mostimondiale.com\/produits\/varietal\/cabernet-sauvignon\/cabernet-trinity\/#primaryimage","url":"https:\/\/mostimondiale.com\/wp-content\/uploads\/2019\/04\/meglioli-360x360-fr-1.png","contentUrl":"https:\/\/mostimondiale.com\/wp-content\/uploads\/2019\/04\/meglioli-360x360-fr-1.png","width":360,"height":360},{"@type":"BreadcrumbList","@id":"https:\/\/mostimondiale.com\/produits\/varietal\/cabernet-sauvignon\/cabernet-trinity\/#breadcrumb","itemListElement":[{"@type":"ListItem","position":1,"name":"Accueil","item":"https:\/\/mostimondiale.com\/fr\/"},{"@type":"ListItem","position":2,"name":"Produits","item":"https:\/\/mostimondiale.com\/fr\/produits\/"},{"@type":"ListItem","position":3,"name":"Cabernet Trinit\u00e9"}]},{"@type":"WebSite","@id":"https:\/\/mostimondiale.com\/#website","url":"https:\/\/mostimondiale.com\/","name":"Mosti Mondiale","description":"","potentialAction":[{"@type":"SearchAction","target":{"@type":"EntryPoint","urlTemplate":"https:\/\/mostimondiale.com\/?s={search_term_string}"},"query-input":{"@type":"PropertyValueSpecification","valueRequired":true,"valueName":"search_term_string"}}],"inLanguage":"fr-CA"}]}},"_links":{"self":[{"href":"https:\/\/mostimondiale.com\/fr\/wp-json\/wp\/v2\/product\/1555","targetHints":{"allow":["GET"]}}],"collection":[{"href":"https:\/\/mostimondiale.com\/fr\/wp-json\/wp\/v2\/product"}],"about":[{"href":"https:\/\/mostimondiale.com\/fr\/wp-json\/wp\/v2\/types\/product"}],"wp:featuredmedia":[{"embeddable":true,"href":"https:\/\/mostimondiale.com\/fr\/wp-json\/wp\/v2\/media\/1541"}],"wp:attachment":[{"href":"https:\/\/mostimondiale.com\/fr\/wp-json\/wp\/v2\/media?parent=1555"}],"wp:term":[{"taxonomy":"product_brand","embeddable":true,"href":"https:\/\/mostimondiale.com\/fr\/wp-json\/wp\/v2\/product_brand?post=1555"},{"taxonomy":"product_cat","embeddable":true,"href":"https:\/\/mostimondiale.com\/fr\/wp-json\/wp\/v2\/product_cat?post=1555"},{"taxonomy":"product_tag","embeddable":true,"href":"https:\/\/mostimondiale.com\/fr\/wp-json\/wp\/v2\/product_tag?post=1555"}],"curies":[{"name":"wp","href":"https:\/\/api.w.org\/{rel}","templated":true}]}}