{"id":1547,"date":"2019-04-18T09:33:14","date_gmt":"2019-04-18T13:33:14","guid":{"rendered":"https:\/\/mostimondiale.com\/?post_type=product&#038;p=1547"},"modified":"2024-10-21T16:11:44","modified_gmt":"2024-10-21T20:11:44","slug":"riesling-finger-lakes","status":"publish","type":"product","link":"https:\/\/mostimondiale.com\/fr\/produits\/cepage\/riesling-fr\/riesling-finger-lakes\/","title":{"rendered":"Riesling des Finger Lakes"},"content":{"rendered":"","protected":false},"excerpt":{"rendered":"<p align=\"JUSTIFY\">Depuis 1978, l&rsquo;entreprise familiale Wagner Vineyards Estate Winery dans la r\u00e9gion des Finger Lakes, dans New York, cultive du raisin dans les sols glaciaires profonds sur les versants est du lac Seneca depuis cinq g\u00e9n\u00e9rations. Ce site viticole incontournable produit un Riesling sec unique aux ar\u00f4mes min\u00e9raux qui ravissent le nez et apporte des notes d\u2019agrumes, de pommes et de fruits frais \u00e0 votre palais, le tout r\u00e9uni par une acidit\u00e9 vive et rafra\u00eechissante.<\/p>\n","protected":false},"featured_media":1541,"template":"","meta":{"_acf_changed":false},"product_brand":[],"product_cat":[153,176,163,218],"product_tag":[],"class_list":{"0":"post-1547","1":"product","2":"type-product","3":"status-publish","4":"has-post-thumbnail","6":"product_cat-100-mout-de-raisin","7":"product_cat-blanc","8":"product_cat-meglioli-fr","9":"product_cat-riesling-fr","10":"pa_alcohol-280","11":"pa_aroma-fruite","12":"pa_body-1-leger","13":"pa_price-252","14":"pa_winemaker-addition-raisins-secs-blancs","16":"first","17":"instock","18":"shipping-taxable","19":"product-type-simple"},"acf":[],"yoast_head":"<!-- This site is optimized with the Yoast SEO plugin v26.9 - https:\/\/yoast.com\/product\/yoast-seo-wordpress\/ -->\n<title>Meglioli Riesling des Finger Lakes \u2022 Trousse Vinification | Mosti Mondiale<\/title>\n<meta name=\"description\" content=\"Notre Meglioli (23L) Riesling des Finger Lakes est un vin blanc \u00e9ger comprenant des raisins blancs. Notes d\u2019agrumes, de pommes et de fruits.\" \/>\n<meta name=\"robots\" content=\"index, follow, max-snippet:-1, max-image-preview:large, max-video-preview:-1\" \/>\n<link rel=\"canonical\" href=\"https:\/\/mostimondiale.com\/produits\/varietal\/riesling\/finger-lakes-riesling\/\" \/>\n<meta property=\"og:locale\" content=\"fr_CA\" \/>\n<meta property=\"og:type\" content=\"article\" \/>\n<meta property=\"og:title\" content=\"Meglioli Riesling des Finger Lakes \u2022 Trousse Vinification | Mosti Mondiale\" \/>\n<meta property=\"og:description\" content=\"Notre Meglioli (23L) Riesling des Finger Lakes est un vin blanc \u00e9ger comprenant des raisins blancs. Notes d\u2019agrumes, de pommes et de fruits.\" \/>\n<meta property=\"og:url\" content=\"https:\/\/mostimondiale.com\/produits\/varietal\/riesling\/finger-lakes-riesling\/\" \/>\n<meta property=\"og:site_name\" content=\"Mosti Mondiale\" \/>\n<meta property=\"article:modified_time\" content=\"2024-10-21T20:11:44+00:00\" \/>\n<meta property=\"og:image\" content=\"https:\/\/mostimondiale.com\/wp-content\/uploads\/2019\/04\/meglioli-360x360-fr-1.png\" \/>\n\t<meta property=\"og:image:width\" content=\"360\" \/>\n\t<meta property=\"og:image:height\" content=\"360\" \/>\n\t<meta property=\"og:image:type\" content=\"image\/png\" \/>\n<meta name=\"twitter:card\" content=\"summary_large_image\" \/>\n<meta name=\"twitter:label1\" content=\"Estimation du temps de lecture\" \/>\n\t<meta name=\"twitter:data1\" content=\"1 minute\" \/>\n<script type=\"application\/ld+json\" class=\"yoast-schema-graph\">{\"@context\":\"https:\/\/schema.org\",\"@graph\":[{\"@type\":\"WebPage\",\"@id\":\"https:\/\/mostimondiale.com\/produits\/varietal\/riesling\/finger-lakes-riesling\/\",\"url\":\"https:\/\/mostimondiale.com\/produits\/varietal\/riesling\/finger-lakes-riesling\/\",\"name\":\"Meglioli Riesling des Finger Lakes \u2022 Trousse Vinification | Mosti Mondiale\",\"isPartOf\":{\"@id\":\"https:\/\/mostimondiale.com\/#website\"},\"primaryImageOfPage\":{\"@id\":\"https:\/\/mostimondiale.com\/produits\/varietal\/riesling\/finger-lakes-riesling\/#primaryimage\"},\"image\":{\"@id\":\"https:\/\/mostimondiale.com\/produits\/varietal\/riesling\/finger-lakes-riesling\/#primaryimage\"},\"thumbnailUrl\":\"https:\/\/mostimondiale.com\/wp-content\/uploads\/2019\/04\/meglioli-360x360-fr-1.png\",\"datePublished\":\"2019-04-18T13:33:14+00:00\",\"dateModified\":\"2024-10-21T20:11:44+00:00\",\"description\":\"Notre Meglioli (23L) Riesling des Finger Lakes est un vin blanc \u00e9ger comprenant des raisins blancs. Notes d\u2019agrumes, de pommes et de fruits.\",\"breadcrumb\":{\"@id\":\"https:\/\/mostimondiale.com\/produits\/varietal\/riesling\/finger-lakes-riesling\/#breadcrumb\"},\"inLanguage\":\"fr-CA\",\"potentialAction\":[{\"@type\":\"ReadAction\",\"target\":[\"https:\/\/mostimondiale.com\/produits\/varietal\/riesling\/finger-lakes-riesling\/\"]}]},{\"@type\":\"ImageObject\",\"inLanguage\":\"fr-CA\",\"@id\":\"https:\/\/mostimondiale.com\/produits\/varietal\/riesling\/finger-lakes-riesling\/#primaryimage\",\"url\":\"https:\/\/mostimondiale.com\/wp-content\/uploads\/2019\/04\/meglioli-360x360-fr-1.png\",\"contentUrl\":\"https:\/\/mostimondiale.com\/wp-content\/uploads\/2019\/04\/meglioli-360x360-fr-1.png\",\"width\":360,\"height\":360},{\"@type\":\"BreadcrumbList\",\"@id\":\"https:\/\/mostimondiale.com\/produits\/varietal\/riesling\/finger-lakes-riesling\/#breadcrumb\",\"itemListElement\":[{\"@type\":\"ListItem\",\"position\":1,\"name\":\"Accueil\",\"item\":\"https:\/\/mostimondiale.com\/fr\/\"},{\"@type\":\"ListItem\",\"position\":2,\"name\":\"Produits\",\"item\":\"https:\/\/mostimondiale.com\/fr\/produits\/\"},{\"@type\":\"ListItem\",\"position\":3,\"name\":\"Riesling des Finger Lakes\"}]},{\"@type\":\"WebSite\",\"@id\":\"https:\/\/mostimondiale.com\/#website\",\"url\":\"https:\/\/mostimondiale.com\/\",\"name\":\"Mosti Mondiale\",\"description\":\"\",\"potentialAction\":[{\"@type\":\"SearchAction\",\"target\":{\"@type\":\"EntryPoint\",\"urlTemplate\":\"https:\/\/mostimondiale.com\/?s={search_term_string}\"},\"query-input\":{\"@type\":\"PropertyValueSpecification\",\"valueRequired\":true,\"valueName\":\"search_term_string\"}}],\"inLanguage\":\"fr-CA\"}]}<\/script>\n<!-- \/ Yoast SEO plugin. -->","yoast_head_json":{"title":"Meglioli Riesling des Finger Lakes \u2022 Trousse Vinification | Mosti Mondiale","description":"Notre Meglioli (23L) Riesling des Finger Lakes est un vin blanc \u00e9ger comprenant des raisins blancs. Notes d\u2019agrumes, de pommes et de fruits.","robots":{"index":"index","follow":"follow","max-snippet":"max-snippet:-1","max-image-preview":"max-image-preview:large","max-video-preview":"max-video-preview:-1"},"canonical":"https:\/\/mostimondiale.com\/produits\/varietal\/riesling\/finger-lakes-riesling\/","og_locale":"fr_CA","og_type":"article","og_title":"Meglioli Riesling des Finger Lakes \u2022 Trousse Vinification | Mosti Mondiale","og_description":"Notre Meglioli (23L) Riesling des Finger Lakes est un vin blanc \u00e9ger comprenant des raisins blancs. Notes d\u2019agrumes, de pommes et de fruits.","og_url":"https:\/\/mostimondiale.com\/produits\/varietal\/riesling\/finger-lakes-riesling\/","og_site_name":"Mosti Mondiale","article_modified_time":"2024-10-21T20:11:44+00:00","og_image":[{"width":360,"height":360,"url":"https:\/\/mostimondiale.com\/wp-content\/uploads\/2019\/04\/meglioli-360x360-fr-1.png","type":"image\/png"}],"twitter_card":"summary_large_image","twitter_misc":{"Estimation du temps de lecture":"1 minute"},"schema":{"@context":"https:\/\/schema.org","@graph":[{"@type":"WebPage","@id":"https:\/\/mostimondiale.com\/produits\/varietal\/riesling\/finger-lakes-riesling\/","url":"https:\/\/mostimondiale.com\/produits\/varietal\/riesling\/finger-lakes-riesling\/","name":"Meglioli Riesling des Finger Lakes \u2022 Trousse Vinification | Mosti Mondiale","isPartOf":{"@id":"https:\/\/mostimondiale.com\/#website"},"primaryImageOfPage":{"@id":"https:\/\/mostimondiale.com\/produits\/varietal\/riesling\/finger-lakes-riesling\/#primaryimage"},"image":{"@id":"https:\/\/mostimondiale.com\/produits\/varietal\/riesling\/finger-lakes-riesling\/#primaryimage"},"thumbnailUrl":"https:\/\/mostimondiale.com\/wp-content\/uploads\/2019\/04\/meglioli-360x360-fr-1.png","datePublished":"2019-04-18T13:33:14+00:00","dateModified":"2024-10-21T20:11:44+00:00","description":"Notre Meglioli (23L) Riesling des Finger Lakes est un vin blanc \u00e9ger comprenant des raisins blancs. Notes d\u2019agrumes, de pommes et de fruits.","breadcrumb":{"@id":"https:\/\/mostimondiale.com\/produits\/varietal\/riesling\/finger-lakes-riesling\/#breadcrumb"},"inLanguage":"fr-CA","potentialAction":[{"@type":"ReadAction","target":["https:\/\/mostimondiale.com\/produits\/varietal\/riesling\/finger-lakes-riesling\/"]}]},{"@type":"ImageObject","inLanguage":"fr-CA","@id":"https:\/\/mostimondiale.com\/produits\/varietal\/riesling\/finger-lakes-riesling\/#primaryimage","url":"https:\/\/mostimondiale.com\/wp-content\/uploads\/2019\/04\/meglioli-360x360-fr-1.png","contentUrl":"https:\/\/mostimondiale.com\/wp-content\/uploads\/2019\/04\/meglioli-360x360-fr-1.png","width":360,"height":360},{"@type":"BreadcrumbList","@id":"https:\/\/mostimondiale.com\/produits\/varietal\/riesling\/finger-lakes-riesling\/#breadcrumb","itemListElement":[{"@type":"ListItem","position":1,"name":"Accueil","item":"https:\/\/mostimondiale.com\/fr\/"},{"@type":"ListItem","position":2,"name":"Produits","item":"https:\/\/mostimondiale.com\/fr\/produits\/"},{"@type":"ListItem","position":3,"name":"Riesling des Finger Lakes"}]},{"@type":"WebSite","@id":"https:\/\/mostimondiale.com\/#website","url":"https:\/\/mostimondiale.com\/","name":"Mosti Mondiale","description":"","potentialAction":[{"@type":"SearchAction","target":{"@type":"EntryPoint","urlTemplate":"https:\/\/mostimondiale.com\/?s={search_term_string}"},"query-input":{"@type":"PropertyValueSpecification","valueRequired":true,"valueName":"search_term_string"}}],"inLanguage":"fr-CA"}]}},"_links":{"self":[{"href":"https:\/\/mostimondiale.com\/fr\/wp-json\/wp\/v2\/product\/1547","targetHints":{"allow":["GET"]}}],"collection":[{"href":"https:\/\/mostimondiale.com\/fr\/wp-json\/wp\/v2\/product"}],"about":[{"href":"https:\/\/mostimondiale.com\/fr\/wp-json\/wp\/v2\/types\/product"}],"wp:featuredmedia":[{"embeddable":true,"href":"https:\/\/mostimondiale.com\/fr\/wp-json\/wp\/v2\/media\/1541"}],"wp:attachment":[{"href":"https:\/\/mostimondiale.com\/fr\/wp-json\/wp\/v2\/media?parent=1547"}],"wp:term":[{"taxonomy":"product_brand","embeddable":true,"href":"https:\/\/mostimondiale.com\/fr\/wp-json\/wp\/v2\/product_brand?post=1547"},{"taxonomy":"product_cat","embeddable":true,"href":"https:\/\/mostimondiale.com\/fr\/wp-json\/wp\/v2\/product_cat?post=1547"},{"taxonomy":"product_tag","embeddable":true,"href":"https:\/\/mostimondiale.com\/fr\/wp-json\/wp\/v2\/product_tag?post=1547"}],"curies":[{"name":"wp","href":"https:\/\/api.w.org\/{rel}","templated":true}]}}