{"id":1536,"date":"2019-04-18T09:03:26","date_gmt":"2019-04-18T13:03:26","guid":{"rendered":"https:\/\/mostimondiale.com\/?post_type=product&#038;p=1536"},"modified":"2020-09-08T09:42:23","modified_gmt":"2020-09-08T13:42:23","slug":"chardonnay-5","status":"publish","type":"product","link":"https:\/\/mostimondiale.com\/fr\/produits\/cepage\/chardonnay-fr\/chardonnay-5\/","title":{"rendered":"Chardonnay"},"content":{"rendered":"","protected":false},"excerpt":{"rendered":"<p>Un contemporain italien se d\u00e9marquant par son raffinement. Beau jaune, paille reflets or, merveilleuse harmonie de parfums de fruits tropicaux et d\u2019arbrisseaux en fleur, saveurs \u00e9voquant les fruits de la passion et les argrumes fra\u00eechement cueillis. Son niveau d\u2019acidit\u00e9 naturelle procure un go\u00fbt recherch\u00e9 r\u00e9v\u00e9lant fra\u00eecheur et vivacit\u00e9. Charnu et bien \u00e9quilibr\u00e9, il donne un vin raffin\u00e9 qui se d\u00e9guste en toutes occasions.<\/p>\n","protected":false},"featured_media":1541,"template":"","meta":{"_acf_changed":false},"product_brand":[],"product_cat":[153,176,191,163],"product_tag":[],"class_list":{"0":"post-1536","1":"product","2":"type-product","3":"status-publish","4":"has-post-thumbnail","6":"product_cat-100-mout-de-raisin","7":"product_cat-blanc","8":"product_cat-chardonnay-fr","9":"product_cat-meglioli-fr","10":"pa_alcohol-280","11":"pa_aroma-fruite","12":"pa_aroma-herbace","13":"pa_body-5-tres-corse","14":"pa_price-252","15":"pa_winemaker-addition-chene-fonce","17":"first","18":"instock","19":"shipping-taxable","20":"product-type-simple"},"acf":[],"yoast_head":"<!-- This site is optimized with the Yoast SEO plugin v26.9 - https:\/\/yoast.com\/product\/yoast-seo-wordpress\/ -->\n<title>Meglioli Chardonnay \u2022 Trousse|Kit de Vinification | Mosti Mondiale<\/title>\n<meta name=\"description\" content=\"Notre Meglioli (23L) Chardonnay est un vin blanc tr\u00e8s cors\u00e9 comprenant du ch\u00eane fonc\u00e9. Parfums de fruits tropicaux et d\u2019arbrisseaux en fleur.\" \/>\n<meta name=\"robots\" content=\"index, follow, max-snippet:-1, max-image-preview:large, max-video-preview:-1\" \/>\n<link rel=\"canonical\" href=\"https:\/\/mostimondiale.com\/produits\/varietal\/chardonnay\/chardonnay-5\/\" \/>\n<meta property=\"og:locale\" content=\"fr_CA\" \/>\n<meta property=\"og:type\" content=\"article\" \/>\n<meta property=\"og:title\" content=\"Meglioli Chardonnay \u2022 Trousse|Kit de Vinification | Mosti Mondiale\" \/>\n<meta property=\"og:description\" content=\"Notre Meglioli (23L) Chardonnay est un vin blanc tr\u00e8s cors\u00e9 comprenant du ch\u00eane fonc\u00e9. Parfums de fruits tropicaux et d\u2019arbrisseaux en fleur.\" \/>\n<meta property=\"og:url\" content=\"https:\/\/mostimondiale.com\/produits\/varietal\/chardonnay\/chardonnay-5\/\" \/>\n<meta property=\"og:site_name\" content=\"Mosti Mondiale\" \/>\n<meta property=\"article:modified_time\" content=\"2020-09-08T13:42:23+00:00\" \/>\n<meta property=\"og:image\" content=\"https:\/\/mostimondiale.com\/wp-content\/uploads\/2019\/04\/meglioli-360x360-fr-1.png\" \/>\n\t<meta property=\"og:image:width\" content=\"360\" \/>\n\t<meta property=\"og:image:height\" content=\"360\" \/>\n\t<meta property=\"og:image:type\" content=\"image\/png\" \/>\n<meta name=\"twitter:card\" content=\"summary_large_image\" \/>\n<script type=\"application\/ld+json\" class=\"yoast-schema-graph\">{\"@context\":\"https:\/\/schema.org\",\"@graph\":[{\"@type\":\"WebPage\",\"@id\":\"https:\/\/mostimondiale.com\/produits\/varietal\/chardonnay\/chardonnay-5\/\",\"url\":\"https:\/\/mostimondiale.com\/produits\/varietal\/chardonnay\/chardonnay-5\/\",\"name\":\"Meglioli Chardonnay \u2022 Trousse|Kit de Vinification | Mosti Mondiale\",\"isPartOf\":{\"@id\":\"https:\/\/mostimondiale.com\/#website\"},\"primaryImageOfPage\":{\"@id\":\"https:\/\/mostimondiale.com\/produits\/varietal\/chardonnay\/chardonnay-5\/#primaryimage\"},\"image\":{\"@id\":\"https:\/\/mostimondiale.com\/produits\/varietal\/chardonnay\/chardonnay-5\/#primaryimage\"},\"thumbnailUrl\":\"https:\/\/mostimondiale.com\/wp-content\/uploads\/2019\/04\/meglioli-360x360-fr-1.png\",\"datePublished\":\"2019-04-18T13:03:26+00:00\",\"dateModified\":\"2020-09-08T13:42:23+00:00\",\"description\":\"Notre Meglioli (23L) Chardonnay est un vin blanc tr\u00e8s cors\u00e9 comprenant du ch\u00eane fonc\u00e9. Parfums de fruits tropicaux et d\u2019arbrisseaux en fleur.\",\"breadcrumb\":{\"@id\":\"https:\/\/mostimondiale.com\/produits\/varietal\/chardonnay\/chardonnay-5\/#breadcrumb\"},\"inLanguage\":\"fr-CA\",\"potentialAction\":[{\"@type\":\"ReadAction\",\"target\":[\"https:\/\/mostimondiale.com\/produits\/varietal\/chardonnay\/chardonnay-5\/\"]}]},{\"@type\":\"ImageObject\",\"inLanguage\":\"fr-CA\",\"@id\":\"https:\/\/mostimondiale.com\/produits\/varietal\/chardonnay\/chardonnay-5\/#primaryimage\",\"url\":\"https:\/\/mostimondiale.com\/wp-content\/uploads\/2019\/04\/meglioli-360x360-fr-1.png\",\"contentUrl\":\"https:\/\/mostimondiale.com\/wp-content\/uploads\/2019\/04\/meglioli-360x360-fr-1.png\",\"width\":360,\"height\":360},{\"@type\":\"BreadcrumbList\",\"@id\":\"https:\/\/mostimondiale.com\/produits\/varietal\/chardonnay\/chardonnay-5\/#breadcrumb\",\"itemListElement\":[{\"@type\":\"ListItem\",\"position\":1,\"name\":\"Accueil\",\"item\":\"https:\/\/mostimondiale.com\/fr\/\"},{\"@type\":\"ListItem\",\"position\":2,\"name\":\"Produits\",\"item\":\"https:\/\/mostimondiale.com\/fr\/produits\/\"},{\"@type\":\"ListItem\",\"position\":3,\"name\":\"Chardonnay\"}]},{\"@type\":\"WebSite\",\"@id\":\"https:\/\/mostimondiale.com\/#website\",\"url\":\"https:\/\/mostimondiale.com\/\",\"name\":\"Mosti Mondiale\",\"description\":\"\",\"potentialAction\":[{\"@type\":\"SearchAction\",\"target\":{\"@type\":\"EntryPoint\",\"urlTemplate\":\"https:\/\/mostimondiale.com\/?s={search_term_string}\"},\"query-input\":{\"@type\":\"PropertyValueSpecification\",\"valueRequired\":true,\"valueName\":\"search_term_string\"}}],\"inLanguage\":\"fr-CA\"}]}<\/script>\n<!-- \/ Yoast SEO plugin. -->","yoast_head_json":{"title":"Meglioli Chardonnay \u2022 Trousse|Kit de Vinification | Mosti Mondiale","description":"Notre Meglioli (23L) Chardonnay est un vin blanc tr\u00e8s cors\u00e9 comprenant du ch\u00eane fonc\u00e9. Parfums de fruits tropicaux et d\u2019arbrisseaux en fleur.","robots":{"index":"index","follow":"follow","max-snippet":"max-snippet:-1","max-image-preview":"max-image-preview:large","max-video-preview":"max-video-preview:-1"},"canonical":"https:\/\/mostimondiale.com\/produits\/varietal\/chardonnay\/chardonnay-5\/","og_locale":"fr_CA","og_type":"article","og_title":"Meglioli Chardonnay \u2022 Trousse|Kit de Vinification | Mosti Mondiale","og_description":"Notre Meglioli (23L) Chardonnay est un vin blanc tr\u00e8s cors\u00e9 comprenant du ch\u00eane fonc\u00e9. Parfums de fruits tropicaux et d\u2019arbrisseaux en fleur.","og_url":"https:\/\/mostimondiale.com\/produits\/varietal\/chardonnay\/chardonnay-5\/","og_site_name":"Mosti Mondiale","article_modified_time":"2020-09-08T13:42:23+00:00","og_image":[{"width":360,"height":360,"url":"https:\/\/mostimondiale.com\/wp-content\/uploads\/2019\/04\/meglioli-360x360-fr-1.png","type":"image\/png"}],"twitter_card":"summary_large_image","schema":{"@context":"https:\/\/schema.org","@graph":[{"@type":"WebPage","@id":"https:\/\/mostimondiale.com\/produits\/varietal\/chardonnay\/chardonnay-5\/","url":"https:\/\/mostimondiale.com\/produits\/varietal\/chardonnay\/chardonnay-5\/","name":"Meglioli Chardonnay \u2022 Trousse|Kit de Vinification | Mosti Mondiale","isPartOf":{"@id":"https:\/\/mostimondiale.com\/#website"},"primaryImageOfPage":{"@id":"https:\/\/mostimondiale.com\/produits\/varietal\/chardonnay\/chardonnay-5\/#primaryimage"},"image":{"@id":"https:\/\/mostimondiale.com\/produits\/varietal\/chardonnay\/chardonnay-5\/#primaryimage"},"thumbnailUrl":"https:\/\/mostimondiale.com\/wp-content\/uploads\/2019\/04\/meglioli-360x360-fr-1.png","datePublished":"2019-04-18T13:03:26+00:00","dateModified":"2020-09-08T13:42:23+00:00","description":"Notre Meglioli (23L) Chardonnay est un vin blanc tr\u00e8s cors\u00e9 comprenant du ch\u00eane fonc\u00e9. Parfums de fruits tropicaux et d\u2019arbrisseaux en fleur.","breadcrumb":{"@id":"https:\/\/mostimondiale.com\/produits\/varietal\/chardonnay\/chardonnay-5\/#breadcrumb"},"inLanguage":"fr-CA","potentialAction":[{"@type":"ReadAction","target":["https:\/\/mostimondiale.com\/produits\/varietal\/chardonnay\/chardonnay-5\/"]}]},{"@type":"ImageObject","inLanguage":"fr-CA","@id":"https:\/\/mostimondiale.com\/produits\/varietal\/chardonnay\/chardonnay-5\/#primaryimage","url":"https:\/\/mostimondiale.com\/wp-content\/uploads\/2019\/04\/meglioli-360x360-fr-1.png","contentUrl":"https:\/\/mostimondiale.com\/wp-content\/uploads\/2019\/04\/meglioli-360x360-fr-1.png","width":360,"height":360},{"@type":"BreadcrumbList","@id":"https:\/\/mostimondiale.com\/produits\/varietal\/chardonnay\/chardonnay-5\/#breadcrumb","itemListElement":[{"@type":"ListItem","position":1,"name":"Accueil","item":"https:\/\/mostimondiale.com\/fr\/"},{"@type":"ListItem","position":2,"name":"Produits","item":"https:\/\/mostimondiale.com\/fr\/produits\/"},{"@type":"ListItem","position":3,"name":"Chardonnay"}]},{"@type":"WebSite","@id":"https:\/\/mostimondiale.com\/#website","url":"https:\/\/mostimondiale.com\/","name":"Mosti Mondiale","description":"","potentialAction":[{"@type":"SearchAction","target":{"@type":"EntryPoint","urlTemplate":"https:\/\/mostimondiale.com\/?s={search_term_string}"},"query-input":{"@type":"PropertyValueSpecification","valueRequired":true,"valueName":"search_term_string"}}],"inLanguage":"fr-CA"}]}},"_links":{"self":[{"href":"https:\/\/mostimondiale.com\/fr\/wp-json\/wp\/v2\/product\/1536","targetHints":{"allow":["GET"]}}],"collection":[{"href":"https:\/\/mostimondiale.com\/fr\/wp-json\/wp\/v2\/product"}],"about":[{"href":"https:\/\/mostimondiale.com\/fr\/wp-json\/wp\/v2\/types\/product"}],"wp:featuredmedia":[{"embeddable":true,"href":"https:\/\/mostimondiale.com\/fr\/wp-json\/wp\/v2\/media\/1541"}],"wp:attachment":[{"href":"https:\/\/mostimondiale.com\/fr\/wp-json\/wp\/v2\/media?parent=1536"}],"wp:term":[{"taxonomy":"product_brand","embeddable":true,"href":"https:\/\/mostimondiale.com\/fr\/wp-json\/wp\/v2\/product_brand?post=1536"},{"taxonomy":"product_cat","embeddable":true,"href":"https:\/\/mostimondiale.com\/fr\/wp-json\/wp\/v2\/product_cat?post=1536"},{"taxonomy":"product_tag","embeddable":true,"href":"https:\/\/mostimondiale.com\/fr\/wp-json\/wp\/v2\/product_tag?post=1536"}],"curies":[{"name":"wp","href":"https:\/\/api.w.org\/{rel}","templated":true}]}}