{"id":1533,"date":"2019-04-17T15:25:37","date_gmt":"2019-04-17T19:25:37","guid":{"rendered":"https:\/\/mostimondiale.com\/?post_type=product&#038;p=1533"},"modified":"2020-01-31T11:05:47","modified_gmt":"2020-01-31T16:05:47","slug":"pinot-grigio-mondiale","status":"publish","type":"product","link":"https:\/\/mostimondiale.com\/fr\/produits\/cepage\/pinot-grigio-fr\/pinot-grigio-mondiale\/","title":{"rendered":"Pinot Grigio Mondiale"},"content":{"rendered":"","protected":false},"excerpt":{"rendered":"<p>Un fait fascinant sur ce raisin est la teinte rouge gris\u00e9e de sa peau, qui donne au vin sa robe typique jaune fonc\u00e9. Il exhale des caract\u00e9ristiques fruit\u00e9es sur le palais, accompagn\u00e9es d\u2019ar\u00f4mes d\u2019agrumes. \u00c0 servir l\u00e9g\u00e8rement frais avec des fruits de mer et de la salade.<\/p>\n","protected":false},"featured_media":1518,"template":"","meta":{"_acf_changed":false},"product_brand":[],"product_cat":[153,176,213],"product_tag":[],"class_list":{"0":"post-1533","1":"product","2":"type-product","3":"status-publish","4":"has-post-thumbnail","6":"product_cat-100-mout-de-raisin","7":"product_cat-blanc","8":"product_cat-pinot-grigio-fr","9":"pa_alcohol-12-8","10":"pa_aroma-fruite","11":"pa_body-3-mi-corse","12":"pa_price-253","13":"pa_winemaker-addition-raisins-secs-blancs","15":"first","16":"instock","17":"shipping-taxable","18":"product-type-simple"},"acf":[],"yoast_head":"<!-- This site is optimized with the Yoast SEO plugin v26.9 - https:\/\/yoast.com\/product\/yoast-seo-wordpress\/ -->\n<title>AllJuice \u00c9dition des Ma\u00eetres Pinot Grigio Mondiale | Mosti Mondiale<\/title>\n<meta name=\"description\" content=\"Notre AllJuice \u00c9dition des Ma\u00eetres (23L) Pinot Grigio Mondiale est un vin blanc mi-cors\u00e9 comprenant des raisins blacs.Notes fruit\u00e9es ar\u00f4mes d\u2019agrumes.\" \/>\n<meta name=\"robots\" content=\"index, follow, max-snippet:-1, max-image-preview:large, max-video-preview:-1\" \/>\n<link rel=\"canonical\" href=\"https:\/\/mostimondiale.com\/fr\/produits\/cepage\/pinot-grigio-fr\/pinot-grigio-mondiale\/\" \/>\n<meta property=\"og:locale\" content=\"fr_CA\" \/>\n<meta property=\"og:type\" content=\"article\" \/>\n<meta property=\"og:title\" content=\"AllJuice \u00c9dition des Ma\u00eetres Pinot Grigio Mondiale | Mosti Mondiale\" \/>\n<meta property=\"og:description\" content=\"Notre AllJuice \u00c9dition des Ma\u00eetres (23L) Pinot Grigio Mondiale est un vin blanc mi-cors\u00e9 comprenant des raisins blacs.Notes fruit\u00e9es ar\u00f4mes d\u2019agrumes.\" \/>\n<meta property=\"og:url\" content=\"https:\/\/mostimondiale.com\/fr\/produits\/cepage\/pinot-grigio-fr\/pinot-grigio-mondiale\/\" \/>\n<meta property=\"og:site_name\" content=\"Mosti Mondiale\" \/>\n<meta property=\"article:modified_time\" content=\"2020-01-31T16:05:47+00:00\" \/>\n<meta property=\"og:image\" content=\"https:\/\/mostimondiale.com\/wp-content\/uploads\/2019\/04\/ajme-360x360-fr-1.png\" \/>\n\t<meta property=\"og:image:width\" content=\"360\" \/>\n\t<meta property=\"og:image:height\" content=\"360\" \/>\n\t<meta property=\"og:image:type\" content=\"image\/png\" \/>\n<meta name=\"twitter:card\" content=\"summary_large_image\" \/>\n<script type=\"application\/ld+json\" class=\"yoast-schema-graph\">{\"@context\":\"https:\/\/schema.org\",\"@graph\":[{\"@type\":\"WebPage\",\"@id\":\"https:\/\/mostimondiale.com\/fr\/produits\/cepage\/pinot-grigio-fr\/pinot-grigio-mondiale\/\",\"url\":\"https:\/\/mostimondiale.com\/fr\/produits\/cepage\/pinot-grigio-fr\/pinot-grigio-mondiale\/\",\"name\":\"AllJuice \u00c9dition des Ma\u00eetres Pinot Grigio Mondiale | Mosti Mondiale\",\"isPartOf\":{\"@id\":\"https:\/\/mostimondiale.com\/#website\"},\"primaryImageOfPage\":{\"@id\":\"https:\/\/mostimondiale.com\/fr\/produits\/cepage\/pinot-grigio-fr\/pinot-grigio-mondiale\/#primaryimage\"},\"image\":{\"@id\":\"https:\/\/mostimondiale.com\/fr\/produits\/cepage\/pinot-grigio-fr\/pinot-grigio-mondiale\/#primaryimage\"},\"thumbnailUrl\":\"https:\/\/mostimondiale.com\/wp-content\/uploads\/2019\/04\/ajme-360x360-fr-1.png\",\"datePublished\":\"2019-04-17T19:25:37+00:00\",\"dateModified\":\"2020-01-31T16:05:47+00:00\",\"description\":\"Notre AllJuice \u00c9dition des Ma\u00eetres (23L) Pinot Grigio Mondiale est un vin blanc mi-cors\u00e9 comprenant des raisins blacs.Notes fruit\u00e9es ar\u00f4mes d\u2019agrumes.\",\"breadcrumb\":{\"@id\":\"https:\/\/mostimondiale.com\/fr\/produits\/cepage\/pinot-grigio-fr\/pinot-grigio-mondiale\/#breadcrumb\"},\"inLanguage\":\"fr-CA\",\"potentialAction\":[{\"@type\":\"ReadAction\",\"target\":[\"https:\/\/mostimondiale.com\/fr\/produits\/cepage\/pinot-grigio-fr\/pinot-grigio-mondiale\/\"]}]},{\"@type\":\"ImageObject\",\"inLanguage\":\"fr-CA\",\"@id\":\"https:\/\/mostimondiale.com\/fr\/produits\/cepage\/pinot-grigio-fr\/pinot-grigio-mondiale\/#primaryimage\",\"url\":\"https:\/\/mostimondiale.com\/wp-content\/uploads\/2019\/04\/ajme-360x360-fr-1.png\",\"contentUrl\":\"https:\/\/mostimondiale.com\/wp-content\/uploads\/2019\/04\/ajme-360x360-fr-1.png\",\"width\":360,\"height\":360},{\"@type\":\"BreadcrumbList\",\"@id\":\"https:\/\/mostimondiale.com\/fr\/produits\/cepage\/pinot-grigio-fr\/pinot-grigio-mondiale\/#breadcrumb\",\"itemListElement\":[{\"@type\":\"ListItem\",\"position\":1,\"name\":\"Accueil\",\"item\":\"https:\/\/mostimondiale.com\/fr\/\"},{\"@type\":\"ListItem\",\"position\":2,\"name\":\"Produits\",\"item\":\"https:\/\/mostimondiale.com\/fr\/produits\/\"},{\"@type\":\"ListItem\",\"position\":3,\"name\":\"Pinot Grigio Mondiale\"}]},{\"@type\":\"WebSite\",\"@id\":\"https:\/\/mostimondiale.com\/#website\",\"url\":\"https:\/\/mostimondiale.com\/\",\"name\":\"Mosti Mondiale\",\"description\":\"\",\"potentialAction\":[{\"@type\":\"SearchAction\",\"target\":{\"@type\":\"EntryPoint\",\"urlTemplate\":\"https:\/\/mostimondiale.com\/?s={search_term_string}\"},\"query-input\":{\"@type\":\"PropertyValueSpecification\",\"valueRequired\":true,\"valueName\":\"search_term_string\"}}],\"inLanguage\":\"fr-CA\"}]}<\/script>\n<!-- \/ Yoast SEO plugin. -->","yoast_head_json":{"title":"AllJuice \u00c9dition des Ma\u00eetres Pinot Grigio Mondiale | Mosti Mondiale","description":"Notre AllJuice \u00c9dition des Ma\u00eetres (23L) Pinot Grigio Mondiale est un vin blanc mi-cors\u00e9 comprenant des raisins blacs.Notes fruit\u00e9es ar\u00f4mes d\u2019agrumes.","robots":{"index":"index","follow":"follow","max-snippet":"max-snippet:-1","max-image-preview":"max-image-preview:large","max-video-preview":"max-video-preview:-1"},"canonical":"https:\/\/mostimondiale.com\/fr\/produits\/cepage\/pinot-grigio-fr\/pinot-grigio-mondiale\/","og_locale":"fr_CA","og_type":"article","og_title":"AllJuice \u00c9dition des Ma\u00eetres Pinot Grigio Mondiale | Mosti Mondiale","og_description":"Notre AllJuice \u00c9dition des Ma\u00eetres (23L) Pinot Grigio Mondiale est un vin blanc mi-cors\u00e9 comprenant des raisins blacs.Notes fruit\u00e9es ar\u00f4mes d\u2019agrumes.","og_url":"https:\/\/mostimondiale.com\/fr\/produits\/cepage\/pinot-grigio-fr\/pinot-grigio-mondiale\/","og_site_name":"Mosti Mondiale","article_modified_time":"2020-01-31T16:05:47+00:00","og_image":[{"width":360,"height":360,"url":"https:\/\/mostimondiale.com\/wp-content\/uploads\/2019\/04\/ajme-360x360-fr-1.png","type":"image\/png"}],"twitter_card":"summary_large_image","schema":{"@context":"https:\/\/schema.org","@graph":[{"@type":"WebPage","@id":"https:\/\/mostimondiale.com\/fr\/produits\/cepage\/pinot-grigio-fr\/pinot-grigio-mondiale\/","url":"https:\/\/mostimondiale.com\/fr\/produits\/cepage\/pinot-grigio-fr\/pinot-grigio-mondiale\/","name":"AllJuice \u00c9dition des Ma\u00eetres Pinot Grigio Mondiale | Mosti Mondiale","isPartOf":{"@id":"https:\/\/mostimondiale.com\/#website"},"primaryImageOfPage":{"@id":"https:\/\/mostimondiale.com\/fr\/produits\/cepage\/pinot-grigio-fr\/pinot-grigio-mondiale\/#primaryimage"},"image":{"@id":"https:\/\/mostimondiale.com\/fr\/produits\/cepage\/pinot-grigio-fr\/pinot-grigio-mondiale\/#primaryimage"},"thumbnailUrl":"https:\/\/mostimondiale.com\/wp-content\/uploads\/2019\/04\/ajme-360x360-fr-1.png","datePublished":"2019-04-17T19:25:37+00:00","dateModified":"2020-01-31T16:05:47+00:00","description":"Notre AllJuice \u00c9dition des Ma\u00eetres (23L) Pinot Grigio Mondiale est un vin blanc mi-cors\u00e9 comprenant des raisins blacs.Notes fruit\u00e9es ar\u00f4mes d\u2019agrumes.","breadcrumb":{"@id":"https:\/\/mostimondiale.com\/fr\/produits\/cepage\/pinot-grigio-fr\/pinot-grigio-mondiale\/#breadcrumb"},"inLanguage":"fr-CA","potentialAction":[{"@type":"ReadAction","target":["https:\/\/mostimondiale.com\/fr\/produits\/cepage\/pinot-grigio-fr\/pinot-grigio-mondiale\/"]}]},{"@type":"ImageObject","inLanguage":"fr-CA","@id":"https:\/\/mostimondiale.com\/fr\/produits\/cepage\/pinot-grigio-fr\/pinot-grigio-mondiale\/#primaryimage","url":"https:\/\/mostimondiale.com\/wp-content\/uploads\/2019\/04\/ajme-360x360-fr-1.png","contentUrl":"https:\/\/mostimondiale.com\/wp-content\/uploads\/2019\/04\/ajme-360x360-fr-1.png","width":360,"height":360},{"@type":"BreadcrumbList","@id":"https:\/\/mostimondiale.com\/fr\/produits\/cepage\/pinot-grigio-fr\/pinot-grigio-mondiale\/#breadcrumb","itemListElement":[{"@type":"ListItem","position":1,"name":"Accueil","item":"https:\/\/mostimondiale.com\/fr\/"},{"@type":"ListItem","position":2,"name":"Produits","item":"https:\/\/mostimondiale.com\/fr\/produits\/"},{"@type":"ListItem","position":3,"name":"Pinot Grigio Mondiale"}]},{"@type":"WebSite","@id":"https:\/\/mostimondiale.com\/#website","url":"https:\/\/mostimondiale.com\/","name":"Mosti Mondiale","description":"","potentialAction":[{"@type":"SearchAction","target":{"@type":"EntryPoint","urlTemplate":"https:\/\/mostimondiale.com\/?s={search_term_string}"},"query-input":{"@type":"PropertyValueSpecification","valueRequired":true,"valueName":"search_term_string"}}],"inLanguage":"fr-CA"}]}},"_links":{"self":[{"href":"https:\/\/mostimondiale.com\/fr\/wp-json\/wp\/v2\/product\/1533","targetHints":{"allow":["GET"]}}],"collection":[{"href":"https:\/\/mostimondiale.com\/fr\/wp-json\/wp\/v2\/product"}],"about":[{"href":"https:\/\/mostimondiale.com\/fr\/wp-json\/wp\/v2\/types\/product"}],"wp:featuredmedia":[{"embeddable":true,"href":"https:\/\/mostimondiale.com\/fr\/wp-json\/wp\/v2\/media\/1518"}],"wp:attachment":[{"href":"https:\/\/mostimondiale.com\/fr\/wp-json\/wp\/v2\/media?parent=1533"}],"wp:term":[{"taxonomy":"product_brand","embeddable":true,"href":"https:\/\/mostimondiale.com\/fr\/wp-json\/wp\/v2\/product_brand?post=1533"},{"taxonomy":"product_cat","embeddable":true,"href":"https:\/\/mostimondiale.com\/fr\/wp-json\/wp\/v2\/product_cat?post=1533"},{"taxonomy":"product_tag","embeddable":true,"href":"https:\/\/mostimondiale.com\/fr\/wp-json\/wp\/v2\/product_tag?post=1533"}],"curies":[{"name":"wp","href":"https:\/\/api.w.org\/{rel}","templated":true}]}}