{"id":1531,"date":"2019-04-17T15:21:28","date_gmt":"2019-04-17T19:21:27","guid":{"rendered":"https:\/\/mostimondiale.com\/?post_type=product&#038;p=1531"},"modified":"2020-01-17T15:18:16","modified_gmt":"2020-01-17T20:18:16","slug":"outback-chardonnay","status":"publish","type":"product","link":"https:\/\/mostimondiale.com\/fr\/produits\/cepage\/chardonnay-fr\/outback-chardonnay\/","title":{"rendered":"Outback Chardonnay"},"content":{"rendered":"","protected":false},"excerpt":{"rendered":"<p>Fait uniquement \u00e0 partir des meilleurs raisins de vignobles de campagne, ce vin pr\u00e9sente de riches ar\u00f4mes de miel, de fruits tropicaux et de pommes m\u00fbres cueillies\u00a0\u00e0 m\u00eame les branches. Ces caract\u00e9ristiques cr\u00e9ent un vin cors\u00e9 aux ar\u00f4mes de ch\u00eane abondants accompagn\u00e9s de nuances de vanilles. Vos papilles seront ravies par ce chardonnay unique.<\/p>\n","protected":false},"featured_media":1518,"template":"","meta":{"_acf_changed":false},"product_brand":[],"product_cat":[153,176,191],"product_tag":[],"class_list":{"0":"post-1531","1":"product","2":"type-product","3":"status-publish","4":"has-post-thumbnail","6":"product_cat-100-mout-de-raisin","7":"product_cat-blanc","8":"product_cat-chardonnay-fr","9":"pa_alcohol-13-3","10":"pa_aroma-boise","11":"pa_aroma-caramelise","12":"pa_aroma-fruite","13":"pa_body-5-tres-corse","14":"pa_price-253","15":"pa_winemaker-addition-chene-fonce","16":"pa_winemaker-addition-chene-leger","17":"pa_winemaker-addition-raisins-secs-blancs","19":"first","20":"instock","21":"shipping-taxable","22":"product-type-simple"},"acf":[],"yoast_head":"<!-- This site is optimized with the Yoast SEO plugin v26.9 - https:\/\/yoast.com\/product\/yoast-seo-wordpress\/ -->\n<title>AllJuice \u00c9dition des Ma\u00eetres Outback Chardonnay | Mosti Mondiale<\/title>\n<meta name=\"description\" content=\"Notre AllJuice \u00c9dition des Ma\u00eetres (23L) Chardonnay Outback est un vin blanc tr\u00e8s cors\u00e9 comprenant du ch\u00eane clair et fonc\u00e9 et des raisins blancs.\" \/>\n<meta name=\"robots\" content=\"index, follow, max-snippet:-1, max-image-preview:large, max-video-preview:-1\" \/>\n<link rel=\"canonical\" href=\"https:\/\/mostimondiale.com\/fr\/produits\/cepage\/chardonnay-fr\/outback-chardonnay\/\" \/>\n<meta property=\"og:locale\" content=\"fr_CA\" \/>\n<meta property=\"og:type\" content=\"article\" \/>\n<meta property=\"og:title\" content=\"AllJuice \u00c9dition des Ma\u00eetres Outback Chardonnay | Mosti Mondiale\" \/>\n<meta property=\"og:description\" content=\"Notre AllJuice \u00c9dition des Ma\u00eetres (23L) Chardonnay Outback est un vin blanc tr\u00e8s cors\u00e9 comprenant du ch\u00eane clair et fonc\u00e9 et des raisins blancs.\" \/>\n<meta property=\"og:url\" content=\"https:\/\/mostimondiale.com\/fr\/produits\/cepage\/chardonnay-fr\/outback-chardonnay\/\" \/>\n<meta property=\"og:site_name\" content=\"Mosti Mondiale\" \/>\n<meta property=\"article:modified_time\" content=\"2020-01-17T20:18:16+00:00\" \/>\n<meta property=\"og:image\" content=\"https:\/\/mostimondiale.com\/wp-content\/uploads\/2019\/04\/ajme-360x360-fr-1.png\" \/>\n\t<meta property=\"og:image:width\" content=\"360\" \/>\n\t<meta property=\"og:image:height\" content=\"360\" \/>\n\t<meta property=\"og:image:type\" content=\"image\/png\" \/>\n<meta name=\"twitter:card\" content=\"summary_large_image\" \/>\n<script type=\"application\/ld+json\" class=\"yoast-schema-graph\">{\"@context\":\"https:\/\/schema.org\",\"@graph\":[{\"@type\":\"WebPage\",\"@id\":\"https:\/\/mostimondiale.com\/fr\/produits\/cepage\/chardonnay-fr\/outback-chardonnay\/\",\"url\":\"https:\/\/mostimondiale.com\/fr\/produits\/cepage\/chardonnay-fr\/outback-chardonnay\/\",\"name\":\"AllJuice \u00c9dition des Ma\u00eetres Outback Chardonnay | Mosti Mondiale\",\"isPartOf\":{\"@id\":\"https:\/\/mostimondiale.com\/#website\"},\"primaryImageOfPage\":{\"@id\":\"https:\/\/mostimondiale.com\/fr\/produits\/cepage\/chardonnay-fr\/outback-chardonnay\/#primaryimage\"},\"image\":{\"@id\":\"https:\/\/mostimondiale.com\/fr\/produits\/cepage\/chardonnay-fr\/outback-chardonnay\/#primaryimage\"},\"thumbnailUrl\":\"https:\/\/mostimondiale.com\/wp-content\/uploads\/2019\/04\/ajme-360x360-fr-1.png\",\"datePublished\":\"2019-04-17T19:21:27+00:00\",\"dateModified\":\"2020-01-17T20:18:16+00:00\",\"description\":\"Notre AllJuice \u00c9dition des Ma\u00eetres (23L) Chardonnay Outback est un vin blanc tr\u00e8s cors\u00e9 comprenant du ch\u00eane clair et fonc\u00e9 et des raisins blancs.\",\"breadcrumb\":{\"@id\":\"https:\/\/mostimondiale.com\/fr\/produits\/cepage\/chardonnay-fr\/outback-chardonnay\/#breadcrumb\"},\"inLanguage\":\"fr-CA\",\"potentialAction\":[{\"@type\":\"ReadAction\",\"target\":[\"https:\/\/mostimondiale.com\/fr\/produits\/cepage\/chardonnay-fr\/outback-chardonnay\/\"]}]},{\"@type\":\"ImageObject\",\"inLanguage\":\"fr-CA\",\"@id\":\"https:\/\/mostimondiale.com\/fr\/produits\/cepage\/chardonnay-fr\/outback-chardonnay\/#primaryimage\",\"url\":\"https:\/\/mostimondiale.com\/wp-content\/uploads\/2019\/04\/ajme-360x360-fr-1.png\",\"contentUrl\":\"https:\/\/mostimondiale.com\/wp-content\/uploads\/2019\/04\/ajme-360x360-fr-1.png\",\"width\":360,\"height\":360},{\"@type\":\"BreadcrumbList\",\"@id\":\"https:\/\/mostimondiale.com\/fr\/produits\/cepage\/chardonnay-fr\/outback-chardonnay\/#breadcrumb\",\"itemListElement\":[{\"@type\":\"ListItem\",\"position\":1,\"name\":\"Accueil\",\"item\":\"https:\/\/mostimondiale.com\/fr\/\"},{\"@type\":\"ListItem\",\"position\":2,\"name\":\"Produits\",\"item\":\"https:\/\/mostimondiale.com\/fr\/produits\/\"},{\"@type\":\"ListItem\",\"position\":3,\"name\":\"Outback Chardonnay\"}]},{\"@type\":\"WebSite\",\"@id\":\"https:\/\/mostimondiale.com\/#website\",\"url\":\"https:\/\/mostimondiale.com\/\",\"name\":\"Mosti Mondiale\",\"description\":\"\",\"potentialAction\":[{\"@type\":\"SearchAction\",\"target\":{\"@type\":\"EntryPoint\",\"urlTemplate\":\"https:\/\/mostimondiale.com\/?s={search_term_string}\"},\"query-input\":{\"@type\":\"PropertyValueSpecification\",\"valueRequired\":true,\"valueName\":\"search_term_string\"}}],\"inLanguage\":\"fr-CA\"}]}<\/script>\n<!-- \/ Yoast SEO plugin. -->","yoast_head_json":{"title":"AllJuice \u00c9dition des Ma\u00eetres Outback Chardonnay | Mosti Mondiale","description":"Notre AllJuice \u00c9dition des Ma\u00eetres (23L) Chardonnay Outback est un vin blanc tr\u00e8s cors\u00e9 comprenant du ch\u00eane clair et fonc\u00e9 et des raisins blancs.","robots":{"index":"index","follow":"follow","max-snippet":"max-snippet:-1","max-image-preview":"max-image-preview:large","max-video-preview":"max-video-preview:-1"},"canonical":"https:\/\/mostimondiale.com\/fr\/produits\/cepage\/chardonnay-fr\/outback-chardonnay\/","og_locale":"fr_CA","og_type":"article","og_title":"AllJuice \u00c9dition des Ma\u00eetres Outback Chardonnay | Mosti Mondiale","og_description":"Notre AllJuice \u00c9dition des Ma\u00eetres (23L) Chardonnay Outback est un vin blanc tr\u00e8s cors\u00e9 comprenant du ch\u00eane clair et fonc\u00e9 et des raisins blancs.","og_url":"https:\/\/mostimondiale.com\/fr\/produits\/cepage\/chardonnay-fr\/outback-chardonnay\/","og_site_name":"Mosti Mondiale","article_modified_time":"2020-01-17T20:18:16+00:00","og_image":[{"width":360,"height":360,"url":"https:\/\/mostimondiale.com\/wp-content\/uploads\/2019\/04\/ajme-360x360-fr-1.png","type":"image\/png"}],"twitter_card":"summary_large_image","schema":{"@context":"https:\/\/schema.org","@graph":[{"@type":"WebPage","@id":"https:\/\/mostimondiale.com\/fr\/produits\/cepage\/chardonnay-fr\/outback-chardonnay\/","url":"https:\/\/mostimondiale.com\/fr\/produits\/cepage\/chardonnay-fr\/outback-chardonnay\/","name":"AllJuice \u00c9dition des Ma\u00eetres Outback Chardonnay | Mosti Mondiale","isPartOf":{"@id":"https:\/\/mostimondiale.com\/#website"},"primaryImageOfPage":{"@id":"https:\/\/mostimondiale.com\/fr\/produits\/cepage\/chardonnay-fr\/outback-chardonnay\/#primaryimage"},"image":{"@id":"https:\/\/mostimondiale.com\/fr\/produits\/cepage\/chardonnay-fr\/outback-chardonnay\/#primaryimage"},"thumbnailUrl":"https:\/\/mostimondiale.com\/wp-content\/uploads\/2019\/04\/ajme-360x360-fr-1.png","datePublished":"2019-04-17T19:21:27+00:00","dateModified":"2020-01-17T20:18:16+00:00","description":"Notre AllJuice \u00c9dition des Ma\u00eetres (23L) Chardonnay Outback est un vin blanc tr\u00e8s cors\u00e9 comprenant du ch\u00eane clair et fonc\u00e9 et des raisins blancs.","breadcrumb":{"@id":"https:\/\/mostimondiale.com\/fr\/produits\/cepage\/chardonnay-fr\/outback-chardonnay\/#breadcrumb"},"inLanguage":"fr-CA","potentialAction":[{"@type":"ReadAction","target":["https:\/\/mostimondiale.com\/fr\/produits\/cepage\/chardonnay-fr\/outback-chardonnay\/"]}]},{"@type":"ImageObject","inLanguage":"fr-CA","@id":"https:\/\/mostimondiale.com\/fr\/produits\/cepage\/chardonnay-fr\/outback-chardonnay\/#primaryimage","url":"https:\/\/mostimondiale.com\/wp-content\/uploads\/2019\/04\/ajme-360x360-fr-1.png","contentUrl":"https:\/\/mostimondiale.com\/wp-content\/uploads\/2019\/04\/ajme-360x360-fr-1.png","width":360,"height":360},{"@type":"BreadcrumbList","@id":"https:\/\/mostimondiale.com\/fr\/produits\/cepage\/chardonnay-fr\/outback-chardonnay\/#breadcrumb","itemListElement":[{"@type":"ListItem","position":1,"name":"Accueil","item":"https:\/\/mostimondiale.com\/fr\/"},{"@type":"ListItem","position":2,"name":"Produits","item":"https:\/\/mostimondiale.com\/fr\/produits\/"},{"@type":"ListItem","position":3,"name":"Outback Chardonnay"}]},{"@type":"WebSite","@id":"https:\/\/mostimondiale.com\/#website","url":"https:\/\/mostimondiale.com\/","name":"Mosti Mondiale","description":"","potentialAction":[{"@type":"SearchAction","target":{"@type":"EntryPoint","urlTemplate":"https:\/\/mostimondiale.com\/?s={search_term_string}"},"query-input":{"@type":"PropertyValueSpecification","valueRequired":true,"valueName":"search_term_string"}}],"inLanguage":"fr-CA"}]}},"_links":{"self":[{"href":"https:\/\/mostimondiale.com\/fr\/wp-json\/wp\/v2\/product\/1531","targetHints":{"allow":["GET"]}}],"collection":[{"href":"https:\/\/mostimondiale.com\/fr\/wp-json\/wp\/v2\/product"}],"about":[{"href":"https:\/\/mostimondiale.com\/fr\/wp-json\/wp\/v2\/types\/product"}],"wp:featuredmedia":[{"embeddable":true,"href":"https:\/\/mostimondiale.com\/fr\/wp-json\/wp\/v2\/media\/1518"}],"wp:attachment":[{"href":"https:\/\/mostimondiale.com\/fr\/wp-json\/wp\/v2\/media?parent=1531"}],"wp:term":[{"taxonomy":"product_brand","embeddable":true,"href":"https:\/\/mostimondiale.com\/fr\/wp-json\/wp\/v2\/product_brand?post=1531"},{"taxonomy":"product_cat","embeddable":true,"href":"https:\/\/mostimondiale.com\/fr\/wp-json\/wp\/v2\/product_cat?post=1531"},{"taxonomy":"product_tag","embeddable":true,"href":"https:\/\/mostimondiale.com\/fr\/wp-json\/wp\/v2\/product_tag?post=1531"}],"curies":[{"name":"wp","href":"https:\/\/api.w.org\/{rel}","templated":true}]}}