{"id":1529,"date":"2019-04-17T15:14:37","date_gmt":"2019-04-17T19:14:37","guid":{"rendered":"https:\/\/mostimondiale.com\/?post_type=product&#038;p=1529"},"modified":"2020-01-31T11:02:49","modified_gmt":"2020-01-31T16:02:49","slug":"carmenere-2","status":"publish","type":"product","link":"https:\/\/mostimondiale.com\/fr\/produits\/cepage\/carmenere-fr\/carmenere-2\/","title":{"rendered":"Carm\u00e9n\u00e8re Mondiale"},"content":{"rendered":"","protected":false},"excerpt":{"rendered":"<p>Un important c\u00e9page de l\u2019industrie vinicole du Chili, le Carmenere a \u00e9galement \u00e9t\u00e9 popularis\u00e9 dans d\u2019autres r\u00e9gions du monde, probablement en raison de ses caract\u00e9ristiques appr\u00e9ciables. Un vin tannique et fonc\u00e9 pr\u00e9sentant des touches rappelant les plaisirs coupables\u00a0de la vie\u2005:\u2005chocolat noir et cacao, tabac \u00e0 cigare, et expresso riche et cr\u00e9meux. Vous pouvez tout vivre\u00a0en laissant ce vin vieillir un peu.<\/p>\n","protected":false},"featured_media":1518,"template":"","meta":{"_acf_changed":false},"product_brand":[],"product_cat":[153,188,173],"product_tag":[],"class_list":{"0":"post-1529","1":"product","2":"type-product","3":"status-publish","4":"has-post-thumbnail","6":"product_cat-100-mout-de-raisin","7":"product_cat-carmenere-fr","8":"product_cat-rouge","9":"pa_alcohol-13-3","10":"pa_aroma-boise","11":"pa_aroma-caramelise","12":"pa_aroma-herbace","13":"pa_body-4-corse","14":"pa_price-253","15":"pa_winemaker-addition-chene-leger","17":"first","18":"instock","19":"shipping-taxable","20":"product-type-simple"},"acf":[],"yoast_head":"<!-- This site is optimized with the Yoast SEO plugin v26.9 - https:\/\/yoast.com\/product\/yoast-seo-wordpress\/ -->\n<title>AllJuice \u00c9dition des Ma\u00eetres Carm\u00e9n\u00e8re Mondiale | Mosti Mondiale<\/title>\n<meta name=\"description\" content=\"Notre AllJuice \u00c9dition des Ma\u00eetres (23L) Carm\u00e9n\u00e8re est un vin rouge cors\u00e9 comprenant du ch\u00eane clair. Notes de chocolat noir et cacao et tabac a cigars.\" \/>\n<meta name=\"robots\" content=\"index, follow, max-snippet:-1, max-image-preview:large, max-video-preview:-1\" \/>\n<link rel=\"canonical\" href=\"https:\/\/mostimondiale.com\/fr\/produits\/cepage\/carmenere-fr\/carmenere-2\/\" \/>\n<meta property=\"og:locale\" content=\"fr_CA\" \/>\n<meta property=\"og:type\" content=\"article\" \/>\n<meta property=\"og:title\" content=\"AllJuice \u00c9dition des Ma\u00eetres Carm\u00e9n\u00e8re Mondiale | Mosti Mondiale\" \/>\n<meta property=\"og:description\" content=\"Notre AllJuice \u00c9dition des Ma\u00eetres (23L) Carm\u00e9n\u00e8re est un vin rouge cors\u00e9 comprenant du ch\u00eane clair. Notes de chocolat noir et cacao et tabac a cigars.\" \/>\n<meta property=\"og:url\" content=\"https:\/\/mostimondiale.com\/fr\/produits\/cepage\/carmenere-fr\/carmenere-2\/\" \/>\n<meta property=\"og:site_name\" content=\"Mosti Mondiale\" \/>\n<meta property=\"article:modified_time\" content=\"2020-01-31T16:02:49+00:00\" \/>\n<meta property=\"og:image\" content=\"https:\/\/mostimondiale.com\/wp-content\/uploads\/2019\/04\/ajme-360x360-fr-1.png\" \/>\n\t<meta property=\"og:image:width\" content=\"360\" \/>\n\t<meta property=\"og:image:height\" content=\"360\" \/>\n\t<meta property=\"og:image:type\" content=\"image\/png\" \/>\n<meta name=\"twitter:card\" content=\"summary_large_image\" \/>\n<script type=\"application\/ld+json\" class=\"yoast-schema-graph\">{\"@context\":\"https:\/\/schema.org\",\"@graph\":[{\"@type\":\"WebPage\",\"@id\":\"https:\/\/mostimondiale.com\/fr\/produits\/cepage\/carmenere-fr\/carmenere-2\/\",\"url\":\"https:\/\/mostimondiale.com\/fr\/produits\/cepage\/carmenere-fr\/carmenere-2\/\",\"name\":\"AllJuice \u00c9dition des Ma\u00eetres Carm\u00e9n\u00e8re Mondiale | Mosti Mondiale\",\"isPartOf\":{\"@id\":\"https:\/\/mostimondiale.com\/#website\"},\"primaryImageOfPage\":{\"@id\":\"https:\/\/mostimondiale.com\/fr\/produits\/cepage\/carmenere-fr\/carmenere-2\/#primaryimage\"},\"image\":{\"@id\":\"https:\/\/mostimondiale.com\/fr\/produits\/cepage\/carmenere-fr\/carmenere-2\/#primaryimage\"},\"thumbnailUrl\":\"https:\/\/mostimondiale.com\/wp-content\/uploads\/2019\/04\/ajme-360x360-fr-1.png\",\"datePublished\":\"2019-04-17T19:14:37+00:00\",\"dateModified\":\"2020-01-31T16:02:49+00:00\",\"description\":\"Notre AllJuice \u00c9dition des Ma\u00eetres (23L) Carm\u00e9n\u00e8re est un vin rouge cors\u00e9 comprenant du ch\u00eane clair. Notes de chocolat noir et cacao et tabac a cigars.\",\"breadcrumb\":{\"@id\":\"https:\/\/mostimondiale.com\/fr\/produits\/cepage\/carmenere-fr\/carmenere-2\/#breadcrumb\"},\"inLanguage\":\"fr-CA\",\"potentialAction\":[{\"@type\":\"ReadAction\",\"target\":[\"https:\/\/mostimondiale.com\/fr\/produits\/cepage\/carmenere-fr\/carmenere-2\/\"]}]},{\"@type\":\"ImageObject\",\"inLanguage\":\"fr-CA\",\"@id\":\"https:\/\/mostimondiale.com\/fr\/produits\/cepage\/carmenere-fr\/carmenere-2\/#primaryimage\",\"url\":\"https:\/\/mostimondiale.com\/wp-content\/uploads\/2019\/04\/ajme-360x360-fr-1.png\",\"contentUrl\":\"https:\/\/mostimondiale.com\/wp-content\/uploads\/2019\/04\/ajme-360x360-fr-1.png\",\"width\":360,\"height\":360},{\"@type\":\"BreadcrumbList\",\"@id\":\"https:\/\/mostimondiale.com\/fr\/produits\/cepage\/carmenere-fr\/carmenere-2\/#breadcrumb\",\"itemListElement\":[{\"@type\":\"ListItem\",\"position\":1,\"name\":\"Accueil\",\"item\":\"https:\/\/mostimondiale.com\/fr\/\"},{\"@type\":\"ListItem\",\"position\":2,\"name\":\"Produits\",\"item\":\"https:\/\/mostimondiale.com\/fr\/produits\/\"},{\"@type\":\"ListItem\",\"position\":3,\"name\":\"Carm\u00e9n\u00e8re Mondiale\"}]},{\"@type\":\"WebSite\",\"@id\":\"https:\/\/mostimondiale.com\/#website\",\"url\":\"https:\/\/mostimondiale.com\/\",\"name\":\"Mosti Mondiale\",\"description\":\"\",\"potentialAction\":[{\"@type\":\"SearchAction\",\"target\":{\"@type\":\"EntryPoint\",\"urlTemplate\":\"https:\/\/mostimondiale.com\/?s={search_term_string}\"},\"query-input\":{\"@type\":\"PropertyValueSpecification\",\"valueRequired\":true,\"valueName\":\"search_term_string\"}}],\"inLanguage\":\"fr-CA\"}]}<\/script>\n<!-- \/ Yoast SEO plugin. -->","yoast_head_json":{"title":"AllJuice \u00c9dition des Ma\u00eetres Carm\u00e9n\u00e8re Mondiale | Mosti Mondiale","description":"Notre AllJuice \u00c9dition des Ma\u00eetres (23L) Carm\u00e9n\u00e8re est un vin rouge cors\u00e9 comprenant du ch\u00eane clair. Notes de chocolat noir et cacao et tabac a cigars.","robots":{"index":"index","follow":"follow","max-snippet":"max-snippet:-1","max-image-preview":"max-image-preview:large","max-video-preview":"max-video-preview:-1"},"canonical":"https:\/\/mostimondiale.com\/fr\/produits\/cepage\/carmenere-fr\/carmenere-2\/","og_locale":"fr_CA","og_type":"article","og_title":"AllJuice \u00c9dition des Ma\u00eetres Carm\u00e9n\u00e8re Mondiale | Mosti Mondiale","og_description":"Notre AllJuice \u00c9dition des Ma\u00eetres (23L) Carm\u00e9n\u00e8re est un vin rouge cors\u00e9 comprenant du ch\u00eane clair. Notes de chocolat noir et cacao et tabac a cigars.","og_url":"https:\/\/mostimondiale.com\/fr\/produits\/cepage\/carmenere-fr\/carmenere-2\/","og_site_name":"Mosti Mondiale","article_modified_time":"2020-01-31T16:02:49+00:00","og_image":[{"width":360,"height":360,"url":"https:\/\/mostimondiale.com\/wp-content\/uploads\/2019\/04\/ajme-360x360-fr-1.png","type":"image\/png"}],"twitter_card":"summary_large_image","schema":{"@context":"https:\/\/schema.org","@graph":[{"@type":"WebPage","@id":"https:\/\/mostimondiale.com\/fr\/produits\/cepage\/carmenere-fr\/carmenere-2\/","url":"https:\/\/mostimondiale.com\/fr\/produits\/cepage\/carmenere-fr\/carmenere-2\/","name":"AllJuice \u00c9dition des Ma\u00eetres Carm\u00e9n\u00e8re Mondiale | Mosti Mondiale","isPartOf":{"@id":"https:\/\/mostimondiale.com\/#website"},"primaryImageOfPage":{"@id":"https:\/\/mostimondiale.com\/fr\/produits\/cepage\/carmenere-fr\/carmenere-2\/#primaryimage"},"image":{"@id":"https:\/\/mostimondiale.com\/fr\/produits\/cepage\/carmenere-fr\/carmenere-2\/#primaryimage"},"thumbnailUrl":"https:\/\/mostimondiale.com\/wp-content\/uploads\/2019\/04\/ajme-360x360-fr-1.png","datePublished":"2019-04-17T19:14:37+00:00","dateModified":"2020-01-31T16:02:49+00:00","description":"Notre AllJuice \u00c9dition des Ma\u00eetres (23L) Carm\u00e9n\u00e8re est un vin rouge cors\u00e9 comprenant du ch\u00eane clair. Notes de chocolat noir et cacao et tabac a cigars.","breadcrumb":{"@id":"https:\/\/mostimondiale.com\/fr\/produits\/cepage\/carmenere-fr\/carmenere-2\/#breadcrumb"},"inLanguage":"fr-CA","potentialAction":[{"@type":"ReadAction","target":["https:\/\/mostimondiale.com\/fr\/produits\/cepage\/carmenere-fr\/carmenere-2\/"]}]},{"@type":"ImageObject","inLanguage":"fr-CA","@id":"https:\/\/mostimondiale.com\/fr\/produits\/cepage\/carmenere-fr\/carmenere-2\/#primaryimage","url":"https:\/\/mostimondiale.com\/wp-content\/uploads\/2019\/04\/ajme-360x360-fr-1.png","contentUrl":"https:\/\/mostimondiale.com\/wp-content\/uploads\/2019\/04\/ajme-360x360-fr-1.png","width":360,"height":360},{"@type":"BreadcrumbList","@id":"https:\/\/mostimondiale.com\/fr\/produits\/cepage\/carmenere-fr\/carmenere-2\/#breadcrumb","itemListElement":[{"@type":"ListItem","position":1,"name":"Accueil","item":"https:\/\/mostimondiale.com\/fr\/"},{"@type":"ListItem","position":2,"name":"Produits","item":"https:\/\/mostimondiale.com\/fr\/produits\/"},{"@type":"ListItem","position":3,"name":"Carm\u00e9n\u00e8re Mondiale"}]},{"@type":"WebSite","@id":"https:\/\/mostimondiale.com\/#website","url":"https:\/\/mostimondiale.com\/","name":"Mosti Mondiale","description":"","potentialAction":[{"@type":"SearchAction","target":{"@type":"EntryPoint","urlTemplate":"https:\/\/mostimondiale.com\/?s={search_term_string}"},"query-input":{"@type":"PropertyValueSpecification","valueRequired":true,"valueName":"search_term_string"}}],"inLanguage":"fr-CA"}]}},"_links":{"self":[{"href":"https:\/\/mostimondiale.com\/fr\/wp-json\/wp\/v2\/product\/1529","targetHints":{"allow":["GET"]}}],"collection":[{"href":"https:\/\/mostimondiale.com\/fr\/wp-json\/wp\/v2\/product"}],"about":[{"href":"https:\/\/mostimondiale.com\/fr\/wp-json\/wp\/v2\/types\/product"}],"wp:featuredmedia":[{"embeddable":true,"href":"https:\/\/mostimondiale.com\/fr\/wp-json\/wp\/v2\/media\/1518"}],"wp:attachment":[{"href":"https:\/\/mostimondiale.com\/fr\/wp-json\/wp\/v2\/media?parent=1529"}],"wp:term":[{"taxonomy":"product_brand","embeddable":true,"href":"https:\/\/mostimondiale.com\/fr\/wp-json\/wp\/v2\/product_brand?post=1529"},{"taxonomy":"product_cat","embeddable":true,"href":"https:\/\/mostimondiale.com\/fr\/wp-json\/wp\/v2\/product_cat?post=1529"},{"taxonomy":"product_tag","embeddable":true,"href":"https:\/\/mostimondiale.com\/fr\/wp-json\/wp\/v2\/product_tag?post=1529"}],"curies":[{"name":"wp","href":"https:\/\/api.w.org\/{rel}","templated":true}]}}