{"id":1527,"date":"2019-04-17T15:11:16","date_gmt":"2019-04-17T19:11:15","guid":{"rendered":"https:\/\/mostimondiale.com\/?post_type=product&#038;p=1527"},"modified":"2020-01-31T11:00:44","modified_gmt":"2020-01-31T16:00:44","slug":"amorosso-5","status":"publish","type":"product","link":"https:\/\/mostimondiale.com\/fr\/produits\/cepage\/amorosso-fr\/amorosso-5\/","title":{"rendered":"Amorosso"},"content":{"rendered":"","protected":false},"excerpt":{"rendered":"<p>Originaire d\u2019Italie, il s\u2019agit d\u2019un vin rouge fonc\u00e9 robuste avec de lourds tanins et beaucoup de complexit\u00e9s. Certainement pas pour les c\u0153urs fragiles ou les amateurs\u00a0de vins l\u00e9gers \u2013 Plaisir des amateurs de p\u00e2tes et de viande\u2005! Le nom est une contraction signifiant \u00ab\u2005amour du rouge\u2005\u00bb et cet amorosso se consacre \u00e0 tenir cette promesse en r\u00e9chauffant l\u2019\u00e2me et en satisfaisant le palais des connaisseurs qui affirment \u00eatre de vrais \u00ab\u2005passionn\u00e9s de vin rouge\u2005\u00bb.<\/p>\n","protected":false},"featured_media":1518,"template":"","meta":{"_acf_changed":false},"product_brand":[],"product_cat":[153,180,173],"product_tag":[],"class_list":{"0":"post-1527","1":"product","2":"type-product","3":"status-publish","4":"has-post-thumbnail","6":"product_cat-100-mout-de-raisin","7":"product_cat-amorosso-fr","8":"product_cat-rouge","9":"pa_alcohol-13-7","10":"pa_aroma-epice","11":"pa_aroma-fruite","12":"pa_body-5-tres-corse","13":"pa_price-253","14":"pa_winemaker-addition-chene-fonce","15":"pa_winemaker-addition-chene-leger","16":"pa_winemaker-addition-raisins-secs-rouges","18":"first","19":"instock","20":"shipping-taxable","21":"product-type-simple"},"acf":[],"yoast_head":"<!-- This site is optimized with the Yoast SEO plugin v26.9 - https:\/\/yoast.com\/product\/yoast-seo-wordpress\/ -->\n<title>AllJuice \u00c9dition des Ma\u00eetres Amorosso \u2022 Vinification | Mosti Mondiale<\/title>\n<meta name=\"description\" content=\"Notre AllJuice \u00c9dition des Ma\u00eetres (23L) Amorosso est un vin rouge tr\u00e8s cors\u00e9 comprenant du ch\u00eane clair et des raisins rouges.\" \/>\n<meta name=\"robots\" content=\"index, follow, max-snippet:-1, max-image-preview:large, max-video-preview:-1\" \/>\n<link rel=\"canonical\" href=\"https:\/\/mostimondiale.com\/fr\/produits\/cepage\/amorosso-fr\/amorosso-5\/\" \/>\n<meta property=\"og:locale\" content=\"fr_CA\" \/>\n<meta property=\"og:type\" content=\"article\" \/>\n<meta property=\"og:title\" content=\"AllJuice \u00c9dition des Ma\u00eetres Amorosso \u2022 Vinification | Mosti Mondiale\" \/>\n<meta property=\"og:description\" content=\"Notre AllJuice \u00c9dition des Ma\u00eetres (23L) Amorosso est un vin rouge tr\u00e8s cors\u00e9 comprenant du ch\u00eane clair et des raisins rouges.\" \/>\n<meta property=\"og:url\" content=\"https:\/\/mostimondiale.com\/fr\/produits\/cepage\/amorosso-fr\/amorosso-5\/\" \/>\n<meta property=\"og:site_name\" content=\"Mosti Mondiale\" \/>\n<meta property=\"article:modified_time\" content=\"2020-01-31T16:00:44+00:00\" \/>\n<meta property=\"og:image\" content=\"https:\/\/mostimondiale.com\/wp-content\/uploads\/2019\/04\/ajme-360x360-fr-1.png\" \/>\n\t<meta property=\"og:image:width\" content=\"360\" \/>\n\t<meta property=\"og:image:height\" content=\"360\" \/>\n\t<meta property=\"og:image:type\" content=\"image\/png\" \/>\n<meta name=\"twitter:card\" content=\"summary_large_image\" \/>\n<script type=\"application\/ld+json\" class=\"yoast-schema-graph\">{\"@context\":\"https:\/\/schema.org\",\"@graph\":[{\"@type\":\"WebPage\",\"@id\":\"https:\/\/mostimondiale.com\/fr\/produits\/cepage\/amorosso-fr\/amorosso-5\/\",\"url\":\"https:\/\/mostimondiale.com\/fr\/produits\/cepage\/amorosso-fr\/amorosso-5\/\",\"name\":\"AllJuice \u00c9dition des Ma\u00eetres Amorosso \u2022 Vinification | Mosti Mondiale\",\"isPartOf\":{\"@id\":\"https:\/\/mostimondiale.com\/#website\"},\"primaryImageOfPage\":{\"@id\":\"https:\/\/mostimondiale.com\/fr\/produits\/cepage\/amorosso-fr\/amorosso-5\/#primaryimage\"},\"image\":{\"@id\":\"https:\/\/mostimondiale.com\/fr\/produits\/cepage\/amorosso-fr\/amorosso-5\/#primaryimage\"},\"thumbnailUrl\":\"https:\/\/mostimondiale.com\/wp-content\/uploads\/2019\/04\/ajme-360x360-fr-1.png\",\"datePublished\":\"2019-04-17T19:11:15+00:00\",\"dateModified\":\"2020-01-31T16:00:44+00:00\",\"description\":\"Notre AllJuice \u00c9dition des Ma\u00eetres (23L) Amorosso est un vin rouge tr\u00e8s cors\u00e9 comprenant du ch\u00eane clair et des raisins rouges.\",\"breadcrumb\":{\"@id\":\"https:\/\/mostimondiale.com\/fr\/produits\/cepage\/amorosso-fr\/amorosso-5\/#breadcrumb\"},\"inLanguage\":\"fr-CA\",\"potentialAction\":[{\"@type\":\"ReadAction\",\"target\":[\"https:\/\/mostimondiale.com\/fr\/produits\/cepage\/amorosso-fr\/amorosso-5\/\"]}]},{\"@type\":\"ImageObject\",\"inLanguage\":\"fr-CA\",\"@id\":\"https:\/\/mostimondiale.com\/fr\/produits\/cepage\/amorosso-fr\/amorosso-5\/#primaryimage\",\"url\":\"https:\/\/mostimondiale.com\/wp-content\/uploads\/2019\/04\/ajme-360x360-fr-1.png\",\"contentUrl\":\"https:\/\/mostimondiale.com\/wp-content\/uploads\/2019\/04\/ajme-360x360-fr-1.png\",\"width\":360,\"height\":360},{\"@type\":\"BreadcrumbList\",\"@id\":\"https:\/\/mostimondiale.com\/fr\/produits\/cepage\/amorosso-fr\/amorosso-5\/#breadcrumb\",\"itemListElement\":[{\"@type\":\"ListItem\",\"position\":1,\"name\":\"Accueil\",\"item\":\"https:\/\/mostimondiale.com\/fr\/\"},{\"@type\":\"ListItem\",\"position\":2,\"name\":\"Produits\",\"item\":\"https:\/\/mostimondiale.com\/fr\/produits\/\"},{\"@type\":\"ListItem\",\"position\":3,\"name\":\"Amorosso\"}]},{\"@type\":\"WebSite\",\"@id\":\"https:\/\/mostimondiale.com\/#website\",\"url\":\"https:\/\/mostimondiale.com\/\",\"name\":\"Mosti Mondiale\",\"description\":\"\",\"potentialAction\":[{\"@type\":\"SearchAction\",\"target\":{\"@type\":\"EntryPoint\",\"urlTemplate\":\"https:\/\/mostimondiale.com\/?s={search_term_string}\"},\"query-input\":{\"@type\":\"PropertyValueSpecification\",\"valueRequired\":true,\"valueName\":\"search_term_string\"}}],\"inLanguage\":\"fr-CA\"}]}<\/script>\n<!-- \/ Yoast SEO plugin. -->","yoast_head_json":{"title":"AllJuice \u00c9dition des Ma\u00eetres Amorosso \u2022 Vinification | Mosti Mondiale","description":"Notre AllJuice \u00c9dition des Ma\u00eetres (23L) Amorosso est un vin rouge tr\u00e8s cors\u00e9 comprenant du ch\u00eane clair et des raisins rouges.","robots":{"index":"index","follow":"follow","max-snippet":"max-snippet:-1","max-image-preview":"max-image-preview:large","max-video-preview":"max-video-preview:-1"},"canonical":"https:\/\/mostimondiale.com\/fr\/produits\/cepage\/amorosso-fr\/amorosso-5\/","og_locale":"fr_CA","og_type":"article","og_title":"AllJuice \u00c9dition des Ma\u00eetres Amorosso \u2022 Vinification | Mosti Mondiale","og_description":"Notre AllJuice \u00c9dition des Ma\u00eetres (23L) Amorosso est un vin rouge tr\u00e8s cors\u00e9 comprenant du ch\u00eane clair et des raisins rouges.","og_url":"https:\/\/mostimondiale.com\/fr\/produits\/cepage\/amorosso-fr\/amorosso-5\/","og_site_name":"Mosti Mondiale","article_modified_time":"2020-01-31T16:00:44+00:00","og_image":[{"width":360,"height":360,"url":"https:\/\/mostimondiale.com\/wp-content\/uploads\/2019\/04\/ajme-360x360-fr-1.png","type":"image\/png"}],"twitter_card":"summary_large_image","schema":{"@context":"https:\/\/schema.org","@graph":[{"@type":"WebPage","@id":"https:\/\/mostimondiale.com\/fr\/produits\/cepage\/amorosso-fr\/amorosso-5\/","url":"https:\/\/mostimondiale.com\/fr\/produits\/cepage\/amorosso-fr\/amorosso-5\/","name":"AllJuice \u00c9dition des Ma\u00eetres Amorosso \u2022 Vinification | Mosti Mondiale","isPartOf":{"@id":"https:\/\/mostimondiale.com\/#website"},"primaryImageOfPage":{"@id":"https:\/\/mostimondiale.com\/fr\/produits\/cepage\/amorosso-fr\/amorosso-5\/#primaryimage"},"image":{"@id":"https:\/\/mostimondiale.com\/fr\/produits\/cepage\/amorosso-fr\/amorosso-5\/#primaryimage"},"thumbnailUrl":"https:\/\/mostimondiale.com\/wp-content\/uploads\/2019\/04\/ajme-360x360-fr-1.png","datePublished":"2019-04-17T19:11:15+00:00","dateModified":"2020-01-31T16:00:44+00:00","description":"Notre AllJuice \u00c9dition des Ma\u00eetres (23L) Amorosso est un vin rouge tr\u00e8s cors\u00e9 comprenant du ch\u00eane clair et des raisins rouges.","breadcrumb":{"@id":"https:\/\/mostimondiale.com\/fr\/produits\/cepage\/amorosso-fr\/amorosso-5\/#breadcrumb"},"inLanguage":"fr-CA","potentialAction":[{"@type":"ReadAction","target":["https:\/\/mostimondiale.com\/fr\/produits\/cepage\/amorosso-fr\/amorosso-5\/"]}]},{"@type":"ImageObject","inLanguage":"fr-CA","@id":"https:\/\/mostimondiale.com\/fr\/produits\/cepage\/amorosso-fr\/amorosso-5\/#primaryimage","url":"https:\/\/mostimondiale.com\/wp-content\/uploads\/2019\/04\/ajme-360x360-fr-1.png","contentUrl":"https:\/\/mostimondiale.com\/wp-content\/uploads\/2019\/04\/ajme-360x360-fr-1.png","width":360,"height":360},{"@type":"BreadcrumbList","@id":"https:\/\/mostimondiale.com\/fr\/produits\/cepage\/amorosso-fr\/amorosso-5\/#breadcrumb","itemListElement":[{"@type":"ListItem","position":1,"name":"Accueil","item":"https:\/\/mostimondiale.com\/fr\/"},{"@type":"ListItem","position":2,"name":"Produits","item":"https:\/\/mostimondiale.com\/fr\/produits\/"},{"@type":"ListItem","position":3,"name":"Amorosso"}]},{"@type":"WebSite","@id":"https:\/\/mostimondiale.com\/#website","url":"https:\/\/mostimondiale.com\/","name":"Mosti Mondiale","description":"","potentialAction":[{"@type":"SearchAction","target":{"@type":"EntryPoint","urlTemplate":"https:\/\/mostimondiale.com\/?s={search_term_string}"},"query-input":{"@type":"PropertyValueSpecification","valueRequired":true,"valueName":"search_term_string"}}],"inLanguage":"fr-CA"}]}},"_links":{"self":[{"href":"https:\/\/mostimondiale.com\/fr\/wp-json\/wp\/v2\/product\/1527","targetHints":{"allow":["GET"]}}],"collection":[{"href":"https:\/\/mostimondiale.com\/fr\/wp-json\/wp\/v2\/product"}],"about":[{"href":"https:\/\/mostimondiale.com\/fr\/wp-json\/wp\/v2\/types\/product"}],"wp:featuredmedia":[{"embeddable":true,"href":"https:\/\/mostimondiale.com\/fr\/wp-json\/wp\/v2\/media\/1518"}],"wp:attachment":[{"href":"https:\/\/mostimondiale.com\/fr\/wp-json\/wp\/v2\/media?parent=1527"}],"wp:term":[{"taxonomy":"product_brand","embeddable":true,"href":"https:\/\/mostimondiale.com\/fr\/wp-json\/wp\/v2\/product_brand?post=1527"},{"taxonomy":"product_cat","embeddable":true,"href":"https:\/\/mostimondiale.com\/fr\/wp-json\/wp\/v2\/product_cat?post=1527"},{"taxonomy":"product_tag","embeddable":true,"href":"https:\/\/mostimondiale.com\/fr\/wp-json\/wp\/v2\/product_tag?post=1527"}],"curies":[{"name":"wp","href":"https:\/\/api.w.org\/{rel}","templated":true}]}}