{"id":1526,"date":"2019-04-17T13:50:44","date_gmt":"2019-04-17T17:50:45","guid":{"rendered":"https:\/\/mostimondiale.com\/?post_type=product&#038;p=1526"},"modified":"2020-01-31T11:03:41","modified_gmt":"2020-01-31T16:03:41","slug":"granbarile","status":"publish","type":"product","link":"https:\/\/mostimondiale.com\/fr\/produits\/cepage\/granbarile-fr\/granbarile\/","title":{"rendered":"Granbarile"},"content":{"rendered":"","protected":false},"excerpt":{"rendered":"<p>Le vin des Rois, le Roi des vins. Ce vin \u00e9voque la\u00a0l\u00e9gende et la fascination avec sa robe brillante de couleur\u00a0rouge grenat et ses reflets rubis. Le bouquet est \u00e0 la fois plaisant et intense gr\u00e2ce \u00e0 sa note aromatique de violettes et d\u2019origan. Velout\u00e9 en bouche et d\u2019une acidit\u00e9 franche, ses tanins fermes mais bien int\u00e9gr\u00e9s donnent une bonne longueur sur le palais. C\u2019est un vin qui exhale la gloire, la noblesse et la puissance, des caract\u00e9ristiques que tous les autres vins r\u00eavent d\u2019avoir.<\/p>\n","protected":false},"featured_media":1518,"template":"","meta":{"_acf_changed":false},"product_brand":[],"product_cat":[153,195,173],"product_tag":[],"class_list":{"0":"post-1526","1":"product","2":"type-product","3":"status-publish","4":"has-post-thumbnail","6":"product_cat-100-mout-de-raisin","7":"product_cat-granbarile-fr","8":"product_cat-rouge","9":"pa_alcohol-13-3","10":"pa_aroma-floral-fr","11":"pa_aroma-herbace","12":"pa_body-5-tres-corse","13":"pa_price-253","14":"pa_winemaker-addition-chene-fonce","15":"pa_winemaker-addition-chene-leger","16":"pa_winemaker-addition-raisins-secs-rouges","18":"first","19":"instock","20":"shipping-taxable","21":"product-type-simple"},"acf":[],"yoast_head":"<!-- This site is optimized with the Yoast SEO plugin v26.9 - https:\/\/yoast.com\/product\/yoast-seo-wordpress\/ -->\n<title>AllJuice \u00c9dition des Ma\u00eetres Granbarile \u2022 Vinification | Mosti Mondiale<\/title>\n<meta name=\"description\" content=\"Notre AllJuice \u00c9dition des Ma\u00eetres (23L) Granbarile est un vin rouge tr\u00e8s cors\u00e9 comprenant du ch\u00eane clair et fonc\u00e9 et des raisins rouges.\" \/>\n<meta name=\"robots\" content=\"index, follow, max-snippet:-1, max-image-preview:large, max-video-preview:-1\" \/>\n<link rel=\"canonical\" href=\"https:\/\/mostimondiale.com\/fr\/produits\/cepage\/granbarile-fr\/granbarile\/\" \/>\n<meta property=\"og:locale\" content=\"fr_CA\" \/>\n<meta property=\"og:type\" content=\"article\" \/>\n<meta property=\"og:title\" content=\"AllJuice \u00c9dition des Ma\u00eetres Granbarile \u2022 Vinification | Mosti Mondiale\" \/>\n<meta property=\"og:description\" content=\"Notre AllJuice \u00c9dition des Ma\u00eetres (23L) Granbarile est un vin rouge tr\u00e8s cors\u00e9 comprenant du ch\u00eane clair et fonc\u00e9 et des raisins rouges.\" \/>\n<meta property=\"og:url\" content=\"https:\/\/mostimondiale.com\/fr\/produits\/cepage\/granbarile-fr\/granbarile\/\" \/>\n<meta property=\"og:site_name\" content=\"Mosti Mondiale\" \/>\n<meta property=\"article:modified_time\" content=\"2020-01-31T16:03:41+00:00\" \/>\n<meta property=\"og:image\" content=\"https:\/\/mostimondiale.com\/wp-content\/uploads\/2019\/04\/ajme-360x360-fr-1.png\" \/>\n\t<meta property=\"og:image:width\" content=\"360\" \/>\n\t<meta property=\"og:image:height\" content=\"360\" \/>\n\t<meta property=\"og:image:type\" content=\"image\/png\" \/>\n<meta name=\"twitter:card\" content=\"summary_large_image\" \/>\n<script type=\"application\/ld+json\" class=\"yoast-schema-graph\">{\"@context\":\"https:\/\/schema.org\",\"@graph\":[{\"@type\":\"WebPage\",\"@id\":\"https:\/\/mostimondiale.com\/fr\/produits\/cepage\/granbarile-fr\/granbarile\/\",\"url\":\"https:\/\/mostimondiale.com\/fr\/produits\/cepage\/granbarile-fr\/granbarile\/\",\"name\":\"AllJuice \u00c9dition des Ma\u00eetres Granbarile \u2022 Vinification | Mosti Mondiale\",\"isPartOf\":{\"@id\":\"https:\/\/mostimondiale.com\/#website\"},\"primaryImageOfPage\":{\"@id\":\"https:\/\/mostimondiale.com\/fr\/produits\/cepage\/granbarile-fr\/granbarile\/#primaryimage\"},\"image\":{\"@id\":\"https:\/\/mostimondiale.com\/fr\/produits\/cepage\/granbarile-fr\/granbarile\/#primaryimage\"},\"thumbnailUrl\":\"https:\/\/mostimondiale.com\/wp-content\/uploads\/2019\/04\/ajme-360x360-fr-1.png\",\"datePublished\":\"2019-04-17T17:50:45+00:00\",\"dateModified\":\"2020-01-31T16:03:41+00:00\",\"description\":\"Notre AllJuice \u00c9dition des Ma\u00eetres (23L) Granbarile est un vin rouge tr\u00e8s cors\u00e9 comprenant du ch\u00eane clair et fonc\u00e9 et des raisins rouges.\",\"breadcrumb\":{\"@id\":\"https:\/\/mostimondiale.com\/fr\/produits\/cepage\/granbarile-fr\/granbarile\/#breadcrumb\"},\"inLanguage\":\"fr-CA\",\"potentialAction\":[{\"@type\":\"ReadAction\",\"target\":[\"https:\/\/mostimondiale.com\/fr\/produits\/cepage\/granbarile-fr\/granbarile\/\"]}]},{\"@type\":\"ImageObject\",\"inLanguage\":\"fr-CA\",\"@id\":\"https:\/\/mostimondiale.com\/fr\/produits\/cepage\/granbarile-fr\/granbarile\/#primaryimage\",\"url\":\"https:\/\/mostimondiale.com\/wp-content\/uploads\/2019\/04\/ajme-360x360-fr-1.png\",\"contentUrl\":\"https:\/\/mostimondiale.com\/wp-content\/uploads\/2019\/04\/ajme-360x360-fr-1.png\",\"width\":360,\"height\":360},{\"@type\":\"BreadcrumbList\",\"@id\":\"https:\/\/mostimondiale.com\/fr\/produits\/cepage\/granbarile-fr\/granbarile\/#breadcrumb\",\"itemListElement\":[{\"@type\":\"ListItem\",\"position\":1,\"name\":\"Accueil\",\"item\":\"https:\/\/mostimondiale.com\/fr\/\"},{\"@type\":\"ListItem\",\"position\":2,\"name\":\"Produits\",\"item\":\"https:\/\/mostimondiale.com\/fr\/produits\/\"},{\"@type\":\"ListItem\",\"position\":3,\"name\":\"Granbarile\"}]},{\"@type\":\"WebSite\",\"@id\":\"https:\/\/mostimondiale.com\/#website\",\"url\":\"https:\/\/mostimondiale.com\/\",\"name\":\"Mosti Mondiale\",\"description\":\"\",\"potentialAction\":[{\"@type\":\"SearchAction\",\"target\":{\"@type\":\"EntryPoint\",\"urlTemplate\":\"https:\/\/mostimondiale.com\/?s={search_term_string}\"},\"query-input\":{\"@type\":\"PropertyValueSpecification\",\"valueRequired\":true,\"valueName\":\"search_term_string\"}}],\"inLanguage\":\"fr-CA\"}]}<\/script>\n<!-- \/ Yoast SEO plugin. -->","yoast_head_json":{"title":"AllJuice \u00c9dition des Ma\u00eetres Granbarile \u2022 Vinification | Mosti Mondiale","description":"Notre AllJuice \u00c9dition des Ma\u00eetres (23L) Granbarile est un vin rouge tr\u00e8s cors\u00e9 comprenant du ch\u00eane clair et fonc\u00e9 et des raisins rouges.","robots":{"index":"index","follow":"follow","max-snippet":"max-snippet:-1","max-image-preview":"max-image-preview:large","max-video-preview":"max-video-preview:-1"},"canonical":"https:\/\/mostimondiale.com\/fr\/produits\/cepage\/granbarile-fr\/granbarile\/","og_locale":"fr_CA","og_type":"article","og_title":"AllJuice \u00c9dition des Ma\u00eetres Granbarile \u2022 Vinification | Mosti Mondiale","og_description":"Notre AllJuice \u00c9dition des Ma\u00eetres (23L) Granbarile est un vin rouge tr\u00e8s cors\u00e9 comprenant du ch\u00eane clair et fonc\u00e9 et des raisins rouges.","og_url":"https:\/\/mostimondiale.com\/fr\/produits\/cepage\/granbarile-fr\/granbarile\/","og_site_name":"Mosti Mondiale","article_modified_time":"2020-01-31T16:03:41+00:00","og_image":[{"width":360,"height":360,"url":"https:\/\/mostimondiale.com\/wp-content\/uploads\/2019\/04\/ajme-360x360-fr-1.png","type":"image\/png"}],"twitter_card":"summary_large_image","schema":{"@context":"https:\/\/schema.org","@graph":[{"@type":"WebPage","@id":"https:\/\/mostimondiale.com\/fr\/produits\/cepage\/granbarile-fr\/granbarile\/","url":"https:\/\/mostimondiale.com\/fr\/produits\/cepage\/granbarile-fr\/granbarile\/","name":"AllJuice \u00c9dition des Ma\u00eetres Granbarile \u2022 Vinification | Mosti Mondiale","isPartOf":{"@id":"https:\/\/mostimondiale.com\/#website"},"primaryImageOfPage":{"@id":"https:\/\/mostimondiale.com\/fr\/produits\/cepage\/granbarile-fr\/granbarile\/#primaryimage"},"image":{"@id":"https:\/\/mostimondiale.com\/fr\/produits\/cepage\/granbarile-fr\/granbarile\/#primaryimage"},"thumbnailUrl":"https:\/\/mostimondiale.com\/wp-content\/uploads\/2019\/04\/ajme-360x360-fr-1.png","datePublished":"2019-04-17T17:50:45+00:00","dateModified":"2020-01-31T16:03:41+00:00","description":"Notre AllJuice \u00c9dition des Ma\u00eetres (23L) Granbarile est un vin rouge tr\u00e8s cors\u00e9 comprenant du ch\u00eane clair et fonc\u00e9 et des raisins rouges.","breadcrumb":{"@id":"https:\/\/mostimondiale.com\/fr\/produits\/cepage\/granbarile-fr\/granbarile\/#breadcrumb"},"inLanguage":"fr-CA","potentialAction":[{"@type":"ReadAction","target":["https:\/\/mostimondiale.com\/fr\/produits\/cepage\/granbarile-fr\/granbarile\/"]}]},{"@type":"ImageObject","inLanguage":"fr-CA","@id":"https:\/\/mostimondiale.com\/fr\/produits\/cepage\/granbarile-fr\/granbarile\/#primaryimage","url":"https:\/\/mostimondiale.com\/wp-content\/uploads\/2019\/04\/ajme-360x360-fr-1.png","contentUrl":"https:\/\/mostimondiale.com\/wp-content\/uploads\/2019\/04\/ajme-360x360-fr-1.png","width":360,"height":360},{"@type":"BreadcrumbList","@id":"https:\/\/mostimondiale.com\/fr\/produits\/cepage\/granbarile-fr\/granbarile\/#breadcrumb","itemListElement":[{"@type":"ListItem","position":1,"name":"Accueil","item":"https:\/\/mostimondiale.com\/fr\/"},{"@type":"ListItem","position":2,"name":"Produits","item":"https:\/\/mostimondiale.com\/fr\/produits\/"},{"@type":"ListItem","position":3,"name":"Granbarile"}]},{"@type":"WebSite","@id":"https:\/\/mostimondiale.com\/#website","url":"https:\/\/mostimondiale.com\/","name":"Mosti Mondiale","description":"","potentialAction":[{"@type":"SearchAction","target":{"@type":"EntryPoint","urlTemplate":"https:\/\/mostimondiale.com\/?s={search_term_string}"},"query-input":{"@type":"PropertyValueSpecification","valueRequired":true,"valueName":"search_term_string"}}],"inLanguage":"fr-CA"}]}},"_links":{"self":[{"href":"https:\/\/mostimondiale.com\/fr\/wp-json\/wp\/v2\/product\/1526","targetHints":{"allow":["GET"]}}],"collection":[{"href":"https:\/\/mostimondiale.com\/fr\/wp-json\/wp\/v2\/product"}],"about":[{"href":"https:\/\/mostimondiale.com\/fr\/wp-json\/wp\/v2\/types\/product"}],"wp:featuredmedia":[{"embeddable":true,"href":"https:\/\/mostimondiale.com\/fr\/wp-json\/wp\/v2\/media\/1518"}],"wp:attachment":[{"href":"https:\/\/mostimondiale.com\/fr\/wp-json\/wp\/v2\/media?parent=1526"}],"wp:term":[{"taxonomy":"product_brand","embeddable":true,"href":"https:\/\/mostimondiale.com\/fr\/wp-json\/wp\/v2\/product_brand?post=1526"},{"taxonomy":"product_cat","embeddable":true,"href":"https:\/\/mostimondiale.com\/fr\/wp-json\/wp\/v2\/product_cat?post=1526"},{"taxonomy":"product_tag","embeddable":true,"href":"https:\/\/mostimondiale.com\/fr\/wp-json\/wp\/v2\/product_tag?post=1526"}],"curies":[{"name":"wp","href":"https:\/\/api.w.org\/{rel}","templated":true}]}}