{"id":1524,"date":"2019-04-17T13:40:28","date_gmt":"2019-04-17T17:40:29","guid":{"rendered":"https:\/\/mostimondiale.com\/?post_type=product&#038;p=1524"},"modified":"2020-01-31T11:01:51","modified_gmt":"2020-01-31T16:01:51","slug":"cabernet-sauvignon-vieilles-vignes-3","status":"publish","type":"product","link":"https:\/\/mostimondiale.com\/fr\/produits\/cepage\/cabernet-sauvignon-fr\/cabernet-sauvignon-vieilles-vignes-3\/","title":{"rendered":"Cabernet Sauvignon Vieilles Vignes"},"content":{"rendered":"","protected":false},"excerpt":{"rendered":"<p>Fait \u00e0 partir de vignes d\u2019un \u00e2ge ancien, ce c\u00e9page du Vieux Continent a \u00e9t\u00e9 ressuscit\u00e9 dans le Nouveau Monde\u2005! Pr\u00e9sentant des notes go\u00fbteuses de baies m\u00fbres et de cassis, ce vin parfaitement cors\u00e9 aux tanins solides est \u00e9tonnamment velout\u00e9 et propose une finale extr\u00eamement longue.<\/p>\n","protected":false},"featured_media":1518,"template":"","meta":{"_acf_changed":false},"product_brand":[],"product_cat":[153,187,173],"product_tag":[],"class_list":{"0":"post-1524","1":"product","2":"type-product","3":"status-publish","4":"has-post-thumbnail","6":"product_cat-100-mout-de-raisin","7":"product_cat-cabernet-sauvignon-fr","8":"product_cat-rouge","9":"pa_alcohol-272","10":"pa_aroma-fruite","11":"pa_body-5-tres-corse","12":"pa_price-253","13":"pa_winemaker-addition-chene-leger","14":"pa_winemaker-addition-sachet-allgrape","16":"first","17":"instock","18":"shipping-taxable","19":"product-type-simple"},"acf":[],"yoast_head":"<!-- This site is optimized with the Yoast SEO plugin v26.9 - https:\/\/yoast.com\/product\/yoast-seo-wordpress\/ -->\n<title>AllJuice \u00c9dition des Ma\u00eetres Cabernet Sauvignon Vieilles Vignes | Mosti Mondiale<\/title>\n<meta name=\"description\" content=\"Notre AllJuice \u00c9dition des Ma\u00eetres (23L) Cabernet Sauvignon Vieilles Vignes est un vin rouge tr\u00e8s cors\u00e9 comprenant du ch\u00eane clair et notre sachet Allgrape.\" \/>\n<meta name=\"robots\" content=\"index, follow, max-snippet:-1, max-image-preview:large, max-video-preview:-1\" \/>\n<link rel=\"canonical\" href=\"https:\/\/mostimondiale.com\/fr\/produits\/cepage\/cabernet-sauvignon-fr\/cabernet-sauvignon-vieilles-vignes-3\/\" \/>\n<meta property=\"og:locale\" content=\"fr_CA\" \/>\n<meta property=\"og:type\" content=\"article\" \/>\n<meta property=\"og:title\" content=\"AllJuice \u00c9dition des Ma\u00eetres Cabernet Sauvignon Vieilles Vignes | Mosti Mondiale\" \/>\n<meta property=\"og:description\" content=\"Notre AllJuice \u00c9dition des Ma\u00eetres (23L) Cabernet Sauvignon Vieilles Vignes est un vin rouge tr\u00e8s cors\u00e9 comprenant du ch\u00eane clair et notre sachet Allgrape.\" \/>\n<meta property=\"og:url\" content=\"https:\/\/mostimondiale.com\/fr\/produits\/cepage\/cabernet-sauvignon-fr\/cabernet-sauvignon-vieilles-vignes-3\/\" \/>\n<meta property=\"og:site_name\" content=\"Mosti Mondiale\" \/>\n<meta property=\"article:modified_time\" content=\"2020-01-31T16:01:51+00:00\" \/>\n<meta property=\"og:image\" content=\"https:\/\/mostimondiale.com\/wp-content\/uploads\/2019\/04\/ajme-360x360-fr-1.png\" \/>\n\t<meta property=\"og:image:width\" content=\"360\" \/>\n\t<meta property=\"og:image:height\" content=\"360\" \/>\n\t<meta property=\"og:image:type\" content=\"image\/png\" \/>\n<meta name=\"twitter:card\" content=\"summary_large_image\" \/>\n<script type=\"application\/ld+json\" class=\"yoast-schema-graph\">{\"@context\":\"https:\/\/schema.org\",\"@graph\":[{\"@type\":\"WebPage\",\"@id\":\"https:\/\/mostimondiale.com\/fr\/produits\/cepage\/cabernet-sauvignon-fr\/cabernet-sauvignon-vieilles-vignes-3\/\",\"url\":\"https:\/\/mostimondiale.com\/fr\/produits\/cepage\/cabernet-sauvignon-fr\/cabernet-sauvignon-vieilles-vignes-3\/\",\"name\":\"AllJuice \u00c9dition des Ma\u00eetres Cabernet Sauvignon Vieilles Vignes | Mosti Mondiale\",\"isPartOf\":{\"@id\":\"https:\/\/mostimondiale.com\/#website\"},\"primaryImageOfPage\":{\"@id\":\"https:\/\/mostimondiale.com\/fr\/produits\/cepage\/cabernet-sauvignon-fr\/cabernet-sauvignon-vieilles-vignes-3\/#primaryimage\"},\"image\":{\"@id\":\"https:\/\/mostimondiale.com\/fr\/produits\/cepage\/cabernet-sauvignon-fr\/cabernet-sauvignon-vieilles-vignes-3\/#primaryimage\"},\"thumbnailUrl\":\"https:\/\/mostimondiale.com\/wp-content\/uploads\/2019\/04\/ajme-360x360-fr-1.png\",\"datePublished\":\"2019-04-17T17:40:29+00:00\",\"dateModified\":\"2020-01-31T16:01:51+00:00\",\"description\":\"Notre AllJuice \u00c9dition des Ma\u00eetres (23L) Cabernet Sauvignon Vieilles Vignes est un vin rouge tr\u00e8s cors\u00e9 comprenant du ch\u00eane clair et notre sachet Allgrape.\",\"breadcrumb\":{\"@id\":\"https:\/\/mostimondiale.com\/fr\/produits\/cepage\/cabernet-sauvignon-fr\/cabernet-sauvignon-vieilles-vignes-3\/#breadcrumb\"},\"inLanguage\":\"fr-CA\",\"potentialAction\":[{\"@type\":\"ReadAction\",\"target\":[\"https:\/\/mostimondiale.com\/fr\/produits\/cepage\/cabernet-sauvignon-fr\/cabernet-sauvignon-vieilles-vignes-3\/\"]}]},{\"@type\":\"ImageObject\",\"inLanguage\":\"fr-CA\",\"@id\":\"https:\/\/mostimondiale.com\/fr\/produits\/cepage\/cabernet-sauvignon-fr\/cabernet-sauvignon-vieilles-vignes-3\/#primaryimage\",\"url\":\"https:\/\/mostimondiale.com\/wp-content\/uploads\/2019\/04\/ajme-360x360-fr-1.png\",\"contentUrl\":\"https:\/\/mostimondiale.com\/wp-content\/uploads\/2019\/04\/ajme-360x360-fr-1.png\",\"width\":360,\"height\":360},{\"@type\":\"BreadcrumbList\",\"@id\":\"https:\/\/mostimondiale.com\/fr\/produits\/cepage\/cabernet-sauvignon-fr\/cabernet-sauvignon-vieilles-vignes-3\/#breadcrumb\",\"itemListElement\":[{\"@type\":\"ListItem\",\"position\":1,\"name\":\"Accueil\",\"item\":\"https:\/\/mostimondiale.com\/fr\/\"},{\"@type\":\"ListItem\",\"position\":2,\"name\":\"Produits\",\"item\":\"https:\/\/mostimondiale.com\/fr\/produits\/\"},{\"@type\":\"ListItem\",\"position\":3,\"name\":\"Cabernet Sauvignon Vieilles Vignes\"}]},{\"@type\":\"WebSite\",\"@id\":\"https:\/\/mostimondiale.com\/#website\",\"url\":\"https:\/\/mostimondiale.com\/\",\"name\":\"Mosti Mondiale\",\"description\":\"\",\"potentialAction\":[{\"@type\":\"SearchAction\",\"target\":{\"@type\":\"EntryPoint\",\"urlTemplate\":\"https:\/\/mostimondiale.com\/?s={search_term_string}\"},\"query-input\":{\"@type\":\"PropertyValueSpecification\",\"valueRequired\":true,\"valueName\":\"search_term_string\"}}],\"inLanguage\":\"fr-CA\"}]}<\/script>\n<!-- \/ Yoast SEO plugin. -->","yoast_head_json":{"title":"AllJuice \u00c9dition des Ma\u00eetres Cabernet Sauvignon Vieilles Vignes | Mosti Mondiale","description":"Notre AllJuice \u00c9dition des Ma\u00eetres (23L) Cabernet Sauvignon Vieilles Vignes est un vin rouge tr\u00e8s cors\u00e9 comprenant du ch\u00eane clair et notre sachet Allgrape.","robots":{"index":"index","follow":"follow","max-snippet":"max-snippet:-1","max-image-preview":"max-image-preview:large","max-video-preview":"max-video-preview:-1"},"canonical":"https:\/\/mostimondiale.com\/fr\/produits\/cepage\/cabernet-sauvignon-fr\/cabernet-sauvignon-vieilles-vignes-3\/","og_locale":"fr_CA","og_type":"article","og_title":"AllJuice \u00c9dition des Ma\u00eetres Cabernet Sauvignon Vieilles Vignes | Mosti Mondiale","og_description":"Notre AllJuice \u00c9dition des Ma\u00eetres (23L) Cabernet Sauvignon Vieilles Vignes est un vin rouge tr\u00e8s cors\u00e9 comprenant du ch\u00eane clair et notre sachet Allgrape.","og_url":"https:\/\/mostimondiale.com\/fr\/produits\/cepage\/cabernet-sauvignon-fr\/cabernet-sauvignon-vieilles-vignes-3\/","og_site_name":"Mosti Mondiale","article_modified_time":"2020-01-31T16:01:51+00:00","og_image":[{"width":360,"height":360,"url":"https:\/\/mostimondiale.com\/wp-content\/uploads\/2019\/04\/ajme-360x360-fr-1.png","type":"image\/png"}],"twitter_card":"summary_large_image","schema":{"@context":"https:\/\/schema.org","@graph":[{"@type":"WebPage","@id":"https:\/\/mostimondiale.com\/fr\/produits\/cepage\/cabernet-sauvignon-fr\/cabernet-sauvignon-vieilles-vignes-3\/","url":"https:\/\/mostimondiale.com\/fr\/produits\/cepage\/cabernet-sauvignon-fr\/cabernet-sauvignon-vieilles-vignes-3\/","name":"AllJuice \u00c9dition des Ma\u00eetres Cabernet Sauvignon Vieilles Vignes | Mosti Mondiale","isPartOf":{"@id":"https:\/\/mostimondiale.com\/#website"},"primaryImageOfPage":{"@id":"https:\/\/mostimondiale.com\/fr\/produits\/cepage\/cabernet-sauvignon-fr\/cabernet-sauvignon-vieilles-vignes-3\/#primaryimage"},"image":{"@id":"https:\/\/mostimondiale.com\/fr\/produits\/cepage\/cabernet-sauvignon-fr\/cabernet-sauvignon-vieilles-vignes-3\/#primaryimage"},"thumbnailUrl":"https:\/\/mostimondiale.com\/wp-content\/uploads\/2019\/04\/ajme-360x360-fr-1.png","datePublished":"2019-04-17T17:40:29+00:00","dateModified":"2020-01-31T16:01:51+00:00","description":"Notre AllJuice \u00c9dition des Ma\u00eetres (23L) Cabernet Sauvignon Vieilles Vignes est un vin rouge tr\u00e8s cors\u00e9 comprenant du ch\u00eane clair et notre sachet Allgrape.","breadcrumb":{"@id":"https:\/\/mostimondiale.com\/fr\/produits\/cepage\/cabernet-sauvignon-fr\/cabernet-sauvignon-vieilles-vignes-3\/#breadcrumb"},"inLanguage":"fr-CA","potentialAction":[{"@type":"ReadAction","target":["https:\/\/mostimondiale.com\/fr\/produits\/cepage\/cabernet-sauvignon-fr\/cabernet-sauvignon-vieilles-vignes-3\/"]}]},{"@type":"ImageObject","inLanguage":"fr-CA","@id":"https:\/\/mostimondiale.com\/fr\/produits\/cepage\/cabernet-sauvignon-fr\/cabernet-sauvignon-vieilles-vignes-3\/#primaryimage","url":"https:\/\/mostimondiale.com\/wp-content\/uploads\/2019\/04\/ajme-360x360-fr-1.png","contentUrl":"https:\/\/mostimondiale.com\/wp-content\/uploads\/2019\/04\/ajme-360x360-fr-1.png","width":360,"height":360},{"@type":"BreadcrumbList","@id":"https:\/\/mostimondiale.com\/fr\/produits\/cepage\/cabernet-sauvignon-fr\/cabernet-sauvignon-vieilles-vignes-3\/#breadcrumb","itemListElement":[{"@type":"ListItem","position":1,"name":"Accueil","item":"https:\/\/mostimondiale.com\/fr\/"},{"@type":"ListItem","position":2,"name":"Produits","item":"https:\/\/mostimondiale.com\/fr\/produits\/"},{"@type":"ListItem","position":3,"name":"Cabernet Sauvignon Vieilles Vignes"}]},{"@type":"WebSite","@id":"https:\/\/mostimondiale.com\/#website","url":"https:\/\/mostimondiale.com\/","name":"Mosti Mondiale","description":"","potentialAction":[{"@type":"SearchAction","target":{"@type":"EntryPoint","urlTemplate":"https:\/\/mostimondiale.com\/?s={search_term_string}"},"query-input":{"@type":"PropertyValueSpecification","valueRequired":true,"valueName":"search_term_string"}}],"inLanguage":"fr-CA"}]}},"_links":{"self":[{"href":"https:\/\/mostimondiale.com\/fr\/wp-json\/wp\/v2\/product\/1524","targetHints":{"allow":["GET"]}}],"collection":[{"href":"https:\/\/mostimondiale.com\/fr\/wp-json\/wp\/v2\/product"}],"about":[{"href":"https:\/\/mostimondiale.com\/fr\/wp-json\/wp\/v2\/types\/product"}],"wp:featuredmedia":[{"embeddable":true,"href":"https:\/\/mostimondiale.com\/fr\/wp-json\/wp\/v2\/media\/1518"}],"wp:attachment":[{"href":"https:\/\/mostimondiale.com\/fr\/wp-json\/wp\/v2\/media?parent=1524"}],"wp:term":[{"taxonomy":"product_brand","embeddable":true,"href":"https:\/\/mostimondiale.com\/fr\/wp-json\/wp\/v2\/product_brand?post=1524"},{"taxonomy":"product_cat","embeddable":true,"href":"https:\/\/mostimondiale.com\/fr\/wp-json\/wp\/v2\/product_cat?post=1524"},{"taxonomy":"product_tag","embeddable":true,"href":"https:\/\/mostimondiale.com\/fr\/wp-json\/wp\/v2\/product_tag?post=1524"}],"curies":[{"name":"wp","href":"https:\/\/api.w.org\/{rel}","templated":true}]}}