{"id":1514,"date":"2019-04-17T11:35:59","date_gmt":"2019-04-17T15:35:59","guid":{"rendered":"https:\/\/mostimondiale.com\/?post_type=product&#038;p=1514"},"modified":"2020-01-31T11:05:18","modified_gmt":"2020-01-31T16:05:18","slug":"outback-shiraz-mondiale","status":"publish","type":"product","link":"https:\/\/mostimondiale.com\/fr\/produits\/cepage\/shiraz-fr\/outback-shiraz-mondiale\/","title":{"rendered":"Outback Shiraz Mondiale"},"content":{"rendered":"","protected":false},"excerpt":{"rendered":"<p>Un nom dont la r\u00e9putation n\u2019est plus \u00e0 faire. Sa robe profonde de couleur pourpre-rubis est accompagn\u00e9e d\u2019un bouquet complexe et de notes d\u2019eucalyptus et de cassis. Sa bonne acidit\u00e9 et ses riches tanins velout\u00e9s cr\u00e9ent une bonne sensation de fra\u00eecheur. Ses intenses saveurs de baies rouges et de fruits noirs, de m\u00eame que sa pr\u00e9sence trouble en bouche, r\u00e9chauffent le palais alors que se pr\u00e9sentent des ar\u00f4mes de menthe. C\u2019est un vin \u00e0 d\u00e9couvrir, \u00e0 d\u00e9guster et \u00e0 partager.<\/p>\n","protected":false},"featured_media":1518,"template":"","meta":{"_acf_changed":false},"product_brand":[],"product_cat":[153,173,223],"product_tag":[],"class_list":{"0":"post-1514","1":"product","2":"type-product","3":"status-publish","4":"has-post-thumbnail","6":"product_cat-100-mout-de-raisin","7":"product_cat-rouge","8":"product_cat-shiraz-fr","9":"pa_alcohol-13-7","10":"pa_aroma-boise","11":"pa_aroma-fruite","12":"pa_aroma-herbace","13":"pa_body-5-tres-corse","14":"pa_price-253","15":"pa_winemaker-addition-chene-leger","16":"pa_winemaker-addition-raisins-secs-rouges","18":"first","19":"instock","20":"shipping-taxable","21":"product-type-simple"},"acf":[],"yoast_head":"<!-- This site is optimized with the Yoast SEO plugin v26.9 - https:\/\/yoast.com\/product\/yoast-seo-wordpress\/ -->\n<title>AllJuice \u00c9dition des Ma\u00eetres Outback Shiraz Mondiale \u2022 Kit | Mosti Mondiale<\/title>\n<meta name=\"description\" content=\"Notre AllJuice \u00c9dition des Ma\u00eetres (23L) Shiraz Mondiale Outback est un vin rouge tr\u00e8s cors\u00e9 comprenant du ch\u00eane clair et des raisins rouges.\" \/>\n<meta name=\"robots\" content=\"index, follow, max-snippet:-1, max-image-preview:large, max-video-preview:-1\" \/>\n<link rel=\"canonical\" href=\"https:\/\/mostimondiale.com\/fr\/produits\/cepage\/shiraz-fr\/outback-shiraz-mondiale\/\" \/>\n<meta property=\"og:locale\" content=\"fr_CA\" \/>\n<meta property=\"og:type\" content=\"article\" \/>\n<meta property=\"og:title\" content=\"AllJuice \u00c9dition des Ma\u00eetres Outback Shiraz Mondiale \u2022 Kit | Mosti Mondiale\" \/>\n<meta property=\"og:description\" content=\"Notre AllJuice \u00c9dition des Ma\u00eetres (23L) Shiraz Mondiale Outback est un vin rouge tr\u00e8s cors\u00e9 comprenant du ch\u00eane clair et des raisins rouges.\" \/>\n<meta property=\"og:url\" content=\"https:\/\/mostimondiale.com\/fr\/produits\/cepage\/shiraz-fr\/outback-shiraz-mondiale\/\" \/>\n<meta property=\"og:site_name\" content=\"Mosti Mondiale\" \/>\n<meta property=\"article:modified_time\" content=\"2020-01-31T16:05:18+00:00\" \/>\n<meta property=\"og:image\" content=\"https:\/\/mostimondiale.com\/wp-content\/uploads\/2019\/04\/ajme-360x360-fr-1.png\" \/>\n\t<meta property=\"og:image:width\" content=\"360\" \/>\n\t<meta property=\"og:image:height\" content=\"360\" \/>\n\t<meta property=\"og:image:type\" content=\"image\/png\" \/>\n<meta name=\"twitter:card\" content=\"summary_large_image\" \/>\n<script type=\"application\/ld+json\" class=\"yoast-schema-graph\">{\"@context\":\"https:\/\/schema.org\",\"@graph\":[{\"@type\":\"WebPage\",\"@id\":\"https:\/\/mostimondiale.com\/fr\/produits\/cepage\/shiraz-fr\/outback-shiraz-mondiale\/\",\"url\":\"https:\/\/mostimondiale.com\/fr\/produits\/cepage\/shiraz-fr\/outback-shiraz-mondiale\/\",\"name\":\"AllJuice \u00c9dition des Ma\u00eetres Outback Shiraz Mondiale \u2022 Kit | Mosti Mondiale\",\"isPartOf\":{\"@id\":\"https:\/\/mostimondiale.com\/#website\"},\"primaryImageOfPage\":{\"@id\":\"https:\/\/mostimondiale.com\/fr\/produits\/cepage\/shiraz-fr\/outback-shiraz-mondiale\/#primaryimage\"},\"image\":{\"@id\":\"https:\/\/mostimondiale.com\/fr\/produits\/cepage\/shiraz-fr\/outback-shiraz-mondiale\/#primaryimage\"},\"thumbnailUrl\":\"https:\/\/mostimondiale.com\/wp-content\/uploads\/2019\/04\/ajme-360x360-fr-1.png\",\"datePublished\":\"2019-04-17T15:35:59+00:00\",\"dateModified\":\"2020-01-31T16:05:18+00:00\",\"description\":\"Notre AllJuice \u00c9dition des Ma\u00eetres (23L) Shiraz Mondiale Outback est un vin rouge tr\u00e8s cors\u00e9 comprenant du ch\u00eane clair et des raisins rouges.\",\"breadcrumb\":{\"@id\":\"https:\/\/mostimondiale.com\/fr\/produits\/cepage\/shiraz-fr\/outback-shiraz-mondiale\/#breadcrumb\"},\"inLanguage\":\"fr-CA\",\"potentialAction\":[{\"@type\":\"ReadAction\",\"target\":[\"https:\/\/mostimondiale.com\/fr\/produits\/cepage\/shiraz-fr\/outback-shiraz-mondiale\/\"]}]},{\"@type\":\"ImageObject\",\"inLanguage\":\"fr-CA\",\"@id\":\"https:\/\/mostimondiale.com\/fr\/produits\/cepage\/shiraz-fr\/outback-shiraz-mondiale\/#primaryimage\",\"url\":\"https:\/\/mostimondiale.com\/wp-content\/uploads\/2019\/04\/ajme-360x360-fr-1.png\",\"contentUrl\":\"https:\/\/mostimondiale.com\/wp-content\/uploads\/2019\/04\/ajme-360x360-fr-1.png\",\"width\":360,\"height\":360},{\"@type\":\"BreadcrumbList\",\"@id\":\"https:\/\/mostimondiale.com\/fr\/produits\/cepage\/shiraz-fr\/outback-shiraz-mondiale\/#breadcrumb\",\"itemListElement\":[{\"@type\":\"ListItem\",\"position\":1,\"name\":\"Accueil\",\"item\":\"https:\/\/mostimondiale.com\/fr\/\"},{\"@type\":\"ListItem\",\"position\":2,\"name\":\"Produits\",\"item\":\"https:\/\/mostimondiale.com\/fr\/produits\/\"},{\"@type\":\"ListItem\",\"position\":3,\"name\":\"Outback Shiraz Mondiale\"}]},{\"@type\":\"WebSite\",\"@id\":\"https:\/\/mostimondiale.com\/#website\",\"url\":\"https:\/\/mostimondiale.com\/\",\"name\":\"Mosti Mondiale\",\"description\":\"\",\"potentialAction\":[{\"@type\":\"SearchAction\",\"target\":{\"@type\":\"EntryPoint\",\"urlTemplate\":\"https:\/\/mostimondiale.com\/?s={search_term_string}\"},\"query-input\":{\"@type\":\"PropertyValueSpecification\",\"valueRequired\":true,\"valueName\":\"search_term_string\"}}],\"inLanguage\":\"fr-CA\"}]}<\/script>\n<!-- \/ Yoast SEO plugin. -->","yoast_head_json":{"title":"AllJuice \u00c9dition des Ma\u00eetres Outback Shiraz Mondiale \u2022 Kit | Mosti Mondiale","description":"Notre AllJuice \u00c9dition des Ma\u00eetres (23L) Shiraz Mondiale Outback est un vin rouge tr\u00e8s cors\u00e9 comprenant du ch\u00eane clair et des raisins rouges.","robots":{"index":"index","follow":"follow","max-snippet":"max-snippet:-1","max-image-preview":"max-image-preview:large","max-video-preview":"max-video-preview:-1"},"canonical":"https:\/\/mostimondiale.com\/fr\/produits\/cepage\/shiraz-fr\/outback-shiraz-mondiale\/","og_locale":"fr_CA","og_type":"article","og_title":"AllJuice \u00c9dition des Ma\u00eetres Outback Shiraz Mondiale \u2022 Kit | Mosti Mondiale","og_description":"Notre AllJuice \u00c9dition des Ma\u00eetres (23L) Shiraz Mondiale Outback est un vin rouge tr\u00e8s cors\u00e9 comprenant du ch\u00eane clair et des raisins rouges.","og_url":"https:\/\/mostimondiale.com\/fr\/produits\/cepage\/shiraz-fr\/outback-shiraz-mondiale\/","og_site_name":"Mosti Mondiale","article_modified_time":"2020-01-31T16:05:18+00:00","og_image":[{"width":360,"height":360,"url":"https:\/\/mostimondiale.com\/wp-content\/uploads\/2019\/04\/ajme-360x360-fr-1.png","type":"image\/png"}],"twitter_card":"summary_large_image","schema":{"@context":"https:\/\/schema.org","@graph":[{"@type":"WebPage","@id":"https:\/\/mostimondiale.com\/fr\/produits\/cepage\/shiraz-fr\/outback-shiraz-mondiale\/","url":"https:\/\/mostimondiale.com\/fr\/produits\/cepage\/shiraz-fr\/outback-shiraz-mondiale\/","name":"AllJuice \u00c9dition des Ma\u00eetres Outback Shiraz Mondiale \u2022 Kit | Mosti Mondiale","isPartOf":{"@id":"https:\/\/mostimondiale.com\/#website"},"primaryImageOfPage":{"@id":"https:\/\/mostimondiale.com\/fr\/produits\/cepage\/shiraz-fr\/outback-shiraz-mondiale\/#primaryimage"},"image":{"@id":"https:\/\/mostimondiale.com\/fr\/produits\/cepage\/shiraz-fr\/outback-shiraz-mondiale\/#primaryimage"},"thumbnailUrl":"https:\/\/mostimondiale.com\/wp-content\/uploads\/2019\/04\/ajme-360x360-fr-1.png","datePublished":"2019-04-17T15:35:59+00:00","dateModified":"2020-01-31T16:05:18+00:00","description":"Notre AllJuice \u00c9dition des Ma\u00eetres (23L) Shiraz Mondiale Outback est un vin rouge tr\u00e8s cors\u00e9 comprenant du ch\u00eane clair et des raisins rouges.","breadcrumb":{"@id":"https:\/\/mostimondiale.com\/fr\/produits\/cepage\/shiraz-fr\/outback-shiraz-mondiale\/#breadcrumb"},"inLanguage":"fr-CA","potentialAction":[{"@type":"ReadAction","target":["https:\/\/mostimondiale.com\/fr\/produits\/cepage\/shiraz-fr\/outback-shiraz-mondiale\/"]}]},{"@type":"ImageObject","inLanguage":"fr-CA","@id":"https:\/\/mostimondiale.com\/fr\/produits\/cepage\/shiraz-fr\/outback-shiraz-mondiale\/#primaryimage","url":"https:\/\/mostimondiale.com\/wp-content\/uploads\/2019\/04\/ajme-360x360-fr-1.png","contentUrl":"https:\/\/mostimondiale.com\/wp-content\/uploads\/2019\/04\/ajme-360x360-fr-1.png","width":360,"height":360},{"@type":"BreadcrumbList","@id":"https:\/\/mostimondiale.com\/fr\/produits\/cepage\/shiraz-fr\/outback-shiraz-mondiale\/#breadcrumb","itemListElement":[{"@type":"ListItem","position":1,"name":"Accueil","item":"https:\/\/mostimondiale.com\/fr\/"},{"@type":"ListItem","position":2,"name":"Produits","item":"https:\/\/mostimondiale.com\/fr\/produits\/"},{"@type":"ListItem","position":3,"name":"Outback Shiraz Mondiale"}]},{"@type":"WebSite","@id":"https:\/\/mostimondiale.com\/#website","url":"https:\/\/mostimondiale.com\/","name":"Mosti Mondiale","description":"","potentialAction":[{"@type":"SearchAction","target":{"@type":"EntryPoint","urlTemplate":"https:\/\/mostimondiale.com\/?s={search_term_string}"},"query-input":{"@type":"PropertyValueSpecification","valueRequired":true,"valueName":"search_term_string"}}],"inLanguage":"fr-CA"}]}},"_links":{"self":[{"href":"https:\/\/mostimondiale.com\/fr\/wp-json\/wp\/v2\/product\/1514","targetHints":{"allow":["GET"]}}],"collection":[{"href":"https:\/\/mostimondiale.com\/fr\/wp-json\/wp\/v2\/product"}],"about":[{"href":"https:\/\/mostimondiale.com\/fr\/wp-json\/wp\/v2\/types\/product"}],"wp:featuredmedia":[{"embeddable":true,"href":"https:\/\/mostimondiale.com\/fr\/wp-json\/wp\/v2\/media\/1518"}],"wp:attachment":[{"href":"https:\/\/mostimondiale.com\/fr\/wp-json\/wp\/v2\/media?parent=1514"}],"wp:term":[{"taxonomy":"product_brand","embeddable":true,"href":"https:\/\/mostimondiale.com\/fr\/wp-json\/wp\/v2\/product_brand?post=1514"},{"taxonomy":"product_cat","embeddable":true,"href":"https:\/\/mostimondiale.com\/fr\/wp-json\/wp\/v2\/product_cat?post=1514"},{"taxonomy":"product_tag","embeddable":true,"href":"https:\/\/mostimondiale.com\/fr\/wp-json\/wp\/v2\/product_tag?post=1514"}],"curies":[{"name":"wp","href":"https:\/\/api.w.org\/{rel}","templated":true}]}}