{"id":1505,"date":"2019-04-17T10:44:17","date_gmt":"2019-04-17T14:44:16","guid":{"rendered":"https:\/\/mostimondiale.com\/?post_type=product&#038;p=1505"},"modified":"2019-05-06T16:18:15","modified_gmt":"2019-05-06T20:18:15","slug":"pinot-grigio-3","status":"publish","type":"product","link":"https:\/\/mostimondiale.com\/fr\/produits\/cepage\/pinot-grigio-fr\/pinot-grigio-3\/","title":{"rendered":"Pinot Grigio"},"content":{"rendered":"","protected":false},"excerpt":{"rendered":"<p>La peau du raisin Pinot Grigio poss\u00e8de en r\u00e9alit\u00e9 une\u00a0teinte gris\u00e9e, ce qui donne souvent un vin de couleur\u00a0jaune fonc\u00e9. Il pr\u00e9sente des notes de poires et d\u2019agrumes\u00a0sur le palais.<\/p>\n","protected":false},"featured_media":1460,"template":"","meta":{"_acf_changed":false},"product_brand":[],"product_cat":[153,176,165,213],"product_tag":[],"class_list":{"0":"post-1505","1":"product","2":"type-product","3":"status-publish","4":"has-post-thumbnail","6":"product_cat-100-mout-de-raisin","7":"product_cat-blanc","8":"product_cat-original-alljuice-fr","9":"product_cat-pinot-grigio-fr","10":"pa_alcohol-13-1","11":"pa_aroma-fruite","12":"pa_body-3-mi-corse","13":"pa_price-254","14":"pa_winemaker-addition-chene-fonce","16":"first","17":"instock","18":"shipping-taxable","19":"product-type-simple"},"acf":[],"yoast_head":"<!-- This site is optimized with the Yoast SEO plugin v26.9 - https:\/\/yoast.com\/product\/yoast-seo-wordpress\/ -->\n<title>Original AllJuice Pinot Grigio \u2022 Trousse|Kit de Vinification | Mosti Mondiale<\/title>\n<meta name=\"description\" content=\"Notre Original AllJuice (23L) Pinot Grigio est un vin blanc mi-cors\u00e9. Il pr\u00e9sente des notes de poires et d\u2019agrumes sur le palais.\" \/>\n<meta name=\"robots\" content=\"index, follow, max-snippet:-1, max-image-preview:large, max-video-preview:-1\" \/>\n<link rel=\"canonical\" href=\"https:\/\/mostimondiale.com\/produits\/varietal\/pinot-grigio\/pinot-grigio-3\/\" \/>\n<meta property=\"og:locale\" content=\"fr_CA\" \/>\n<meta property=\"og:type\" content=\"article\" \/>\n<meta property=\"og:title\" content=\"Original AllJuice Pinot Grigio \u2022 Trousse|Kit de Vinification | Mosti Mondiale\" \/>\n<meta property=\"og:description\" content=\"Notre Original AllJuice (23L) Pinot Grigio est un vin blanc mi-cors\u00e9. Il pr\u00e9sente des notes de poires et d\u2019agrumes sur le palais.\" \/>\n<meta property=\"og:url\" content=\"https:\/\/mostimondiale.com\/produits\/varietal\/pinot-grigio\/pinot-grigio-3\/\" \/>\n<meta property=\"og:site_name\" content=\"Mosti Mondiale\" \/>\n<meta property=\"article:modified_time\" content=\"2019-05-06T20:18:15+00:00\" \/>\n<meta property=\"og:image\" content=\"https:\/\/mostimondiale.com\/wp-content\/uploads\/2019\/04\/oa-360x360-fr-1.png\" \/>\n\t<meta property=\"og:image:width\" content=\"360\" \/>\n\t<meta property=\"og:image:height\" content=\"360\" \/>\n\t<meta property=\"og:image:type\" content=\"image\/png\" \/>\n<meta name=\"twitter:card\" content=\"summary_large_image\" \/>\n<script type=\"application\/ld+json\" class=\"yoast-schema-graph\">{\"@context\":\"https:\/\/schema.org\",\"@graph\":[{\"@type\":\"WebPage\",\"@id\":\"https:\/\/mostimondiale.com\/produits\/varietal\/pinot-grigio\/pinot-grigio-3\/\",\"url\":\"https:\/\/mostimondiale.com\/produits\/varietal\/pinot-grigio\/pinot-grigio-3\/\",\"name\":\"Original AllJuice Pinot Grigio \u2022 Trousse|Kit de Vinification | Mosti Mondiale\",\"isPartOf\":{\"@id\":\"https:\/\/mostimondiale.com\/#website\"},\"primaryImageOfPage\":{\"@id\":\"https:\/\/mostimondiale.com\/produits\/varietal\/pinot-grigio\/pinot-grigio-3\/#primaryimage\"},\"image\":{\"@id\":\"https:\/\/mostimondiale.com\/produits\/varietal\/pinot-grigio\/pinot-grigio-3\/#primaryimage\"},\"thumbnailUrl\":\"https:\/\/mostimondiale.com\/wp-content\/uploads\/2019\/04\/oa-360x360-fr-1.png\",\"datePublished\":\"2019-04-17T14:44:16+00:00\",\"dateModified\":\"2019-05-06T20:18:15+00:00\",\"description\":\"Notre Original AllJuice (23L) Pinot Grigio est un vin blanc mi-cors\u00e9. Il pr\u00e9sente des notes de poires et d\u2019agrumes sur le palais.\",\"breadcrumb\":{\"@id\":\"https:\/\/mostimondiale.com\/produits\/varietal\/pinot-grigio\/pinot-grigio-3\/#breadcrumb\"},\"inLanguage\":\"fr-CA\",\"potentialAction\":[{\"@type\":\"ReadAction\",\"target\":[\"https:\/\/mostimondiale.com\/produits\/varietal\/pinot-grigio\/pinot-grigio-3\/\"]}]},{\"@type\":\"ImageObject\",\"inLanguage\":\"fr-CA\",\"@id\":\"https:\/\/mostimondiale.com\/produits\/varietal\/pinot-grigio\/pinot-grigio-3\/#primaryimage\",\"url\":\"https:\/\/mostimondiale.com\/wp-content\/uploads\/2019\/04\/oa-360x360-fr-1.png\",\"contentUrl\":\"https:\/\/mostimondiale.com\/wp-content\/uploads\/2019\/04\/oa-360x360-fr-1.png\",\"width\":360,\"height\":360},{\"@type\":\"BreadcrumbList\",\"@id\":\"https:\/\/mostimondiale.com\/produits\/varietal\/pinot-grigio\/pinot-grigio-3\/#breadcrumb\",\"itemListElement\":[{\"@type\":\"ListItem\",\"position\":1,\"name\":\"Accueil\",\"item\":\"https:\/\/mostimondiale.com\/fr\/\"},{\"@type\":\"ListItem\",\"position\":2,\"name\":\"Produits\",\"item\":\"https:\/\/mostimondiale.com\/fr\/produits\/\"},{\"@type\":\"ListItem\",\"position\":3,\"name\":\"Pinot Grigio\"}]},{\"@type\":\"WebSite\",\"@id\":\"https:\/\/mostimondiale.com\/#website\",\"url\":\"https:\/\/mostimondiale.com\/\",\"name\":\"Mosti Mondiale\",\"description\":\"\",\"potentialAction\":[{\"@type\":\"SearchAction\",\"target\":{\"@type\":\"EntryPoint\",\"urlTemplate\":\"https:\/\/mostimondiale.com\/?s={search_term_string}\"},\"query-input\":{\"@type\":\"PropertyValueSpecification\",\"valueRequired\":true,\"valueName\":\"search_term_string\"}}],\"inLanguage\":\"fr-CA\"}]}<\/script>\n<!-- \/ Yoast SEO plugin. -->","yoast_head_json":{"title":"Original AllJuice Pinot Grigio \u2022 Trousse|Kit de Vinification | Mosti Mondiale","description":"Notre Original AllJuice (23L) Pinot Grigio est un vin blanc mi-cors\u00e9. Il pr\u00e9sente des notes de poires et d\u2019agrumes sur le palais.","robots":{"index":"index","follow":"follow","max-snippet":"max-snippet:-1","max-image-preview":"max-image-preview:large","max-video-preview":"max-video-preview:-1"},"canonical":"https:\/\/mostimondiale.com\/produits\/varietal\/pinot-grigio\/pinot-grigio-3\/","og_locale":"fr_CA","og_type":"article","og_title":"Original AllJuice Pinot Grigio \u2022 Trousse|Kit de Vinification | Mosti Mondiale","og_description":"Notre Original AllJuice (23L) Pinot Grigio est un vin blanc mi-cors\u00e9. Il pr\u00e9sente des notes de poires et d\u2019agrumes sur le palais.","og_url":"https:\/\/mostimondiale.com\/produits\/varietal\/pinot-grigio\/pinot-grigio-3\/","og_site_name":"Mosti Mondiale","article_modified_time":"2019-05-06T20:18:15+00:00","og_image":[{"width":360,"height":360,"url":"https:\/\/mostimondiale.com\/wp-content\/uploads\/2019\/04\/oa-360x360-fr-1.png","type":"image\/png"}],"twitter_card":"summary_large_image","schema":{"@context":"https:\/\/schema.org","@graph":[{"@type":"WebPage","@id":"https:\/\/mostimondiale.com\/produits\/varietal\/pinot-grigio\/pinot-grigio-3\/","url":"https:\/\/mostimondiale.com\/produits\/varietal\/pinot-grigio\/pinot-grigio-3\/","name":"Original AllJuice Pinot Grigio \u2022 Trousse|Kit de Vinification | Mosti Mondiale","isPartOf":{"@id":"https:\/\/mostimondiale.com\/#website"},"primaryImageOfPage":{"@id":"https:\/\/mostimondiale.com\/produits\/varietal\/pinot-grigio\/pinot-grigio-3\/#primaryimage"},"image":{"@id":"https:\/\/mostimondiale.com\/produits\/varietal\/pinot-grigio\/pinot-grigio-3\/#primaryimage"},"thumbnailUrl":"https:\/\/mostimondiale.com\/wp-content\/uploads\/2019\/04\/oa-360x360-fr-1.png","datePublished":"2019-04-17T14:44:16+00:00","dateModified":"2019-05-06T20:18:15+00:00","description":"Notre Original AllJuice (23L) Pinot Grigio est un vin blanc mi-cors\u00e9. Il pr\u00e9sente des notes de poires et d\u2019agrumes sur le palais.","breadcrumb":{"@id":"https:\/\/mostimondiale.com\/produits\/varietal\/pinot-grigio\/pinot-grigio-3\/#breadcrumb"},"inLanguage":"fr-CA","potentialAction":[{"@type":"ReadAction","target":["https:\/\/mostimondiale.com\/produits\/varietal\/pinot-grigio\/pinot-grigio-3\/"]}]},{"@type":"ImageObject","inLanguage":"fr-CA","@id":"https:\/\/mostimondiale.com\/produits\/varietal\/pinot-grigio\/pinot-grigio-3\/#primaryimage","url":"https:\/\/mostimondiale.com\/wp-content\/uploads\/2019\/04\/oa-360x360-fr-1.png","contentUrl":"https:\/\/mostimondiale.com\/wp-content\/uploads\/2019\/04\/oa-360x360-fr-1.png","width":360,"height":360},{"@type":"BreadcrumbList","@id":"https:\/\/mostimondiale.com\/produits\/varietal\/pinot-grigio\/pinot-grigio-3\/#breadcrumb","itemListElement":[{"@type":"ListItem","position":1,"name":"Accueil","item":"https:\/\/mostimondiale.com\/fr\/"},{"@type":"ListItem","position":2,"name":"Produits","item":"https:\/\/mostimondiale.com\/fr\/produits\/"},{"@type":"ListItem","position":3,"name":"Pinot Grigio"}]},{"@type":"WebSite","@id":"https:\/\/mostimondiale.com\/#website","url":"https:\/\/mostimondiale.com\/","name":"Mosti Mondiale","description":"","potentialAction":[{"@type":"SearchAction","target":{"@type":"EntryPoint","urlTemplate":"https:\/\/mostimondiale.com\/?s={search_term_string}"},"query-input":{"@type":"PropertyValueSpecification","valueRequired":true,"valueName":"search_term_string"}}],"inLanguage":"fr-CA"}]}},"_links":{"self":[{"href":"https:\/\/mostimondiale.com\/fr\/wp-json\/wp\/v2\/product\/1505","targetHints":{"allow":["GET"]}}],"collection":[{"href":"https:\/\/mostimondiale.com\/fr\/wp-json\/wp\/v2\/product"}],"about":[{"href":"https:\/\/mostimondiale.com\/fr\/wp-json\/wp\/v2\/types\/product"}],"wp:featuredmedia":[{"embeddable":true,"href":"https:\/\/mostimondiale.com\/fr\/wp-json\/wp\/v2\/media\/1460"}],"wp:attachment":[{"href":"https:\/\/mostimondiale.com\/fr\/wp-json\/wp\/v2\/media?parent=1505"}],"wp:term":[{"taxonomy":"product_brand","embeddable":true,"href":"https:\/\/mostimondiale.com\/fr\/wp-json\/wp\/v2\/product_brand?post=1505"},{"taxonomy":"product_cat","embeddable":true,"href":"https:\/\/mostimondiale.com\/fr\/wp-json\/wp\/v2\/product_cat?post=1505"},{"taxonomy":"product_tag","embeddable":true,"href":"https:\/\/mostimondiale.com\/fr\/wp-json\/wp\/v2\/product_tag?post=1505"}],"curies":[{"name":"wp","href":"https:\/\/api.w.org\/{rel}","templated":true}]}}