{"id":1495,"date":"2019-04-17T09:35:45","date_gmt":"2019-04-17T13:35:45","guid":{"rendered":"https:\/\/mostimondiale.com\/?post_type=product&#038;p=1495"},"modified":"2019-09-20T13:55:45","modified_gmt":"2019-09-20T17:55:45","slug":"shiraz-merlot-2","status":"publish","type":"product","link":"https:\/\/mostimondiale.com\/fr\/produits\/cepage\/merlot-fr\/shiraz-merlot-2\/","title":{"rendered":"Shiraz Merlot"},"content":{"rendered":"","protected":false},"excerpt":{"rendered":"<p>Le corps d\u2019un Shiraz et le caract\u00e8re suave du raisin Merlot font de ce vin un m\u00e9lange classique valable en toute occasion. Des caract\u00e9ristiques aromatiques fum\u00e9es se marient \u00e0 des saveurs fruit\u00e9es telles que\u00a0la cerise et les baies noires sauvages.<\/p>\n","protected":false},"featured_media":1460,"template":"","meta":{"_acf_changed":false},"product_brand":[],"product_cat":[153,203,165,173,223],"product_tag":[],"class_list":{"0":"post-1495","1":"product","2":"type-product","3":"status-publish","4":"has-post-thumbnail","6":"product_cat-100-mout-de-raisin","7":"product_cat-merlot-fr","8":"product_cat-original-alljuice-fr","9":"product_cat-rouge","10":"product_cat-shiraz-fr","11":"pa_alcohol-13-8","12":"pa_aroma-boise","13":"pa_aroma-fruite","14":"pa_body-5-tres-corse","15":"pa_price-254","16":"pa_winemaker-addition-chene-fonce","18":"first","19":"instock","20":"shipping-taxable","21":"product-type-simple"},"acf":[],"yoast_head":"<!-- This site is optimized with the Yoast SEO plugin v26.9 - https:\/\/yoast.com\/product\/yoast-seo-wordpress\/ -->\n<title>Original AllJuice Shiraz Merlot \u2022 Trousse|Kit de Vinification | Mosti Mondiale<\/title>\n<meta name=\"description\" content=\"The body of a Shiraz and the suave overall character of the Merlot grape make this a classic blend worthy of all occasions. Notes of cherries and berries.\" \/>\n<meta name=\"robots\" content=\"index, follow, max-snippet:-1, max-image-preview:large, max-video-preview:-1\" \/>\n<link rel=\"canonical\" href=\"https:\/\/mostimondiale.com\/produits\/varietal\/merlot\/shiraz-merlot-2\/\" \/>\n<meta property=\"og:locale\" content=\"fr_CA\" \/>\n<meta property=\"og:type\" content=\"article\" \/>\n<meta property=\"og:title\" content=\"Original AllJuice Shiraz Merlot \u2022 Trousse|Kit de Vinification | Mosti Mondiale\" \/>\n<meta property=\"og:description\" content=\"The body of a Shiraz and the suave overall character of the Merlot grape make this a classic blend worthy of all occasions. Notes of cherries and berries.\" \/>\n<meta property=\"og:url\" content=\"https:\/\/mostimondiale.com\/produits\/varietal\/merlot\/shiraz-merlot-2\/\" \/>\n<meta property=\"og:site_name\" content=\"Mosti Mondiale\" \/>\n<meta property=\"article:modified_time\" content=\"2019-09-20T17:55:45+00:00\" \/>\n<meta property=\"og:image\" content=\"https:\/\/mostimondiale.com\/wp-content\/uploads\/2019\/04\/oa-360x360-fr-1.png\" \/>\n\t<meta property=\"og:image:width\" content=\"360\" \/>\n\t<meta property=\"og:image:height\" content=\"360\" \/>\n\t<meta property=\"og:image:type\" content=\"image\/png\" \/>\n<meta name=\"twitter:card\" content=\"summary_large_image\" \/>\n<script type=\"application\/ld+json\" class=\"yoast-schema-graph\">{\"@context\":\"https:\/\/schema.org\",\"@graph\":[{\"@type\":\"WebPage\",\"@id\":\"https:\/\/mostimondiale.com\/produits\/varietal\/merlot\/shiraz-merlot-2\/\",\"url\":\"https:\/\/mostimondiale.com\/produits\/varietal\/merlot\/shiraz-merlot-2\/\",\"name\":\"Original AllJuice Shiraz Merlot \u2022 Trousse|Kit de Vinification | Mosti Mondiale\",\"isPartOf\":{\"@id\":\"https:\/\/mostimondiale.com\/#website\"},\"primaryImageOfPage\":{\"@id\":\"https:\/\/mostimondiale.com\/produits\/varietal\/merlot\/shiraz-merlot-2\/#primaryimage\"},\"image\":{\"@id\":\"https:\/\/mostimondiale.com\/produits\/varietal\/merlot\/shiraz-merlot-2\/#primaryimage\"},\"thumbnailUrl\":\"https:\/\/mostimondiale.com\/wp-content\/uploads\/2019\/04\/oa-360x360-fr-1.png\",\"datePublished\":\"2019-04-17T13:35:45+00:00\",\"dateModified\":\"2019-09-20T17:55:45+00:00\",\"description\":\"The body of a Shiraz and the suave overall character of the Merlot grape make this a classic blend worthy of all occasions. Notes of cherries and berries.\",\"breadcrumb\":{\"@id\":\"https:\/\/mostimondiale.com\/produits\/varietal\/merlot\/shiraz-merlot-2\/#breadcrumb\"},\"inLanguage\":\"fr-CA\",\"potentialAction\":[{\"@type\":\"ReadAction\",\"target\":[\"https:\/\/mostimondiale.com\/produits\/varietal\/merlot\/shiraz-merlot-2\/\"]}]},{\"@type\":\"ImageObject\",\"inLanguage\":\"fr-CA\",\"@id\":\"https:\/\/mostimondiale.com\/produits\/varietal\/merlot\/shiraz-merlot-2\/#primaryimage\",\"url\":\"https:\/\/mostimondiale.com\/wp-content\/uploads\/2019\/04\/oa-360x360-fr-1.png\",\"contentUrl\":\"https:\/\/mostimondiale.com\/wp-content\/uploads\/2019\/04\/oa-360x360-fr-1.png\",\"width\":360,\"height\":360},{\"@type\":\"BreadcrumbList\",\"@id\":\"https:\/\/mostimondiale.com\/produits\/varietal\/merlot\/shiraz-merlot-2\/#breadcrumb\",\"itemListElement\":[{\"@type\":\"ListItem\",\"position\":1,\"name\":\"Accueil\",\"item\":\"https:\/\/mostimondiale.com\/fr\/\"},{\"@type\":\"ListItem\",\"position\":2,\"name\":\"Produits\",\"item\":\"https:\/\/mostimondiale.com\/fr\/produits\/\"},{\"@type\":\"ListItem\",\"position\":3,\"name\":\"Shiraz Merlot\"}]},{\"@type\":\"WebSite\",\"@id\":\"https:\/\/mostimondiale.com\/#website\",\"url\":\"https:\/\/mostimondiale.com\/\",\"name\":\"Mosti Mondiale\",\"description\":\"\",\"potentialAction\":[{\"@type\":\"SearchAction\",\"target\":{\"@type\":\"EntryPoint\",\"urlTemplate\":\"https:\/\/mostimondiale.com\/?s={search_term_string}\"},\"query-input\":{\"@type\":\"PropertyValueSpecification\",\"valueRequired\":true,\"valueName\":\"search_term_string\"}}],\"inLanguage\":\"fr-CA\"}]}<\/script>\n<!-- \/ Yoast SEO plugin. -->","yoast_head_json":{"title":"Original AllJuice Shiraz Merlot \u2022 Trousse|Kit de Vinification | Mosti Mondiale","description":"The body of a Shiraz and the suave overall character of the Merlot grape make this a classic blend worthy of all occasions. Notes of cherries and berries.","robots":{"index":"index","follow":"follow","max-snippet":"max-snippet:-1","max-image-preview":"max-image-preview:large","max-video-preview":"max-video-preview:-1"},"canonical":"https:\/\/mostimondiale.com\/produits\/varietal\/merlot\/shiraz-merlot-2\/","og_locale":"fr_CA","og_type":"article","og_title":"Original AllJuice Shiraz Merlot \u2022 Trousse|Kit de Vinification | Mosti Mondiale","og_description":"The body of a Shiraz and the suave overall character of the Merlot grape make this a classic blend worthy of all occasions. Notes of cherries and berries.","og_url":"https:\/\/mostimondiale.com\/produits\/varietal\/merlot\/shiraz-merlot-2\/","og_site_name":"Mosti Mondiale","article_modified_time":"2019-09-20T17:55:45+00:00","og_image":[{"width":360,"height":360,"url":"https:\/\/mostimondiale.com\/wp-content\/uploads\/2019\/04\/oa-360x360-fr-1.png","type":"image\/png"}],"twitter_card":"summary_large_image","schema":{"@context":"https:\/\/schema.org","@graph":[{"@type":"WebPage","@id":"https:\/\/mostimondiale.com\/produits\/varietal\/merlot\/shiraz-merlot-2\/","url":"https:\/\/mostimondiale.com\/produits\/varietal\/merlot\/shiraz-merlot-2\/","name":"Original AllJuice Shiraz Merlot \u2022 Trousse|Kit de Vinification | Mosti Mondiale","isPartOf":{"@id":"https:\/\/mostimondiale.com\/#website"},"primaryImageOfPage":{"@id":"https:\/\/mostimondiale.com\/produits\/varietal\/merlot\/shiraz-merlot-2\/#primaryimage"},"image":{"@id":"https:\/\/mostimondiale.com\/produits\/varietal\/merlot\/shiraz-merlot-2\/#primaryimage"},"thumbnailUrl":"https:\/\/mostimondiale.com\/wp-content\/uploads\/2019\/04\/oa-360x360-fr-1.png","datePublished":"2019-04-17T13:35:45+00:00","dateModified":"2019-09-20T17:55:45+00:00","description":"The body of a Shiraz and the suave overall character of the Merlot grape make this a classic blend worthy of all occasions. Notes of cherries and berries.","breadcrumb":{"@id":"https:\/\/mostimondiale.com\/produits\/varietal\/merlot\/shiraz-merlot-2\/#breadcrumb"},"inLanguage":"fr-CA","potentialAction":[{"@type":"ReadAction","target":["https:\/\/mostimondiale.com\/produits\/varietal\/merlot\/shiraz-merlot-2\/"]}]},{"@type":"ImageObject","inLanguage":"fr-CA","@id":"https:\/\/mostimondiale.com\/produits\/varietal\/merlot\/shiraz-merlot-2\/#primaryimage","url":"https:\/\/mostimondiale.com\/wp-content\/uploads\/2019\/04\/oa-360x360-fr-1.png","contentUrl":"https:\/\/mostimondiale.com\/wp-content\/uploads\/2019\/04\/oa-360x360-fr-1.png","width":360,"height":360},{"@type":"BreadcrumbList","@id":"https:\/\/mostimondiale.com\/produits\/varietal\/merlot\/shiraz-merlot-2\/#breadcrumb","itemListElement":[{"@type":"ListItem","position":1,"name":"Accueil","item":"https:\/\/mostimondiale.com\/fr\/"},{"@type":"ListItem","position":2,"name":"Produits","item":"https:\/\/mostimondiale.com\/fr\/produits\/"},{"@type":"ListItem","position":3,"name":"Shiraz Merlot"}]},{"@type":"WebSite","@id":"https:\/\/mostimondiale.com\/#website","url":"https:\/\/mostimondiale.com\/","name":"Mosti Mondiale","description":"","potentialAction":[{"@type":"SearchAction","target":{"@type":"EntryPoint","urlTemplate":"https:\/\/mostimondiale.com\/?s={search_term_string}"},"query-input":{"@type":"PropertyValueSpecification","valueRequired":true,"valueName":"search_term_string"}}],"inLanguage":"fr-CA"}]}},"_links":{"self":[{"href":"https:\/\/mostimondiale.com\/fr\/wp-json\/wp\/v2\/product\/1495","targetHints":{"allow":["GET"]}}],"collection":[{"href":"https:\/\/mostimondiale.com\/fr\/wp-json\/wp\/v2\/product"}],"about":[{"href":"https:\/\/mostimondiale.com\/fr\/wp-json\/wp\/v2\/types\/product"}],"wp:featuredmedia":[{"embeddable":true,"href":"https:\/\/mostimondiale.com\/fr\/wp-json\/wp\/v2\/media\/1460"}],"wp:attachment":[{"href":"https:\/\/mostimondiale.com\/fr\/wp-json\/wp\/v2\/media?parent=1495"}],"wp:term":[{"taxonomy":"product_brand","embeddable":true,"href":"https:\/\/mostimondiale.com\/fr\/wp-json\/wp\/v2\/product_brand?post=1495"},{"taxonomy":"product_cat","embeddable":true,"href":"https:\/\/mostimondiale.com\/fr\/wp-json\/wp\/v2\/product_cat?post=1495"},{"taxonomy":"product_tag","embeddable":true,"href":"https:\/\/mostimondiale.com\/fr\/wp-json\/wp\/v2\/product_tag?post=1495"}],"curies":[{"name":"wp","href":"https:\/\/api.w.org\/{rel}","templated":true}]}}