{"id":1493,"date":"2019-04-17T09:30:07","date_gmt":"2019-04-17T13:30:06","guid":{"rendered":"https:\/\/mostimondiale.com\/?post_type=product&#038;p=1493"},"modified":"2019-05-06T16:33:02","modified_gmt":"2019-05-06T20:33:02","slug":"malbec-3","status":"publish","type":"product","link":"https:\/\/mostimondiale.com\/fr\/produits\/cepage\/malbec-fr\/malbec-3\/","title":{"rendered":"Malbec"},"content":{"rendered":"","protected":false},"excerpt":{"rendered":"<p>Le Malbec poss\u00e8de une robe pourpre fonc\u00e9 hypnotisante qui accompagne parfaitement ses tanins profonds \u2013 les deux se marient pour cr\u00e9er une structure profonde et complexe, in\u00e9gal\u00e9 par la plupart de vins du Nouveau Monde. Des touches de prune, de caf\u00e9 et de baies.<\/p>\n","protected":false},"featured_media":1460,"template":"","meta":{"_acf_changed":false},"product_brand":[],"product_cat":[153,201,165,173],"product_tag":[],"class_list":{"0":"post-1493","1":"product","2":"type-product","3":"status-publish","4":"has-post-thumbnail","6":"product_cat-100-mout-de-raisin","7":"product_cat-malbec-fr","8":"product_cat-original-alljuice-fr","9":"product_cat-rouge","10":"pa_alcohol-13-3","11":"pa_aroma-boise","12":"pa_aroma-fruite","13":"pa_body-5-tres-corse","14":"pa_price-254","15":"pa_winemaker-addition-chene-fonce","16":"pa_winemaker-addition-chene-leger","18":"first","19":"instock","20":"shipping-taxable","21":"product-type-simple"},"acf":[],"yoast_head":"<!-- This site is optimized with the Yoast SEO plugin v26.9 - https:\/\/yoast.com\/product\/yoast-seo-wordpress\/ -->\n<title>Original AllJuice Malbec \u2022 Trousse|Kit de Vinification | Mosti Mondiale<\/title>\n<meta name=\"description\" content=\"Notre Original AllJuice (23L) Malbec est un vin rouge tr\u00e8s cors\u00e9 comprenant du ch\u00eane clair et fonc\u00e9. Touches de prune, de caf\u00e9 et de baies.\" \/>\n<meta name=\"robots\" content=\"index, follow, max-snippet:-1, max-image-preview:large, max-video-preview:-1\" \/>\n<link rel=\"canonical\" href=\"https:\/\/mostimondiale.com\/produits\/varietal\/malbec\/malbec-4\/\" \/>\n<meta property=\"og:locale\" content=\"fr_CA\" \/>\n<meta property=\"og:type\" content=\"article\" \/>\n<meta property=\"og:title\" content=\"Original AllJuice Malbec \u2022 Trousse|Kit de Vinification | Mosti Mondiale\" \/>\n<meta property=\"og:description\" content=\"Notre Original AllJuice (23L) Malbec est un vin rouge tr\u00e8s cors\u00e9 comprenant du ch\u00eane clair et fonc\u00e9. Touches de prune, de caf\u00e9 et de baies.\" \/>\n<meta property=\"og:url\" content=\"https:\/\/mostimondiale.com\/produits\/varietal\/malbec\/malbec-4\/\" \/>\n<meta property=\"og:site_name\" content=\"Mosti Mondiale\" \/>\n<meta property=\"article:modified_time\" content=\"2019-05-06T20:33:02+00:00\" \/>\n<meta property=\"og:image\" content=\"https:\/\/mostimondiale.com\/wp-content\/uploads\/2019\/04\/oa-360x360-fr-1.png\" \/>\n\t<meta property=\"og:image:width\" content=\"360\" \/>\n\t<meta property=\"og:image:height\" content=\"360\" \/>\n\t<meta property=\"og:image:type\" content=\"image\/png\" \/>\n<meta name=\"twitter:card\" content=\"summary_large_image\" \/>\n<script type=\"application\/ld+json\" class=\"yoast-schema-graph\">{\"@context\":\"https:\/\/schema.org\",\"@graph\":[{\"@type\":\"WebPage\",\"@id\":\"https:\/\/mostimondiale.com\/produits\/varietal\/malbec\/malbec-4\/\",\"url\":\"https:\/\/mostimondiale.com\/produits\/varietal\/malbec\/malbec-4\/\",\"name\":\"Original AllJuice Malbec \u2022 Trousse|Kit de Vinification | Mosti Mondiale\",\"isPartOf\":{\"@id\":\"https:\/\/mostimondiale.com\/#website\"},\"primaryImageOfPage\":{\"@id\":\"https:\/\/mostimondiale.com\/produits\/varietal\/malbec\/malbec-4\/#primaryimage\"},\"image\":{\"@id\":\"https:\/\/mostimondiale.com\/produits\/varietal\/malbec\/malbec-4\/#primaryimage\"},\"thumbnailUrl\":\"https:\/\/mostimondiale.com\/wp-content\/uploads\/2019\/04\/oa-360x360-fr-1.png\",\"datePublished\":\"2019-04-17T13:30:06+00:00\",\"dateModified\":\"2019-05-06T20:33:02+00:00\",\"description\":\"Notre Original AllJuice (23L) Malbec est un vin rouge tr\u00e8s cors\u00e9 comprenant du ch\u00eane clair et fonc\u00e9. Touches de prune, de caf\u00e9 et de baies.\",\"breadcrumb\":{\"@id\":\"https:\/\/mostimondiale.com\/produits\/varietal\/malbec\/malbec-4\/#breadcrumb\"},\"inLanguage\":\"fr-CA\",\"potentialAction\":[{\"@type\":\"ReadAction\",\"target\":[\"https:\/\/mostimondiale.com\/produits\/varietal\/malbec\/malbec-4\/\"]}]},{\"@type\":\"ImageObject\",\"inLanguage\":\"fr-CA\",\"@id\":\"https:\/\/mostimondiale.com\/produits\/varietal\/malbec\/malbec-4\/#primaryimage\",\"url\":\"https:\/\/mostimondiale.com\/wp-content\/uploads\/2019\/04\/oa-360x360-fr-1.png\",\"contentUrl\":\"https:\/\/mostimondiale.com\/wp-content\/uploads\/2019\/04\/oa-360x360-fr-1.png\",\"width\":360,\"height\":360},{\"@type\":\"BreadcrumbList\",\"@id\":\"https:\/\/mostimondiale.com\/produits\/varietal\/malbec\/malbec-4\/#breadcrumb\",\"itemListElement\":[{\"@type\":\"ListItem\",\"position\":1,\"name\":\"Accueil\",\"item\":\"https:\/\/mostimondiale.com\/fr\/\"},{\"@type\":\"ListItem\",\"position\":2,\"name\":\"Produits\",\"item\":\"https:\/\/mostimondiale.com\/fr\/produits\/\"},{\"@type\":\"ListItem\",\"position\":3,\"name\":\"Malbec\"}]},{\"@type\":\"WebSite\",\"@id\":\"https:\/\/mostimondiale.com\/#website\",\"url\":\"https:\/\/mostimondiale.com\/\",\"name\":\"Mosti Mondiale\",\"description\":\"\",\"potentialAction\":[{\"@type\":\"SearchAction\",\"target\":{\"@type\":\"EntryPoint\",\"urlTemplate\":\"https:\/\/mostimondiale.com\/?s={search_term_string}\"},\"query-input\":{\"@type\":\"PropertyValueSpecification\",\"valueRequired\":true,\"valueName\":\"search_term_string\"}}],\"inLanguage\":\"fr-CA\"}]}<\/script>\n<!-- \/ Yoast SEO plugin. -->","yoast_head_json":{"title":"Original AllJuice Malbec \u2022 Trousse|Kit de Vinification | Mosti Mondiale","description":"Notre Original AllJuice (23L) Malbec est un vin rouge tr\u00e8s cors\u00e9 comprenant du ch\u00eane clair et fonc\u00e9. Touches de prune, de caf\u00e9 et de baies.","robots":{"index":"index","follow":"follow","max-snippet":"max-snippet:-1","max-image-preview":"max-image-preview:large","max-video-preview":"max-video-preview:-1"},"canonical":"https:\/\/mostimondiale.com\/produits\/varietal\/malbec\/malbec-4\/","og_locale":"fr_CA","og_type":"article","og_title":"Original AllJuice Malbec \u2022 Trousse|Kit de Vinification | Mosti Mondiale","og_description":"Notre Original AllJuice (23L) Malbec est un vin rouge tr\u00e8s cors\u00e9 comprenant du ch\u00eane clair et fonc\u00e9. Touches de prune, de caf\u00e9 et de baies.","og_url":"https:\/\/mostimondiale.com\/produits\/varietal\/malbec\/malbec-4\/","og_site_name":"Mosti Mondiale","article_modified_time":"2019-05-06T20:33:02+00:00","og_image":[{"width":360,"height":360,"url":"https:\/\/mostimondiale.com\/wp-content\/uploads\/2019\/04\/oa-360x360-fr-1.png","type":"image\/png"}],"twitter_card":"summary_large_image","schema":{"@context":"https:\/\/schema.org","@graph":[{"@type":"WebPage","@id":"https:\/\/mostimondiale.com\/produits\/varietal\/malbec\/malbec-4\/","url":"https:\/\/mostimondiale.com\/produits\/varietal\/malbec\/malbec-4\/","name":"Original AllJuice Malbec \u2022 Trousse|Kit de Vinification | Mosti Mondiale","isPartOf":{"@id":"https:\/\/mostimondiale.com\/#website"},"primaryImageOfPage":{"@id":"https:\/\/mostimondiale.com\/produits\/varietal\/malbec\/malbec-4\/#primaryimage"},"image":{"@id":"https:\/\/mostimondiale.com\/produits\/varietal\/malbec\/malbec-4\/#primaryimage"},"thumbnailUrl":"https:\/\/mostimondiale.com\/wp-content\/uploads\/2019\/04\/oa-360x360-fr-1.png","datePublished":"2019-04-17T13:30:06+00:00","dateModified":"2019-05-06T20:33:02+00:00","description":"Notre Original AllJuice (23L) Malbec est un vin rouge tr\u00e8s cors\u00e9 comprenant du ch\u00eane clair et fonc\u00e9. Touches de prune, de caf\u00e9 et de baies.","breadcrumb":{"@id":"https:\/\/mostimondiale.com\/produits\/varietal\/malbec\/malbec-4\/#breadcrumb"},"inLanguage":"fr-CA","potentialAction":[{"@type":"ReadAction","target":["https:\/\/mostimondiale.com\/produits\/varietal\/malbec\/malbec-4\/"]}]},{"@type":"ImageObject","inLanguage":"fr-CA","@id":"https:\/\/mostimondiale.com\/produits\/varietal\/malbec\/malbec-4\/#primaryimage","url":"https:\/\/mostimondiale.com\/wp-content\/uploads\/2019\/04\/oa-360x360-fr-1.png","contentUrl":"https:\/\/mostimondiale.com\/wp-content\/uploads\/2019\/04\/oa-360x360-fr-1.png","width":360,"height":360},{"@type":"BreadcrumbList","@id":"https:\/\/mostimondiale.com\/produits\/varietal\/malbec\/malbec-4\/#breadcrumb","itemListElement":[{"@type":"ListItem","position":1,"name":"Accueil","item":"https:\/\/mostimondiale.com\/fr\/"},{"@type":"ListItem","position":2,"name":"Produits","item":"https:\/\/mostimondiale.com\/fr\/produits\/"},{"@type":"ListItem","position":3,"name":"Malbec"}]},{"@type":"WebSite","@id":"https:\/\/mostimondiale.com\/#website","url":"https:\/\/mostimondiale.com\/","name":"Mosti Mondiale","description":"","potentialAction":[{"@type":"SearchAction","target":{"@type":"EntryPoint","urlTemplate":"https:\/\/mostimondiale.com\/?s={search_term_string}"},"query-input":{"@type":"PropertyValueSpecification","valueRequired":true,"valueName":"search_term_string"}}],"inLanguage":"fr-CA"}]}},"_links":{"self":[{"href":"https:\/\/mostimondiale.com\/fr\/wp-json\/wp\/v2\/product\/1493","targetHints":{"allow":["GET"]}}],"collection":[{"href":"https:\/\/mostimondiale.com\/fr\/wp-json\/wp\/v2\/product"}],"about":[{"href":"https:\/\/mostimondiale.com\/fr\/wp-json\/wp\/v2\/types\/product"}],"wp:featuredmedia":[{"embeddable":true,"href":"https:\/\/mostimondiale.com\/fr\/wp-json\/wp\/v2\/media\/1460"}],"wp:attachment":[{"href":"https:\/\/mostimondiale.com\/fr\/wp-json\/wp\/v2\/media?parent=1493"}],"wp:term":[{"taxonomy":"product_brand","embeddable":true,"href":"https:\/\/mostimondiale.com\/fr\/wp-json\/wp\/v2\/product_brand?post=1493"},{"taxonomy":"product_cat","embeddable":true,"href":"https:\/\/mostimondiale.com\/fr\/wp-json\/wp\/v2\/product_cat?post=1493"},{"taxonomy":"product_tag","embeddable":true,"href":"https:\/\/mostimondiale.com\/fr\/wp-json\/wp\/v2\/product_tag?post=1493"}],"curies":[{"name":"wp","href":"https:\/\/api.w.org\/{rel}","templated":true}]}}