{"id":1491,"date":"2019-04-17T09:22:43","date_gmt":"2019-04-17T13:22:42","guid":{"rendered":"https:\/\/mostimondiale.com\/?post_type=product&#038;p=1491"},"modified":"2019-05-06T16:33:35","modified_gmt":"2019-05-06T20:33:35","slug":"amorosso-4","status":"publish","type":"product","link":"https:\/\/mostimondiale.com\/fr\/produits\/cepage\/amorosso-fr\/amorosso-4\/","title":{"rendered":"Amorosso"},"content":{"rendered":"","protected":false},"excerpt":{"rendered":"<p>Le nom est une combinaison des mots \u00ab\u2005amour\u2005\u00bb\u00a0et \u00ab\u2005rouge\u2005\u00bb en Italien, et comme il le sugg\u00e8re, ce\u00a0vin poss\u00e8de une robe carmin fonc\u00e9 et pr\u00e9sente une complexit\u00e9 profonde sur le palais et au nez. Il exhale des ar\u00f4mes \u00e9pic\u00e9es surprenants et comporte d\u2019importantes saveurs tanniques de bois et de noix.<\/p>\n","protected":false},"featured_media":1460,"template":"","meta":{"_acf_changed":false},"product_brand":[],"product_cat":[153,180,165,173],"product_tag":[],"class_list":{"0":"post-1491","1":"product","2":"type-product","3":"status-publish","4":"has-post-thumbnail","6":"product_cat-100-mout-de-raisin","7":"product_cat-amorosso-fr","8":"product_cat-original-alljuice-fr","9":"product_cat-rouge","10":"pa_alcohol-283","11":"pa_aroma-boise","12":"pa_aroma-epice","13":"pa_aroma-fruite","14":"pa_aroma-noisettes","15":"pa_body-5-tres-corse","16":"pa_price-254","17":"pa_winemaker-addition-chene-fonce","19":"first","20":"instock","21":"shipping-taxable","22":"product-type-simple"},"acf":[],"yoast_head":"<!-- This site is optimized with the Yoast SEO plugin v26.9 - https:\/\/yoast.com\/product\/yoast-seo-wordpress\/ -->\n<title>Original AllJuice Amorosso \u2022 Trousse|Kit de Vinification | Mosti Mondiale<\/title>\n<meta name=\"description\" content=\"Notre Original AllJuice (23L) Amorosso est un vin rouge tr\u00e8s cors\u00e9 comprenant du ch\u00eane fonc\u00e9. Ar\u00f4mes \u00e9pic\u00e9es et saveurs tanniques de bois et de noix.\" \/>\n<meta name=\"robots\" content=\"index, follow, max-snippet:-1, max-image-preview:large, max-video-preview:-1\" \/>\n<link rel=\"canonical\" href=\"https:\/\/mostimondiale.com\/produits\/varietal\/amorosso\/amorosso-3\/\" \/>\n<meta property=\"og:locale\" content=\"fr_CA\" \/>\n<meta property=\"og:type\" content=\"article\" \/>\n<meta property=\"og:title\" content=\"Original AllJuice Amorosso \u2022 Trousse|Kit de Vinification | Mosti Mondiale\" \/>\n<meta property=\"og:description\" content=\"Notre Original AllJuice (23L) Amorosso est un vin rouge tr\u00e8s cors\u00e9 comprenant du ch\u00eane fonc\u00e9. Ar\u00f4mes \u00e9pic\u00e9es et saveurs tanniques de bois et de noix.\" \/>\n<meta property=\"og:url\" content=\"https:\/\/mostimondiale.com\/produits\/varietal\/amorosso\/amorosso-3\/\" \/>\n<meta property=\"og:site_name\" content=\"Mosti Mondiale\" \/>\n<meta property=\"article:modified_time\" content=\"2019-05-06T20:33:35+00:00\" \/>\n<meta property=\"og:image\" content=\"https:\/\/mostimondiale.com\/wp-content\/uploads\/2019\/04\/oa-360x360-fr-1.png\" \/>\n\t<meta property=\"og:image:width\" content=\"360\" \/>\n\t<meta property=\"og:image:height\" content=\"360\" \/>\n\t<meta property=\"og:image:type\" content=\"image\/png\" \/>\n<meta name=\"twitter:card\" content=\"summary_large_image\" \/>\n<script type=\"application\/ld+json\" class=\"yoast-schema-graph\">{\"@context\":\"https:\/\/schema.org\",\"@graph\":[{\"@type\":\"WebPage\",\"@id\":\"https:\/\/mostimondiale.com\/produits\/varietal\/amorosso\/amorosso-3\/\",\"url\":\"https:\/\/mostimondiale.com\/produits\/varietal\/amorosso\/amorosso-3\/\",\"name\":\"Original AllJuice Amorosso \u2022 Trousse|Kit de Vinification | Mosti Mondiale\",\"isPartOf\":{\"@id\":\"https:\/\/mostimondiale.com\/#website\"},\"primaryImageOfPage\":{\"@id\":\"https:\/\/mostimondiale.com\/produits\/varietal\/amorosso\/amorosso-3\/#primaryimage\"},\"image\":{\"@id\":\"https:\/\/mostimondiale.com\/produits\/varietal\/amorosso\/amorosso-3\/#primaryimage\"},\"thumbnailUrl\":\"https:\/\/mostimondiale.com\/wp-content\/uploads\/2019\/04\/oa-360x360-fr-1.png\",\"datePublished\":\"2019-04-17T13:22:42+00:00\",\"dateModified\":\"2019-05-06T20:33:35+00:00\",\"description\":\"Notre Original AllJuice (23L) Amorosso est un vin rouge tr\u00e8s cors\u00e9 comprenant du ch\u00eane fonc\u00e9. Ar\u00f4mes \u00e9pic\u00e9es et saveurs tanniques de bois et de noix.\",\"breadcrumb\":{\"@id\":\"https:\/\/mostimondiale.com\/produits\/varietal\/amorosso\/amorosso-3\/#breadcrumb\"},\"inLanguage\":\"fr-CA\",\"potentialAction\":[{\"@type\":\"ReadAction\",\"target\":[\"https:\/\/mostimondiale.com\/produits\/varietal\/amorosso\/amorosso-3\/\"]}]},{\"@type\":\"ImageObject\",\"inLanguage\":\"fr-CA\",\"@id\":\"https:\/\/mostimondiale.com\/produits\/varietal\/amorosso\/amorosso-3\/#primaryimage\",\"url\":\"https:\/\/mostimondiale.com\/wp-content\/uploads\/2019\/04\/oa-360x360-fr-1.png\",\"contentUrl\":\"https:\/\/mostimondiale.com\/wp-content\/uploads\/2019\/04\/oa-360x360-fr-1.png\",\"width\":360,\"height\":360},{\"@type\":\"BreadcrumbList\",\"@id\":\"https:\/\/mostimondiale.com\/produits\/varietal\/amorosso\/amorosso-3\/#breadcrumb\",\"itemListElement\":[{\"@type\":\"ListItem\",\"position\":1,\"name\":\"Accueil\",\"item\":\"https:\/\/mostimondiale.com\/fr\/\"},{\"@type\":\"ListItem\",\"position\":2,\"name\":\"Produits\",\"item\":\"https:\/\/mostimondiale.com\/fr\/produits\/\"},{\"@type\":\"ListItem\",\"position\":3,\"name\":\"Amorosso\"}]},{\"@type\":\"WebSite\",\"@id\":\"https:\/\/mostimondiale.com\/#website\",\"url\":\"https:\/\/mostimondiale.com\/\",\"name\":\"Mosti Mondiale\",\"description\":\"\",\"potentialAction\":[{\"@type\":\"SearchAction\",\"target\":{\"@type\":\"EntryPoint\",\"urlTemplate\":\"https:\/\/mostimondiale.com\/?s={search_term_string}\"},\"query-input\":{\"@type\":\"PropertyValueSpecification\",\"valueRequired\":true,\"valueName\":\"search_term_string\"}}],\"inLanguage\":\"fr-CA\"}]}<\/script>\n<!-- \/ Yoast SEO plugin. -->","yoast_head_json":{"title":"Original AllJuice Amorosso \u2022 Trousse|Kit de Vinification | Mosti Mondiale","description":"Notre Original AllJuice (23L) Amorosso est un vin rouge tr\u00e8s cors\u00e9 comprenant du ch\u00eane fonc\u00e9. Ar\u00f4mes \u00e9pic\u00e9es et saveurs tanniques de bois et de noix.","robots":{"index":"index","follow":"follow","max-snippet":"max-snippet:-1","max-image-preview":"max-image-preview:large","max-video-preview":"max-video-preview:-1"},"canonical":"https:\/\/mostimondiale.com\/produits\/varietal\/amorosso\/amorosso-3\/","og_locale":"fr_CA","og_type":"article","og_title":"Original AllJuice Amorosso \u2022 Trousse|Kit de Vinification | Mosti Mondiale","og_description":"Notre Original AllJuice (23L) Amorosso est un vin rouge tr\u00e8s cors\u00e9 comprenant du ch\u00eane fonc\u00e9. Ar\u00f4mes \u00e9pic\u00e9es et saveurs tanniques de bois et de noix.","og_url":"https:\/\/mostimondiale.com\/produits\/varietal\/amorosso\/amorosso-3\/","og_site_name":"Mosti Mondiale","article_modified_time":"2019-05-06T20:33:35+00:00","og_image":[{"width":360,"height":360,"url":"https:\/\/mostimondiale.com\/wp-content\/uploads\/2019\/04\/oa-360x360-fr-1.png","type":"image\/png"}],"twitter_card":"summary_large_image","schema":{"@context":"https:\/\/schema.org","@graph":[{"@type":"WebPage","@id":"https:\/\/mostimondiale.com\/produits\/varietal\/amorosso\/amorosso-3\/","url":"https:\/\/mostimondiale.com\/produits\/varietal\/amorosso\/amorosso-3\/","name":"Original AllJuice Amorosso \u2022 Trousse|Kit de Vinification | Mosti Mondiale","isPartOf":{"@id":"https:\/\/mostimondiale.com\/#website"},"primaryImageOfPage":{"@id":"https:\/\/mostimondiale.com\/produits\/varietal\/amorosso\/amorosso-3\/#primaryimage"},"image":{"@id":"https:\/\/mostimondiale.com\/produits\/varietal\/amorosso\/amorosso-3\/#primaryimage"},"thumbnailUrl":"https:\/\/mostimondiale.com\/wp-content\/uploads\/2019\/04\/oa-360x360-fr-1.png","datePublished":"2019-04-17T13:22:42+00:00","dateModified":"2019-05-06T20:33:35+00:00","description":"Notre Original AllJuice (23L) Amorosso est un vin rouge tr\u00e8s cors\u00e9 comprenant du ch\u00eane fonc\u00e9. Ar\u00f4mes \u00e9pic\u00e9es et saveurs tanniques de bois et de noix.","breadcrumb":{"@id":"https:\/\/mostimondiale.com\/produits\/varietal\/amorosso\/amorosso-3\/#breadcrumb"},"inLanguage":"fr-CA","potentialAction":[{"@type":"ReadAction","target":["https:\/\/mostimondiale.com\/produits\/varietal\/amorosso\/amorosso-3\/"]}]},{"@type":"ImageObject","inLanguage":"fr-CA","@id":"https:\/\/mostimondiale.com\/produits\/varietal\/amorosso\/amorosso-3\/#primaryimage","url":"https:\/\/mostimondiale.com\/wp-content\/uploads\/2019\/04\/oa-360x360-fr-1.png","contentUrl":"https:\/\/mostimondiale.com\/wp-content\/uploads\/2019\/04\/oa-360x360-fr-1.png","width":360,"height":360},{"@type":"BreadcrumbList","@id":"https:\/\/mostimondiale.com\/produits\/varietal\/amorosso\/amorosso-3\/#breadcrumb","itemListElement":[{"@type":"ListItem","position":1,"name":"Accueil","item":"https:\/\/mostimondiale.com\/fr\/"},{"@type":"ListItem","position":2,"name":"Produits","item":"https:\/\/mostimondiale.com\/fr\/produits\/"},{"@type":"ListItem","position":3,"name":"Amorosso"}]},{"@type":"WebSite","@id":"https:\/\/mostimondiale.com\/#website","url":"https:\/\/mostimondiale.com\/","name":"Mosti Mondiale","description":"","potentialAction":[{"@type":"SearchAction","target":{"@type":"EntryPoint","urlTemplate":"https:\/\/mostimondiale.com\/?s={search_term_string}"},"query-input":{"@type":"PropertyValueSpecification","valueRequired":true,"valueName":"search_term_string"}}],"inLanguage":"fr-CA"}]}},"_links":{"self":[{"href":"https:\/\/mostimondiale.com\/fr\/wp-json\/wp\/v2\/product\/1491","targetHints":{"allow":["GET"]}}],"collection":[{"href":"https:\/\/mostimondiale.com\/fr\/wp-json\/wp\/v2\/product"}],"about":[{"href":"https:\/\/mostimondiale.com\/fr\/wp-json\/wp\/v2\/types\/product"}],"wp:featuredmedia":[{"embeddable":true,"href":"https:\/\/mostimondiale.com\/fr\/wp-json\/wp\/v2\/media\/1460"}],"wp:attachment":[{"href":"https:\/\/mostimondiale.com\/fr\/wp-json\/wp\/v2\/media?parent=1491"}],"wp:term":[{"taxonomy":"product_brand","embeddable":true,"href":"https:\/\/mostimondiale.com\/fr\/wp-json\/wp\/v2\/product_brand?post=1491"},{"taxonomy":"product_cat","embeddable":true,"href":"https:\/\/mostimondiale.com\/fr\/wp-json\/wp\/v2\/product_cat?post=1491"},{"taxonomy":"product_tag","embeddable":true,"href":"https:\/\/mostimondiale.com\/fr\/wp-json\/wp\/v2\/product_tag?post=1491"}],"curies":[{"name":"wp","href":"https:\/\/api.w.org\/{rel}","templated":true}]}}