{"id":1489,"date":"2019-04-17T08:56:07","date_gmt":"2019-04-17T12:56:07","guid":{"rendered":"https:\/\/mostimondiale.com\/?post_type=product&#038;p=1489"},"modified":"2019-05-06T16:34:05","modified_gmt":"2019-05-06T20:34:05","slug":"castel-del-papa-3","status":"publish","type":"product","link":"https:\/\/mostimondiale.com\/fr\/produits\/cepage\/castel-del-papa-fr\/castel-del-papa-3\/","title":{"rendered":"Castel del Papa"},"content":{"rendered":"","protected":false},"excerpt":{"rendered":"<p>M\u00e9lange exclusif \u00e0 Mosti Mondiale,\u00a0ce vin rouge riche et cors\u00e9 offre une bonne long\u00e9vit\u00e9 sur le palais. Co\\pos\u00e9 de plusieurs c\u00e9pages, sa complexit\u00e9 est mise en avant par des notes de cassis, de muscade, de cannelle et d\u2019herbes.<\/p>\n<p>&nbsp;<\/p>\n","protected":false},"featured_media":1460,"template":"","meta":{"_acf_changed":false},"product_brand":[],"product_cat":[153,190,165,173],"product_tag":[],"class_list":{"0":"post-1489","1":"product","2":"type-product","3":"status-publish","4":"has-post-thumbnail","6":"product_cat-100-mout-de-raisin","7":"product_cat-castel-del-papa-fr","8":"product_cat-original-alljuice-fr","9":"product_cat-rouge","10":"pa_alcohol-13-8","11":"pa_aroma-epice","12":"pa_aroma-fruite","13":"pa_aroma-herbace","14":"pa_aroma-noisettes","15":"pa_body-5-tres-corse","16":"pa_price-254","17":"pa_winemaker-addition-chene-leger","19":"first","20":"instock","21":"shipping-taxable","22":"product-type-simple"},"acf":[],"yoast_head":"<!-- This site is optimized with the Yoast SEO plugin v26.9 - https:\/\/yoast.com\/product\/yoast-seo-wordpress\/ -->\n<title>Original AllJuice Castel del Papa \u2022 Trousse de Vinification | Mosti Mondiale<\/title>\n<meta name=\"description\" content=\"Notre Original AllJuice (23L) Castel Del Papa est un vin rouge tr\u00e8s cors\u00e9 comprenant du ch\u00eane clair. Notes de cassis, de muscade, de cannelle et d\u2019herbes.\" \/>\n<meta name=\"robots\" content=\"index, follow, max-snippet:-1, max-image-preview:large, max-video-preview:-1\" \/>\n<link rel=\"canonical\" href=\"https:\/\/mostimondiale.com\/produits\/varietal\/castel-del-papa\/castel-del-papa-4\/\" \/>\n<meta property=\"og:locale\" content=\"fr_CA\" \/>\n<meta property=\"og:type\" content=\"article\" \/>\n<meta property=\"og:title\" content=\"Original AllJuice Castel del Papa \u2022 Trousse de Vinification | Mosti Mondiale\" \/>\n<meta property=\"og:description\" content=\"Notre Original AllJuice (23L) Castel Del Papa est un vin rouge tr\u00e8s cors\u00e9 comprenant du ch\u00eane clair. Notes de cassis, de muscade, de cannelle et d\u2019herbes.\" \/>\n<meta property=\"og:url\" content=\"https:\/\/mostimondiale.com\/produits\/varietal\/castel-del-papa\/castel-del-papa-4\/\" \/>\n<meta property=\"og:site_name\" content=\"Mosti Mondiale\" \/>\n<meta property=\"article:modified_time\" content=\"2019-05-06T20:34:05+00:00\" \/>\n<meta property=\"og:image\" content=\"https:\/\/mostimondiale.com\/wp-content\/uploads\/2019\/04\/oa-360x360-fr-1.png\" \/>\n\t<meta property=\"og:image:width\" content=\"360\" \/>\n\t<meta property=\"og:image:height\" content=\"360\" \/>\n\t<meta property=\"og:image:type\" content=\"image\/png\" \/>\n<meta name=\"twitter:card\" content=\"summary_large_image\" \/>\n<script type=\"application\/ld+json\" class=\"yoast-schema-graph\">{\"@context\":\"https:\/\/schema.org\",\"@graph\":[{\"@type\":\"WebPage\",\"@id\":\"https:\/\/mostimondiale.com\/produits\/varietal\/castel-del-papa\/castel-del-papa-4\/\",\"url\":\"https:\/\/mostimondiale.com\/produits\/varietal\/castel-del-papa\/castel-del-papa-4\/\",\"name\":\"Original AllJuice Castel del Papa \u2022 Trousse de Vinification | Mosti Mondiale\",\"isPartOf\":{\"@id\":\"https:\/\/mostimondiale.com\/#website\"},\"primaryImageOfPage\":{\"@id\":\"https:\/\/mostimondiale.com\/produits\/varietal\/castel-del-papa\/castel-del-papa-4\/#primaryimage\"},\"image\":{\"@id\":\"https:\/\/mostimondiale.com\/produits\/varietal\/castel-del-papa\/castel-del-papa-4\/#primaryimage\"},\"thumbnailUrl\":\"https:\/\/mostimondiale.com\/wp-content\/uploads\/2019\/04\/oa-360x360-fr-1.png\",\"datePublished\":\"2019-04-17T12:56:07+00:00\",\"dateModified\":\"2019-05-06T20:34:05+00:00\",\"description\":\"Notre Original AllJuice (23L) Castel Del Papa est un vin rouge tr\u00e8s cors\u00e9 comprenant du ch\u00eane clair. Notes de cassis, de muscade, de cannelle et d\u2019herbes.\",\"breadcrumb\":{\"@id\":\"https:\/\/mostimondiale.com\/produits\/varietal\/castel-del-papa\/castel-del-papa-4\/#breadcrumb\"},\"inLanguage\":\"fr-CA\",\"potentialAction\":[{\"@type\":\"ReadAction\",\"target\":[\"https:\/\/mostimondiale.com\/produits\/varietal\/castel-del-papa\/castel-del-papa-4\/\"]}]},{\"@type\":\"ImageObject\",\"inLanguage\":\"fr-CA\",\"@id\":\"https:\/\/mostimondiale.com\/produits\/varietal\/castel-del-papa\/castel-del-papa-4\/#primaryimage\",\"url\":\"https:\/\/mostimondiale.com\/wp-content\/uploads\/2019\/04\/oa-360x360-fr-1.png\",\"contentUrl\":\"https:\/\/mostimondiale.com\/wp-content\/uploads\/2019\/04\/oa-360x360-fr-1.png\",\"width\":360,\"height\":360},{\"@type\":\"BreadcrumbList\",\"@id\":\"https:\/\/mostimondiale.com\/produits\/varietal\/castel-del-papa\/castel-del-papa-4\/#breadcrumb\",\"itemListElement\":[{\"@type\":\"ListItem\",\"position\":1,\"name\":\"Accueil\",\"item\":\"https:\/\/mostimondiale.com\/fr\/\"},{\"@type\":\"ListItem\",\"position\":2,\"name\":\"Produits\",\"item\":\"https:\/\/mostimondiale.com\/fr\/produits\/\"},{\"@type\":\"ListItem\",\"position\":3,\"name\":\"Castel del Papa\"}]},{\"@type\":\"WebSite\",\"@id\":\"https:\/\/mostimondiale.com\/#website\",\"url\":\"https:\/\/mostimondiale.com\/\",\"name\":\"Mosti Mondiale\",\"description\":\"\",\"potentialAction\":[{\"@type\":\"SearchAction\",\"target\":{\"@type\":\"EntryPoint\",\"urlTemplate\":\"https:\/\/mostimondiale.com\/?s={search_term_string}\"},\"query-input\":{\"@type\":\"PropertyValueSpecification\",\"valueRequired\":true,\"valueName\":\"search_term_string\"}}],\"inLanguage\":\"fr-CA\"}]}<\/script>\n<!-- \/ Yoast SEO plugin. -->","yoast_head_json":{"title":"Original AllJuice Castel del Papa \u2022 Trousse de Vinification | Mosti Mondiale","description":"Notre Original AllJuice (23L) Castel Del Papa est un vin rouge tr\u00e8s cors\u00e9 comprenant du ch\u00eane clair. Notes de cassis, de muscade, de cannelle et d\u2019herbes.","robots":{"index":"index","follow":"follow","max-snippet":"max-snippet:-1","max-image-preview":"max-image-preview:large","max-video-preview":"max-video-preview:-1"},"canonical":"https:\/\/mostimondiale.com\/produits\/varietal\/castel-del-papa\/castel-del-papa-4\/","og_locale":"fr_CA","og_type":"article","og_title":"Original AllJuice Castel del Papa \u2022 Trousse de Vinification | Mosti Mondiale","og_description":"Notre Original AllJuice (23L) Castel Del Papa est un vin rouge tr\u00e8s cors\u00e9 comprenant du ch\u00eane clair. Notes de cassis, de muscade, de cannelle et d\u2019herbes.","og_url":"https:\/\/mostimondiale.com\/produits\/varietal\/castel-del-papa\/castel-del-papa-4\/","og_site_name":"Mosti Mondiale","article_modified_time":"2019-05-06T20:34:05+00:00","og_image":[{"width":360,"height":360,"url":"https:\/\/mostimondiale.com\/wp-content\/uploads\/2019\/04\/oa-360x360-fr-1.png","type":"image\/png"}],"twitter_card":"summary_large_image","schema":{"@context":"https:\/\/schema.org","@graph":[{"@type":"WebPage","@id":"https:\/\/mostimondiale.com\/produits\/varietal\/castel-del-papa\/castel-del-papa-4\/","url":"https:\/\/mostimondiale.com\/produits\/varietal\/castel-del-papa\/castel-del-papa-4\/","name":"Original AllJuice Castel del Papa \u2022 Trousse de Vinification | Mosti Mondiale","isPartOf":{"@id":"https:\/\/mostimondiale.com\/#website"},"primaryImageOfPage":{"@id":"https:\/\/mostimondiale.com\/produits\/varietal\/castel-del-papa\/castel-del-papa-4\/#primaryimage"},"image":{"@id":"https:\/\/mostimondiale.com\/produits\/varietal\/castel-del-papa\/castel-del-papa-4\/#primaryimage"},"thumbnailUrl":"https:\/\/mostimondiale.com\/wp-content\/uploads\/2019\/04\/oa-360x360-fr-1.png","datePublished":"2019-04-17T12:56:07+00:00","dateModified":"2019-05-06T20:34:05+00:00","description":"Notre Original AllJuice (23L) Castel Del Papa est un vin rouge tr\u00e8s cors\u00e9 comprenant du ch\u00eane clair. Notes de cassis, de muscade, de cannelle et d\u2019herbes.","breadcrumb":{"@id":"https:\/\/mostimondiale.com\/produits\/varietal\/castel-del-papa\/castel-del-papa-4\/#breadcrumb"},"inLanguage":"fr-CA","potentialAction":[{"@type":"ReadAction","target":["https:\/\/mostimondiale.com\/produits\/varietal\/castel-del-papa\/castel-del-papa-4\/"]}]},{"@type":"ImageObject","inLanguage":"fr-CA","@id":"https:\/\/mostimondiale.com\/produits\/varietal\/castel-del-papa\/castel-del-papa-4\/#primaryimage","url":"https:\/\/mostimondiale.com\/wp-content\/uploads\/2019\/04\/oa-360x360-fr-1.png","contentUrl":"https:\/\/mostimondiale.com\/wp-content\/uploads\/2019\/04\/oa-360x360-fr-1.png","width":360,"height":360},{"@type":"BreadcrumbList","@id":"https:\/\/mostimondiale.com\/produits\/varietal\/castel-del-papa\/castel-del-papa-4\/#breadcrumb","itemListElement":[{"@type":"ListItem","position":1,"name":"Accueil","item":"https:\/\/mostimondiale.com\/fr\/"},{"@type":"ListItem","position":2,"name":"Produits","item":"https:\/\/mostimondiale.com\/fr\/produits\/"},{"@type":"ListItem","position":3,"name":"Castel del Papa"}]},{"@type":"WebSite","@id":"https:\/\/mostimondiale.com\/#website","url":"https:\/\/mostimondiale.com\/","name":"Mosti Mondiale","description":"","potentialAction":[{"@type":"SearchAction","target":{"@type":"EntryPoint","urlTemplate":"https:\/\/mostimondiale.com\/?s={search_term_string}"},"query-input":{"@type":"PropertyValueSpecification","valueRequired":true,"valueName":"search_term_string"}}],"inLanguage":"fr-CA"}]}},"_links":{"self":[{"href":"https:\/\/mostimondiale.com\/fr\/wp-json\/wp\/v2\/product\/1489","targetHints":{"allow":["GET"]}}],"collection":[{"href":"https:\/\/mostimondiale.com\/fr\/wp-json\/wp\/v2\/product"}],"about":[{"href":"https:\/\/mostimondiale.com\/fr\/wp-json\/wp\/v2\/types\/product"}],"wp:featuredmedia":[{"embeddable":true,"href":"https:\/\/mostimondiale.com\/fr\/wp-json\/wp\/v2\/media\/1460"}],"wp:attachment":[{"href":"https:\/\/mostimondiale.com\/fr\/wp-json\/wp\/v2\/media?parent=1489"}],"wp:term":[{"taxonomy":"product_brand","embeddable":true,"href":"https:\/\/mostimondiale.com\/fr\/wp-json\/wp\/v2\/product_brand?post=1489"},{"taxonomy":"product_cat","embeddable":true,"href":"https:\/\/mostimondiale.com\/fr\/wp-json\/wp\/v2\/product_cat?post=1489"},{"taxonomy":"product_tag","embeddable":true,"href":"https:\/\/mostimondiale.com\/fr\/wp-json\/wp\/v2\/product_tag?post=1489"}],"curies":[{"name":"wp","href":"https:\/\/api.w.org\/{rel}","templated":true}]}}