{"id":1477,"date":"2019-04-16T16:00:53","date_gmt":"2019-04-16T20:00:52","guid":{"rendered":"https:\/\/mostimondiale.com\/?post_type=product&#038;p=1477"},"modified":"2019-05-06T16:39:34","modified_gmt":"2019-05-06T20:39:34","slug":"il-toscano-2","status":"publish","type":"product","link":"https:\/\/mostimondiale.com\/fr\/produits\/cepage\/il-toscano-fr\/il-toscano-2\/","title":{"rendered":"Il Toscano"},"content":{"rendered":"","protected":false},"excerpt":{"rendered":"<p>Un vin charmant moyennement cors\u00e9 qui rappelled\u00a0des souvenirs de grands vins rouges sirot\u00e9s entre les all\u00e9es de vignes des vignobles pittoresques de Toscane. Une acidit\u00e9 moyenne ou \u00e9lev\u00e9e assure une attaque fra\u00eeche de caract\u00e9ristiques florales et d\u2019amandes. Il peut grandement b\u00e9n\u00e9ficier du temps\u00a0en bouteille afin de marier toutes ses saveurs varies\u00a0et de cr\u00e9er encore plus de complexit\u00e9.<\/p>\n","protected":false},"featured_media":1460,"template":"","meta":{"_acf_changed":false},"product_brand":[],"product_cat":[153,197,165,173],"product_tag":[],"class_list":{"0":"post-1477","1":"product","2":"type-product","3":"status-publish","4":"has-post-thumbnail","6":"product_cat-100-mout-de-raisin","7":"product_cat-il-toscano-fr","8":"product_cat-original-alljuice-fr","9":"product_cat-rouge","10":"pa_alcohol-13-8","11":"pa_aroma-floral-fr","12":"pa_aroma-noisettes","13":"pa_body-3-mi-corse","14":"pa_price-254","15":"pa_winemaker-addition-chene-leger","17":"first","18":"instock","19":"shipping-taxable","20":"product-type-simple"},"acf":[],"yoast_head":"<!-- This site is optimized with the Yoast SEO plugin v26.9 - https:\/\/yoast.com\/product\/yoast-seo-wordpress\/ -->\n<title>Original AllJuice Il Toscano \u2022 Trousse|Kit Vinification | Mosti Mondiale<\/title>\n<meta name=\"description\" content=\"Notre Original AllJuice (23L) Il Toscano est un vin rouge mi-cors\u00e9 comprenant du ch\u00eane clair. Caract\u00e9ristiques fra\u00eeches florales et d\u2019amandes.\" \/>\n<meta name=\"robots\" content=\"index, follow, max-snippet:-1, max-image-preview:large, max-video-preview:-1\" \/>\n<link rel=\"canonical\" href=\"https:\/\/mostimondiale.com\/produits\/varietal\/il-toscano\/il-toscano-2\/\" \/>\n<meta property=\"og:locale\" content=\"fr_CA\" \/>\n<meta property=\"og:type\" content=\"article\" \/>\n<meta property=\"og:title\" content=\"Original AllJuice Il Toscano \u2022 Trousse|Kit Vinification | Mosti Mondiale\" \/>\n<meta property=\"og:description\" content=\"Notre Original AllJuice (23L) Il Toscano est un vin rouge mi-cors\u00e9 comprenant du ch\u00eane clair. Caract\u00e9ristiques fra\u00eeches florales et d\u2019amandes.\" \/>\n<meta property=\"og:url\" content=\"https:\/\/mostimondiale.com\/produits\/varietal\/il-toscano\/il-toscano-2\/\" \/>\n<meta property=\"og:site_name\" content=\"Mosti Mondiale\" \/>\n<meta property=\"article:modified_time\" content=\"2019-05-06T20:39:34+00:00\" \/>\n<meta property=\"og:image\" content=\"https:\/\/mostimondiale.com\/wp-content\/uploads\/2019\/04\/oa-360x360-fr-1.png\" \/>\n\t<meta property=\"og:image:width\" content=\"360\" \/>\n\t<meta property=\"og:image:height\" content=\"360\" \/>\n\t<meta property=\"og:image:type\" content=\"image\/png\" \/>\n<meta name=\"twitter:card\" content=\"summary_large_image\" \/>\n<script type=\"application\/ld+json\" class=\"yoast-schema-graph\">{\"@context\":\"https:\/\/schema.org\",\"@graph\":[{\"@type\":\"WebPage\",\"@id\":\"https:\/\/mostimondiale.com\/produits\/varietal\/il-toscano\/il-toscano-2\/\",\"url\":\"https:\/\/mostimondiale.com\/produits\/varietal\/il-toscano\/il-toscano-2\/\",\"name\":\"Original AllJuice Il Toscano \u2022 Trousse|Kit Vinification | Mosti Mondiale\",\"isPartOf\":{\"@id\":\"https:\/\/mostimondiale.com\/#website\"},\"primaryImageOfPage\":{\"@id\":\"https:\/\/mostimondiale.com\/produits\/varietal\/il-toscano\/il-toscano-2\/#primaryimage\"},\"image\":{\"@id\":\"https:\/\/mostimondiale.com\/produits\/varietal\/il-toscano\/il-toscano-2\/#primaryimage\"},\"thumbnailUrl\":\"https:\/\/mostimondiale.com\/wp-content\/uploads\/2019\/04\/oa-360x360-fr-1.png\",\"datePublished\":\"2019-04-16T20:00:52+00:00\",\"dateModified\":\"2019-05-06T20:39:34+00:00\",\"description\":\"Notre Original AllJuice (23L) Il Toscano est un vin rouge mi-cors\u00e9 comprenant du ch\u00eane clair. Caract\u00e9ristiques fra\u00eeches florales et d\u2019amandes.\",\"breadcrumb\":{\"@id\":\"https:\/\/mostimondiale.com\/produits\/varietal\/il-toscano\/il-toscano-2\/#breadcrumb\"},\"inLanguage\":\"fr-CA\",\"potentialAction\":[{\"@type\":\"ReadAction\",\"target\":[\"https:\/\/mostimondiale.com\/produits\/varietal\/il-toscano\/il-toscano-2\/\"]}]},{\"@type\":\"ImageObject\",\"inLanguage\":\"fr-CA\",\"@id\":\"https:\/\/mostimondiale.com\/produits\/varietal\/il-toscano\/il-toscano-2\/#primaryimage\",\"url\":\"https:\/\/mostimondiale.com\/wp-content\/uploads\/2019\/04\/oa-360x360-fr-1.png\",\"contentUrl\":\"https:\/\/mostimondiale.com\/wp-content\/uploads\/2019\/04\/oa-360x360-fr-1.png\",\"width\":360,\"height\":360},{\"@type\":\"BreadcrumbList\",\"@id\":\"https:\/\/mostimondiale.com\/produits\/varietal\/il-toscano\/il-toscano-2\/#breadcrumb\",\"itemListElement\":[{\"@type\":\"ListItem\",\"position\":1,\"name\":\"Accueil\",\"item\":\"https:\/\/mostimondiale.com\/fr\/\"},{\"@type\":\"ListItem\",\"position\":2,\"name\":\"Produits\",\"item\":\"https:\/\/mostimondiale.com\/fr\/produits\/\"},{\"@type\":\"ListItem\",\"position\":3,\"name\":\"Il Toscano\"}]},{\"@type\":\"WebSite\",\"@id\":\"https:\/\/mostimondiale.com\/#website\",\"url\":\"https:\/\/mostimondiale.com\/\",\"name\":\"Mosti Mondiale\",\"description\":\"\",\"potentialAction\":[{\"@type\":\"SearchAction\",\"target\":{\"@type\":\"EntryPoint\",\"urlTemplate\":\"https:\/\/mostimondiale.com\/?s={search_term_string}\"},\"query-input\":{\"@type\":\"PropertyValueSpecification\",\"valueRequired\":true,\"valueName\":\"search_term_string\"}}],\"inLanguage\":\"fr-CA\"}]}<\/script>\n<!-- \/ Yoast SEO plugin. -->","yoast_head_json":{"title":"Original AllJuice Il Toscano \u2022 Trousse|Kit Vinification | Mosti Mondiale","description":"Notre Original AllJuice (23L) Il Toscano est un vin rouge mi-cors\u00e9 comprenant du ch\u00eane clair. Caract\u00e9ristiques fra\u00eeches florales et d\u2019amandes.","robots":{"index":"index","follow":"follow","max-snippet":"max-snippet:-1","max-image-preview":"max-image-preview:large","max-video-preview":"max-video-preview:-1"},"canonical":"https:\/\/mostimondiale.com\/produits\/varietal\/il-toscano\/il-toscano-2\/","og_locale":"fr_CA","og_type":"article","og_title":"Original AllJuice Il Toscano \u2022 Trousse|Kit Vinification | Mosti Mondiale","og_description":"Notre Original AllJuice (23L) Il Toscano est un vin rouge mi-cors\u00e9 comprenant du ch\u00eane clair. Caract\u00e9ristiques fra\u00eeches florales et d\u2019amandes.","og_url":"https:\/\/mostimondiale.com\/produits\/varietal\/il-toscano\/il-toscano-2\/","og_site_name":"Mosti Mondiale","article_modified_time":"2019-05-06T20:39:34+00:00","og_image":[{"width":360,"height":360,"url":"https:\/\/mostimondiale.com\/wp-content\/uploads\/2019\/04\/oa-360x360-fr-1.png","type":"image\/png"}],"twitter_card":"summary_large_image","schema":{"@context":"https:\/\/schema.org","@graph":[{"@type":"WebPage","@id":"https:\/\/mostimondiale.com\/produits\/varietal\/il-toscano\/il-toscano-2\/","url":"https:\/\/mostimondiale.com\/produits\/varietal\/il-toscano\/il-toscano-2\/","name":"Original AllJuice Il Toscano \u2022 Trousse|Kit Vinification | Mosti Mondiale","isPartOf":{"@id":"https:\/\/mostimondiale.com\/#website"},"primaryImageOfPage":{"@id":"https:\/\/mostimondiale.com\/produits\/varietal\/il-toscano\/il-toscano-2\/#primaryimage"},"image":{"@id":"https:\/\/mostimondiale.com\/produits\/varietal\/il-toscano\/il-toscano-2\/#primaryimage"},"thumbnailUrl":"https:\/\/mostimondiale.com\/wp-content\/uploads\/2019\/04\/oa-360x360-fr-1.png","datePublished":"2019-04-16T20:00:52+00:00","dateModified":"2019-05-06T20:39:34+00:00","description":"Notre Original AllJuice (23L) Il Toscano est un vin rouge mi-cors\u00e9 comprenant du ch\u00eane clair. Caract\u00e9ristiques fra\u00eeches florales et d\u2019amandes.","breadcrumb":{"@id":"https:\/\/mostimondiale.com\/produits\/varietal\/il-toscano\/il-toscano-2\/#breadcrumb"},"inLanguage":"fr-CA","potentialAction":[{"@type":"ReadAction","target":["https:\/\/mostimondiale.com\/produits\/varietal\/il-toscano\/il-toscano-2\/"]}]},{"@type":"ImageObject","inLanguage":"fr-CA","@id":"https:\/\/mostimondiale.com\/produits\/varietal\/il-toscano\/il-toscano-2\/#primaryimage","url":"https:\/\/mostimondiale.com\/wp-content\/uploads\/2019\/04\/oa-360x360-fr-1.png","contentUrl":"https:\/\/mostimondiale.com\/wp-content\/uploads\/2019\/04\/oa-360x360-fr-1.png","width":360,"height":360},{"@type":"BreadcrumbList","@id":"https:\/\/mostimondiale.com\/produits\/varietal\/il-toscano\/il-toscano-2\/#breadcrumb","itemListElement":[{"@type":"ListItem","position":1,"name":"Accueil","item":"https:\/\/mostimondiale.com\/fr\/"},{"@type":"ListItem","position":2,"name":"Produits","item":"https:\/\/mostimondiale.com\/fr\/produits\/"},{"@type":"ListItem","position":3,"name":"Il Toscano"}]},{"@type":"WebSite","@id":"https:\/\/mostimondiale.com\/#website","url":"https:\/\/mostimondiale.com\/","name":"Mosti Mondiale","description":"","potentialAction":[{"@type":"SearchAction","target":{"@type":"EntryPoint","urlTemplate":"https:\/\/mostimondiale.com\/?s={search_term_string}"},"query-input":{"@type":"PropertyValueSpecification","valueRequired":true,"valueName":"search_term_string"}}],"inLanguage":"fr-CA"}]}},"_links":{"self":[{"href":"https:\/\/mostimondiale.com\/fr\/wp-json\/wp\/v2\/product\/1477","targetHints":{"allow":["GET"]}}],"collection":[{"href":"https:\/\/mostimondiale.com\/fr\/wp-json\/wp\/v2\/product"}],"about":[{"href":"https:\/\/mostimondiale.com\/fr\/wp-json\/wp\/v2\/types\/product"}],"wp:featuredmedia":[{"embeddable":true,"href":"https:\/\/mostimondiale.com\/fr\/wp-json\/wp\/v2\/media\/1460"}],"wp:attachment":[{"href":"https:\/\/mostimondiale.com\/fr\/wp-json\/wp\/v2\/media?parent=1477"}],"wp:term":[{"taxonomy":"product_brand","embeddable":true,"href":"https:\/\/mostimondiale.com\/fr\/wp-json\/wp\/v2\/product_brand?post=1477"},{"taxonomy":"product_cat","embeddable":true,"href":"https:\/\/mostimondiale.com\/fr\/wp-json\/wp\/v2\/product_cat?post=1477"},{"taxonomy":"product_tag","embeddable":true,"href":"https:\/\/mostimondiale.com\/fr\/wp-json\/wp\/v2\/product_tag?post=1477"}],"curies":[{"name":"wp","href":"https:\/\/api.w.org\/{rel}","templated":true}]}}