{"id":1452,"date":"2019-04-15T16:58:28","date_gmt":"2019-04-15T20:58:28","guid":{"rendered":"https:\/\/mostimondiale.com\/?post_type=product&#038;p=1452"},"modified":"2019-11-28T14:50:15","modified_gmt":"2019-11-28T19:50:15","slug":"malbec-2","status":"publish","type":"product","link":"https:\/\/mostimondiale.com\/fr\/produits\/cepage\/malbec-fr\/malbec-2\/","title":{"rendered":"Malbec"},"content":{"rendered":"","protected":false},"excerpt":{"rendered":"<p>Caract\u00e9ris\u00e9 par des saveurs de fruits noirs sur le palais et un nez aux ar\u00f4mes d\u2019herbes et d\u2019\u00e9pices.<\/p>\n","protected":false},"featured_media":3135,"template":"","meta":{"_acf_changed":false},"product_brand":[],"product_cat":[166,201,154,173],"product_tag":[],"class_list":{"0":"post-1452","1":"product","2":"type-product","3":"status-publish","4":"has-post-thumbnail","6":"product_cat-impressions-fr","7":"product_cat-malbec-fr","8":"product_cat-mout-de-raisin-assemblage","9":"product_cat-rouge","10":"pa_alcohol-12-9-fr-2","11":"pa_aroma-epice","12":"pa_aroma-fruite","13":"pa_aroma-herbace","14":"pa_body-5-tres-corse","15":"pa_price-254","16":"pa_winemaker-addition-chene-leger","17":"pa_winemaker-addition-sachet-allgrape","19":"first","20":"instock","21":"shipping-taxable","22":"product-type-simple"},"acf":[],"yoast_head":"<!-- This site is optimized with the Yoast SEO plugin v26.9 - https:\/\/yoast.com\/product\/yoast-seo-wordpress\/ -->\n<title>Impressions Malbec \u2022 Trousse|Kit de Vinification | Mosti Mondiale<\/title>\n<meta name=\"description\" content=\"Notre Impressions (16L) Malbec est un vin rouge tr\u00e8s cors\u00e9 comprenant du ch\u00eane clair et notre Sachet AllGrape. Notes de fruits noirs, herbes et \u00e9pices.\" \/>\n<meta name=\"robots\" content=\"index, follow, max-snippet:-1, max-image-preview:large, max-video-preview:-1\" \/>\n<link rel=\"canonical\" href=\"https:\/\/mostimondiale.com\/produits\/varietal\/malbec\/malbec-3\/\" \/>\n<meta property=\"og:locale\" content=\"fr_CA\" \/>\n<meta property=\"og:type\" content=\"article\" \/>\n<meta property=\"og:title\" content=\"Impressions Malbec \u2022 Trousse|Kit de Vinification | Mosti Mondiale\" \/>\n<meta property=\"og:description\" content=\"Notre Impressions (16L) Malbec est un vin rouge tr\u00e8s cors\u00e9 comprenant du ch\u00eane clair et notre Sachet AllGrape. Notes de fruits noirs, herbes et \u00e9pices.\" \/>\n<meta property=\"og:url\" content=\"https:\/\/mostimondiale.com\/produits\/varietal\/malbec\/malbec-3\/\" \/>\n<meta property=\"og:site_name\" content=\"Mosti Mondiale\" \/>\n<meta property=\"article:modified_time\" content=\"2019-11-28T19:50:15+00:00\" \/>\n<meta property=\"og:image\" content=\"https:\/\/mostimondiale.com\/wp-content\/uploads\/2019\/04\/impressions-360x360-en-1.png\" \/>\n\t<meta property=\"og:image:width\" content=\"360\" \/>\n\t<meta property=\"og:image:height\" content=\"360\" \/>\n\t<meta property=\"og:image:type\" content=\"image\/png\" \/>\n<meta name=\"twitter:card\" content=\"summary_large_image\" \/>\n<script type=\"application\/ld+json\" class=\"yoast-schema-graph\">{\"@context\":\"https:\/\/schema.org\",\"@graph\":[{\"@type\":\"WebPage\",\"@id\":\"https:\/\/mostimondiale.com\/produits\/varietal\/malbec\/malbec-3\/\",\"url\":\"https:\/\/mostimondiale.com\/produits\/varietal\/malbec\/malbec-3\/\",\"name\":\"Impressions Malbec \u2022 Trousse|Kit de Vinification | Mosti Mondiale\",\"isPartOf\":{\"@id\":\"https:\/\/mostimondiale.com\/#website\"},\"primaryImageOfPage\":{\"@id\":\"https:\/\/mostimondiale.com\/produits\/varietal\/malbec\/malbec-3\/#primaryimage\"},\"image\":{\"@id\":\"https:\/\/mostimondiale.com\/produits\/varietal\/malbec\/malbec-3\/#primaryimage\"},\"thumbnailUrl\":\"https:\/\/mostimondiale.com\/wp-content\/uploads\/2019\/04\/impressions-360x360-en-1.png\",\"datePublished\":\"2019-04-15T20:58:28+00:00\",\"dateModified\":\"2019-11-28T19:50:15+00:00\",\"description\":\"Notre Impressions (16L) Malbec est un vin rouge tr\u00e8s cors\u00e9 comprenant du ch\u00eane clair et notre Sachet AllGrape. Notes de fruits noirs, herbes et \u00e9pices.\",\"breadcrumb\":{\"@id\":\"https:\/\/mostimondiale.com\/produits\/varietal\/malbec\/malbec-3\/#breadcrumb\"},\"inLanguage\":\"fr-CA\",\"potentialAction\":[{\"@type\":\"ReadAction\",\"target\":[\"https:\/\/mostimondiale.com\/produits\/varietal\/malbec\/malbec-3\/\"]}]},{\"@type\":\"ImageObject\",\"inLanguage\":\"fr-CA\",\"@id\":\"https:\/\/mostimondiale.com\/produits\/varietal\/malbec\/malbec-3\/#primaryimage\",\"url\":\"https:\/\/mostimondiale.com\/wp-content\/uploads\/2019\/04\/impressions-360x360-en-1.png\",\"contentUrl\":\"https:\/\/mostimondiale.com\/wp-content\/uploads\/2019\/04\/impressions-360x360-en-1.png\",\"width\":360,\"height\":360},{\"@type\":\"BreadcrumbList\",\"@id\":\"https:\/\/mostimondiale.com\/produits\/varietal\/malbec\/malbec-3\/#breadcrumb\",\"itemListElement\":[{\"@type\":\"ListItem\",\"position\":1,\"name\":\"Accueil\",\"item\":\"https:\/\/mostimondiale.com\/fr\/\"},{\"@type\":\"ListItem\",\"position\":2,\"name\":\"Produits\",\"item\":\"https:\/\/mostimondiale.com\/fr\/produits\/\"},{\"@type\":\"ListItem\",\"position\":3,\"name\":\"Malbec\"}]},{\"@type\":\"WebSite\",\"@id\":\"https:\/\/mostimondiale.com\/#website\",\"url\":\"https:\/\/mostimondiale.com\/\",\"name\":\"Mosti Mondiale\",\"description\":\"\",\"potentialAction\":[{\"@type\":\"SearchAction\",\"target\":{\"@type\":\"EntryPoint\",\"urlTemplate\":\"https:\/\/mostimondiale.com\/?s={search_term_string}\"},\"query-input\":{\"@type\":\"PropertyValueSpecification\",\"valueRequired\":true,\"valueName\":\"search_term_string\"}}],\"inLanguage\":\"fr-CA\"}]}<\/script>\n<!-- \/ Yoast SEO plugin. -->","yoast_head_json":{"title":"Impressions Malbec \u2022 Trousse|Kit de Vinification | Mosti Mondiale","description":"Notre Impressions (16L) Malbec est un vin rouge tr\u00e8s cors\u00e9 comprenant du ch\u00eane clair et notre Sachet AllGrape. Notes de fruits noirs, herbes et \u00e9pices.","robots":{"index":"index","follow":"follow","max-snippet":"max-snippet:-1","max-image-preview":"max-image-preview:large","max-video-preview":"max-video-preview:-1"},"canonical":"https:\/\/mostimondiale.com\/produits\/varietal\/malbec\/malbec-3\/","og_locale":"fr_CA","og_type":"article","og_title":"Impressions Malbec \u2022 Trousse|Kit de Vinification | Mosti Mondiale","og_description":"Notre Impressions (16L) Malbec est un vin rouge tr\u00e8s cors\u00e9 comprenant du ch\u00eane clair et notre Sachet AllGrape. Notes de fruits noirs, herbes et \u00e9pices.","og_url":"https:\/\/mostimondiale.com\/produits\/varietal\/malbec\/malbec-3\/","og_site_name":"Mosti Mondiale","article_modified_time":"2019-11-28T19:50:15+00:00","og_image":[{"width":360,"height":360,"url":"https:\/\/mostimondiale.com\/wp-content\/uploads\/2019\/04\/impressions-360x360-en-1.png","type":"image\/png"}],"twitter_card":"summary_large_image","schema":{"@context":"https:\/\/schema.org","@graph":[{"@type":"WebPage","@id":"https:\/\/mostimondiale.com\/produits\/varietal\/malbec\/malbec-3\/","url":"https:\/\/mostimondiale.com\/produits\/varietal\/malbec\/malbec-3\/","name":"Impressions Malbec \u2022 Trousse|Kit de Vinification | Mosti Mondiale","isPartOf":{"@id":"https:\/\/mostimondiale.com\/#website"},"primaryImageOfPage":{"@id":"https:\/\/mostimondiale.com\/produits\/varietal\/malbec\/malbec-3\/#primaryimage"},"image":{"@id":"https:\/\/mostimondiale.com\/produits\/varietal\/malbec\/malbec-3\/#primaryimage"},"thumbnailUrl":"https:\/\/mostimondiale.com\/wp-content\/uploads\/2019\/04\/impressions-360x360-en-1.png","datePublished":"2019-04-15T20:58:28+00:00","dateModified":"2019-11-28T19:50:15+00:00","description":"Notre Impressions (16L) Malbec est un vin rouge tr\u00e8s cors\u00e9 comprenant du ch\u00eane clair et notre Sachet AllGrape. Notes de fruits noirs, herbes et \u00e9pices.","breadcrumb":{"@id":"https:\/\/mostimondiale.com\/produits\/varietal\/malbec\/malbec-3\/#breadcrumb"},"inLanguage":"fr-CA","potentialAction":[{"@type":"ReadAction","target":["https:\/\/mostimondiale.com\/produits\/varietal\/malbec\/malbec-3\/"]}]},{"@type":"ImageObject","inLanguage":"fr-CA","@id":"https:\/\/mostimondiale.com\/produits\/varietal\/malbec\/malbec-3\/#primaryimage","url":"https:\/\/mostimondiale.com\/wp-content\/uploads\/2019\/04\/impressions-360x360-en-1.png","contentUrl":"https:\/\/mostimondiale.com\/wp-content\/uploads\/2019\/04\/impressions-360x360-en-1.png","width":360,"height":360},{"@type":"BreadcrumbList","@id":"https:\/\/mostimondiale.com\/produits\/varietal\/malbec\/malbec-3\/#breadcrumb","itemListElement":[{"@type":"ListItem","position":1,"name":"Accueil","item":"https:\/\/mostimondiale.com\/fr\/"},{"@type":"ListItem","position":2,"name":"Produits","item":"https:\/\/mostimondiale.com\/fr\/produits\/"},{"@type":"ListItem","position":3,"name":"Malbec"}]},{"@type":"WebSite","@id":"https:\/\/mostimondiale.com\/#website","url":"https:\/\/mostimondiale.com\/","name":"Mosti Mondiale","description":"","potentialAction":[{"@type":"SearchAction","target":{"@type":"EntryPoint","urlTemplate":"https:\/\/mostimondiale.com\/?s={search_term_string}"},"query-input":{"@type":"PropertyValueSpecification","valueRequired":true,"valueName":"search_term_string"}}],"inLanguage":"fr-CA"}]}},"_links":{"self":[{"href":"https:\/\/mostimondiale.com\/fr\/wp-json\/wp\/v2\/product\/1452","targetHints":{"allow":["GET"]}}],"collection":[{"href":"https:\/\/mostimondiale.com\/fr\/wp-json\/wp\/v2\/product"}],"about":[{"href":"https:\/\/mostimondiale.com\/fr\/wp-json\/wp\/v2\/types\/product"}],"wp:featuredmedia":[{"embeddable":true,"href":"https:\/\/mostimondiale.com\/fr\/wp-json\/wp\/v2\/media\/3135"}],"wp:attachment":[{"href":"https:\/\/mostimondiale.com\/fr\/wp-json\/wp\/v2\/media?parent=1452"}],"wp:term":[{"taxonomy":"product_brand","embeddable":true,"href":"https:\/\/mostimondiale.com\/fr\/wp-json\/wp\/v2\/product_brand?post=1452"},{"taxonomy":"product_cat","embeddable":true,"href":"https:\/\/mostimondiale.com\/fr\/wp-json\/wp\/v2\/product_cat?post=1452"},{"taxonomy":"product_tag","embeddable":true,"href":"https:\/\/mostimondiale.com\/fr\/wp-json\/wp\/v2\/product_tag?post=1452"}],"curies":[{"name":"wp","href":"https:\/\/api.w.org\/{rel}","templated":true}]}}